{"id":8555,"date":"2025-03-29T11:36:53","date_gmt":"2025-03-29T03:36:53","guid":{"rendered":"https:\/\/zojopackaging.com\/?post_type=product&#038;p=8555"},"modified":"2025-03-29T11:58:19","modified_gmt":"2025-03-29T03:58:19","slug":"customized-underwear-packaging-boxes-sliding-drawer-box","status":"publish","type":"product","link":"https:\/\/zojopackaging.com\/de\/product\/customized-underwear-packaging-boxes-sliding-drawer-box\/","title":{"rendered":"Ma\u00dfgeschneiderte Unterw\u00e4sche-Verpackungsboxen Schiebeschubladenbox"},"content":{"rendered":"<h2 id=\"product-description-of-sliding-drawer-box-for-underwear-packaging-box-\">Ma\u00dfgeschneiderte Schubladenbox f\u00fcr Unterw\u00e4scheverpackungen<\/h2>\n<h3 id=\"-1-environmentally-friendly-material-system-fsc-certification-and-industrial-grade-protection-\"><strong>1. Umweltfreundliches Materialsystem: FSC-Zertifizierung und Schutz in Industriequalit\u00e4t<\/strong><\/h3>\n<p>annehmen.\u00a0<strong>157g C2S gestrichenes Kunstdruckpapier + 1200g Hartfaserplatte<\/strong>\u00a0Verbundstruktur, die sowohl umweltfreundlich als auch funktional ist:<\/p>\n<ul>\n<li><strong>Materialeigenschaften<\/strong>: Die Oberfl\u00e4chengl\u00e4tte des gestrichenen C2S-Papiers erreicht den Druckstandard (\u226590% Glanz) und gibt Farben mit hoher S\u00e4ttigung genau wieder; die Druckfestigkeit der 1200g-Hartfaserplatte erreicht das 1,8-fache des Industriestandards und kann dem Transportstapeldruck (&gt;50kg\/m\u00b2) standhalten und eignet sich f\u00fcr leichte Luxuskategorien wie Unterw\u00e4sche und Seidenbekleidung.<\/li>\n<li><strong>Umweltzertifizierung<\/strong>: Nach der FSC-Zertifizierung f\u00fcr Waldbewirtschaftung erreicht das Material eine Wiederverwertungsquote von 95%, was den gesetzlichen Anforderungen des europ\u00e4ischen und amerikanischen Marktes f\u00fcr nachhaltige Verpackungen entspricht.<\/li>\n<\/ul>\n<h3 id=\"-second-pull-out-sliding-box-design-convenient-operation-and-ritual-fusion-\"><strong>2. Schublade Papier Box Design: bequeme Bedienung und rituelle Verschmelzung<\/strong><\/h3>\n<ol>\n<li><strong>Funktionelle Innovation<\/strong><\/li>\n<li><strong>Struktur der Gleitschiene<\/strong>: Pr\u00e4zisionsschienen und -rillen, moderate \u00d6ffnungs- und Schlie\u00dfd\u00e4mpfung, einh\u00e4ndiges Herausziehen m\u00f6glich, spart 30% im Vergleich zu herk\u00f6mmlichen Flip-Top-Boxen Zeit.<\/li>\n<li><strong>Ergonomische Optimierung<\/strong>: Unterst\u00fctzt die Gr\u00f6\u00dfenanpassung im Millimeterbereich, geeignet f\u00fcr BHs, Unterw\u00e4sche, Socken und andere verschiedene Kategorien von Kombinationssets, und der Rand des Kastenk\u00f6rpers hat ein abgerundetes Anti-Kratz-Design.<\/li>\n<li><strong>Visuelle und funktionale Integration<\/strong><\/li>\n<li>Kann in ein transparentes Acrylfenster (Lichtdurchl\u00e4ssigkeit \u2265 90%) eingebettet werden, das die Produktbeschaffenheit intuitiv anzeigt und das Vertrauen der Verbraucher st\u00e4rkt.<\/li>\n<\/ol>\n<h3 id=\"-third-branded-visual-system-ribbon-accessories-and-matte-film-protection-\"><strong>3. Visuelles System mit Markenzeichen: Bandzubeh\u00f6r und matte Schutzfolie<\/strong><\/h3>\n<ol>\n<li><strong>\u00c4sthetische Details verbessern<\/strong><\/li>\n<li><strong>Farbband-Dekoration<\/strong>: Standard Seide oder Satinb\u00e4nder, Unterst\u00fctzung Hei\u00dfpr\u00e4gung Marke LOGO oder benutzerdefinierte Farbe gewebt Textur, verbessern das Gef\u00fchl der unboxing Zeremonie und Regal Display Attraktivit\u00e4t.<\/li>\n<li><strong>Matte Filmbeschichtung<\/strong>: Die matte Filmbeschichtung auf der Oberfl\u00e4che, die wasser- und \u00f6lbest\u00e4ndige Leistung wird durch 40% verbessert, geeignet f\u00fcr die langfristige Lagerung von leicht verschmutzten Materialien wie Seide und Spitze.<\/li>\n<li><strong>Druckprozess-Matrix<\/strong><\/li>\n<li><strong>Hochaufl\u00f6sender Druck<\/strong>: Mit Offsetdruck + UV-Lokalpr\u00e4gung Technologie, unterst\u00fctzt Pantone Sonderfarben und Vier-Farben-Gradienten, Farbunterschied Kontrolle \u22643%, zum Beispiel, Macaron Farbsystem kann visuelle Erm\u00fcdung, die die Marke Positionierung der Heilung System passt zu reduzieren.<\/li>\n<li><strong>Wertsch\u00f6pfungsprozess<\/strong>Das hei\u00dfe silberne LOGO, der fluoreszierende Siebdruck-Slogan und sogar der NFC-Chip k\u00f6nnen implantiert werden, um eine Verbindung zur Online-Service-Seite der Marke herzustellen.<\/li>\n<\/ol>\n<h3 id=\"-fourth-full-dimensional-customization-solution-precise-adaptation-from-box-type-to-lining-\"><strong>4. Volldimensionale Anpassungsl\u00f6sung: pr\u00e4zise Anpassung vom Schachteltyp an die Auskleidung<\/strong><\/h3>\n<ol>\n<li><strong>Kastenf\u00f6rmige Innovationsmatrix<\/strong><\/li>\n<li><strong>Basis-Box-Typ<\/strong>: Schubladenartiger einlagiger\/mehrlagiger Schiebekasten, sechseckiger magnetischer Klappkasten, Design mit St\u00fctzhaken zur Optimierung der vertikalen Auslage in Superm\u00e4rkten.<\/li>\n<li><strong>Sonderformen der Entwicklung<\/strong>: Bionische Kurvenbox (die eine ergonomische Kontur simuliert), faltbare Reiseverpackung, angepasst an die Bed\u00fcrfnisse des grenz\u00fcberschreitenden elektronischen Handels in verschiedenen Szenarien.<\/li>\n<li><strong>Modernisierung des Auskleidungssystems<\/strong><\/li>\n<li><strong>Schutz des Kerns<\/strong>: Pr\u00e4zisionsgeformtes EVA-Futter, die D\u00e4mpfungsleistung entspricht der Norm ASTM D4169, geeignet f\u00fcr nahtlose Unterw\u00e4sche oder T\u00fcllprodukte, die sich leicht verformen lassen.<\/li>\n<li><strong>Wertsch\u00f6pfung der Marke<\/strong>: Beflocktes Innenfutter (antistatisch), bedruckt mit Illustrationen der Markengeschichte, oder abbaubares Wabenpapier mit Sojabohnen-Tintendruck, im Einklang mit dem Konzept des Umweltschutzes.<\/li>\n<\/ol>\n<h3 id=\"-v-advantages-of-source-factory-agile-delivery-and-cost-control-\"><strong>5. Vorteile der Source Factory: agile Lieferung und Kostenkontrolle<\/strong><\/h3>\n<p>Als Fabrik im industriellen Kerng\u00fcrtel des Perlflussdeltas integrieren wir die gesamte Wertsch\u00f6pfungskette:<\/p>\n<ol>\n<li><strong>Start zum Nulltarif<\/strong><\/li>\n<li><strong>Freie Gestaltung<\/strong>: Ein professionelles Team bietet VI-Fusionsl\u00f6sungen an, wie z. B. blaue und wei\u00dfe Farbverl\u00e4ufe, um die visuelle Erm\u00fcdung zu verringern, oder das Morandi-Farbsystem, um ein Gef\u00fchl von Luxus zu vermitteln.<\/li>\n<li><strong>3-Tage-Probe<\/strong>: 3D-Rendering + physische Musterkiste werden innerhalb von 48 Stunden bereitgestellt, wobei die AR-Ferninspektion unterst\u00fctzt wird, um die Konsistenz zwischen dem Designentwurf und dem fertigen Produkt sicherzustellen.<\/li>\n<li><strong>System der Qualit\u00e4tskontrolle<\/strong><\/li>\n<li>Vollst\u00e4ndige QA-Pr\u00fcfung (Farbmessger\u00e4t, Falltester), Ausbeute \u2265 99,5%, SGS-Materialbericht und Exportkonformit\u00e4tsdokumente.<\/li>\n<li><strong>Kostenvorteil<\/strong><\/li>\n<li>Die j\u00e4hrliche Produktionskapazit\u00e4t \u00fcbersteigt 8.000 Tonnen, und durch die Gro\u00dfbeschaffung liegt der Preis 15%-20% unter dem durchschnittlichen Marktpreis, was eine Mindestbestellmenge von 1.000 St\u00fcck erm\u00f6glicht.<\/li>\n<\/ol>\n<p><strong>Anwendungsszenarien und erfolgreiche F\u00e4lle<\/strong><\/p>\n<ul>\n<li><strong>Grenz\u00fcberschreitender elektronischer Gesch\u00e4ftsverkehr - hei\u00df begehrte Produkte<\/strong>: Ma\u00dfgeschneiderte gr\u00fcne Morandi-Schubladenboxen f\u00fcr eine nordamerikanische Unterw\u00e4schemarke, mit Seidenriemen und Flockfutter, die Wiederkaufsrate bei Amazon stieg um 35%.<\/li>\n<li><strong>Exklusiv f\u00fcr High-End-Schalter<\/strong>: Mattschwarze magnetische Schiebebox + partielles UV-Hei\u00dfpr\u00e4geverfahren, das europ\u00e4ischen leichten Luxusmarken zu einer Endpr\u00e4mie von 50% verhilft.<\/li>\n<li><strong>Umweltschutzkonzept Linie<\/strong>: Futter aus abbaubarem Wabenpapier + Druck mit Sojatinte, Gro\u00dfeinkauf durch B Corp-zertifizierte Unternehmen.<\/li>\n<\/ul>","protected":false},"excerpt":{"rendered":"<p>1. 157g C2S gestrichenes Kunstdruckpapier + 1200g Hartpappe umweltfreundliches Material<br \/>\n2. Schublade Schiebebox Typ, leicht zu \u00f6ffnen und zu schlie\u00dfen, kann der Benutzer die Betriebszeit zu reduzieren und verbessern die unboxing Erfahrung<br \/>\n3. Mit Zubeh\u00f6r wie Schleifen, verbessern die visuelle Attraktivit\u00e4t der Box und erh\u00f6hen die Erinnerung des Kunden Punkt<br \/>\n4. Hoch anpassbar, Material, Farbe, Gr\u00f6\u00dfe, Oberfl\u00e4chendruckverfahren, um Ihre Kleidung Verpackung anzupassen<\/p>","protected":false},"featured_media":8556,"template":"","meta":[],"product_brand":[],"product_cat":[30,414,31,426],"product_tag":[885,886,739],"class_list":{"0":"post-8555","1":"product","2":"type-product","3":"status-publish","4":"has-post-thumbnail","6":"product_cat-by-industry","7":"product_cat-custom-apparel-boxes","8":"product_cat-paper-box-style","9":"product_cat-paper-drawer-boxes","10":"product_tag-customized-underwear-packaging","11":"product_tag-underwear-packaging-boxes","12":"product_tag-underwear-sliding-drawer-box","14":"first","15":"instock","16":"shipping-taxable","17":"product-type-simple"},"_links":{"self":[{"href":"https:\/\/zojopackaging.com\/de\/wp-json\/wp\/v2\/product\/8555","targetHints":{"allow":["GET"]}}],"collection":[{"href":"https:\/\/zojopackaging.com\/de\/wp-json\/wp\/v2\/product"}],"about":[{"href":"https:\/\/zojopackaging.com\/de\/wp-json\/wp\/v2\/types\/product"}],"version-history":[{"count":1,"href":"https:\/\/zojopackaging.com\/de\/wp-json\/wp\/v2\/product\/8555\/revisions"}],"predecessor-version":[{"id":8562,"href":"https:\/\/zojopackaging.com\/de\/wp-json\/wp\/v2\/product\/8555\/revisions\/8562"}],"wp:featuredmedia":[{"embeddable":true,"href":"https:\/\/zojopackaging.com\/de\/wp-json\/wp\/v2\/media\/8556"}],"wp:attachment":[{"href":"https:\/\/zojopackaging.com\/de\/wp-json\/wp\/v2\/media?parent=8555"}],"wp:term":[{"taxonomy":"product_brand","embeddable":true,"href":"https:\/\/zojopackaging.com\/de\/wp-json\/wp\/v2\/product_brand?post=8555"},{"taxonomy":"product_cat","embeddable":true,"href":"https:\/\/zojopackaging.com\/de\/wp-json\/wp\/v2\/product_cat?post=8555"},{"taxonomy":"product_tag","embeddable":true,"href":"https:\/\/zojopackaging.com\/de\/wp-json\/wp\/v2\/product_tag?post=8555"}],"curies":[{"name":"wp","href":"https:\/\/api.w.org\/{rel}","templated":true}]}}