{"id":8563,"date":"2025-03-29T11:58:47","date_gmt":"2025-03-29T03:58:47","guid":{"rendered":"https:\/\/zojopackaging.com\/?post_type=product&#038;p=8563"},"modified":"2025-03-29T13:47:18","modified_gmt":"2025-03-29T05:47:18","slug":"custom-vape-kit-packaging-gift-lid-and-base-box-manufacturer","status":"publish","type":"product","link":"https:\/\/zojopackaging.com\/de\/product\/custom-vape-kit-packaging-gift-lid-and-base-box-manufacturer\/","title":{"rendered":"Benutzerdefinierte Vape Kit Verpackung Geschenk Deckel und Basis-Box Hersteller"},"content":{"rendered":"<h2 id=\"-1-environmentally-friendly-and-sustainable-material-system-industrial-grade-protection-and-green-commitment-\"><strong>Benutzerdefinierte Vape Kit Verpackung Geschenk Deckel und Basis-Box Hersteller<\/p>\n<p>1. Umweltfreundliches und nachhaltiges Materialsystem: Schutz in Industriequalit\u00e4t und gr\u00fcnes Engagement<\/strong><\/h2>\n<p>annehmen.\u00a0<strong>157g C2S gestrichenes Kunstdruckpapier + 1000g Hartfaserplatte<\/strong>\u00a0Verbundstruktur unter Ber\u00fccksichtigung des Umweltschutzes und der Funktionalit\u00e4t:<\/p>\n<ul>\n<li><strong>Materialeigenschaften<\/strong>: Die Oberfl\u00e4chengl\u00e4tte von C2S-beschichtetem Papier erreicht den Druckstandard (\u226590% Glanz) und gibt Farben mit hoher S\u00e4ttigung genau wieder; die Druckfestigkeit von 1000g Hartpappe erreicht das 1,5-fache des Industriestandards und eignet sich f\u00fcr das Gewicht von elektronischen Zigarettenger\u00e4ten (wie z.B. dank mod und anderen herk\u00f6mmlichen Produkten 0,2-0,6kg).<\/li>\n<li><strong>Umweltzertifizierung<\/strong>: FSC-Forstwirtschaftszertifizierung und ISO 14001-Umweltmanagementsystem. Die Recyclingf\u00e4higkeit des Materials betr\u00e4gt \u226595%, was den gesetzlichen Anforderungen f\u00fcr nachhaltige Verpackungen auf dem europ\u00e4ischen und amerikanischen Markt entspricht.<\/li>\n<\/ul>\n<h3 id=\"-second-the-box-design-of-the-top-and-bottom-cover-full-protection-and-ritual-experience-\"><strong>2. Die Box Design der Deckel und Boden: voller Schutz und rituelle Erfahrung<\/strong><\/h3>\n<ol>\n<li><strong>Pr\u00e4zise verschachtelte Struktur<\/strong><\/li>\n<li><strong>Vollst\u00e4ndiger Schutz<\/strong>: Der obere Deckel und der Bodenkarton werden mit einer Millimeter-Toleranz kontrolliert, und nach dem Verschlie\u00dfen entsteht ein versiegelter Raum, der die Staub- und Feuchtigkeitsbest\u00e4ndigkeit um 40% verbessert und f\u00fcr den grenz\u00fcberschreitenden Transport und die Lagerhaltung geeignet ist.<\/li>\n<li><strong>Komprimierungsleistung<\/strong>: Die Druckfestigkeit des Kartons betr\u00e4gt \u226580kg\/m\u00b2, und die Stapelbelastbarkeit ist besser als der Industriestandard, wodurch Verformungen oder Besch\u00e4digungen w\u00e4hrend des Transports vermieden werden.<\/li>\n<li><strong>\u00c4sthetik und funktionale Integration<\/strong><\/li>\n<li>Kann in transparente Acrylfenster (Lichtdurchl\u00e4ssigkeit \u226590%) eingebettet werden, zeigt intuitiv die Details des E-Zigarettenger\u00e4ts an und st\u00e4rkt das Vertrauen der Verbraucher.<\/li>\n<\/ol>\n<h3 id=\"-three-full-dimensional-customization-solutions-precise-adaptation-from-color-to-process-\"><strong>3. Volldimensionale Anpassungsl\u00f6sungen: pr\u00e4zise Anpassung von der Farbe bis zum Prozess<\/strong><\/h3>\n<ol>\n<li><strong>Farbe und Drucktechnik<\/strong><\/li>\n<li><strong>Macaron-Farbsystem<\/strong>: Durch die Verwendung einer speziellen Pantone-Farbbibliothek (z. B. Pantone 12-1009 cremewei\u00df, Pantone 15-5519 mintgr\u00fcn) verringert der Farbverlauf mit geringer S\u00e4ttigung die visuelle Erm\u00fcdung und schafft ein Gef\u00fchl von Heilung und Hochwertigkeit.<\/li>\n<li><strong>Hochaufl\u00f6sender Druck<\/strong>: Unterst\u00fctzung Vier-Farben-Offsetdruck + lokale UV-Pr\u00e4gung Technologie, Farbunterschied Kontrolle \u22643%, wie LOGO Hei\u00dfpr\u00e4gung, Hanf Blatt Textur 3D stereoskopischen Druck, Verbesserung der Markenerkennung.<\/li>\n<li><strong>Kartontyp und Prozessinnovation<\/strong><\/li>\n<li><strong>Sonderformen der Entwicklung<\/strong>: Unterst\u00fctzt sechseckige magnetische Saugk\u00e4sten, runde Schubladenboxen und andere Strukturen, mit Hakendesign zur Optimierung der vertikalen Auslage in Superm\u00e4rkten.<\/li>\n<li><strong>Oberfl\u00e4chenbehandlung<\/strong>: Matte Folienbeschichtung (Anti-Fingerprint) oder gl\u00e4nzende Folienbeschichtung (Anti-Scratch), optional wasserdichte Nanobeschichtung zur Verl\u00e4ngerung der Lebensdauer der Verpackung.<\/li>\n<\/ol>\n<h3 id=\"-fourth-fully-automated-production-system-double-guarantee-of-efficiency-and-quality-\"><strong>4. Vollautomatisches Produktionssystem: doppelte Garantie f\u00fcr Effizienz und Qualit\u00e4t<\/strong><\/h3>\n<ol>\n<li><strong>Intelligente Produktionslinie<\/strong><\/li>\n<li><strong>T\u00e4gliche Produktionskapazit\u00e4t von 1 Million St\u00fcck<\/strong>Das Unternehmen ist mit einer vollautomatischen Stanzmaschine, einer Hochgeschwindigkeits-Offsetdruckmaschine und einem intelligenten Qualit\u00e4tskontrollsystem ausgestattet, das eine ultraschnelle 72-Stunden-Massenproduktion erm\u00f6glicht.<\/li>\n<li><strong>Standard der Qualit\u00e4tskontrolle<\/strong>SGS-Pr\u00fcfung und -Zertifizierung bestanden, vollst\u00e4ndige QA-Pr\u00fcfung (Kolorimeter, Falltester), Ausbeute \u2265 99,5%.<\/li>\n<li><strong>Agile Lieferung<\/strong><\/li>\n<li><strong>7-12 Arbeitstage Lieferung<\/strong>FOB\/DDP grenz\u00fcberschreitende Sendungen unterst\u00fctzen, Amazon FBA First-Leg-Logistikl\u00f6sungen anbieten.<\/li>\n<\/ol>\n<h3 id=\"-five-source-factory-advantages-zero-cost-startup-and-ultimate-cost-effectiveness-\"><strong>5. Vorteile der Quellenfabrik: Inbetriebnahme zum Nulltarif und h\u00f6chste Kosteneffizienz<\/strong><\/h3>\n<ol>\n<li><strong>Kostenlose Serviceunterst\u00fctzung<\/strong><\/li>\n<li><strong>3-Tage-Probe<\/strong>3D-Renderings + physische Musterkartons innerhalb von 48 Stunden, Unterst\u00fctzung der AR-Ferninspektion.<\/li>\n<li><strong>Freie Gestaltung<\/strong>Das professionelle Team bietet VI-Fusionsl\u00f6sungen an, wie z. B. blaue und wei\u00dfe Farbverl\u00e4ufe, um die visuelle Erm\u00fcdung zu verringern, oder Laser-Hei\u00dfpr\u00e4gung, um sich an den Sinn der Technologiepositionierung anzupassen.<\/li>\n<li><strong>Kostenvorteil<\/strong><\/li>\n<li>Da wir uns auf eine Gro\u00dfbeschaffung mit einer j\u00e4hrlichen Produktionskapazit\u00e4t von \u00fcber 5.000 Tonnen st\u00fctzen, liegt der Preis 15%-20% unter dem Durchschnittspreis des Marktes und unterst\u00fctzt eine Mindestbestellmenge von 1.000 St\u00fcck.<\/li>\n<\/ol>\n<p><strong>Erfolgreiche F\u00e4lle und Szenenanpassung<\/strong><\/p>\n<ul>\n<li><strong>Grenz\u00fcberschreitender elektronischer Handel getroffen<\/strong>: Kundenspezifischer mintgr\u00fcner Deckel- und Bodenkarton f\u00fcr eine nordamerikanische Marke, mit partiellem UV-Hei\u00dfpr\u00e4geverfahren, Wiederkaufsrate bei Amazon um 35% erh\u00f6ht.<\/li>\n<li><strong>Medizinischer High-End-Markt<\/strong>: Mattschwarze magnetische Saugdose + beflockte Auskleidung, die europ\u00e4ischen medizinischen Marihuana-Marken zu einer Endpr\u00e4mie von 50% verhilft.<\/li>\n<li><strong>Umweltschutzkonzept Linie<\/strong>: Abbaubares Papier mit Wabenstruktur und Sojatinte, B Corp-zertifizierte Unternehmen kaufen in gro\u00dfen Mengen.<\/li>\n<\/ul>\n<hr \/>\n<p><strong>Jetzt aktiv werden<\/strong>\u00a0Vom Design bis zur Auslieferung bieten wir eine Verpackungsl\u00f6sung aus einer Hand, so dass jede E-Zigarette den Markenwert durch die ultimative Verpackung vermitteln kann!<\/p>","protected":false},"excerpt":{"rendered":"<p>Beschreibung des Produkts: Kundenspezifisch bedruckte Vape Mods Verpackungsboxen, Kundenspezifische Vape Mod Kits Boxen, Kundenspezifische Vape Boxen, Kundenspezifisch bedruckte Vape Mods Verpackungsboxen, Kundenspezifische Vape Batterie Boxen bestellen<\/p>","protected":false},"featured_media":8564,"template":"","meta":[],"product_brand":[],"product_cat":[30,420,425,31],"product_tag":[888,887,889],"class_list":{"0":"post-8563","1":"product","2":"type-product","3":"status-publish","4":"has-post-thumbnail","6":"product_cat-by-industry","7":"product_cat-custom-cannabis-boxes","8":"product_cat-lid-and-base-gift-box","9":"product_cat-paper-box-style","10":"product_tag-custom-vape-box-manufacturer","11":"product_tag-vape-kit-packaging","12":"product_tag-vape-lid-and-base-box","14":"first","15":"instock","16":"shipping-taxable","17":"product-type-simple"},"_links":{"self":[{"href":"https:\/\/zojopackaging.com\/de\/wp-json\/wp\/v2\/product\/8563","targetHints":{"allow":["GET"]}}],"collection":[{"href":"https:\/\/zojopackaging.com\/de\/wp-json\/wp\/v2\/product"}],"about":[{"href":"https:\/\/zojopackaging.com\/de\/wp-json\/wp\/v2\/types\/product"}],"version-history":[{"count":1,"href":"https:\/\/zojopackaging.com\/de\/wp-json\/wp\/v2\/product\/8563\/revisions"}],"predecessor-version":[{"id":8570,"href":"https:\/\/zojopackaging.com\/de\/wp-json\/wp\/v2\/product\/8563\/revisions\/8570"}],"wp:featuredmedia":[{"embeddable":true,"href":"https:\/\/zojopackaging.com\/de\/wp-json\/wp\/v2\/media\/8564"}],"wp:attachment":[{"href":"https:\/\/zojopackaging.com\/de\/wp-json\/wp\/v2\/media?parent=8563"}],"wp:term":[{"taxonomy":"product_brand","embeddable":true,"href":"https:\/\/zojopackaging.com\/de\/wp-json\/wp\/v2\/product_brand?post=8563"},{"taxonomy":"product_cat","embeddable":true,"href":"https:\/\/zojopackaging.com\/de\/wp-json\/wp\/v2\/product_cat?post=8563"},{"taxonomy":"product_tag","embeddable":true,"href":"https:\/\/zojopackaging.com\/de\/wp-json\/wp\/v2\/product_tag?post=8563"}],"curies":[{"name":"wp","href":"https:\/\/api.w.org\/{rel}","templated":true}]}}