{"id":8580,"date":"2025-03-29T14:12:52","date_gmt":"2025-03-29T06:12:52","guid":{"rendered":"https:\/\/zojopackaging.com\/?post_type=product&#038;p=8580"},"modified":"2025-03-29T15:21:37","modified_gmt":"2025-03-29T07:21:37","slug":"wholesale-heart-shaped-rose-packaging-valentines-day-boxes","status":"publish","type":"product","link":"https:\/\/zojopackaging.com\/de\/product\/wholesale-heart-shaped-rose-packaging-valentines-day-boxes\/","title":{"rendered":"Gro\u00dfhandel Herz geformt Rose Verpackung Valentinstag Boxen"},"content":{"rendered":"<h3 id=\"wholesale-description-of-heart-shaped-rose-valentine-s-day-gift-box-the-perfect-combination-of-environmentally-friendly-materials-and-emotional-design\">Gro\u00dfhandel Beschreibung der herzf\u00f6rmigen Rose Valentinstag Geschenk-Box<\/h3>\n<p>Bei romantischen Festen wie dem Valentinstag und dem chinesischen Valentinstag ist die sorgf\u00e4ltig gestaltete Rosen-Geschenkbox nicht nur ein Beh\u00e4ltnis f\u00fcr die Liebe, sondern auch ein symbolischer Tr\u00e4ger f\u00fcr die \u00dcbermittlung emotionaler Werte. Im Folgenden finden Sie eine detaillierte Einf\u00fchrung in eine\u00a0<strong>Hochwertige Geschenkbox in Herzform<\/strong>\u00a0speziell f\u00fcr Rosenstr\u00e4u\u00dfe unter den Aspekten Material, Struktur, Design und individuelle Dienstleistungen entwickelt, die den vielf\u00e4ltigen Anforderungen der Gro\u00dfhandelskunden an Qualit\u00e4t, Funktion und emotionalen Ausdruck gerecht werden.<\/p>\n<h4 id=\"-1-environmentally-friendly-materials-taking-into-account-both-aesthetics-and-sustainability-\"><strong>1. Umweltfreundliche Materialien: Ber\u00fccksichtigung sowohl der \u00c4sthetik als auch der Nachhaltigkeit<\/strong><\/h4>\n<p>Die Geschenkbox verwendet\u00a0<strong>157g C2S gestrichenes Papier (beidseitig gestrichenes Kunstdruckpapier)<\/strong>\u00a0mit\u00a0<strong>1200g Hartfaserplatte<\/strong>\u00a0als Kernmaterial.<\/p>\n<ul>\n<li><strong>C2S gestrichenes Papier<\/strong>\u00a0hat eine feine und glatte Oberfl\u00e4che und eine hohe Farbwiedergabe. Es kann komplexe Druckeffekte wie gepr\u00e4gte Hei\u00dfpr\u00e4gung und UV-Lackierung darstellen und hat eine gute Rei\u00dffestigkeit.<\/li>\n<li><strong>1200g Hartfaserplatte<\/strong>\u00a0bietet eine hohe Tragf\u00e4higkeit. Es wurde getestet, um Quetschungen und St\u00f6\u00dfen w\u00e4hrend des Transports standzuhalten. Es entspricht den Umweltschutznormen und kann recycelt und abgebaut werden.<\/li>\n<li>Die Oberfl\u00e4che ist bedeckt mit\u00a0<strong>umweltfreundliche matte\/gl\u00e4nzende Folie<\/strong>Diese k\u00f6nnen nicht nur die Farbe festhalten und ein Ausbleichen verhindern, sondern auch feuchtigkeitsresistent sein, so dass die Geschenkbox bei Lagerung und Transport wie neu bleibt.<\/li>\n<\/ul>\n<h4 id=\"-second-the-box-type-with-a-top-and-bottom-lid-convenient-opening-and-closing-and-a-sense-of-ceremony-\"><strong>2. Die Box Typ mit einem Deckel und Boden-Box: bequemes \u00d6ffnen und Schlie\u00dfen und ein Gef\u00fchl der Zeremonie<\/strong><\/h4>\n<p>Die Geschenkbox nimmt eine\u00a0<strong>obere und untere Deckelstruktur<\/strong>Die obere Abdeckung deckt das untere Fach vollst\u00e4ndig ab. Er muss nicht m\u00fchsam ge\u00f6ffnet und geschlossen werden, sondern l\u00e4sst sich leicht \u00f6ffnen, indem man beide Enden mit beiden H\u00e4nden festh\u00e4lt.<\/p>\n<ul>\n<li><strong>Anwendbare Szenarien<\/strong>Die Vorteile von Blumenstr\u00e4u\u00dfen liegen auf der Hand: Verkaufsdisplays, die h\u00e4ufig ein- und ausgepackt werden, logistische Transporte, bei denen die Str\u00e4u\u00dfe gesch\u00fctzt werden m\u00fcssen, und das Gef\u00fchl der Feierlichkeit, wenn die Benutzer auspacken.<\/li>\n<li><strong>Detaillierter Entwurf<\/strong>: Der Deckel ist mit einer magnetischen Schnalle oder einem Band versehen, was nicht nur sch\u00f6n ist, sondern auch ein versehentliches \u00d6ffnen verhindert; die vier Ecken des unteren Kastens sind verst\u00e4rkt, um Verformungen zu vermeiden.<\/li>\n<\/ul>\n<h4 id=\"-three-heart-shaped-symbolic-design-strengthen-emotional-memory-points-\"><strong>3. Symbolisches Design in Herzform: St\u00e4rkung der emotionalen Erinnerungspunkte<\/strong><\/h4>\n<p>Die herzf\u00f6rmige Box eignet sich nat\u00fcrlich f\u00fcr den Valentinstag, Hochzeiten und andere Anl\u00e4sse und verbessert das Benutzererlebnis durch\u00a0<strong>visuelle Symbole und emotionale Resonanz<\/strong>:<\/p>\n<ul>\n<li><strong>Sprache modellieren<\/strong>: Die glatte, geschwungene Kante symbolisiert die Vollkommenheit der Liebe, und die Oberfl\u00e4che der Schachtel kann mit Mustern wie Hei\u00dfpr\u00e4geherzen und verschlungenen Ranken bedruckt werden, die das Rosenmotiv aufgreifen.<\/li>\n<li><strong>Emotionaler Wert<\/strong>: Zum Beispiel k\u00f6nnen handgeschriebene Liebesworte auf die Innenseite des Schachteldeckels gedruckt oder mit einer Samtschleife kombiniert werden, um die \u00dcberraschung beim Auspacken zu verst\u00e4rken.<\/li>\n<\/ul>\n<h4 id=\"-four-highly-customized-services-flexible-adaptation-needs-\"><strong>4. Hochgradig ma\u00dfgeschneiderte Dienste: flexible Anpassung erforderlich<\/strong><\/h4>\n<p>Um den Bed\u00fcrfnissen verschiedener Marken und Szenen gerecht zu werden, unterst\u00fctzt die Geschenkbox eine umfassende Individualisierung:<\/p>\n<ol>\n<li><strong>Material und Handwerkskunst<\/strong>: Optionale Spezialmaterialien wie Perlglanzpapier, Touch-Folie, Pr\u00e4gung, usw.; Druckverfahren wie Hei\u00dfpr\u00e4gung, Siebdruck, Lasergravur, usw.<\/li>\n<li><strong>Gr\u00f6\u00dfe und Struktur<\/strong>: Passen Sie die Gr\u00f6\u00dfe der Schachtel an die H\u00f6he und den Durchmesser des Strau\u00dfes an, z. B. eine Mini-Schachtel mit einer einzigen Rose oder eine super gro\u00dfe Schachtel mit 99 Rosen.<\/li>\n<li><strong>Schutz des Innenfutters<\/strong>: Ma\u00dfgeschneiderte EVA-Schwamm oder Wellpapier innere Unterst\u00fctzung, genaue Positionierung der Blumenstiele und Blumenk\u00f6pfe zu vermeiden Sch\u00fctteln Sch\u00e4den w\u00e4hrend des Transports.<\/li>\n<li><strong>Farbe und Muster<\/strong>: Pr\u00e4zise Farbanpassung von Pantone-Farbkarten, Unterst\u00fctzung des personalisierten Drucks von Markenlogos, Konstellationsmustern, Paarfotos usw.<\/li>\n<\/ol>\n<h4 id=\"-v-production-and-technical-support-one-stop-solution-\"><strong>5. Produktion und technische Unterst\u00fctzung: L\u00f6sung aus einer Hand<\/strong><\/h4>\n<p>Kooperative Fabriken bieten\u00a0<strong>kostenlose Entwurfspr\u00fcfung und technische Unterst\u00fctzung<\/strong>\u00a0um einen nahtlosen \u00dcbergang von der Kreativit\u00e4t zur Massenproduktion zu gew\u00e4hrleisten:<\/p>\n<ul>\n<li><strong>Schnelles Proofing<\/strong>: Bereitstellung von Mustern innerhalb von 3-5 Arbeitstagen, Unterst\u00fctzung mehrerer Anpassungsrunden in Bezug auf Struktur, Material und Verfahren.<\/li>\n<li><strong>Mengenrabatt<\/strong>: Bei Bestellungen von mehr als 1.000 St\u00fcck k\u00f6nnen Sie von gestaffelten Rabatten profitieren und exklusive Logistikkan\u00e4le nutzen, um die Transportkosten zu optimieren.<\/li>\n<li><strong>Garantieservice<\/strong>: Die Lieferzeit betr\u00e4gt 7-15 Tage, und wir bieten eine Garantie f\u00fcr besch\u00e4digten Ersatz.<\/li>\n<\/ul>\n<h4 id=\"-conclusion-\"><strong>Schlussfolgerung<\/strong><\/h4>\n<p>Diese herzf\u00f6rmige Rosen-Geschenkbox vereint praktische Funktionen und emotionalen Ausdruck durch umweltfreundliche Materialien, eine humanisierte Struktur und tiefgreifende Anpassungsdienste und wird so zu einem leistungsstarken Instrument zur Verbesserung der Markenpr\u00e4mie und der Benutzerbindung im Valentinstagsmarketing. Egal, ob es sich um ein hochwertiges Blumengesch\u00e4ft, einen Geschenkeh\u00e4ndler oder eine gemeinsame Markenveranstaltung handelt, Sie k\u00f6nnen diesen Tr\u00e4ger verwenden, um eine einzigartige romantische Erinnerung zu schaffen.<\/p>\n<p><strong>Konsultieren Sie jetzt den Personalisierungsplan, damit jede Rose ein einzigartiges Herz tr\u00e4gt.<\/strong><\/p>","protected":false},"excerpt":{"rendered":"<p>1. 157g C2S gestrichenes Kunstdruckpapier + 1200g Hartkarton hochwertige umweltfreundliche Materialien<br \/>\n2. Die herzf\u00f6rmige Box ist nat\u00fcrlich f\u00fcr den Valentinstag, den chinesischen Valentinstag, Hochzeiten und andere Anl\u00e4sse geeignet. Sie vermittelt einen emotionalen Wert durch symbolisches Design und erh\u00f6ht die Erinnerungspunkte der Benutzererfahrung<br \/>\n3. Hochgradig anpassbar, Material, Farbe, Gr\u00f6\u00dfe, Oberfl\u00e4che Druckverfahren, um Ihre Valentinstag Rose Verpackung passen<\/p>","protected":false},"featured_media":8583,"template":"","meta":[],"product_brand":[],"product_cat":[30,423,425,31],"product_tag":[893,894,895],"class_list":{"0":"post-8580","1":"product","2":"type-product","3":"status-publish","4":"has-post-thumbnail","6":"product_cat-by-industry","7":"product_cat-custom-presentation-boxes-by-industry","8":"product_cat-lid-and-base-gift-box","9":"product_cat-paper-box-style","10":"product_tag-rose-packaging","11":"product_tag-valentines-day-boxes","12":"product_tag-wholesale-rose-boxes","14":"first","15":"instock","16":"shipping-taxable","17":"product-type-simple"},"_links":{"self":[{"href":"https:\/\/zojopackaging.com\/de\/wp-json\/wp\/v2\/product\/8580","targetHints":{"allow":["GET"]}}],"collection":[{"href":"https:\/\/zojopackaging.com\/de\/wp-json\/wp\/v2\/product"}],"about":[{"href":"https:\/\/zojopackaging.com\/de\/wp-json\/wp\/v2\/types\/product"}],"version-history":[{"count":1,"href":"https:\/\/zojopackaging.com\/de\/wp-json\/wp\/v2\/product\/8580\/revisions"}],"predecessor-version":[{"id":8586,"href":"https:\/\/zojopackaging.com\/de\/wp-json\/wp\/v2\/product\/8580\/revisions\/8586"}],"wp:featuredmedia":[{"embeddable":true,"href":"https:\/\/zojopackaging.com\/de\/wp-json\/wp\/v2\/media\/8583"}],"wp:attachment":[{"href":"https:\/\/zojopackaging.com\/de\/wp-json\/wp\/v2\/media?parent=8580"}],"wp:term":[{"taxonomy":"product_brand","embeddable":true,"href":"https:\/\/zojopackaging.com\/de\/wp-json\/wp\/v2\/product_brand?post=8580"},{"taxonomy":"product_cat","embeddable":true,"href":"https:\/\/zojopackaging.com\/de\/wp-json\/wp\/v2\/product_cat?post=8580"},{"taxonomy":"product_tag","embeddable":true,"href":"https:\/\/zojopackaging.com\/de\/wp-json\/wp\/v2\/product_tag?post=8580"}],"curies":[{"name":"wp","href":"https:\/\/api.w.org\/{rel}","templated":true}]}}