{"id":8587,"date":"2025-03-29T14:41:35","date_gmt":"2025-03-29T06:41:35","guid":{"rendered":"https:\/\/zojopackaging.com\/?post_type=product&#038;p=8587"},"modified":"2025-03-29T15:21:23","modified_gmt":"2025-03-29T07:21:23","slug":"custom-printed-candle-packaging-boxes-wholesale","status":"publish","type":"product","link":"https:\/\/zojopackaging.com\/de\/product\/custom-printed-candle-packaging-boxes-wholesale\/","title":{"rendered":"Individuell bedruckte Kerzenverpackungsboxen Gro\u00dfhandel"},"content":{"rendered":"<h3 id=\"custom-printed-candle-packaging-box-wholesale\">Individuell bedruckte Kerze Verpackung Box Gro\u00dfhandel<\/h3>\n<h4 id=\"-i-environmentally-friendly-materials-and-recyclable-design-\"><strong>1. Umweltfreundliche Materialien und recycelbares Design<\/strong><\/h4>\n<ol>\n<li><strong>Wellpappe<\/strong>\u00a0Durch die Verwendung von hochfester Wellpappe als Basismaterial verf\u00fcgt es \u00fcber eine ausgezeichnete Druckfestigkeit und Polsterungsleistung und kann wiederverwendet oder durch die Recycling-Zellstofftechnologie recycelt werden. Sein nat\u00fcrlicher Abbauzyklus ist kurz (ca. 3-6 Monate), was internationalen Umweltstandards entspricht und die Belastung der Umwelt durch Verpackungsabf\u00e4lle verringert.<\/li>\n<\/ol>\n<h4 id=\"-ii-highly-customized-services-\"><strong>2. Hochgradig ma\u00dfgeschneiderte Dienstleistungen<\/strong><\/h4>\n<ol>\n<li><strong>Flexible Anpassungsm\u00f6glichkeiten<\/strong><\/li>\n<li><strong>Material<\/strong>: Neben Wellpappe k\u00f6nnen auch Verbundmaterialien wie wei\u00dfer Karton und Kraftkarton verwendet werden, um unterschiedliche Anforderungen an die Tragf\u00e4higkeit zu erf\u00fcllen.<\/li>\n<li><strong>Farbe<\/strong>: 42 Standardfarben und Macaron-Farben (z. B. Pfirsichrosa und Blaubeerviolett) sind erh\u00e4ltlich. T\u00f6ne mit geringer S\u00e4ttigung k\u00f6nnen die visuelle Erm\u00fcdung verringern und die Attraktivit\u00e4t der Regale erh\u00f6hen.<\/li>\n<li><strong>Gr\u00f6\u00dfe<\/strong>: Unterst\u00fctzt die Anpassung von Innendurchmesser\/Au\u00dfendurchmesser in voller Gr\u00f6\u00dfe (Fehler \u2264 0,1 mm), geeignet f\u00fcr zylindrische, quadratische und speziell geformte Kerzenbeh\u00e4lter.<\/li>\n<li><strong>Druckverfahren<\/strong>: Optionaler Offsetdruck, Siebdruck, UV-Laminierung, Hei\u00dfpr\u00e4gung\/Silber, Pr\u00e4gung usw., um hochpr\u00e4zise Markenlogos oder k\u00fcnstlerische Muster zu erzielen.<\/li>\n<li><strong>Umweltfreundliche Innenschale und Oberfl\u00e4chenschutz<\/strong><\/li>\n<li><strong>Zellstoffgeformte Innenschale<\/strong>: Die Innenschale aus abbaubarem Zellstoff wird durch ein Trockenpressverfahren angepasst, um die Position der Kerze genau zu fixieren und Transportsch\u00e4den zu vermeiden.<\/li>\n<li><strong>Kaschiertechnik<\/strong>: Die Oberfl\u00e4che ist mit PET- oder BOPP-Folie beschichtet, die sowohl wasser- als auch feuchtigkeitsbest\u00e4ndig ist, und die gedruckte Farbe wird durch die UV-Beschichtungstechnologie mehr als 5 Jahre lang vor dem Verblassen gesch\u00fctzt.<\/li>\n<\/ol>\n<h4 id=\"-iii-intelligent-production-and-fast-delivery-\"><strong>3. Intelligente Produktion und schnelle Lieferung<\/strong><\/h4>\n<ol>\n<li><strong>Vollautomatische Produktionslinie<\/strong>\u00a0Das Werk ist mit vollautomatischen Stanzmaschinen, Kaschiermaschinen und Hochgeschwindigkeitsdruckern ausgestattet und verf\u00fcgt \u00fcber eine t\u00e4gliche Produktionskapazit\u00e4t von 1 Million St\u00fcck, die eine kontinuierliche 24-Stunden-Produktion erm\u00f6glicht. Die Faltschachtelproduktionslinie von Qingdao Shimei Packaging kann beispielsweise eine standardisierte Leistung von 100.000 St\u00fcck pro Tag erreichen.<\/li>\n<li><strong>Schneller Reaktionsprozess<\/strong><\/li>\n<li><strong>3-Tage-Probe<\/strong>: Nachdem der Kunde den Designentwurf oder das Muster zur Verf\u00fcgung gestellt hat, wird die Musterbest\u00e4tigung innerhalb von 72 Stunden abgeschlossen sein.<\/li>\n<li><strong>7-14 Tage Lieferung<\/strong>: Da das ERP-System die Produktionsplanung optimiert, dauert es nur 7 Arbeitstage von der Auftragsbest\u00e4tigung bis zum Versand der Charge, was den Anforderungen des grenz\u00fcberschreitenden E-Commerce und der Ferienaktionen entspricht.<\/li>\n<\/ol>\n<h4 id=\"-iv-value-added-services-and-cost-advantages-\"><strong>4. Mehrwertdienste und Kostenvorteile<\/strong><\/h4>\n<ol>\n<li><strong>Kostenlose technische Unterst\u00fctzung<\/strong><\/li>\n<li><strong>Unterst\u00fctzung bei der Gestaltung<\/strong>: Die Fabrik stellt ein professionelles Designteam zur Verf\u00fcgung, das die Struktur der Box, das Layout und die visuellen L\u00f6sungen der Marke kostenlos optimiert.<\/li>\n<li><strong>Beispielhafte Erfahrung<\/strong>: Kunden, die eine Erstbestellung aufgeben, k\u00f6nnen kostenlose Muster (begrenzt auf 3 Modelle) anfordern, um die Anpassungsf\u00e4higkeit und Schutzleistung der Verpackung zu testen.<\/li>\n<li><strong>Preisliche Wettbewerbsf\u00e4higkeit<\/strong>\u00a0Durch die gro\u00df angelegte Beschaffung von Rohstoffen (z. B. 15% geringere Kosten f\u00fcr die Beschaffung von wei\u00dfem Karton) und die automatisierte Produktion liegen die Kosten pro St\u00fcck bei nur 0,1 Yuan (Mindestbestellmenge von 5.000 St\u00fcck) und damit 30% unter den Gesamtkosten f\u00fcr herk\u00f6mmliche Verpackungen.<\/li>\n<\/ol>\n<h4 id=\"-v-application-scenarios-and-market-adaptation-\"><strong>5. Anwendungsszenarien und Marktanpassung<\/strong><\/h4>\n<ul>\n<li><strong>Display f\u00fcr den Einzelhandel<\/strong>: Macaron-Farbschema mit minimalistischen geometrischen Mustern, geeignet f\u00fcr Geschenkel\u00e4den, Haushaltsmarken und hochwertige Parf\u00fcmtheken.<\/li>\n<li><strong>Grenz\u00fcberschreitender Transport<\/strong>: Umweltfreundliche Materialien, die die FSC-Zertifizierung erf\u00fcllen, sind an die Anforderungen der Plattform f\u00fcr gr\u00fcne Verpackungen angepasst.<\/li>\n<\/ul>\n<p><strong>Zusammenfassung<\/strong>\u00a0Individuell bedruckte Verpackungsschachteln f\u00fcr Kerzen bieten ein ausgewogenes Verh\u00e4ltnis zwischen Markenimage, Kostenkontrolle und nachhaltiger Verantwortung durch umweltfreundliche Materialien, intelligente Produktion und ma\u00dfgeschneiderte Dienstleistungen. Die vollstufige Optimierung vom Design bis zur Auslieferung bietet Kerzenherstellern und Einzelh\u00e4ndlern effiziente und niedrigschwellige Verpackungsl\u00f6sungen.<\/p>","protected":false},"excerpt":{"rendered":"<p>1. Wellpappe Material, kann wiederverwendet oder zu Zellstoff recycelt werden, nat\u00fcrliche Abbauzyklus ist schnell, umweltfreundlich<br \/>\n2. Faltbares Design, abgeflacht f\u00fcr die Lagerung, Verringerung der Lagerfl\u00e4che<br \/>\n3. Hochgradig anpassbar, Material, Farbe, Gr\u00f6\u00dfe, Oberfl\u00e4che Druckverfahren, um Ihre Kerze Verpackung passen<\/p>","protected":false},"featured_media":8588,"template":"","meta":[],"product_brand":[],"product_cat":[30,416,430,31],"product_tag":[896,898,897],"class_list":{"0":"post-8587","1":"product","2":"type-product","3":"status-publish","4":"has-post-thumbnail","6":"product_cat-by-industry","7":"product_cat-custom-candle-boxes","8":"product_cat-folding-cartons","9":"product_cat-paper-box-style","10":"product_tag-candle-packaging","11":"product_tag-candle-packaging-boxes","12":"product_tag-custom-boxes-wholesale","14":"first","15":"instock","16":"shipping-taxable","17":"product-type-simple"},"_links":{"self":[{"href":"https:\/\/zojopackaging.com\/de\/wp-json\/wp\/v2\/product\/8587","targetHints":{"allow":["GET"]}}],"collection":[{"href":"https:\/\/zojopackaging.com\/de\/wp-json\/wp\/v2\/product"}],"about":[{"href":"https:\/\/zojopackaging.com\/de\/wp-json\/wp\/v2\/types\/product"}],"version-history":[{"count":1,"href":"https:\/\/zojopackaging.com\/de\/wp-json\/wp\/v2\/product\/8587\/revisions"}],"predecessor-version":[{"id":8594,"href":"https:\/\/zojopackaging.com\/de\/wp-json\/wp\/v2\/product\/8587\/revisions\/8594"}],"wp:featuredmedia":[{"embeddable":true,"href":"https:\/\/zojopackaging.com\/de\/wp-json\/wp\/v2\/media\/8588"}],"wp:attachment":[{"href":"https:\/\/zojopackaging.com\/de\/wp-json\/wp\/v2\/media?parent=8587"}],"wp:term":[{"taxonomy":"product_brand","embeddable":true,"href":"https:\/\/zojopackaging.com\/de\/wp-json\/wp\/v2\/product_brand?post=8587"},{"taxonomy":"product_cat","embeddable":true,"href":"https:\/\/zojopackaging.com\/de\/wp-json\/wp\/v2\/product_cat?post=8587"},{"taxonomy":"product_tag","embeddable":true,"href":"https:\/\/zojopackaging.com\/de\/wp-json\/wp\/v2\/product_tag?post=8587"}],"curies":[{"name":"wp","href":"https:\/\/api.w.org\/{rel}","templated":true}]}}