{"id":8595,"date":"2025-03-29T15:22:14","date_gmt":"2025-03-29T07:22:14","guid":{"rendered":"https:\/\/zojopackaging.com\/?post_type=product&#038;p=8595"},"modified":"2025-03-29T15:50:59","modified_gmt":"2025-03-29T07:50:59","slug":"premium-luxury-spirits-whisky-paper-tube-packaging-wholesale","status":"publish","type":"product","link":"https:\/\/zojopackaging.com\/de\/product\/premium-luxury-spirits-whisky-paper-tube-packaging-wholesale\/","title":{"rendered":"Premium Luxus Spirituosen Whisky Papierrohr Verpackung Gro\u00dfhandel"},"content":{"rendered":"<h3 id=\"wholesale-instructions-for-premium-luxury-spirits-whiskey-paper-tube-packaging\">Gro\u00dfhandel Premium Luxus Spirituosen Whiskey Papierrohr Verpackung<\/h3>\n<h4 id=\"-1-structural-advantages-scientific-pressure-bearing-all-round-protection-\"><strong>1. Strukturelle Vorteile: Wissenschaftlicher, drucktragender Rundumschutz<\/strong><\/h4>\n<p>Die Papierh\u00fclsenverpackung besteht aus einem\u00a0<strong>zylindrische Bauform<\/strong>Sie bietet eine hohe Druckbest\u00e4ndigkeit, indem sie \u00e4u\u00dfere Kr\u00e4fte gleichm\u00e4\u00dfig verteilt, und ist besonders f\u00fcr empfindliche, hochwertige Spirituosen und Whiskeyprodukte geeignet. Seine physikalischen Eigenschaften k\u00f6nnen Vibrationen und St\u00f6\u00dfe w\u00e4hrend des Transports wirksam abmildern. Die innere Schicht kann mit einer\u00a0<strong>individuelle Auskleidungsstruktur<\/strong>\u00a0(wie z. B. symmetrische Schnappverschl\u00fcsse oder kissenartige Gittereinlagen), um die Fixierung und Polsterung weiter zu verbessern und zu gew\u00e4hrleisten, dass die Flasche in einer komplexen Logistikumgebung sicher und intakt ist.<\/p>\n<h4 id=\"-2-functional-innovation-sealing-and-convenience-coexist-\"><strong>2. Funktionale Innovation: Versiegelung und Bequemlichkeit koexistieren<\/strong><\/h4>\n<p>Die Papierh\u00fclsenverpackung unterst\u00fctzt\u00a0<strong>vollst\u00e4ndig versiegelte oder wieder zu \u00f6ffnende Struktur<\/strong>\u00a0Entwurf:<\/p>\n<ul>\n<li><strong>vollst\u00e4ndig versiegelte Version<\/strong>Die Verpackung besteht aus einem lebensmittelechten Laminierverfahren in Kombination mit feuchtigkeitsdichten Innenschichten (z. B. Aluminiumfolienverbundpapier), um das Eindringen von Sauerstoff und Feuchtigkeit zu verhindern und die Haltbarkeit der Spirituose zu verl\u00e4ngern.<\/li>\n<li><strong>Zu \u00f6ffnende Version<\/strong>: Design magnetische Abdeckung oder Gewinde Schnalle Struktur, bequem f\u00fcr die Verbraucher zu nehmen mehrere Male, w\u00e4hrend die Aufrechterhaltung der Abdichtung, die Sammlung und die Anzeige Bed\u00fcrfnisse der High-End-Spirituosen Geschenk-Boxen.<\/li>\n<\/ul>\n<h4 id=\"-third-environmental-sustainability-green-technology-empowers-brand-value-\"><strong>3. \u00d6kologische Nachhaltigkeit: Gr\u00fcne Technologie st\u00e4rkt den Markenwert<\/strong><\/h4>\n<p>Das Verpackungsmaterial ist\u00a0<strong>100% wiederverwertbarer Zellstoff<\/strong>\u00a0oder\u00a0<strong>FSC-zertifizierte Holzfaser<\/strong>und der Produktionsprozess verwendet eine klebstofffreie Falttechnik, um die chemische Verschmutzung zu reduzieren. In Kombination mit dem Druck mit Tinte auf Wasserbasis und der biologisch abbaubaren Laminiertechnologie wird ein kohlenstoffarmer und umweltfreundlicher Lebenszyklus von der Produktion bis zur Entsorgung erreicht, der den EU-Umweltstandards REACH entspricht.<\/p>\n<h4 id=\"-fourth-visual-impact-red-aesthetics-and-brand-memory-enhancement-\"><strong>4. Visuelle Wirkung: rote \u00c4sthetik und Verst\u00e4rkung des Markenged\u00e4chtnisses<\/strong><\/h4>\n<p>Die Hauptfarbe nimmt die\u00a0<strong>Rot mit hoher S\u00e4ttigung (f\u00fcr 70%)<\/strong>in Kombination mit einer matten oder gl\u00e4nzenden Behandlung, um einen luxuri\u00f6sen und leidenschaftlichen Markenton zu vermitteln. Rot hat\u00a0<strong>nat\u00fcrliche visuelle Anziehungskraft<\/strong>\u00a0in der Regalauslage. Experimentelle Daten zeigen, dass die Aufmerksamkeitsrate der Verbraucher bei roten Verpackungen 37% h\u00f6her ist als bei herk\u00f6mmlichen Farben. Das Design kann ein Hei\u00dfpr\u00e4ge-LOGO, eine gepr\u00e4gte Textur oder ein kulturelles Totem (z. B. Muster im b\u00f6hmischen Stil) enthalten, um den Wiedererkennungswert der Marke zu erh\u00f6hen.<\/p>\n<h4 id=\"-v-efficient-production-process-spot-uv-and-automation-empowerment-\"><strong>5. Effizienter Produktionsprozess: Spot UV und Automatisierungsm\u00f6glichkeiten<\/strong><\/h4>\n<p>annehmen.\u00a0<strong>Lokales Spot-UV-Lackierverfahren<\/strong>Durch die ultraviolette Soforth\u00e4rtungstechnologie wird ein pr\u00e4ziser lokaler, heller Oberfl\u00e4cheneffekt erzielt, die Aush\u00e4rtungszeit auf 0,1 Sekunden verk\u00fcrzt, der kontinuierliche Druck und die nahtlose Verbindung mit der Nachbearbeitung unterst\u00fctzt und die Produktionseffizienz um mehr als 30% verbessert. In Kombination mit digitaler Satztechnologie (z. B. 3D-Modellierung) kann das Musterlayout schnell angepasst werden, um den Anforderungen von personalisierten Kleinserienauftr\u00e4gen gerecht zu werden.<\/p>\n<h4 id=\"-sixth-highly-customized-service-flexible-adaptation-from-material-to-process-\"><strong>6. Hochgradig kundenspezifischer Service: flexible Anpassung vom Material bis zum Prozess<\/strong><\/h4>\n<ul>\n<li><strong>Auswahl des Materials<\/strong>: Wir bieten eine Vielzahl von Tr\u00e4germaterialien wie Wellpappe, Hartkarton, Bambusfaser-Verbundpapier usw. an, um unterschiedlichen Anforderungen an Tragf\u00e4higkeit und Textur gerecht zu werden.<\/li>\n<li><strong>Gr\u00f6\u00dfe und Struktur<\/strong>: Unterst\u00fctzt Anpassungsbereiche von 50mm bis 300mm Durchmesser und 200mm bis 800mm H\u00f6he und kann an einzelne Weinflaschen oder Mehrfachflaschenkombinationen angepasst werden.<\/li>\n<li><strong>Oberfl\u00e4chentechnik<\/strong>Die Produkte k\u00f6nnen optional mit Hei\u00dfpr\u00e4gung, Pr\u00e4gung, Lasergravur, Laserfolienlaminierung und anderen Verfahren versehen werden, und es k\u00f6nnen sogar NFC-Chips eingebettet werden, um die R\u00fcckverfolgbarkeit von F\u00e4lschungen zu gew\u00e4hrleisten.<\/li>\n<\/ul>\n<h4 id=\"-vii-added-value-enhancement-lamination-and-lamination-technology-upgrade-\"><strong>7. Verbesserung der Wertsch\u00f6pfung: Verbesserung der Kaschier- und Laminiertechnik<\/strong><\/h4>\n<p>\u00dcber\u00a0<strong>BOPP-Laminierung<\/strong>\u00a0oder\u00a0<strong>PETG-Laminierungsverfahren<\/strong>Dadurch wird die Papierh\u00fclse mit der Beschaffenheit von Metall- und Holzkisten vergleichbar, w\u00e4hrend gleichzeitig das Gesamtgewicht und die Transportkosten gesenkt werden. Die Laminierschicht kann auch mit einer antibakteriellen Beschichtung versehen werden, um die hohen Hygiene- und Sicherheitsstandards f\u00fcr hochwertigen Alkohol zu erf\u00fcllen.<\/p>\n<h4 id=\"-viii-one-stop-service-support-zero-cost-cooperation-start-\"><strong>8. Unterst\u00fctzung aus einer Hand: Start der Zusammenarbeit zum Nulltarif<\/strong><\/h4>\n<p>Als professionelle Spirituosenverpackungsfabrik bieten wir:<\/p>\n<ul>\n<li><strong>Freie Gestaltung<\/strong>: Ein Team, das mit internationalen Designpreisen ausgezeichnet wurde, entwickelt ma\u00dfgeschneiderte Verpackungsl\u00f6sungen, die Markenkultur und Markttrends einbeziehen.<\/li>\n<li><strong>Kostenlose Proben<\/strong>: 3D-Renderings und physische Proofs werden innerhalb von 48 Stunden bereitgestellt und unterst\u00fctzen Leistungstests (z. B. Fall- und Feuchtigkeitssimulation).<\/li>\n<li><strong>Technische Unterst\u00fctzung<\/strong>: Umfassende Beratung von der strukturellen Optimierung bis zum Massenproduktionsprozess, um eine Ausbeute von \u2265 99,5% zu gew\u00e4hrleisten.<\/li>\n<li><strong>Preisvorteil<\/strong>: Die Beschaffung in gro\u00dfem Ma\u00dfstab und die automatisierte Produktion senken die Kosten, und der Preis \u00e4hnlicher Qualit\u00e4t ist 15%-20% niedriger als der Marktdurchschnitt.<\/li>\n<\/ul>","protected":false},"excerpt":{"rendered":"<p>1. Die zylindrische Papierr\u00f6hre verteilt die \u00e4u\u00dferen Kr\u00e4fte gleichm\u00e4\u00dfig. Die Struktur ist stabil und sch\u00fctzend.<br \/>\n2. Es kann je nach Bedarf als vollst\u00e4ndig versiegelte oder wieder zu \u00f6ffnende Struktur konzipiert werden, die Feuchtigkeit und Oxidation wirksam verhindert.<br \/>\n3. Es kann in Bezug auf Material, Farbe, Gr\u00f6\u00dfe und Oberfl\u00e4chendruckverfahren stark angepasst werden, um Ihre Spirituosen-, Whiskey- und Rotweinverpackungen zu erf\u00fcllen.<\/p>","protected":false},"featured_media":8598,"template":"","meta":[],"product_brand":[],"product_cat":[30,419,31,429],"product_tag":[900,899,901],"class_list":{"0":"post-8595","1":"product","2":"type-product","3":"status-publish","4":"has-post-thumbnail","6":"product_cat-by-industry","7":"product_cat-custom-wines-spirits-boxes","8":"product_cat-paper-box-style","9":"product_cat-paper-tube-boxes","10":"product_tag-luxury-whisky-packaging-wholesale","11":"product_tag-premium-spirits-paper-tube","12":"product_tag-spirits-whisky-packaging-wholesale","14":"first","15":"instock","16":"shipping-taxable","17":"product-type-simple"},"_links":{"self":[{"href":"https:\/\/zojopackaging.com\/de\/wp-json\/wp\/v2\/product\/8595","targetHints":{"allow":["GET"]}}],"collection":[{"href":"https:\/\/zojopackaging.com\/de\/wp-json\/wp\/v2\/product"}],"about":[{"href":"https:\/\/zojopackaging.com\/de\/wp-json\/wp\/v2\/types\/product"}],"version-history":[{"count":1,"href":"https:\/\/zojopackaging.com\/de\/wp-json\/wp\/v2\/product\/8595\/revisions"}],"predecessor-version":[{"id":8602,"href":"https:\/\/zojopackaging.com\/de\/wp-json\/wp\/v2\/product\/8595\/revisions\/8602"}],"wp:featuredmedia":[{"embeddable":true,"href":"https:\/\/zojopackaging.com\/de\/wp-json\/wp\/v2\/media\/8598"}],"wp:attachment":[{"href":"https:\/\/zojopackaging.com\/de\/wp-json\/wp\/v2\/media?parent=8595"}],"wp:term":[{"taxonomy":"product_brand","embeddable":true,"href":"https:\/\/zojopackaging.com\/de\/wp-json\/wp\/v2\/product_brand?post=8595"},{"taxonomy":"product_cat","embeddable":true,"href":"https:\/\/zojopackaging.com\/de\/wp-json\/wp\/v2\/product_cat?post=8595"},{"taxonomy":"product_tag","embeddable":true,"href":"https:\/\/zojopackaging.com\/de\/wp-json\/wp\/v2\/product_tag?post=8595"}],"curies":[{"name":"wp","href":"https:\/\/api.w.org\/{rel}","templated":true}]}}