{"id":8603,"date":"2025-03-29T15:51:07","date_gmt":"2025-03-29T07:51:07","guid":{"rendered":"https:\/\/zojopackaging.com\/?post_type=product&#038;p=8603"},"modified":"2025-03-29T16:22:10","modified_gmt":"2025-03-29T08:22:10","slug":"custom-child-proof-1ml-vape-cartridge-packaging-boxes","status":"publish","type":"product","link":"https:\/\/zojopackaging.com\/de\/product\/custom-child-proof-1ml-vape-cartridge-packaging-boxes\/","title":{"rendered":"Kundenspezifische kindersichere 1ml Vape-Patronen-Verpackungsboxen"},"content":{"rendered":"<h3 id=\"customized-child-proof-1ml-electronic-cigarette-cartridge-packaging-box-description\">Customized kindersichere 1ml elektronische Zigarette Patrone Verpackung Box Beschreibung<\/h3>\n<h4 id=\"-2-child-proof-opening-and-humanized-design-\"><strong>1. Kindersichere \u00d6ffnung und humanisiertes Design<\/strong><\/h4>\n<ol>\n<li><strong>Struktur der Schubladenpapierbox<\/strong>: Sie nimmt eine\u00a0<strong>Konstruktion mit Schiebe\u00f6ffnung<\/strong>Durch die pr\u00e4zise Zusammenarbeit der Schnallen zwischen dem Schachtelk\u00f6rper und dem Deckel wird nicht nur sichergestellt, dass Kinder den Deckel nur schwer mit einer Hand \u00f6ffnen k\u00f6nnen (beide H\u00e4nde werden ben\u00f6tigt, um die Rillen auf beiden Seiten zu dr\u00fccken und gleichzeitig zu schieben), sondern auch ein reibungsloses \u00d6ffnen und Schlie\u00dfen f\u00fcr Erwachsene erm\u00f6glicht, wobei Sicherheit und Komfort ber\u00fccksichtigt werden.<\/li>\n<li><strong>Optimierung der Daumenrille<\/strong>: Ergonomisch\u00a0<strong>Lichtbogennuten<\/strong>\u00a0sind auf beiden Seiten des Kastenk\u00f6rpers angebracht. Die Tiefe und Breite sind an die Gr\u00f6\u00dfe der Daumen von Erwachsenen angepasst, was f\u00fcr ein gewaltsames \u00d6ffnen praktisch ist. Zugleich sind die Kanten der Rillen abgerundet und gratfrei, um Kratzer zu vermeiden.<\/li>\n<\/ol>\n<h4 id=\"-iii-visual-and-brand-communication-\"><strong>2. Visuelle Kommunikation und Markenkommunikation<\/strong><\/h4>\n<ol>\n<li><strong>Farbpsychologische Anwendung<\/strong>: Die Hauptfarbe ist\u00a0<strong>knallgelb<\/strong>die die Dopaminaussch\u00fcttung durch visuelle Stimulation mit hoher S\u00e4ttigung f\u00f6rdert, vermittelt Vitalit\u00e4t und Freude und ist besonders geeignet, um depressive Verstimmungen beim Konsum von CBD oder Cannabis Vape zu lindern.<\/li>\n<li><strong>Partielles UV-Verfahren<\/strong>:\u00a0<strong>Partielle UV-Beschichtung<\/strong>\u00a0wird auf Markenlogos, Schl\u00fcsseltexten und Mustern verwendet, um einen Kontrasteffekt zwischen matten und gl\u00e4nzenden Oberfl\u00e4chen zu erzeugen und die Textur zu verst\u00e4rken; der UV-Bereich ist kratzfest und verhindert Fingerabdr\u00fccke, was sich f\u00fcr die Anforderungen von Displays im High-End-Bereich eignet.<\/li>\n<\/ol>\n<h4 id=\"-fourth-highly-customized-services-\"><strong>3. hochgradig ma\u00dfgeschneiderte Dienstleistungen<\/strong><\/h4>\n<ol>\n<li><strong>Flexibler Anpassungsbedarf<\/strong>: Unterst\u00fctzt die vollst\u00e4ndige Anpassung von Materialien (z. B. mattes Papier, Wellpappe), Farben (Pantone-Farbkartenanpassung), Gr\u00f6\u00dfen (Anpassung an verschiedene Kartuschenkapazit\u00e4ten) und Oberfl\u00e4chenverfahren (Hei\u00dfpr\u00e4gung, Pr\u00e4gung, Laser), um die Positionierung der Marke zu erreichen.<\/li>\n<li><strong>Technische Unterst\u00fctzung im Werk<\/strong>: Die genossenschaftliche Fabrik bietet\u00a0<strong>freie Gestaltung<\/strong>\u00a0(einschlie\u00dflich 3D-Modellierung und strukturelle Optimierung),\u00a0<strong>kostenloser Probeabzug<\/strong>\u00a0und\u00a0<strong>Technische Anleitung f\u00fcr den gesamten Produktionsprozess<\/strong>\u00a0um eine genaue Umsetzung von der Zeichnung bis zum fertigen Produkt zu gew\u00e4hrleisten. Was den Preis betrifft, so kann das Unternehmen dank der Vorteile der Gro\u00dfproduktion und der Lieferkette die kosteng\u00fcnstigste L\u00f6sung in der Branche anbieten.<\/li>\n<\/ol>\n<h4 id=\"-five-compliance-and-safety-standards-\"><strong>4. Einhaltung und Sicherheitsstandards<\/strong><\/h4>\n<ol>\n<li><strong>Zertifizierung zum Kinderschutz<\/strong>: Die Verpackung hat den internationalen ASTM-Standardtest bestanden und kann von Kindern unter 5 Jahren im Simulationstest nicht innerhalb von 5 Minuten ge\u00f6ffnet werden, was den gesetzlichen Anforderungen der FDA f\u00fcr kindersichere Verpackungen entspricht.<\/li>\n<li><strong>Chemische Best\u00e4ndigkeit und Haltbarkeit<\/strong>: Das Material hat die Tests zur Korrosionsbest\u00e4ndigkeit, zur Best\u00e4ndigkeit gegen hohe Temperaturen (zur Anpassung an die Transportumgebung) und zur Best\u00e4ndigkeit gegen das Eindringen von Tinte bestanden, um eine langfristige Lagerstabilit\u00e4t zu gew\u00e4hrleisten.<\/li>\n<\/ol>\n<h4 id=\"-vi-application-scenarios-and-added-value-\"><strong>5. Anwendungsszenarien und zus\u00e4tzlicher Nutzen<\/strong><\/h4>\n<p>Diese Art der Verpackung eignet sich nicht nur f\u00fcr elektronische Zigarettenkartuschen, sondern kann auch auf CBD-Zerst\u00e4uber, medizinische Arzneimittel und andere Bereiche, die den Schutz von Kindern erfordern, ausgeweitet werden. Durch die Integration von Markengeschichten (wie Umweltschutzkonzepte oder gesundheitsbezogene Angaben) und intelligenten Etiketten (wie RFID-R\u00fcckverfolgbarkeitscodes) k\u00f6nnen das Vertrauen der Verbraucher und der Mehrwert des Produkts weiter gest\u00e4rkt werden.<\/p>","protected":false},"excerpt":{"rendered":"<p>1. 157g C2S gestrichenes Kunstdruckpapier, 1200g Hartpappe, glatte Oberfl\u00e4che, umweltfreundliches Material<br \/>\n2. Spot UV hebt die High-End-Szene des Markenlogos und der Benutzererfahrung hervor.<br \/>\n3. Hoch anpassbar, Material, Farbe, Gr\u00f6\u00dfe, Oberfl\u00e4che Druckprozess, um Ihre 1ml E-Zigaretten-Patrone-Verpackung zu passen<\/p>","protected":false},"featured_media":8606,"template":"","meta":[],"product_brand":[],"product_cat":[30,431,420,31],"product_tag":[903,902,792],"class_list":{"0":"post-8603","1":"product","2":"type-product","3":"status-publish","4":"has-post-thumbnail","6":"product_cat-by-industry","7":"product_cat-child-resistant-packaging","8":"product_cat-custom-cannabis-boxes","9":"product_cat-paper-box-style","10":"product_tag-1ml-vape-boxes","11":"product_tag-1ml-vape-cartridge-packaging","12":"product_tag-child-proof-vape-packaging","14":"first","15":"instock","16":"shipping-taxable","17":"product-type-simple"},"_links":{"self":[{"href":"https:\/\/zojopackaging.com\/de\/wp-json\/wp\/v2\/product\/8603","targetHints":{"allow":["GET"]}}],"collection":[{"href":"https:\/\/zojopackaging.com\/de\/wp-json\/wp\/v2\/product"}],"about":[{"href":"https:\/\/zojopackaging.com\/de\/wp-json\/wp\/v2\/types\/product"}],"version-history":[{"count":1,"href":"https:\/\/zojopackaging.com\/de\/wp-json\/wp\/v2\/product\/8603\/revisions"}],"predecessor-version":[{"id":8610,"href":"https:\/\/zojopackaging.com\/de\/wp-json\/wp\/v2\/product\/8603\/revisions\/8610"}],"wp:featuredmedia":[{"embeddable":true,"href":"https:\/\/zojopackaging.com\/de\/wp-json\/wp\/v2\/media\/8606"}],"wp:attachment":[{"href":"https:\/\/zojopackaging.com\/de\/wp-json\/wp\/v2\/media?parent=8603"}],"wp:term":[{"taxonomy":"product_brand","embeddable":true,"href":"https:\/\/zojopackaging.com\/de\/wp-json\/wp\/v2\/product_brand?post=8603"},{"taxonomy":"product_cat","embeddable":true,"href":"https:\/\/zojopackaging.com\/de\/wp-json\/wp\/v2\/product_cat?post=8603"},{"taxonomy":"product_tag","embeddable":true,"href":"https:\/\/zojopackaging.com\/de\/wp-json\/wp\/v2\/product_tag?post=8603"}],"curies":[{"name":"wp","href":"https:\/\/api.w.org\/{rel}","templated":true}]}}