{"id":8611,"date":"2025-03-29T16:22:17","date_gmt":"2025-03-29T08:22:17","guid":{"rendered":"https:\/\/zojopackaging.com\/?post_type=product&#038;p=8611"},"modified":"2025-03-29T16:55:13","modified_gmt":"2025-03-29T08:55:13","slug":"high-quality-customized-jewelry-drawer-paper-box-manufacturer","status":"publish","type":"product","link":"https:\/\/zojopackaging.com\/de\/product\/high-quality-customized-jewelry-drawer-paper-box-manufacturer\/","title":{"rendered":"Hohe Qualit\u00e4t kundenspezifische Schmuck Schublade Papier Box Hersteller"},"content":{"rendered":"<h2 id=\"manufacturer-s-description-of-high-quality-custom-jewelry-drawer-paper-boxes\">Beschreibung des Herstellers von hochwertigen Schmuckschubladen-Pappschachteln nach Ma\u00df<\/h2>\n<h3 id=\"-1-innovative-box-design-and-environmental-sustainability-\"><strong>1. Innovatives Boxendesign und \u00f6kologische Nachhaltigkeit<\/strong><\/h3>\n<p>Als f\u00fchrendes Unternehmen, das sich auf die Herstellung von Schmuckschachteln spezialisiert hat, setzen wir d<strong>raueres Boxdesign<\/strong>Das Herzst\u00fcck der Box ist eine Schiebe\u00f6ffnung, die in Kombination mit der Ergonomie das \u00d6ffnen und Schlie\u00dfen optimiert. Der Kastenk\u00f6rper und die innere Schublade sind durch Pr\u00e4zisionsschienen verbunden, und das \u00d6ffnen und Schlie\u00dfen sind glatt und die D\u00e4mpfung ist moderat, was nicht nur ein versehentliches Verrutschen vermeiden kann, sondern auch die Haltbarkeit durch wiederholtes \u00d6ffnen und Schlie\u00dfen \u00fcberpr\u00fcft. Das Material ist\u00a0<strong>157g C2S gestrichenes Papier + 1200g harter Karton<\/strong>Die Oberfl\u00e4che ist mit einer Hochglanzbeschichtung versehen, f\u00fchlt sich zart und glatt an und verf\u00fcgt \u00fcber eine ausgezeichnete Druckhaftung, die komplexe Muster und Markenlogos pr\u00e4zise darstellen kann. Dar\u00fcber hinaus hat der Karton die FSC-Forstzertifizierung bestanden, um sicherzustellen, dass die Quelle der Rohstoffe den Umweltschutzstandards entspricht und das Recycling unterst\u00fctzt.<\/p>\n<h3 id=\"-second-luxury-details-and-brand-value-enhancement-\"><strong>2. Luxuri\u00f6se Details und Steigerung des Markenwerts<\/strong><\/h3>\n<p>Um die visuelle Attraktivit\u00e4t und den Wiedererkennungswert der Verpackung zu erh\u00f6hen, legen wir\u00a0<strong>nat\u00fcrliche Perlen oder Zubeh\u00f6r aus Perlenimitat<\/strong> auf der Oberseite des Kastenk\u00f6rpers, und befestigen Sie sie durch Hand-Inlaying-Technologie, die nicht nur den nat\u00fcrlichen Glanz bewahrt, sondern auch den gesamten Luxus erh\u00f6ht. Der Oberfl\u00e4chendruck nimmt CMKY<strong>\u00a0hochpr\u00e4zise Drucktechnik<\/strong>unterst\u00fctzt Pantone-Schmuckfarben und wird teilweise mit Hei\u00dfpr\u00e4gung, UV-Laminierung oder Pr\u00e4getechnik kombiniert. So werden zum Beispiel dreidimensionale UV-W\u00f6lbungen beim Markenlogo verwendet, um einen doppelten Erinnerungspunkt f\u00fcr Ber\u00fchrung und Sicht zu bilden. Das Innenfutter ist hergestellt aus\u00a0<strong>ma\u00dfgeschneidertes Beflockungsmaterial<\/strong>und die Kontur des Schmucks wird durch 3D-Modellierung genau angepasst. Zum Beispiel nimmt die Ringrille eine gewellte Samtrille an, und die Halskettenhalterung nimmt eine verstellbare Aufh\u00e4ngestruktur an, die nicht nur das Produkt vor Kratzern sch\u00fctzt, sondern auch die \u00c4sthetik der Anzeige verbessert.<\/p>\n<h3 id=\"-three-full-link-customized-service-capabilities-\"><strong>3. voll vernetzte, ma\u00dfgeschneiderte Serviceleistungen<\/strong><\/h3>\n<p>Verlassen Sie sich auf\u00a0<strong>16 Jahre Erfahrung in der Herstellung von Schmuckverpackungen<\/strong>bieten wir eine umfassende Anpassung vom Design bis zur Produktion:<\/p>\n<ol>\n<li><strong>Flexible Anpassung der Box<\/strong>: Unterst\u00fctzt eine Vielzahl von Derivatboxen, wie z.B. Deckel und Boden, Klappdeckel, Magnetverschl\u00fcsse, etc., mit einer Gr\u00f6\u00dfe von 30mm\u00d730mm bis 300mm\u00d7300mm, die den Aufbewahrungsbedarf von einzelnen Schmuckst\u00fccken bis hin zu kompletten Schmucksets erf\u00fcllen.<\/li>\n<li><strong>Material-Upgrade-L\u00f6sung<\/strong>: Neben dem Standardkarton k\u00f6nnen spezielle Materialien wie Gold- und Silberkarton, Perlglanzpapier und ledergef\u00fclltes Papier gew\u00e4hlt werden, oder es k\u00f6nnen Verbundverfahren wie Metallkanten und Lederfurniere \u00fcberlagert werden, um sich an kundenspezifische High-End-Szenarien anzupassen.<\/li>\n<li><strong>Intelligente Funktionserweiterung<\/strong>: Es kann RFID-F\u00e4lschungsschutzchips, NFC-Sensoretiketten usw. integrieren. Die Benutzer k\u00f6nnen Informationen zur R\u00fcckverfolgbarkeit von Produkten durch Ber\u00fchren ihres Mobiltelefons erhalten, um das Vertrauen der Verbraucher zu st\u00e4rken.<\/li>\n<\/ol>\n<h3 id=\"-fourth-large-scale-production-and-quality-control-guarantee-\"><strong>4. Gro\u00dfserienproduktion und Qualit\u00e4tskontrolle garantieren<\/strong><\/h3>\n<p>Die Fabrik hat\u00a0<strong>20 vollautomatische Produktionslinien<\/strong>Dazu geh\u00f6ren CNC-Stanzmaschinen, Hochpr\u00e4zisions-Hei\u00dfpr\u00e4gemaschinen und intelligente Qualit\u00e4tskontrollger\u00e4te mit einer durchschnittlichen Produktionskapazit\u00e4t von 100.000 St\u00fcck pro Tag, die eine ultraschnelle Pr\u00fcfung innerhalb von 48 Stunden und die Auslieferung gro\u00dfer Mengen innerhalb von 15 Tagen erm\u00f6glichen. Das Qualit\u00e4tskontrollsystem hat die\u00a0<strong>Zertifizierung des Qualit\u00e4tsmanagements nach ISO 9001<\/strong>\u00a0und\u00a0<strong>FSC-Umweltzertifizierung<\/strong>und f\u00fchrt einen dreifachen Testprozess durch:<\/p>\n<ul>\n<li><strong>Pr\u00fcfung von Rohstoffen<\/strong>: Labortests des Kartongewichts, der Faltfestigkeit und des Schwermetallgehalts der Tinte;<\/li>\n<li><strong>\u00dcberwachung des Produktionsprozesses<\/strong>: Verwenden Sie ein Farbmessger\u00e4t, um die Druckfarben in Echtzeit zu kalibrieren und die Konsistenz der Chargen zu gew\u00e4hrleisten;<\/li>\n<li><strong>Druckpr\u00fcfung am fertigen Produkt<\/strong>: Simulieren Sie die Transportumgebung, um den Verpackungskarton auf Druck-, Fall-, Temperatur- und Feuchtigkeitszyklen zu testen, mit einer Tragf\u00e4higkeit von mehr als 20 kg.<\/li>\n<\/ul>\n<h4 id=\"-five-one-stop-service-and-industry-solutions-\"><strong>5. Service und Branchenl\u00f6sungen aus einer Hand<\/strong><\/h4>\n<p>Unser professionelles Team bietet\u00a0<strong>kostenlose Unterst\u00fctzung bei der Gestaltung<\/strong>einschlie\u00dflich 3D-Strukturrendering, L\u00f6sungen f\u00fcr die Integration der Marke VI und Vorschl\u00e4ge zur Kostenoptimierung. Ausrichtung auf eine andere Marktpositionierung:<\/p>\n<ul>\n<li><strong>Grenz\u00fcberschreitende E-Commerce-Kunden<\/strong>: Leichte Verpackungen und sto\u00dffeste Logistikl\u00f6sungen, die den Anforderungen der Plattformen Amazon und eBay entsprechen;<\/li>\n<li><strong>Hochwertige Schmuckmarken<\/strong>: Zusammenarbeit mit italienischen Designteams zur Entwicklung von Kunstgeschenkboxen in limitierter Auflage, die orientalische Lackkunst mit westlicher minimalistischer \u00c4sthetik verbinden;<\/li>\n<li><strong>Bedarf an Werbema\u00dfnahmen<\/strong>: Unterst\u00fctzt Kleinserienauftr\u00e4ge (mindestens 500 St\u00fcck) und kann mit kundenspezifischen Handtaschen, Garantiekarten und anderen peripheren Materialien kombiniert werden.<\/li>\n<\/ul>\n<p><strong>Wert der Zusammenarbeit<\/strong>: Wenn Sie sich f\u00fcr uns entscheiden, erhalten Sie eine Schmuckverpackungsl\u00f6sung, die Funktionalit\u00e4t, Kunstfertigkeit und Umweltverantwortung miteinander verbindet, Markengeschichten durch Verpackungsmedien vermittelt und den Premiumbereich des Produkts erweitert.<\/p>","protected":false},"excerpt":{"rendered":"<p>1. 157g C2S gestrichenes Kunstdruckpapier, 1200g Hartkarton, glatte Oberfl\u00e4che, starke Haftung, klarer Druck<br \/>\n2. Mit Perle Zubeh\u00f6r, erh\u00f6ht es das Gef\u00fchl von Luxus und visuelle Attraktivit\u00e4t, und erh\u00f6ht die Markenbekanntheit<br \/>\n3. Der Box-Typ, Gr\u00f6\u00dfe, Material und Oberfl\u00e4chendruck k\u00f6nnen in hohem Ma\u00dfe angepasst werden, um Ihre Schmuck-Verpackung-Box zu passen<\/p>","protected":false},"featured_media":8612,"template":"","meta":[],"product_brand":[],"product_cat":[30,415,31,426],"product_tag":[906,904,905],"class_list":{"0":"post-8611","1":"product","2":"type-product","3":"status-publish","4":"has-post-thumbnail","6":"product_cat-by-industry","7":"product_cat-custom-jewelry-boxes-by-industry","8":"product_cat-paper-box-style","9":"product_cat-paper-drawer-boxes","10":"product_tag-customized-jewelry-box","11":"product_tag-high-quality-logo-customized-jewelry-drawer-paper-box-manufacturer-jewelry-drawer-paper-box","12":"product_tag-jewelry-box-manufacturer","14":"first","15":"instock","16":"shipping-taxable","17":"product-type-simple"},"_links":{"self":[{"href":"https:\/\/zojopackaging.com\/de\/wp-json\/wp\/v2\/product\/8611","targetHints":{"allow":["GET"]}}],"collection":[{"href":"https:\/\/zojopackaging.com\/de\/wp-json\/wp\/v2\/product"}],"about":[{"href":"https:\/\/zojopackaging.com\/de\/wp-json\/wp\/v2\/types\/product"}],"version-history":[{"count":1,"href":"https:\/\/zojopackaging.com\/de\/wp-json\/wp\/v2\/product\/8611\/revisions"}],"predecessor-version":[{"id":8623,"href":"https:\/\/zojopackaging.com\/de\/wp-json\/wp\/v2\/product\/8611\/revisions\/8623"}],"wp:featuredmedia":[{"embeddable":true,"href":"https:\/\/zojopackaging.com\/de\/wp-json\/wp\/v2\/media\/8612"}],"wp:attachment":[{"href":"https:\/\/zojopackaging.com\/de\/wp-json\/wp\/v2\/media?parent=8611"}],"wp:term":[{"taxonomy":"product_brand","embeddable":true,"href":"https:\/\/zojopackaging.com\/de\/wp-json\/wp\/v2\/product_brand?post=8611"},{"taxonomy":"product_cat","embeddable":true,"href":"https:\/\/zojopackaging.com\/de\/wp-json\/wp\/v2\/product_cat?post=8611"},{"taxonomy":"product_tag","embeddable":true,"href":"https:\/\/zojopackaging.com\/de\/wp-json\/wp\/v2\/product_tag?post=8611"}],"curies":[{"name":"wp","href":"https:\/\/api.w.org\/{rel}","templated":true}]}}