{"id":8650,"date":"2025-03-29T18:38:04","date_gmt":"2025-03-29T10:38:04","guid":{"rendered":"https:\/\/zojopackaging.com\/?post_type=product&#038;p=8650"},"modified":"2025-03-29T18:51:30","modified_gmt":"2025-03-29T10:51:30","slug":"custom-hard-packing-wax-figure-statue-ceramic-packaging-box","status":"publish","type":"product","link":"https:\/\/zojopackaging.com\/de\/product\/custom-hard-packing-wax-figure-statue-ceramic-packaging-box\/","title":{"rendered":"Benutzerdefinierte Hartpackung Wachs Figur Statue Keramik Verpackung Box"},"content":{"rendered":"<h3 id=\"customized-hard-packaging-wax-statue-ceramic-packaging-box-product-description\">Ma\u00dfgeschneiderte Hartverpackungswachsstatue Keramikverpackungsbox<\/h3>\n<h4 id=\"1-environmentally-friendly-and-sustainable-materials-a-balance-between-nature-and-technology-\">1.\u00a0<strong>Umweltfreundliche und nachhaltige Materialien: ein Gleichgewicht zwischen Natur und Technik<\/strong><\/h4>\n<p>Dieses Produkt verwendet\u00a0<strong>157g C2S gestrichenes Kunstdruckpapier (gestrichenes Papier) und 1200g Hartpappe (Karton)<\/strong>\u00a0Kombinationsmaterialien, die sowohl \u00e4sthetisch als auch funktional sind.<\/p>\n<ul>\n<li><strong>Vorteile f\u00fcr die Umwelt<\/strong>: Alle Rohmaterialien sind FSC-zertifiziert und unterst\u00fctzen das Recycling. Der Innenkarton wird leimfrei geklebt, um die chemische Verschmutzung zu reduzieren; das \u00e4u\u00dfere beschichtete Papier ist mit einer matten Beschichtung versehen, um reflektierende Verschmutzung zu vermeiden und die Haptik zu verbessern.<\/li>\n<li><strong>Nachhaltiges Design<\/strong>: Durch die Optimierung der Struktur zur Verringerung des Materialabfalls kann der Verpackungskarton vollst\u00e4ndig recycelt oder abgebaut werden, in \u00dcbereinstimmung mit den EU-Umweltschutznormen REACH.<\/li>\n<\/ul>\n<h4 id=\"2-head-and-earth-cover-box-type-dual-upgrade-of-ritual-sense-and-protection-\">2. Deckel und Boden<strong>\u00a0Box-Typ: Doppelte Aufwertung von rituellem Sinn und Schutz<\/strong><\/h4>\n<p>Die \u00dcbernahme der klassischen\u00a0<strong>obere und untere Abdeckstruktur<\/strong>in Kombination mit den exquisiten Eigenschaften von Wachsfiguren, um ein beeindruckendes Unboxing-Erlebnis zu schaffen.<\/p>\n<ul>\n<li><strong>Strukturelle Vorteile<\/strong>: Die Kiste mit Deckel und Boden hat einen gro\u00dfen Innenraum und kann Keramikfiguren bis zu einer H\u00f6he von 50 cm aufnehmen. Das genau berechnete Design der Auskleidungsschlitze sorgt daf\u00fcr, dass sie sich beim Transport nicht verschieben.<\/li>\n<li><strong>\u00c4sthetischer Wert<\/strong>: Wenn der Deckel ge\u00f6ffnet wird, entsteht ein \"b\u00fchnenartiger\" visueller Effekt, als ob ein Kunstwerk enth\u00fcllt wird. Das Markenlogo oder ein individuelles Totem ist auf die Oberfl\u00e4che gepr\u00e4gt, und die matte blaue Hauptfarbe schafft eine heilende Atmosph\u00e4re.<\/li>\n<\/ul>\n<h4 id=\"3-unlimited-customization-comprehensive-adaptation-from-function-to-art-\">3.\u00a0<strong>Unbegrenzte Anpassungsm\u00f6glichkeiten: Umfassende Anpassung von Funktion bis Kunst<\/strong><\/h4>\n<ol>\n<li><strong>Art und Gr\u00f6\u00dfe der Box<\/strong>: Unterst\u00fctzt das Schneiden von Sonderformen (z. B. Bogen, hohles perspektivisches Fenster), die Struktur von Schubladen mit mehreren Schichten und eignet sich f\u00fcr Wachsfiguren und Keramikskulpturen unterschiedlicher Gr\u00f6\u00dfe.<\/li>\n<li><strong>Farbe und Handwerkskunst<\/strong>:<\/li>\n<li><strong>Hauptfarbe<\/strong>: Adoptieren Sie\u00a0<strong>Morandi blau<\/strong>Mit der Pantone-Farbkarte l\u00e4sst sich die Farbe genau einstellen, die visuelle Erm\u00fcdung wird verringert und das Temperament des hochwertigen Kunsthandwerks wird unterst\u00fctzt.<\/li>\n<li><strong>Drucktechnik<\/strong>: High-Definition-Offsetdruck + lokale UV-Technologie, um keine Farbunterschiede im Muster zu erreichen, Textsch\u00e4rfe von 300dpi, und perfekt pr\u00e4sentieren handgemalte Details und Markenlogos.<\/li>\n<li><strong>Schutz des Innenfutters<\/strong>:<\/li>\n<li><strong>Individuelles Innenfach<\/strong>: Es wird EVA-Schwamm oder abbaubares Wabenpapier verwendet, das entsprechend der Produktkontur gestanzt wird. Die D\u00e4mpfungsleistung entspricht der Norm ASTM D4169 und ist sto\u00dffest und druckbest\u00e4ndig.<\/li>\n<li><strong>Geschichtetes Design<\/strong>: Unabh\u00e4ngige Barrieren k\u00f6nnen zum Schutz von Zubeh\u00f6r (z. B. Zertifikate, Wartungswerkzeuge) hinzugef\u00fcgt werden.<\/li>\n<\/ol>\n<h4 id=\"4-direct-connection-to-the-source-factory-double-guarantee-of-efficiency-and-quality-\">4.\u00a0<strong>Direkte Verbindung zum Ursprungswerk: doppelte Garantie f\u00fcr Effizienz und Qualit\u00e4t<\/strong><\/h4>\n<ul>\n<li><strong>Produktionskette<\/strong>: Direkt verbunden mit dem\u00a0<strong>Professionelle handgefertigte Produktverpackungsbox Fabrik<\/strong>\u00a0in der Region des Perlflussdeltas in China, mit einer vollautomatischen Verpackungsmaschine f\u00fcr Ober- und Unterdeckel, mit einer durchschnittlichen t\u00e4glichen Produktionskapazit\u00e4t von 5000+ und einer Fehlerquote von &lt;0,1mm.<\/li>\n<li><strong>Vorteile der Dienstleistung<\/strong>:<\/li>\n<li>3D-Proofing-Dateien werden innerhalb von 48 Stunden bereitgestellt, und die Lieferung der physischen Musterbox erfolgt innerhalb von 72 Stunden;<\/li>\n<li>Unterst\u00fctzung von Kleinserienanpassungen (Mindestbestellmenge 50 St\u00fcck), ohne zus\u00e4tzliche Versionskosten.<\/li>\n<\/ul>\n<h4 id=\"5-application-scenarios-and-brand-empowerment-\">5.\u00a0<strong>Anwendungsszenarien und Bef\u00e4higung der Marke<\/strong><\/h4>\n<ul>\n<li><strong>Anpassung des Szenarios<\/strong>: Anwendbar f\u00fcr den Transport von Wachsfiguren in Museen, hochwertige Keramiksammlungen, handgefertigte Geschenkboxen in limitierter Auflage usw.<\/li>\n<li><strong>Wert der Marke<\/strong>: Durch die\u00a0<strong>Funktion \"Sekund\u00e4ranzeige\"<\/strong>\u00a0des Verpackungskartons (z. B. aufh\u00e4ngbarer Kartonk\u00f6rper, kombiniertes Displaydesign), verl\u00e4ngern den Expositionszyklus der Marke und erh\u00f6hen die Bereitschaft der Nutzer, sie in den sozialen Medien zu teilen.<\/li>\n<\/ul>\n<h4 id=\"6-technical-parameters-and-after-sales-commitment-\">6.\u00a0<strong>Technische Parameter und Engagement nach dem Kauf<\/strong><\/h4>\n<table>\n<thead>\n<tr>\n<th>Projekt<\/th>\n<th>Parameter\/Verpflichtungen<\/th>\n<\/tr>\n<\/thead>\n<tbody>\n<tr>\n<td>Tragf\u00e4higkeit<\/td>\n<td>Statische Tragf\u00e4higkeit \u226520kg, dynamische Fallschutzh\u00f6he 1,2m<\/td>\n<\/tr>\n<tr>\n<td>Umweltzertifizierung<\/td>\n<td>FSC, SGS, RoHS<\/td>\n<\/tr>\n<tr>\n<td>Farbunterschied Standard<\/td>\n<td>\u0394E\u22641,5 (ISO 12647-2)<\/td>\n<\/tr>\n<tr>\n<td>Garantie nach dem Verkauf<\/td>\n<td>Volle Entsch\u00e4digung f\u00fcr Transportsch\u00e4den, kostenlose Aufbewahrung der Designdateien auf Lebenszeit<\/td>\n<\/tr>\n<\/tbody>\n<\/table>\n<p><strong>Wenn Sie sich f\u00fcr uns entscheiden, entscheiden Sie sich nicht nur f\u00fcr eine Verpackung, sondern auch daf\u00fcr, Ihrem Kunstwerk eine nachhaltige Vitalit\u00e4t zu verleihen.<\/strong><\/p>","protected":false},"excerpt":{"rendered":"<p>1. 157g C2S gestrichenes Kunstdruckpapier + 1200g Hartkarton, umweltfreundliche und nachhaltige Materialien<br \/>\n2. Oberer und unterer Deckeltyp, mit oberer und unterer Deckelstruktur, um das Unboxing-Erlebnis des Kunden zu verbessern<br \/>\n3. Unbegrenzte Anpassung der Box Typ, Material, Farbe, Gr\u00f6\u00dfe, um Ihre Wachsstatue Keramik Verpackung passen<\/p>","protected":false},"featured_media":8651,"template":"","meta":[],"product_brand":[],"product_cat":[30,423,425,31],"product_tag":[931,929,930],"class_list":{"0":"post-8650","1":"product","2":"type-product","3":"status-publish","4":"has-post-thumbnail","6":"product_cat-by-industry","7":"product_cat-custom-presentation-boxes-by-industry","8":"product_cat-lid-and-base-gift-box","9":"product_cat-paper-box-style","10":"product_tag-ceramic-packaging-box","11":"product_tag-hard-packing-wax-figure","12":"product_tag-statue-packaging","14":"first","15":"instock","16":"shipping-taxable","17":"product-type-simple"},"_links":{"self":[{"href":"https:\/\/zojopackaging.com\/de\/wp-json\/wp\/v2\/product\/8650","targetHints":{"allow":["GET"]}}],"collection":[{"href":"https:\/\/zojopackaging.com\/de\/wp-json\/wp\/v2\/product"}],"about":[{"href":"https:\/\/zojopackaging.com\/de\/wp-json\/wp\/v2\/types\/product"}],"version-history":[{"count":1,"href":"https:\/\/zojopackaging.com\/de\/wp-json\/wp\/v2\/product\/8650\/revisions"}],"predecessor-version":[{"id":8660,"href":"https:\/\/zojopackaging.com\/de\/wp-json\/wp\/v2\/product\/8650\/revisions\/8660"}],"wp:featuredmedia":[{"embeddable":true,"href":"https:\/\/zojopackaging.com\/de\/wp-json\/wp\/v2\/media\/8651"}],"wp:attachment":[{"href":"https:\/\/zojopackaging.com\/de\/wp-json\/wp\/v2\/media?parent=8650"}],"wp:term":[{"taxonomy":"product_brand","embeddable":true,"href":"https:\/\/zojopackaging.com\/de\/wp-json\/wp\/v2\/product_brand?post=8650"},{"taxonomy":"product_cat","embeddable":true,"href":"https:\/\/zojopackaging.com\/de\/wp-json\/wp\/v2\/product_cat?post=8650"},{"taxonomy":"product_tag","embeddable":true,"href":"https:\/\/zojopackaging.com\/de\/wp-json\/wp\/v2\/product_tag?post=8650"}],"curies":[{"name":"wp","href":"https:\/\/api.w.org\/{rel}","templated":true}]}}