{"id":8662,"date":"2025-03-29T18:52:17","date_gmt":"2025-03-29T10:52:17","guid":{"rendered":"https:\/\/zojopackaging.com\/?post_type=product&#038;p=8662"},"modified":"2025-03-29T19:08:58","modified_gmt":"2025-03-29T11:08:58","slug":"black-small-cardboard-100ml-perfume-spray-packaging-boxes","status":"publish","type":"product","link":"https:\/\/zojopackaging.com\/de\/product\/black-small-cardboard-100ml-perfume-spray-packaging-boxes\/","title":{"rendered":"Schwarzer kleiner Karton 100ml Parf\u00fcm Spray Verpackungen Boxen"},"content":{"rendered":"<h3 id=\"black-small-cardboard-100ml-perfume-spray-packaging-box-product\">Schwarzer kleiner Karton 100ml Parf\u00fcmspray Verpackungsbox Produkt<\/h3>\n<h4 id=\"1-environmentally-friendly-materials-and-sustainable-design-\">1.\u00a0<strong>Umweltvertr\u00e4gliche Materialien und nachhaltiges Design<\/strong><\/h4>\n<p>Dieses Produkt verwendet\u00a0<strong>120g Kunstlederpapier (Papier mit Kunstlederbezug) und 1200g Hartpappe (Karton)<\/strong>\u00a0Kombinationsmaterialien unter Ber\u00fccksichtigung von hochwertigen Texturen und Umweltschutzkonzepten.<\/p>\n<ul>\n<li><strong>Gr\u00fcnes Substrat<\/strong>: Kunstlederpapier basiert auf einem recycelbaren und biologisch abbaubaren Papiersubstrat mit einer matten Oberfl\u00e4chenbeschichtung, die die zarte Lederstruktur mit den Umwelteigenschaften von Papier verbindet. Die Innenschicht aus 1200 g Karton besteht aus einer leimfreien Klebetechnologie, die den REACH-Normen der EU entspricht und das Recycling unterst\u00fctzt.<\/li>\n<li><strong>Nachhaltige Zertifizierung<\/strong>: Das Material hat die FSC-Forstzertifizierung und die SGS-Umweltpr\u00fcfung bestanden und weist einen Abbauzyklus von \u2264180 Tagen auf, was dem weltweiten Trend zu umweltfreundlichem Konsum entspricht.<\/li>\n<\/ul>\n<h4 id=\"2-magnetic-box-type-precise-alignment-and-efficient-opening-and-closing-\">2.\u00a0<strong>Kasten mit Magnetverschluss: pr\u00e4zise Ausrichtung und effizientes \u00d6ffnen und Schlie\u00dfen<\/strong><\/h4>\n<p>Innovativ\u00a0<strong>Magnetverschlussbox<\/strong>Der Deckel der Schachtel wird durch eingebettete Magnete automatisch ausgerichtet und fest verankert, und die Effizienz des \u00d6ffnens und Schlie\u00dfens wird um 50% erh\u00f6ht.<\/p>\n<ul>\n<li><strong>Funktionelle Vorteile<\/strong>:<\/li>\n<li>Magnetabstandsfehler \u22640,1mm, Adsorptionskraft \u22651,2N, dadurch keine Lockerung beim Transport;<\/li>\n<li>Der Deckel ist so konzipiert, dass er in geschlossenem Zustand nahtlos ist, Sauerstoff und Feuchtigkeit effektiv isoliert und die Haltbarkeit des Parfums verl\u00e4ngert.<\/li>\n<li><strong>Benutzererfahrung<\/strong>: Der \u00d6ffnungs- und Schlie\u00dfvorgang kann mit einer Hand durchgef\u00fchrt werden, und das magnetische Ger\u00e4usch ist klar und angenehm und gibt ein Gef\u00fchl von Ritual beim Auspacken.<\/li>\n<\/ul>\n<h4 id=\"3-hot-stamping-process-dual-empowerment-of-vision-and-value-\">3. Silberne Hei\u00dfpr\u00e4gefolie <strong>Prozess: doppelte Bef\u00e4higung zu Vision und Wert<\/strong><\/h4>\n<p>\u00dcbernahme von\u00a0<strong>Silber-Hei\u00dfpr\u00e4gefolientechnologie im Nanobereich<\/strong>Die Metallfolie wird durch ein Hochtemperatur-Pr\u00e4geverfahren pr\u00e4zise auf der Oberfl\u00e4che des Kartons angebracht.<\/p>\n<ul>\n<li><strong>Technologie-Highlights<\/strong>:<\/li>\n<li>Unterst\u00fctzt dreidimensionale Reliefs, Spiegellaser und andere Effekte, die Reibungsfestigkeit des Hei\u00dfpr\u00e4gebereichs erreicht 3H H\u00e4rte, und die Mustersch\u00e4rfe erreicht 300dpi;<\/li>\n<li>Anpassbare Marke LOGO, Totem oder k\u00fcnstlerischen Text, Farbunterschied Standard \u0394E\u22641,5 (ISO 12647-2), um das Produkt Premium-Raum zu erh\u00f6hen.<\/li>\n<li><strong>Anwendungsfall<\/strong>: Das Design von Luxusverpackungen, wie z.B. das Hei\u00dfpr\u00e4geverfahren der Dita von Teese Signature Parf\u00fcmschachtel, verwandelt das Markenlogo in ein visuelles Symbol mit Sammlerwert.<\/li>\n<\/ul>\n<h4 id=\"4-unlimited-customization-comprehensive-adaptation-from-function-to-aesthetics-\">4.\u00a0<strong>Unbegrenzte Individualisierung: umfassende Anpassung von der Funktion bis zur \u00c4sthetik<\/strong><\/h4>\n<ol>\n<li><strong>Art und Gr\u00f6\u00dfe der Box<\/strong>: Unterst\u00fctzt magnetische Klappdeckel, obere und untere Deckel, Schubladentypen und andere Schachteltypen, geeignet f\u00fcr 30ml bis 200ml Parf\u00fcmflaschen, mit einer Fehlerquote von \u22640,1mm.<\/li>\n<li><strong>Farbe und Material<\/strong>:<\/li>\n<li><strong>Hauptfarbe<\/strong>: Es stehen 12 Pantone-Farbkarten zur Verf\u00fcgung, wie z.B. klassisches Schwarz, Morandi-Blau, Champagner-Gold usw., und es kann zwischen Matt- und Glanzeffekt gewechselt werden;<\/li>\n<li><strong>Verbessertes Material<\/strong>: Optionales Beflockungspapier, Metallfolienverbundpapier usw., um den Anforderungen an Luxusverpackungen gerecht zu werden.<\/li>\n<li><strong>Optimierung des Innenfutters<\/strong>:<\/li>\n<li><strong>Gestanztes EVA-Innenfach<\/strong>: Pr\u00e4zise auf die Kontur des Parf\u00fcmflakons zugeschnitten, erreicht die D\u00e4mpfungsleistung die Norm ASTM D4169, und der Hohlraumanteil ist \u22645%;<\/li>\n<li><strong>Geschichtetes Design<\/strong>: Unabh\u00e4ngige Bl\u00f6cke k\u00f6nnen hinzugef\u00fcgt werden, um Anweisungen und D\u00fcsenzubeh\u00f6r zu speichern, und die Raumnutzungsrate wird um 30% erh\u00f6ht.<\/li>\n<\/ol>\n<h4 id=\"5-production-strength-and-delivery-guarantee-\">5.\u00a0<strong>Produktionsst\u00e4rke und Liefergarantie<\/strong><\/h4>\n<ul>\n<li><strong>Kapazit\u00e4t der Fabrik<\/strong>: Direkt verbunden mit dem\u00a0<strong>professionelle parf\u00fcm verpackung karton fabrik<\/strong>\u00a0in der Region des Perlflussdeltas, ausgestattet mit mehr als 20 vollautomatischen Produktionslinien, die Hei\u00dfpr\u00e4gen, Stanzen, Kleben von Kartons und andere Prozesse abdecken, mit einer durchschnittlichen t\u00e4glichen Produktionskapazit\u00e4t von \u00fcber 100.000 St\u00fcck.<\/li>\n<li><strong>Vorteile der Dienstleistung<\/strong>:<\/li>\n<li>3D-Proofing-Dateien werden innerhalb von 48 Stunden bereitgestellt, und physische Musterkartons werden innerhalb von 72 Stunden geliefert;<\/li>\n<li>Unterst\u00fctzung von 50 St\u00fcck Mindestbestellmenge, keine zus\u00e4tzliche Versionsgeb\u00fchr, und der St\u00fcckpreis von Gro\u00dfauftr\u00e4gen kann so niedrig wie 3 Yuan\/Karton sein.<\/li>\n<li><strong>Normen f\u00fcr die Qualit\u00e4tskontrolle<\/strong>: Zertifizierung nach ISO 9001, Tragf\u00e4higkeit \u226515 kg und Fallschutzh\u00f6he 1,5 m.<\/li>\n<\/ul>\n<h4 id=\"vi-technical-parameters-and-scene-adaptation-\">6. <strong>Technische Parameter und Szenenanpassung<\/strong><\/h4>\n<table>\n<thead>\n<tr>\n<th>Projekt<\/th>\n<th>Parameter\/Verpflichtungen<\/th>\n<\/tr>\n<\/thead>\n<tbody>\n<tr>\n<td>Umweltzertifizierung<\/td>\n<td>FSC, SGS, RoHS, REACH<\/td>\n<\/tr>\n<tr>\n<td>Magnetisches Leben<\/td>\n<td>\u2265100.000 Er\u00f6ffnungen und Schlie\u00dfungen<\/td>\n<\/tr>\n<tr>\n<td style=\"text-align: center;\">Hei\u00dfpr\u00e4ge-Haftung<\/td>\n<td>Note 4B im Baige-Test<\/td>\n<\/tr>\n<tr>\n<td>Mindestbestellmenge<\/td>\n<td>500 St\u00fcck<\/td>\n<\/tr>\n<tr>\n<td>Lieferzyklus<\/td>\n<td>7-10 Tage (weniger als 10.000 St\u00fcck)<\/td>\n<\/tr>\n<\/tbody>\n<\/table>\n<p><strong>Wenn Sie sich f\u00fcr uns entscheiden, entscheiden Sie sich nicht nur f\u00fcr eine Verpackung, sondern auch f\u00fcr ein nachhaltiges Luxuserlebnis f\u00fcr Ihr Parf\u00fcm.<\/strong><\/p>","protected":false},"excerpt":{"rendered":"<p>1. 120g Kunstleder Papier, 1200g Hartpapier Karton 100% umweltfreundliches Material<br \/>\n2. Der magnetische Verschlusskasten kann die automatische Ausrichtung und feste Adsorption von Magneten realisieren, was die Effizienz der Nutzung erheblich verbessert<br \/>\n3. Kunstlederpapier besteht aus recycelbarem und biologisch abbaubarem Papiersubstrat, das dem Trend zum umweltfreundlichen Konsum entspricht<\/p>","protected":false},"featured_media":8665,"template":"","meta":[],"product_brand":[],"product_cat":[30,417,424,31],"product_tag":[943,945,944],"class_list":{"0":"post-8662","1":"product","2":"type-product","3":"status-publish","4":"has-post-thumbnail","6":"product_cat-by-industry","7":"product_cat-custom-perfume-boxes-by-industry","8":"product_cat-magnetic-closure-boxes","9":"product_cat-paper-box-style","10":"product_tag-100ml-perfume-packaging","11":"product_tag-black-perfume-boxes","12":"product_tag-perfume-spray-packaging","14":"first","15":"instock","16":"shipping-taxable","17":"product-type-simple"},"_links":{"self":[{"href":"https:\/\/zojopackaging.com\/de\/wp-json\/wp\/v2\/product\/8662","targetHints":{"allow":["GET"]}}],"collection":[{"href":"https:\/\/zojopackaging.com\/de\/wp-json\/wp\/v2\/product"}],"about":[{"href":"https:\/\/zojopackaging.com\/de\/wp-json\/wp\/v2\/types\/product"}],"version-history":[{"count":1,"href":"https:\/\/zojopackaging.com\/de\/wp-json\/wp\/v2\/product\/8662\/revisions"}],"predecessor-version":[{"id":8675,"href":"https:\/\/zojopackaging.com\/de\/wp-json\/wp\/v2\/product\/8662\/revisions\/8675"}],"wp:featuredmedia":[{"embeddable":true,"href":"https:\/\/zojopackaging.com\/de\/wp-json\/wp\/v2\/media\/8665"}],"wp:attachment":[{"href":"https:\/\/zojopackaging.com\/de\/wp-json\/wp\/v2\/media?parent=8662"}],"wp:term":[{"taxonomy":"product_brand","embeddable":true,"href":"https:\/\/zojopackaging.com\/de\/wp-json\/wp\/v2\/product_brand?post=8662"},{"taxonomy":"product_cat","embeddable":true,"href":"https:\/\/zojopackaging.com\/de\/wp-json\/wp\/v2\/product_cat?post=8662"},{"taxonomy":"product_tag","embeddable":true,"href":"https:\/\/zojopackaging.com\/de\/wp-json\/wp\/v2\/product_tag?post=8662"}],"curies":[{"name":"wp","href":"https:\/\/api.w.org\/{rel}","templated":true}]}}