{"id":8676,"date":"2025-03-29T19:09:27","date_gmt":"2025-03-29T11:09:27","guid":{"rendered":"https:\/\/zojopackaging.com\/?post_type=product&#038;p=8676"},"modified":"2025-03-29T19:35:04","modified_gmt":"2025-03-29T11:35:04","slug":"custom-personalized-rings-necklaces-gift-box-wholesale","status":"publish","type":"product","link":"https:\/\/zojopackaging.com\/de\/product\/custom-personalized-rings-necklaces-gift-box-wholesale\/","title":{"rendered":"Benutzerdefinierte personalisierte Ringe Halsketten Geschenk-Box Gro\u00dfhandel"},"content":{"rendered":"<h3 id=\"customized-personalized-ring-and-necklace-gift-box-wholesale-product-description\">Customized personalisierten Ring und Halskette Geschenk-Box Gro\u00dfhandel<\/h3>\n<h4 id=\"1-head-and-bottom-lid-box-type-the-perfect-balance-of-ritual-and-convenience-\">1.\u00a0<strong>Kasten mit Deckel und Boden: die perfekte Balance zwischen Ritual und Komfort<\/strong><\/h4>\n<p>Dieses Produkt verwendet\u00a0<strong>Deckel- und Bodenkasten Typ<\/strong>Die obere Abdeckung und die untere Box lassen sich durch eine pr\u00e4zise Schachtelstruktur mit einer Hand \u00f6ffnen und schlie\u00dfen, was das Auspacken erleichtert und gleichzeitig sch\u00fctzt.<\/p>\n<ul>\n<li><strong>Funktionelle Vorteile<\/strong>: Der Innenraum des Schachtelk\u00f6rpers ist an die Gr\u00f6\u00dfe von Ringen, Halsketten und anderen Accessoires angepasst, der \u00d6ffnungswinkel des oberen Deckels betr\u00e4gt \u226560\u00b0, und das \u00d6ffnen und Schlie\u00dfen kann mit einem einzigen Handgriff erfolgen, wodurch Verpackungssch\u00e4den durch umst\u00e4ndliche Bedienung vermieden werden.<\/li>\n<li><strong>\u00c4sthetisches Design<\/strong>: Der Deckel der Box passt sich nahtlos an, wenn er geschlossen ist, und die Oberfl\u00e4che kann mit gepr\u00e4gten Texturen oder Markensymbolen individuell gestaltet werden. Die Hauptfarbe ist ein mattes Macaronblau, das eine heilende Atmosph\u00e4re schafft.<\/li>\n<\/ul>\n<h4 id=\"2-special-paper-material-a-double-breakthrough-in-environmental-protection-and-high-end-\">2.\u00a0<strong>Spezialpapier: ein doppelter Durchbruch in Sachen Umweltschutz und High-End<\/strong><\/h4>\n<p>W\u00e4hlen Sie\u00a0<strong>FSC-zertifiziertes Spezialpapier<\/strong>Sie durchbrechen die Grenzen des herk\u00f6mmlichen Papiers und kombinieren Umweltschutztechnologien, um nachhaltige Verpackungsl\u00f6sungen zu schaffen.<\/p>\n<ul>\n<li><strong>Materialeigenschaften<\/strong>:<\/li>\n<li>Die Oberfl\u00e4chenschicht besteht aus\u00a0<strong>leder\u00e4hnliches Touch-Papier<\/strong>\u00a0oder\u00a0<strong>pinhole-textured Spezialpapier<\/strong>mit einer Dicke von 0,12 mm, einer Steifigkeit nach ASTM D774 und einer Berstfestigkeit von \u226580 kPa;<\/li>\n<li>Die innere Schicht ist abgestimmt auf die\u00a0<strong>1200g recycelter Karton<\/strong>Das klebstofffreie Klebeverfahren reduziert die chemische Verschmutzung, und der Abbauzyklus betr\u00e4gt \u2264180 Tage.<\/li>\n<li><strong>Anwendungsszenarien<\/strong>: Geeignet f\u00fcr Schmuckgesch\u00e4ft Display, E-Commerce-Transport, High-End-Geschenk Anpassung und andere Szenarien, die Unterst\u00fctzung von Recycling.<\/li>\n<\/ul>\n<h4 id=\"3-hot-stamping-process-details-empower-brand-value-\">3. Splitter h<strong>ot Pr\u00e4gefolienverfahren: Details st\u00e4rken den Markenwert<\/strong><\/h4>\n<p>\u00dcber\u00a0<strong>Hei\u00dfpr\u00e4getechnik auf Nanoebene<\/strong>k\u00f6nnen Hei\u00dfpr\u00e4gelinien und Logos mit einer Dicke von nur 0,1 mm hergestellt werden, um den Mehrwert des Produkts zu erh\u00f6hen.<\/p>\n<ul>\n<li><strong>Technologie-Highlights<\/strong>:<\/li>\n<li>Unterst\u00fctzung\u00a0<strong>dreidimensionales Relief-Hei\u00dfpr\u00e4gen<\/strong>,\u00a0<strong>Spiegel-Laser-Effekt<\/strong>Der Farbunterschied ist \u0394E\u22641,5 (ISO 12647-2), die Haftung erreicht die Stufe 4B des Baige-Tests;<\/li>\n<li>Individuell anpassbares Markenlogo, k\u00fcnstlerischer Text oder kulturelles Totem, Referenzf\u00e4lle sind z. B. Chow Tai Fook ING-Serie Hei\u00dfpr\u00e4ge-Ringbox und Tiffany Blue Book-Geschenkbox-Design.<\/li>\n<\/ul>\n<h4 id=\"4-unlimited-customization-comprehensive-adaptation-from-function-to-aesthetics-\">4.\u00a0<strong>Unbegrenzte Individualisierung: umfassende Anpassung von der Funktion bis zur \u00c4sthetik<\/strong><\/h4>\n<ol>\n<li><strong>Art und Gr\u00f6\u00dfe der Box<\/strong>: Unterst\u00fctzt Schachtelarten wie Deckel und Boden, Schublade, magnetischer Klappdeckel usw., angepasst an Ringe (5\u00d75cm bis 9\u00d79cm), Halsketten (22\u00d75cm lange Schachtel) und andere Gr\u00f6\u00dfen, mit einer Fehlerquote von \u22640,1mm.<\/li>\n<li><strong>Farbe und Material<\/strong>:<\/li>\n<li><strong>Hauptfarbe<\/strong>: 12 Pantone-Farbkarten einschlie\u00dflich\u00a0<strong>Morandi blau<\/strong>\u00a0und Champagnergold sind erh\u00e4ltlich, und es kann zwischen Matt- und Glanzeffekt gewechselt werden;<\/li>\n<li><strong>Upgrade-Optionen<\/strong>: Optionales Beflockungspapier, Metallfolienverbundpapier oder individuell gepr\u00e4gte taktile Oberfl\u00e4che.<\/li>\n<li><strong>Optimierung des Innenfutters<\/strong>:<\/li>\n<li><strong>Gestanztes EVA-Innenfach<\/strong>: Pr\u00e4ziser Zuschnitt entsprechend der Produktkontur, Hohlraumanteil \u22645%, D\u00e4mpfungsleistung entspricht der Norm ASTM D4169;<\/li>\n<li><strong>Geschichtetes Design<\/strong>: Unabh\u00e4ngige Bl\u00f6cke k\u00f6nnen hinzugef\u00fcgt werden, um Zertifikate und Wartungswerkzeuge aufzubewahren. Die Referenzkoffer sind mit dem Baumwollsamt der Serie Little Prince gef\u00fcttert.<\/li>\n<\/ol>\n<h4 id=\"5-production-strength-and-delivery-guarantee-\">5.\u00a0<strong>Produktionsst\u00e4rke und Liefergarantie<\/strong><\/h4>\n<ul>\n<li><strong>Vollautomatische Produktion<\/strong>: Direkt verbunden mit dem\u00a0<strong>Professionelle Fabrik f\u00fcr Verpackungsboxen<\/strong>\u00a0in der Region des Perlflussdeltas mit mehr als 20 vollautomatischen Produktionslinien, die Hei\u00dfpr\u00e4gen, Stanzen, Kleben von Kartons und andere Prozesse abdecken, mit einer durchschnittlichen t\u00e4glichen Produktionskapazit\u00e4t von mehr als 100.000 St\u00fcck, und die Lieferung erfolgt in 7-14 Tagen.<\/li>\n<li><strong>Vorteile der Dienstleistung<\/strong>:<\/li>\n<li><strong>Kostenlose Muster und Entw\u00fcrfe<\/strong>: 3D-Proofing-Dateien werden innerhalb von 48 Stunden zur Verf\u00fcgung gestellt, physische Musterkartons werden innerhalb von 72 Stunden geliefert, und eine Mindestbestellmenge von 50 St\u00fcck wird ohne Versionsgeb\u00fchren unterst\u00fctzt;<\/li>\n<li><strong>Preisvorteile<\/strong>: Das Modell des Direktverkaufs in der Fabrik verringert den Preisunterschied zwischen den Zwischenh\u00e4ndlern, und der St\u00fcckpreis liegt bei nur 1,6 Yuan\/Karton (verhandelbar bei gro\u00dfen Mengen).<\/li>\n<li><strong>Normen f\u00fcr die Qualit\u00e4tskontrolle<\/strong>: Zertifizierung nach ISO 9001, Tragf\u00e4higkeit \u226515 kg, Fallschutzh\u00f6he 1,5 m, voller Ersatz f\u00fcr Transportsch\u00e4den.<\/li>\n<\/ul>\n<h4 id=\"vi-technical-parameters-and-brand-empowerment-\">6. <strong>Technische Parameter und Bef\u00e4higung der Marke<\/strong><\/h4>\n<table>\n<thead>\n<tr>\n<th>Projekt<\/th>\n<th>Parameter\/Verpflichtungen<\/th>\n<\/tr>\n<\/thead>\n<tbody>\n<tr>\n<td>Umweltzertifizierung<\/td>\n<td>FSC, SGS, RoHS, REACH<\/td>\n<\/tr>\n<tr>\n<td>Genauigkeit beim Hei\u00dfpr\u00e4gen<\/td>\n<td>Liniengenauigkeit 0,1mm, Musteraufl\u00f6sung 300dpi<\/td>\n<\/tr>\n<tr>\n<td>Mindestbestellmenge<\/td>\n<td>500 St\u00fcck<\/td>\n<\/tr>\n<tr>\n<td>Lieferzyklus<\/td>\n<td>7-14 Tage (weniger als 10.000 St\u00fcck)<\/td>\n<\/tr>\n<\/tbody>\n<\/table>\n<p><strong>Wenn Sie sich f\u00fcr uns entscheiden, entscheiden Sie sich nicht nur f\u00fcr eine Verpackung, sondern verleihen Ihrer Marke auch ein nachhaltiges Luxus-Gen.<\/strong><\/p>","protected":false},"excerpt":{"rendered":"<p>1. Der Deckel und der Boden sind fest ineinander verschachtelt und k\u00f6nnen mit einer Hand ge\u00f6ffnet werden, um die Bedienung zu erleichtern<br \/>\n2. Das spezielle Papiermaterial durchbricht die Verwendung von traditionellem Papier und entspricht dem Trend der nachhaltigen Entwicklung<br \/>\n3. Silberne Hei\u00dfpr\u00e4gefolie erh\u00f6ht den Mehrwert des Produkts, und der kleine Hei\u00dfpr\u00e4geeffekt kann auch deutlich angezeigt werden<\/p>","protected":false},"featured_media":8678,"template":"","meta":[],"product_brand":[],"product_cat":[30,415,425,31],"product_tag":[948,947,946],"class_list":{"0":"post-8676","1":"product","2":"type-product","3":"status-publish","4":"has-post-thumbnail","6":"product_cat-by-industry","7":"product_cat-custom-jewelry-boxes-by-industry","8":"product_cat-lid-and-base-gift-box","9":"product_cat-paper-box-style","10":"product_tag-custom-box-wholesale","11":"product_tag-necklaces-gift-box","12":"product_tag-rings-gift-box","14":"first","15":"instock","16":"shipping-taxable","17":"product-type-simple"},"_links":{"self":[{"href":"https:\/\/zojopackaging.com\/de\/wp-json\/wp\/v2\/product\/8676","targetHints":{"allow":["GET"]}}],"collection":[{"href":"https:\/\/zojopackaging.com\/de\/wp-json\/wp\/v2\/product"}],"about":[{"href":"https:\/\/zojopackaging.com\/de\/wp-json\/wp\/v2\/types\/product"}],"version-history":[{"count":2,"href":"https:\/\/zojopackaging.com\/de\/wp-json\/wp\/v2\/product\/8676\/revisions"}],"predecessor-version":[{"id":8683,"href":"https:\/\/zojopackaging.com\/de\/wp-json\/wp\/v2\/product\/8676\/revisions\/8683"}],"wp:featuredmedia":[{"embeddable":true,"href":"https:\/\/zojopackaging.com\/de\/wp-json\/wp\/v2\/media\/8678"}],"wp:attachment":[{"href":"https:\/\/zojopackaging.com\/de\/wp-json\/wp\/v2\/media?parent=8676"}],"wp:term":[{"taxonomy":"product_brand","embeddable":true,"href":"https:\/\/zojopackaging.com\/de\/wp-json\/wp\/v2\/product_brand?post=8676"},{"taxonomy":"product_cat","embeddable":true,"href":"https:\/\/zojopackaging.com\/de\/wp-json\/wp\/v2\/product_cat?post=8676"},{"taxonomy":"product_tag","embeddable":true,"href":"https:\/\/zojopackaging.com\/de\/wp-json\/wp\/v2\/product_tag?post=8676"}],"curies":[{"name":"wp","href":"https:\/\/api.w.org\/{rel}","templated":true}]}}