{"id":8684,"date":"2025-03-29T19:35:52","date_gmt":"2025-03-29T11:35:52","guid":{"rendered":"https:\/\/zojopackaging.com\/?post_type=product&#038;p=8684"},"modified":"2025-03-29T20:12:05","modified_gmt":"2025-03-29T12:12:05","slug":"premium-custom-assorted-loose-teas-gift-boxes-manufacturer","status":"publish","type":"product","link":"https:\/\/zojopackaging.com\/de\/product\/premium-custom-assorted-loose-teas-gift-boxes-manufacturer\/","title":{"rendered":"Premium Custom Assorted Lose Tees Geschenkboxen Hersteller"},"content":{"rendered":"<h3 id=\"product-description-of-high-quality-customized-assorted-bulk-tea-gift-box\">Hochwertige kundenspezifische Assorted Bulk Tea Gift Box<\/h3>\n<h4 id=\"-1-environmentally-friendly-and-sustainable-materials-157g-c2s-coated-art-paper-1200g-hardboard-\"><strong>1. Umweltfreundliche und nachhaltige Materialien: 157g C2S beschichtetes Kunstdruckpapier + 1200g Hartfaserplatte<\/strong><\/h4>\n<p>Der Geschenkkarton besteht aus 157 g gestrichenem C2S-Kunstdruckpapier und 1200 g Hartpappe, wobei sowohl die Textur als auch die Umwelteigenschaften ber\u00fccksichtigt werden. Die Oberfl\u00e4che des gestrichenen C2S-Papiers ist empfindlich und glatt, so dass hochpr\u00e4zise Druckeffekte erzielt werden k\u00f6nnen, w\u00e4hrend die Hartfaserplatte dem Geschenkkarton strukturelle Unterst\u00fctzung bietet, um Druckfestigkeit und Haltbarkeit zu gew\u00e4hrleisten. Das Material entspricht der FSC-Zertifizierung, ist abbaubar und recycelbar und erf\u00fcllt die Anforderungen moderner Verbraucher an umweltfreundliche Verpackungen.<\/p>\n<h4 id=\"-2-magnetic-box-design-embedded-magnets-taking-into-account-both-aesthetics-and-functionality-\"><strong>2. Design der Magnetverschlussbox: eingebettete Magnete, die sowohl die \u00c4sthetik als auch die Funktionalit\u00e4t ber\u00fccksichtigen<\/strong><\/h4>\n<p>Die magnetische Verschlussstruktur vermeidet das Abnutzungsproblem herk\u00f6mmlicher offener Magnetschnallen durch das eingebettete Magnetdesign und verbessert die Leichtg\u00e4ngigkeit beim \u00d6ffnen und Schlie\u00dfen sowie die Lebensdauer. Die Linie der Box ist einfach und ordentlich, und sie sitzt fest, wenn sie geschlossen ist, was optisch hochwertiger ist. Dieses Design eignet sich besonders f\u00fcr Gesch\u00e4ftsgeschenke und vermittelt ein Gef\u00fchl von Raffinesse und Ritual.<\/p>\n<h4 id=\"-3-geometric-design-aesthetic-balance-between-rationality-and-sensibility-\"><strong>3. Geometrisches Design: \u00c4sthetisches Gleichgewicht zwischen Rationalit\u00e4t und Sensibilit\u00e4t<\/strong><\/h4>\n<p>Die Oberfl\u00e4che des Geschenkkartons verwendet geometrische Grafiken als zentrale Designsprache und schafft durch die Dekonstruktion und Neuanordnung von Elementen wie Dreiecken und Kreisen ein Gleichgewicht zwischen rationaler Ordnung und k\u00fcnstlerischer Spannung. Die rautenf\u00f6rmige Trennlinie symbolisiert beispielsweise die nat\u00fcrlichen Adern der Teebl\u00e4tter, und die kreisf\u00f6rmige Hei\u00dfpr\u00e4geverzierung erinnert an den milden Geschmack der Teesuppe. Dieses Design kann nicht nur den modernen minimalistischen Stil vermitteln, sondern auch die kulturelle Bedeutung von \"Quadrat und Kreis\" in der \u00f6stlichen Philosophie andeuten.<\/p>\n<h4 id=\"-4-cardboard-lining-both-economical-and-environmentally-friendly-advantages-\"><strong>4. Kartonauskleidung: sowohl wirtschaftliche als auch umweltfreundliche Vorteile<\/strong><\/h4>\n<p>Die Auskleidung wird aus hochdichtem Karton gestanzt, und der Aufprallschutz wird durch eine Wabenstruktur oder ein Schichtdesign erreicht. Die Kosten f\u00fcr die Pappe betragen nur 1\/3 der Kosten f\u00fcr die EVA-Auskleidung, und die Verarbeitung ist flexibel, so dass die individuellen Anforderungen von speziell geformten Teedosen oder gro\u00dfen Teebeuteln erf\u00fcllt werden k\u00f6nnen. Das Material enth\u00e4lt keine chemischen Klebstoffe, erf\u00fcllt die Normen f\u00fcr den Kontakt mit Lebensmitteln und unterst\u00fctzt das Recycling nach 100%.<\/p>\n<h4 id=\"-5-lamination-process-physical-protection-and-visual-upgrade-in-one-\"><strong>5. Laminierverfahren: physikalischer Schutz und optische Aufwertung in einem<\/strong><\/h4>\n<p>Die Oberfl\u00e4che wird mit einem Laminierverfahren auf Wasserbasis beschichtet, um eine transparente Schutzschicht zu bilden, die feuchtigkeitsbest\u00e4ndig, bewuchshemmend und verschlei\u00dffest ist. Die matte Laminierung sorgt f\u00fcr eine zur\u00fcckhaltende Textur, w\u00e4hrend die gl\u00e4nzende Laminierung die Farbs\u00e4ttigung erh\u00f6ht. So wirkt beispielsweise die goldene Textur nach der Laminierung dreidimensionaler. Die Prozesskosten betragen nur 60% der UV-Beschichtung, aber es k\u00f6nnen \u00e4hnlich hochwertige visuelle Effekte erzielt werden, was die beste kosteng\u00fcnstige L\u00f6sung ist.<\/p>\n<h4 id=\"-6-highly-customized-service-comprehensive-adaptation-from-box-type-to-printing-\"><strong>6. Hochgradig kundenorientierter Service: umfassende Anpassung vom Schachteltyp bis zum Druck<\/strong><\/h4>\n<p>Unterst\u00fctzung der volldimensionalen Anpassung:<\/p>\n<ul>\n<li><strong>Box-Typ<\/strong>20+ Grundtypen von Boxen wie Deckel und Boden, buchf\u00f6rmige Boxen, Schubladenboxen, usw., aber auch Sonderformen k\u00f6nnen entwickelt werden;<\/li>\n<li><strong>Drucken<\/strong>Hei\u00dfpr\u00e4gung, Pr\u00e4gung, lokaler UV-Druck, Siebdruck und andere Verfahren, die Pantone-Schmuckfarben und Verlaufseffekte unterst\u00fctzen;<\/li>\n<li><strong>Funktion<\/strong>Modulare Bauweise, z. B. mit integrierten F\u00e4chern f\u00fcr Teeservice, unabh\u00e4ngigem Verpackungsbereich f\u00fcr Teebeutel und herausnehmbarem Innenfach;<\/li>\n<li><strong>Thema<\/strong>: szenenbezogene Personalisierung, z. B. f\u00fcr Feste, Unternehmen und Hochzeiten, wie z. B. Hei\u00dfpr\u00e4gung von Elementen des Mittherbstfestes oder Implantation des Firmenlogos.<\/li>\n<\/ul>\n<h4 id=\"-7-chinese-source-manufacturers-free-design-samples-high-cost-performance-\"><strong>7. Chinesische Hersteller: kostenloser Entwurf + Muster + hohe Kostenleistung<\/strong><\/h4>\n<p>Als chinesischer Hersteller mit 10 Jahren Erfahrung auf dem Gebiet der Tee-Verpackung bieten wir:<\/p>\n<ul>\n<li><strong>Dienst ohne Schwellenwert<\/strong>: kostenloser Entwurf und Korrekturabzug, Mindestbestellmenge 1 St\u00fcck, Lieferung innerhalb von 3-7 Tagen;<\/li>\n<li><strong>Preisvorteil<\/strong>: Die Produktion in gro\u00dfen St\u00fcckzahlen senkt die Kosten um 30%, so dass der St\u00fcckpreis einer magnetischen Standard-Geschenkbox nur US$0,15\/St\u00fcck betr\u00e4gt (ab 2.000 St\u00fcck);<\/li>\n<li><strong>Sicherung der Qualit\u00e4t<\/strong>: Bestandenes HACCP-Zertifikat, ausgestattet mit einem umfassenden Qualit\u00e4tskontrollsystem, das eine Druckfestigkeit von \u2265200kg\/m\u00b2 und eine Feuchtigkeitstoleranz von \u226585%RH gew\u00e4hrleistet.<\/li>\n<\/ul>\n<h4 id=\"-cooperation-process-\"><strong>Prozess der Zusammenarbeit<\/strong><\/h4>\n<ol>\n<li><strong>Kommunikation nachfragen<\/strong>: Geben Sie Informationen wie Teekategorien, Budget, Designvorlieben usw. an;<\/li>\n<li><strong>Entwurf des Schemas<\/strong>: Ausgabe von 3D-Renderings und Materialmustern innerhalb von 3 Arbeitstagen;<\/li>\n<li><strong>Best\u00e4tigung der Korrekturen<\/strong>: Es werden kostenlose Muster versandt, und es werden 5 Detailanpassungen unterst\u00fctzt;<\/li>\n<li><strong>Massenproduktion<\/strong>: Lieferung innerhalb von 30 Tagen (innerhalb von 20.000 St\u00fcck), Unterst\u00fctzung der globalen Logistikverfolgung.<\/li>\n<\/ol>\n<h3 id=\"-why-choose-us-\"><strong>Warum sollten Sie uns w\u00e4hlen?<\/strong><\/h3>\n<ul>\n<li><strong>Kulturelle Erm\u00e4chtigung<\/strong>: Integration von Kalligraphie-Strukturen und Elementen des immateriellen Kulturerbes in die Verpackung (z. B. Wolkenmuster mit Goldpr\u00e4gung), um den kulturellen Wert von Geschenkverpackungen zu erh\u00f6hen;<\/li>\n<li><strong>Service aus einer Hand<\/strong>: Vom Verpackungsdesign \u00fcber die Beschaffung von Tee bis hin zur logistischen Zollabfertigung bieten wir eine umfassende Treuh\u00e4nderschaft;<\/li>\n<li><strong>Nachhaltiges Engagement<\/strong>: System zur R\u00fcckverfolgbarkeit des CO2-Fu\u00dfabdrucks + Tinte auf Pflanzenbasis zur Unterst\u00fctzung der ESG-Strategie der Marke.<\/li>\n<\/ul>\n<p><strong>Jetzt kostenlose Muster und Angebote anfordern<\/strong>: Senden Sie eine private Nachricht oder besuchen Sie die offizielle Website, um Ihre exklusive Tee-Geschenkbox individuell zu gestalten.<\/p>","protected":false},"excerpt":{"rendered":"<p>1. 157 g gestrichenes C2S-Kunstdruckpapier, 1200 g Hartkarton, umweltfreundliche und nachhaltige Materialien<br \/>\n2. Magnetverschluss-Box-Typ, Magnet eingebettet Design zu vermeiden externe Abnutzung, so dass die Verpackung Box aussehen High-End<br \/>\n3. Geometrisches Design schafft ein Gleichgewicht zwischen Rationalit\u00e4t und Sensibilit\u00e4t, wobei \u00e4sthetische Tiefe und Pragmatismus ber\u00fccksichtigt werden<\/p>","protected":false},"featured_media":8685,"template":"","meta":[],"product_brand":[],"product_cat":[30,422,424,31],"product_tag":[951,949,950],"class_list":{"0":"post-8684","1":"product","2":"type-product","3":"status-publish","4":"has-post-thumbnail","6":"product_cat-by-industry","7":"product_cat-custom-gourmet-boxes-by-industry","8":"product_cat-magnetic-closure-boxes","9":"product_cat-paper-box-style","10":"product_tag-custom-assorted-boxes","11":"product_tag-loose-teas-gift-boxes","12":"product_tag-teas-gift-boxes-manufacturer","14":"first","15":"instock","16":"shipping-taxable","17":"product-type-simple"},"_links":{"self":[{"href":"https:\/\/zojopackaging.com\/de\/wp-json\/wp\/v2\/product\/8684","targetHints":{"allow":["GET"]}}],"collection":[{"href":"https:\/\/zojopackaging.com\/de\/wp-json\/wp\/v2\/product"}],"about":[{"href":"https:\/\/zojopackaging.com\/de\/wp-json\/wp\/v2\/types\/product"}],"version-history":[{"count":1,"href":"https:\/\/zojopackaging.com\/de\/wp-json\/wp\/v2\/product\/8684\/revisions"}],"predecessor-version":[{"id":8690,"href":"https:\/\/zojopackaging.com\/de\/wp-json\/wp\/v2\/product\/8684\/revisions\/8690"}],"wp:featuredmedia":[{"embeddable":true,"href":"https:\/\/zojopackaging.com\/de\/wp-json\/wp\/v2\/media\/8685"}],"wp:attachment":[{"href":"https:\/\/zojopackaging.com\/de\/wp-json\/wp\/v2\/media?parent=8684"}],"wp:term":[{"taxonomy":"product_brand","embeddable":true,"href":"https:\/\/zojopackaging.com\/de\/wp-json\/wp\/v2\/product_brand?post=8684"},{"taxonomy":"product_cat","embeddable":true,"href":"https:\/\/zojopackaging.com\/de\/wp-json\/wp\/v2\/product_cat?post=8684"},{"taxonomy":"product_tag","embeddable":true,"href":"https:\/\/zojopackaging.com\/de\/wp-json\/wp\/v2\/product_tag?post=8684"}],"curies":[{"name":"wp","href":"https:\/\/api.w.org\/{rel}","templated":true}]}}