{"id":8691,"date":"2025-03-29T20:12:13","date_gmt":"2025-03-29T12:12:13","guid":{"rendered":"https:\/\/zojopackaging.com\/?post_type=product&#038;p=8691"},"modified":"2025-03-29T20:43:31","modified_gmt":"2025-03-29T12:43:31","slug":"custom-towel-athletic-sleeve-shoe-packaging-box-wholesale","status":"publish","type":"product","link":"https:\/\/zojopackaging.com\/de\/product\/custom-towel-athletic-sleeve-shoe-packaging-box-wholesale\/","title":{"rendered":"Benutzerdefinierte Handtuch Athletic Sleeve Schuh Verpackung Box Gro\u00dfhandel"},"content":{"rendered":"<h2 id=\"-high-end-customized-towel-sports-overshoe-packaging-box-technical-parameters-\"><strong>1. Hochwertige kundenspezifische Handtuch Sport \u00dcberschuh Verpackung Box<\/strong><\/h2>\n<ol>\n<li><strong>Technologie der Kernmaterialien<\/strong>\u00a0Nehmen Sie 1200GSM hochfesten Graukarton Substrat + 157GSM beschichtetes Papier Abdeckung Struktur. Die Graupappe bietet starre Unterst\u00fctzung, um sicherzustellen, dass die Transportdruckfestigkeit 30kg\/\u33a1 erreicht; die Oberfl\u00e4chengl\u00e4tte des beschichteten Papiers erreicht mehr als 1000s, unterst\u00fctzt 150-Zeilen-Hochpr\u00e4zisions-Markenlogodruck, und der Farbwiedergabegrad wird durch 40% verbessert.<\/li>\n<li><strong>Innovative Struktur der Schubladenbox<\/strong>\u00a0Die Schublade ist so konstruiert, dass der \u00d6ffnungs- und Schlie\u00dfwiderstand im Bereich von 0,5 bis 1,2 N kontrolliert wird, und ist mit einem Anti-Rutsch-Schnallensystem ausgestattet. Die \u00e4u\u00dfere Schachtel und das innere Fach sind mit einer Toleranz von \u00b10,3 mm ineinander verschachtelt, um ein sanftes \u00d6ffnungserlebnis zu erzielen. Das gepr\u00e4gte LOGO kann auf der Seite der Schachtel individuell gestaltet werden, und die Ber\u00fchrungsgenauigkeit erreicht 0,1 mm konkave und konvexe Ebenen.<\/li>\n<li><strong>B\u00e4ndchen Funktionelles \u00c4sthetik-System<\/strong>\u00a0Bietet drei Bandoptionen: Satin\/Matt\/Laser, mit einstellbarer Breite von 15-50 mm und Belastbarkeitstest von 8 kg. Das originelle, patentierte \"Doppelknoten\"-Design kann nicht nur die \u00dcberschuhe fixieren, um ein Verrutschen zu verhindern, sondern auch zur Verwendung als Sportarmband oder Schn\u00fcrsenkel abgenommen werden. Unterst\u00fctzt den UV-Kaltpr\u00e4geprozess zum Aufdruck von Markenslogans, und die Zeichen sind mehr als 2.000 Mal reibungsbest\u00e4ndig.<\/li>\n<\/ol>\n<h2 id=\"-visual-and-environmental-performance-optimization-plan-\"><strong>2. Plan zur Optimierung der visuellen und \u00f6kologischen Leistung<\/strong><\/h2>\n<ol>\n<li><strong>Stressabbau Farbsystem<\/strong>\u00a0Die Farbe Morandi Green (Pantone 16-5938TPG), die in farbpsychologischen Experimenten nachgewiesen wurde, senkt den Cortisolspiegel im Speichel um 15% und den Angstindex um 22%. Unterst\u00fctzt durch Gradient Hei\u00dfpr\u00e4gung Vene Textur, ist der Lichtbrechungswinkel auf 15\u00b0-75\u00b0 optimiert, und dynamische Licht und Schatten verbessern die visuelle Ebene.<\/li>\n<li><strong>Modernste Hei\u00dfpr\u00e4getechnik<\/strong>\u00a0Die Goldschichtdicke betr\u00e4gt 0,08-0,12 \u03bcm und die Wetterbest\u00e4ndigkeit erreicht Stufe 5 (ISO 4892 Standard). Unterst\u00fctzt 3D-Positionierungshei\u00dfpr\u00e4gung, der minimale Hei\u00dfpr\u00e4getext ist 0,8 mm und deutlich sichtbar, und der Kontrast zwischen der Metalltextur und dem matten Substrat wird um 300% erh\u00f6ht.<\/li>\n<li><strong>Doppeltes Schutzlaminierungssystem<\/strong>\u00a0Laminierverfahren auf Wasserbasis (VOC-Emission &lt;2%), Filmdicke 12\u03bcm, Abriebfestigkeit 4H (ASTM D3363). Das Touch-Modul bietet drei Optionen: Wildleder\/Kristallsand\/Hautgef\u00fchl, und der Reibungskoeffizient ist auf 0,35\/0,28\/0,18 optimiert, was das Gef\u00fchl der Unboxing-Zeremonie verbessert.<\/li>\n<\/ol>\n<h2 id=\"-in-depth-customization-service-system-\"><strong>3. Eingehende Anpassung des Dienstleistungssystems<\/strong><\/h2>\n<ol>\n<li><strong>Mehrdimensionale Anpassungsmatrix<\/strong><\/li>\n<li><strong>Bibliothek vom Typ Box<\/strong>6 Grundtypen von Schachteln (Buchform\/Boden- und Bodendeckel\/Doppelt\u00fcrer usw.) + 12 Sonderformen (Bogen\/Hohlform\/Klappregal usw.)<\/li>\n<li><strong>Materialbibliothek<\/strong>austauschbare Bambusfaserplatten (mit 30% erneuerbaren Materialien) \/ lebensmittelechtes PET und andere umweltfreundliche Optionen<\/li>\n<li><strong>Prozess-Bibliothek<\/strong>8 Oberfl\u00e4chenbehandlungsl\u00f6sungen wie kombinierte Hei\u00dfpr\u00e4gung + Pr\u00e4gung + UV-Lokalglasur<\/li>\n<li><strong>Intelligente Auskleidungsl\u00f6sung<\/strong>\u00a0Verwendung der EVA-Memory-Schaumstoff-Stanztechnik, Dichte 45D\u00b15, angepasst an die unterschiedliche Druckverteilung im Schuh. Entwicklung eines Drei-Kanal-Trennwandsystems:<\/li>\n<li>Hauptkabine: 3D-Scan-Modellierung, Fehler &lt;0,5 mm<\/li>\n<li>Zubeh\u00f6rbereich: magnetische Trennwand, freie Kombination von bis zu 12 Sorten<\/li>\n<li>Trockenschicht: mit Aktivkohlefasern implantiert, Feuchtigkeitsregulierung 40%-60%RH<\/li>\n<\/ol>\n<h2 id=\"-advantages-of-china-s-source-factory-\"><strong>Vorteile der chinesischen Ausgangsfabrik<\/strong><\/h2>\n<ol>\n<li><strong>Gew\u00e4hrleistung einer flexiblen Lieferkette<\/strong> 50 deutsche Heidelberg Speedmaster Druckwerke, die flexible Auftr\u00e4ge von 500-10.000.000 St\u00fcck unterst\u00fctzen. 48 Stunden ultraschnelles Proofing mit 3D-Mockup-Effekt und doppeltem Best\u00e4tigungsservice mit physischer Musterbox. Kostenloser Design-Service inklusive:<\/li>\n<li>Anpassungsplan der Marke VI (einschlie\u00dflich 5 Versionen von Vorschl\u00e4gen)<\/li>\n<li>Pr\u00fcfbericht zur Transportsimulation (Norm ISTA 3A)<\/li>\n<li>Liste zur Bilanzierung des CO2-Fu\u00dfabdrucks (in \u00dcbereinstimmung mit der EPD-Zertifizierung)<\/li>\n<\/ol>","protected":false},"excerpt":{"rendered":"<p>1. Die Schublade Papierkasten gleitet offen, die eine gute Wahl, um Funktionalit\u00e4t und \u00e4sthetisches Design Gleichgewicht ist<br \/>\n2. Band-Accessoires spielen aufgrund ihrer Vielfalt und Zweckm\u00e4\u00dfigkeit eine wichtige Rolle bei der Dekoration, beim Branding und bei funktionalen Anwendungen.<br \/>\n3. Die Box Art, Gr\u00f6\u00dfe, Material, Design und Oberfl\u00e4che Druckprozess kann sehr individuell sein, um Ihr Handtuch Sportschuhe Verpackung passen<\/p>","protected":false},"featured_media":8696,"template":"","meta":[],"product_brand":[],"product_cat":[30,414,31,426],"product_tag":[953,952,954],"class_list":{"0":"post-8691","1":"product","2":"type-product","3":"status-publish","4":"has-post-thumbnail","6":"product_cat-by-industry","7":"product_cat-custom-apparel-boxes","8":"product_cat-paper-box-style","9":"product_cat-paper-drawer-boxes","10":"product_tag-athletic-sleeve-packaging-box","11":"product_tag-custom-towel-packaging","12":"product_tag-shoe-packaging-box-wholesale","14":"first","15":"instock","16":"shipping-taxable","17":"product-type-simple"},"_links":{"self":[{"href":"https:\/\/zojopackaging.com\/de\/wp-json\/wp\/v2\/product\/8691","targetHints":{"allow":["GET"]}}],"collection":[{"href":"https:\/\/zojopackaging.com\/de\/wp-json\/wp\/v2\/product"}],"about":[{"href":"https:\/\/zojopackaging.com\/de\/wp-json\/wp\/v2\/types\/product"}],"version-history":[{"count":1,"href":"https:\/\/zojopackaging.com\/de\/wp-json\/wp\/v2\/product\/8691\/revisions"}],"predecessor-version":[{"id":8698,"href":"https:\/\/zojopackaging.com\/de\/wp-json\/wp\/v2\/product\/8691\/revisions\/8698"}],"wp:featuredmedia":[{"embeddable":true,"href":"https:\/\/zojopackaging.com\/de\/wp-json\/wp\/v2\/media\/8696"}],"wp:attachment":[{"href":"https:\/\/zojopackaging.com\/de\/wp-json\/wp\/v2\/media?parent=8691"}],"wp:term":[{"taxonomy":"product_brand","embeddable":true,"href":"https:\/\/zojopackaging.com\/de\/wp-json\/wp\/v2\/product_brand?post=8691"},{"taxonomy":"product_cat","embeddable":true,"href":"https:\/\/zojopackaging.com\/de\/wp-json\/wp\/v2\/product_cat?post=8691"},{"taxonomy":"product_tag","embeddable":true,"href":"https:\/\/zojopackaging.com\/de\/wp-json\/wp\/v2\/product_tag?post=8691"}],"curies":[{"name":"wp","href":"https:\/\/api.w.org\/{rel}","templated":true}]}}