{"id":8699,"date":"2025-03-29T20:43:56","date_gmt":"2025-03-29T12:43:56","guid":{"rendered":"https:\/\/zojopackaging.com\/?post_type=product&#038;p=8699"},"modified":"2025-03-29T21:48:00","modified_gmt":"2025-03-29T13:48:00","slug":"premium-gourmet-assorted-chocolates-truffles-candy-gift-box","status":"publish","type":"product","link":"https:\/\/zojopackaging.com\/de\/product\/premium-gourmet-assorted-chocolates-truffles-candy-gift-box\/","title":{"rendered":"Premium Gourmet Assorted Chocolates Tr\u00fcffel S\u00fc\u00dfigkeiten Geschenkbox"},"content":{"rendered":"<h2 id=\"-product-description-of-premium-gourmet-assorted-chocolate-truffle-candy-gift-box-\"><strong>Produktbeschreibung von Premium Gourmet Assorted Chocolate Truffle Candy Gift Box<\/strong><\/h2>\n<h3 id=\"2-special-paper-material-and-surface-technology-luxurious-tactile-and-visual-experience\">1. Spezielles Papiermaterial und Oberfl\u00e4chentechnologie: luxuri\u00f6ses haptisches und visuelles Erlebnis<\/h3>\n<p>Die Geschenkbox verwendet\u00a0<strong>importiertes Spezialpapiersubstrat<\/strong>(z. B. Lychee-Lederpapier, Perlenpapier oder Fasergewebepapier) mit einer nat\u00fcrlichen Ledertextur oder einer matten Metallstruktur auf der Oberfl\u00e4che. Durch Pr\u00e4gung, Hei\u00dfpr\u00e4gung, partielle UV-Bestrahlung und andere Verfahren wird ein dreidimensionaler Relief-Effekt erzeugt, wie z. B. eine kalligrafische Struktur oder vergoldete Linien, die der Verpackung eine kulturelle Konnotation und einen k\u00fcnstlerischen Wert verleihen. Die Papiermaterialien sind alle FSC-zertifiziert, umweltfreundlich und recycelbar und tragen dem Sinn f\u00fcr Luxus und dem Konzept der nachhaltigen Entwicklung Rechnung.<\/p>\n<h3 id=\"3-highly-customized-service-all-round-adaptation-from-box-type-to-lining\">2. Hochgradig kundenorientierter Service: Rundum-Anpassung vom Schachteltyp bis zur Auskleidung<\/h3>\n<ol>\n<li><strong>Flexible Anpassung von Art und Gr\u00f6\u00dfe der Box<\/strong>: Unterst\u00fctzt eine Vielzahl von Strukturen wie obere und untere Abdeckung, Schubladentyp, speziell geformter Ausschnitt, usw., um sich den Anforderungen an die Anordnung von Schokoladentr\u00fcffeln verschiedener Spezifikationen (wie Durchmesser 15-30mm) anzupassen.<\/li>\n<li><strong>Oberfl\u00e4chendruckverfahren<\/strong>Mit der optionalen Polyurethan-Beschichtung auf Wasserbasis (wasser- und \u00f6lfest), Lasergravur, 3D-Gitterdruck usw. erreicht die Beschichtungsdicke beispielsweise 8g\/\u33a1, und die Kratzfestigkeit wird um 200% verbessert.<\/li>\n<li><strong>Ma\u00dfgeschneiderte Auskleidungsl\u00f6sung<\/strong>Die Verwendung von lebensmittelechtem EVA oder EPE-Perlenbaumwolle, die pr\u00e4zise Form\u00f6ffnung durch 3D-Scantechnologie, um eine unabh\u00e4ngige Positionierung und Fixierung von Tr\u00fcffelbonbons zu erreichen, eine hervorragende Pufferleistung und einen seismischen Koeffizienten von 320kPa.<\/li>\n<\/ol>\n<h3 id=\"4-folding-structure-and-logistics-optimization-efficient-warehousing-and-low-cost-transportation\">3. Faltstruktur und Logistikoptimierung: effiziente Lagerhaltung und kosteng\u00fcnstiger Transport<\/h3>\n<p>Die Geschenkbox nimmt\u00a0<strong>flach zusammenlegbares Design<\/strong>Dadurch wird das Volumen der leeren Kiste um 70% reduziert und die Auslastung des Lagerraums um 50% erh\u00f6ht. Beim Stapeln kann die untere Verst\u00e4rkungsrippe eine Last von 15 kg tragen, was f\u00fcr den automatisierten Verpackungsprozess der Produktionslinie geeignet ist. Sie ist mit Standardpalettengr\u00f6\u00dfen f\u00fcr den Transport kompatibel und reduziert die Logistikkosten um 20%-30%.<\/p>\n<h3 id=\"5-triple-protection-process-all-round-guarantee-of-product-quality\">4. Dreifacher Schutzprozess: Rundumgarantie f\u00fcr die Produktqualit\u00e4t<\/h3>\n<ol>\n<li><strong>Technologie der Oberfl\u00e4chenbeschichtung<\/strong>: Die Polyurethanbeschichtung auf Wasserbasis bildet eine wasserdichte Barriere auf Nanoebene. Die feuchtigkeitsdichte Leistung besteht den 48-Stunden-Feuchtigkeitstest 90% und blockiert effektiv das Eindringen von Wasserdampf.<\/li>\n<\/ol>\n<h3 id=\"vi-advantages-of-china-s-source-factory-one-stop-service-and-cost-advantage\">5. Vorteile der chinesischen Ausgangsfabrik: Service aus einer Hand und Kostenvorteil<\/h3>\n<p>Da die\u00a0<strong>Chinas Quelle der Verpackungsfabrik<\/strong>bieten wir an:<\/p>\n<ul>\n<li><strong>Kostenlose Muster und Entw\u00fcrfe<\/strong>: Das Prototyping ist innerhalb von 3 Arbeitstagen abgeschlossen, und die intelligente KI-Designerstellung wird unterst\u00fctzt.<\/li>\n<li><strong>Flexible Produktion<\/strong>: Unterst\u00fctzt eine Mindestbestellmenge von 100 Kartons, und der Preis ist 30%-40% niedriger als bei \u00e4hnlichen Produkten auf dem Markt.<\/li>\n<li><strong>Umfassende Pr\u00fcfung der Prozessqualit\u00e4t<\/strong>: Erf\u00fcllt die ISO 22000-Zertifizierung f\u00fcr Lebensmittelsicherheit, und das Futtermaterial entspricht den FDA-Normen.<\/li>\n<\/ul>\n<p><strong>Gestalten Sie jetzt Ihre exklusive Geschenkbox<\/strong>\u00a0Kontaktieren Sie uns, um kostenlose Muster und Designl\u00f6sungen zu erhalten, st\u00e4rken Sie den Markenwert mit einer au\u00dfergew\u00f6hnlichen Verpackung und machen Sie jede Tr\u00fcffelschokolade zu einem Kunstwerk, das Ihr Herz ber\u00fchrt.<\/p>","protected":false},"excerpt":{"rendered":"<p>1. Der zweit\u00fcrige Verpackungskarton hat eine einzigartige symmetrische \u00d6ffnungseinstellung, die einen differenzierten Vorteil in Bezug auf Funktionalit\u00e4t und visuelle Pr\u00e4sentation schafft<br \/>\n2. Spezielles Papiermaterial mit besonderer Textur Linien, sieht luxuri\u00f6s und High-End, und erh\u00f6ht die Marke Wirkung<br \/>\n3. Die Box Art, Gr\u00f6\u00dfe, Material, Design und Oberfl\u00e4che Druckprozess kann sehr individuell sein, um Ihre Gourmet sortierte Schokolade Tr\u00fcffel S\u00fc\u00dfigkeiten Verpackung passen<\/p>","protected":false},"featured_media":8700,"template":"","meta":[],"product_brand":[],"product_cat":[30,422,428,31],"product_tag":[956,955,957],"class_list":{"0":"post-8699","1":"product","2":"type-product","3":"status-publish","4":"has-post-thumbnail","6":"product_cat-by-industry","7":"product_cat-custom-gourmet-boxes-by-industry","8":"product_cat-irregular-shaped-gift-boxes","9":"product_cat-paper-box-style","10":"product_tag-chocolates-candy-gift-box","11":"product_tag-premium-chocolates-gift-box","12":"product_tag-truffles-candy-gift-box","14":"first","15":"instock","16":"shipping-taxable","17":"product-type-simple"},"_links":{"self":[{"href":"https:\/\/zojopackaging.com\/de\/wp-json\/wp\/v2\/product\/8699","targetHints":{"allow":["GET"]}}],"collection":[{"href":"https:\/\/zojopackaging.com\/de\/wp-json\/wp\/v2\/product"}],"about":[{"href":"https:\/\/zojopackaging.com\/de\/wp-json\/wp\/v2\/types\/product"}],"version-history":[{"count":1,"href":"https:\/\/zojopackaging.com\/de\/wp-json\/wp\/v2\/product\/8699\/revisions"}],"predecessor-version":[{"id":8707,"href":"https:\/\/zojopackaging.com\/de\/wp-json\/wp\/v2\/product\/8699\/revisions\/8707"}],"wp:featuredmedia":[{"embeddable":true,"href":"https:\/\/zojopackaging.com\/de\/wp-json\/wp\/v2\/media\/8700"}],"wp:attachment":[{"href":"https:\/\/zojopackaging.com\/de\/wp-json\/wp\/v2\/media?parent=8699"}],"wp:term":[{"taxonomy":"product_brand","embeddable":true,"href":"https:\/\/zojopackaging.com\/de\/wp-json\/wp\/v2\/product_brand?post=8699"},{"taxonomy":"product_cat","embeddable":true,"href":"https:\/\/zojopackaging.com\/de\/wp-json\/wp\/v2\/product_cat?post=8699"},{"taxonomy":"product_tag","embeddable":true,"href":"https:\/\/zojopackaging.com\/de\/wp-json\/wp\/v2\/product_tag?post=8699"}],"curies":[{"name":"wp","href":"https:\/\/api.w.org\/{rel}","templated":true}]}}