{"id":8708,"date":"2025-03-29T21:48:29","date_gmt":"2025-03-29T13:48:29","guid":{"rendered":"https:\/\/zojopackaging.com\/?post_type=product&#038;p=8708"},"modified":"2025-03-31T10:38:49","modified_gmt":"2025-03-31T02:38:49","slug":"premium-custom-coffee-magnetic-closure-gift-boxes","status":"publish","type":"product","link":"https:\/\/zojopackaging.com\/de\/product\/premium-custom-coffee-magnetic-closure-gift-boxes\/","title":{"rendered":"Premium-Kaffee-Geschenkboxen mit magnetischem Verschluss"},"content":{"rendered":"<h2 id=\"-product-description-of-advanced-customized-coffee-magnetic-gift-box-\">Premium-Kaffee-Geschenkboxen mit magnetischem Verschluss<\/h2>\n<h3 id=\"-1-innovative-magnetic-embedded-design-\"><strong>1. Innovatives Design der Boxen mit Magnetverschluss<\/strong><\/h3>\n<p>Dieses Produkt verwendet ein Magnetverschlussdesign, und die Magnetstruktur ist im Inneren des Kastenk\u00f6rpers verborgen, wodurch die M\u00e4ngel herk\u00f6mmlicher freiliegender Magnete, die sich leicht abnutzen und das Aussehen beeintr\u00e4chtigen, vermieden werden. Das magnetische \u00d6ffnen und Schlie\u00dfen ist reibungslos und stabil, was den Bedienungskomfort f\u00fcr den Benutzer verbessert und die Lebensdauer der Verpackung verl\u00e4ngert. Er eignet sich f\u00fcr hochfrequentes \u00d6ffnen und Schlie\u00dfen von Geschenkszenen.<\/p>\n<h3 id=\"-2-strong-and-environmentally-friendly-material-\"><strong>2. Starkes und umweltfreundliches Material<\/strong><\/h3>\n<p>Der Kartonk\u00f6rper besteht aus 1200 GSM schwerem Graupappe-Papier und 157 GSM beschichtetem Papier im Verbundverfahren, das sowohl druckfest als auch haltbar ist, eine ausgezeichnete Tragf\u00e4higkeit aufweist und dem Druck beim Transport \u00fcber lange Strecken standh\u00e4lt. Das Material entspricht den Umweltschutznormen, die Graupappe ist recycelbar und abbaubar, und der Druck des beschichteten Papiers ist ausdrucksstark, wobei Nachhaltigkeit und hochwertige Textur ber\u00fccksichtigt werden.<\/p>\n<h3 id=\"-3-double-sided-high-definition-printing-technology-\"><strong>3. Doppelseitige hochaufl\u00f6sende Drucktechnologie<\/strong><\/h3>\n<p>Durch das doppelseitige Druckverfahren werden das Markenlogo, die Produktinformationen und k\u00fcnstlerische Muster pr\u00e4zise auf der Oberfl\u00e4che des Schachtelk\u00f6rpers dargestellt, wobei Pantone-Schmuckfarben, lokaler UV-Lack und andere Verfahren verwendet werden, um die visuelle Wirkung und den Wiedererkennungswert der Marke zu erh\u00f6hen. So kann beispielsweise der Deckel der Schachtel mit der Herkunftsgeschichte des Kaffees bedruckt werden, und auf dem Boden der Schachtel kann die Br\u00fchanleitung abgebildet werden, um den Markenwert in alle Richtungen zu vermitteln.<\/p>\n<h3 id=\"-4-highly-flexible-customization-scheme-\"><strong>4. \u00c4u\u00dferst flexibles Anpassungsschema<\/strong><\/h3>\n<ul>\n<li><strong>Art und Gr\u00f6\u00dfe der Box<\/strong>: Unterst\u00fctzt verschiedene Strukturen wie obere und untere Abdeckungen, buchf\u00f6rmige Boxen, Schubladenboxen (wie R\u00f6hren- und Scheibenboxen), geeignet f\u00fcr verschiedene Produktformen wie Kaffeekapseln, H\u00e4ngeohrbeutel, Kaffeebohnen, etc.<\/li>\n<li><strong>Farbe und Material<\/strong>: Matt, gl\u00e4nzend, Hei\u00dfpr\u00e4gung\/Silber, Pr\u00e4gung und andere Oberfl\u00e4cheneffekte, und das Material kann aus beschichtetem Papier, Kunstdruckpapier usw. gew\u00e4hlt werden, um den Anforderungen von Werbegeschenken oder Urlaubsthemen gerecht zu werden.<\/li>\n<li><strong>Druckeffekt<\/strong>: Kombinieren Sie Digitaldruck und Siebdrucktechnologie, um komplexe Muster wie Farbverl\u00e4ufe und stereoskopische 3D-Muster zu erzielen, die sich f\u00fcr Markent\u00f6ne eignen.<\/li>\n<\/ul>\n<h3 id=\"-5-precisely-fit-eva-shockproof-lining-\"><strong>5. Passgenaues sto\u00dffestes EVA-Futter<\/strong><\/h3>\n<p>Ma\u00dfgeschneiderte EVA-Schaumstoffauskleidung entsprechend der Produktgr\u00f6\u00dfe, mit optionaler Dichte von 25\u00b0-50\u00b0, durch CNC-Schneiden, um eine perfekte Passform mit Kaffeeprodukten zu gew\u00e4hrleisten, Transportvibrationen und Platzverschwendung zu reduzieren. Die Auskleidung unterst\u00fctzt die antistatische Behandlung, die f\u00fcr die Schutzbed\u00fcrfnisse von elektronischem Kaffeezubeh\u00f6r (z. B. Handbr\u00fchkannen-Zubeh\u00f6r) geeignet ist.<\/p>\n<h3 id=\"-6-triple-protection-lamination-process-\"><strong>6. Dreifach-Schutz-Laminierungsverfahren<\/strong><\/h3>\n<p>Die Oberfl\u00e4che ist mit einer Nanolaminierung versehen, die wasser-, \u00f6l- und feuchtigkeitsbest\u00e4ndig ist, Fl\u00fcssigkeitsspritzern und feuchten Umgebungen widersteht und den Druck auf der Schachtel vor Verblassen und Verformung sch\u00fctzt. Dieser Prozess kann auch die Verschlei\u00dffestigkeit der Oberfl\u00e4che verbessern und die Lagerzeit von Geschenkboxen in Lagerhaltung und Logistik verl\u00e4ngern.<\/p>\n<h3 id=\"-7-fully-automated-and-efficient-production-\"><strong>7. Vollst\u00e4ndig automatisierte und effiziente Produktion<\/strong><\/h3>\n<p>Mit einer vollautomatischen Produktionslinie wird eine t\u00e4gliche Produktionskapazit\u00e4t von 10 Millionen St\u00fcck (10.000.000 St\u00fcck) erreicht, die das Stanzen, Laminieren, die magnetische Montage, die Kaschierung und andere Prozesse umfasst. Durch ein intelligentes PLC-Kontrollsystem und visuelle Inspektionsger\u00e4te stellen wir sicher, dass die Produktionsgenauigkeit und die Ausbeute 99,5% erreichen und den Anforderungen dringender Auftr\u00e4ge und umfangreicher Lieferungen gerecht werden.<\/p>\n<h3 id=\"-8-advantageous-service-of-the-source-factory-\"><strong>8. Vorteilhafter Service der Ursprungsfabrik<\/strong><\/h3>\n<p>Als Quelle Fabrik der Kaffee-Verpackung in China, bieten wir:<\/p>\n<ul>\n<li><strong>Kostenlose Muster und Entw\u00fcrfe<\/strong>: Ein professionelles Team liefert 3D-Entw\u00fcrfe innerhalb von 1 Tag, physische Muster werden innerhalb von 2 Tagen verschickt, und individuelle Anpassungen werden unterst\u00fctzt.<\/li>\n<li><strong>Kostenoptimierung<\/strong>: Die Beschaffung in gro\u00dfem Ma\u00dfstab und die automatisierte Produktion senken die Kosten, und der Preis f\u00fcr die gleiche Qualit\u00e4t ist 30% niedriger als auf dem Markt.<\/li>\n<li><strong>L\u00f6sung aus einer Hand<\/strong>: Vom Verpackungsdesign \u00fcber die Materialauswahl bis hin zu Logistik und Vertrieb sorgt der gesamte Prozess daf\u00fcr, dass das Projekt termingerecht umgesetzt wird.<\/li>\n<\/ul>\n<p><strong>Anwendungsszenario<\/strong><\/p>\n<ul>\n<li><strong>Gesch\u00e4ftsgeschenk<\/strong>: Das magnetische \u00d6ffnen und Schlie\u00dfen unterstreicht den Sinn f\u00fcr Zeremonien, und die Kombination des Corporate VI-Farbsystems st\u00e4rkt das Markenimage.<\/li>\n<li><strong>Weihnachtsgeschenkbox<\/strong>: Individuelles Urlaubsmuster, das Futter eignet sich f\u00fcr eine Kombination von Kaffeeprodukten mit verschiedenen Spezifikationen.<\/li>\n<li><strong>E-Commerce-Einzelhandel<\/strong>: Die wasserdichte Beschichtung und die erdbebensichere Auskleidung gew\u00e4hrleisten die Transportsicherheit und verringern die Verlustquote nach dem Verkauf.<\/li>\n<\/ul>\n<p><strong>Jetzt aktiv werden<\/strong>\u00a0Wenden Sie sich an die Herstellerfirma in China, erhalten Sie kostenlose Muster und Designl\u00f6sungen und beginnen Sie Ihre Reise mit der Anpassung von hochwertigen Kaffeeverpackungen!<\/p>","protected":false},"excerpt":{"rendered":"<p>1. Magnetische Verpackungsbox, Magnet eingebettet Design zu vermeiden externe Abnutzung und Verschlei\u00df<br \/>\n2. Hergestellt aus 1200 GSM Graupappe und 157 GSM beschichtetem Kunstdruckpapier, langlebig, umweltfreundlich und nachhaltig<br \/>\n3. Doppelseitiger Druck, kann Ihre Produktinformationen und Ihr Markenlogo auf der Box-Oberfl\u00e4che drucken, um den Markeneffekt zu verbessern<\/p>","protected":false},"featured_media":8713,"template":"","meta":[],"product_brand":[],"product_cat":[30,422,424,31],"product_tag":[959,958,960],"class_list":{"0":"post-8708","1":"product","2":"type-product","3":"status-publish","4":"has-post-thumbnail","6":"product_cat-by-industry","7":"product_cat-custom-gourmet-boxes-by-industry","8":"product_cat-magnetic-closure-boxes","9":"product_cat-paper-box-style","10":"product_tag-coffee-magnetic-closure-boxes","11":"product_tag-custom-coffee-boxes","12":"product_tag-premium-coffee-gift-boxes","14":"first","15":"instock","16":"shipping-taxable","17":"product-type-simple"},"_links":{"self":[{"href":"https:\/\/zojopackaging.com\/de\/wp-json\/wp\/v2\/product\/8708","targetHints":{"allow":["GET"]}}],"collection":[{"href":"https:\/\/zojopackaging.com\/de\/wp-json\/wp\/v2\/product"}],"about":[{"href":"https:\/\/zojopackaging.com\/de\/wp-json\/wp\/v2\/types\/product"}],"version-history":[{"count":3,"href":"https:\/\/zojopackaging.com\/de\/wp-json\/wp\/v2\/product\/8708\/revisions"}],"predecessor-version":[{"id":8728,"href":"https:\/\/zojopackaging.com\/de\/wp-json\/wp\/v2\/product\/8708\/revisions\/8728"}],"wp:featuredmedia":[{"embeddable":true,"href":"https:\/\/zojopackaging.com\/de\/wp-json\/wp\/v2\/media\/8713"}],"wp:attachment":[{"href":"https:\/\/zojopackaging.com\/de\/wp-json\/wp\/v2\/media?parent=8708"}],"wp:term":[{"taxonomy":"product_brand","embeddable":true,"href":"https:\/\/zojopackaging.com\/de\/wp-json\/wp\/v2\/product_brand?post=8708"},{"taxonomy":"product_cat","embeddable":true,"href":"https:\/\/zojopackaging.com\/de\/wp-json\/wp\/v2\/product_cat?post=8708"},{"taxonomy":"product_tag","embeddable":true,"href":"https:\/\/zojopackaging.com\/de\/wp-json\/wp\/v2\/product_tag?post=8708"}],"curies":[{"name":"wp","href":"https:\/\/api.w.org\/{rel}","templated":true}]}}