{"id":8729,"date":"2025-03-31T10:39:02","date_gmt":"2025-03-31T02:39:02","guid":{"rendered":"https:\/\/zojopackaging.com\/?post_type=product&#038;p=8729"},"modified":"2025-03-31T10:56:55","modified_gmt":"2025-03-31T02:56:55","slug":"china-high-quality-irregular-shape-custom-perfume-gift-box","status":"publish","type":"product","link":"https:\/\/zojopackaging.com\/de\/product\/china-high-quality-irregular-shape-custom-perfume-gift-box\/","title":{"rendered":"China hohe Qualit\u00e4t unregelm\u00e4\u00dfige Form benutzerdefinierte Parf\u00fcm Geschenk-Box"},"content":{"rendered":"<h3 id=\"product-description-of-china-s-high-quality-irregular-shape-custom-perfume-gift-box\">Produktbeschreibung Chinas hochwertige unregelm\u00e4\u00dfige Form benutzerdefinierte Parf\u00fcm Geschenk-Box<\/h3>\n<h4 id=\"-1-multi-dimensional-innovative-design-integration-of-environmental-protection-concept-brand-narrative-and-user-experience-\"><strong>1. Mehrdimensionales innovatives Design: Integration von Umweltschutzkonzept, Markendarstellung und Benutzererfahrung<\/strong><\/h4>\n<p>Bei dieser Parf\u00fcm-Geschenkbox steht der Umweltschutz im Mittelpunkt, sie verwendet recycelbare und erneuerbare Materialien und FSC-zertifizierte Graupappe, kombiniert die Technologie zur Verfolgung des CO2-Fu\u00dfabdrucks und praktiziert ein gr\u00fcnes Produktionskonzept. Das Verpackungsdesign integriert das kulturelle Narrativ der Marke und erz\u00e4hlt Markengeschichten wie nat\u00fcrliche Inspiration, orientalische \u00c4sthetik oder High-End-Parf\u00fcmherstellungstechnologie durch Pr\u00e4getechnik, Hei\u00dfpr\u00e4gung des LOGO und versteckten Text. In Bezug auf die Benutzererfahrung ist die innovative schr\u00e4ge \u00d6ffnungsstruktur mit dem magnetischen \u00d6ffnungs- und Verschlusssystem abgestimmt, das das Gef\u00fchl einer Entpackungszeremonie vermittelt, und das eingebettete interaktive AR-Etikett, das durch Scannen des Codes die Duftinterpretation und das immersive Dufterlebnis freischaltet.<\/p>\n<h4 id=\"-2-double-sided-color-printing-and-macaron-color-system-balance-of-visual-aesthetics-and-function-\"><strong>2. Beidseitiger Farbdruck und Macaron-Farbsystem: Gleichgewicht von visueller \u00c4sthetik und Funktion<\/strong><\/h4>\n<p>Die Geschenkschachtel wird beidseitig mit hochpr\u00e4ziser Offsetdrucktechnik bedruckt, abgestimmt auf das Macaron-Farbsystem mit geringer S\u00e4ttigung (z. B. mintgr\u00fcn, hellrosa, hellviolett), das durch weiche Farbverl\u00e4ufe und geometrische Kontraste die visuelle Erm\u00fcdung reduziert und ein vertr\u00e4umtes und hochwertiges Gef\u00fchl erzeugt. Der Druckprozess unterst\u00fctzt die Pantone-Schmuckfarbenkalibrierung mit einem Farbunterschied von \u22645%, wodurch eine genaue Darstellung von Markenlogos und Musterdetails gew\u00e4hrleistet wird. Das Innenfutter ist mit einer matten Textur in derselben Farbe versehen, die ein visuelles Echo mit der \u00e4u\u00dferen Schachtel bildet und die \u00e4sthetische Einheit st\u00e4rkt.<\/p>\n<h4 id=\"-3-high-weight-material-and-structural-strength-1200gsm-gray-board-157gsm-coated-paper-\"><strong>3. Hochwertiges Material und strukturelle St\u00e4rke: 1200GSM Graupappe + 157GSM beschichtetes Papier<\/strong><\/h4>\n<p>Der Hauptk\u00f6rper des Geschenkkartons besteht aus hochfestem Graukarton (1200 g\/m\u00b2) mit einer Druckfestigkeit von 50 kg\/m\u00b2, wodurch eine Verformung w\u00e4hrend des Transports vermieden wird. Die \u00e4u\u00dfere Schicht ist mit beschichtetem Papier (157 g\/m\u00b2) mit einer Oberfl\u00e4chengl\u00e4tte von \u2265800s bedeckt und unterst\u00fctzt den Vierfarb-Overlay-Druck und die Hei\u00dfpr\u00e4getechnik auf Mikron-Ebene, wodurch das Markenlogo und komplexe Muster perfekt dargestellt werden. Das Material hat die SGS-Zertifizierung bestanden, enth\u00e4lt keine Schwermetalle und fl\u00fcchtigen gef\u00e4hrlichen Stoffe und entspricht den EU-ReACH-Normen.<\/p>\n<h4 id=\"-4-functional-surface-treatment-three-proof-coating-technology-\"><strong>4. Funktionelle Oberfl\u00e4chenbehandlung: Dreifach-Beschichtungstechnologie<\/strong><\/h4>\n<p>Die Oberfl\u00e4che des Geschenkkartons ist mit einer Nano-Beschichtungstechnologie versehen, die wasserdicht (IPX4), \u00f6lbest\u00e4ndig (Kontaktwinkel \u2265 110\u00b0) und feuchtigkeitsbest\u00e4ndig (keine Verformung unter 90% Luftfeuchtigkeit) ist und dem Eindringen von Fl\u00fcssigkeiten und der Erosion durch Feuchtigkeit in der Transportumgebung wirksam widersteht. Die Beschichtung beh\u00e4lt auch die nat\u00fcrliche Haptik des Papiers bei. Matt-\/Glanz-Effekte sind optional m\u00f6glich, wobei sowohl der Schutz als auch die hochwertige Textur ber\u00fccksichtigt werden.<\/p>\n<h4 id=\"-5-source-factory-advantages-free-samples-design-services-high-cost-performance-\"><strong>5. Quelle Fabrik Vorteile: kostenlose Proben + Design-Dienstleistungen + hohe Kosten Leistung<\/strong><\/h4>\n<p>Als Hersteller von Parf\u00fcmverpackungen in China bieten wir einen kostenlosen Proofing-Service (Lieferung innerhalb von 3 bis 5 Arbeitstagen), unterst\u00fctzen ein exklusives 1-zu-1-Design und bieten eine L\u00f6sung f\u00fcr 3D-Modellierung, Materialauswahl und Empfehlungen f\u00fcr Prozesskombinationen. Da wir uns auf die Gro\u00dfproduktion und die Integration der Lieferkette verlassen, ist der Preis 30%-50% niedriger als der von traditionellen OEM-Fabriken, mit einer Mindestbestellmenge von 1.000 St\u00fcck und ohne Formgeb\u00fchr.<\/p>\n<h4 id=\"-6-intelligent-production-fully-automatic-line-mes-transparent-management-\"><strong>6. Intelligente Produktion: vollautomatische Linie + transparentes MES-Management<\/strong><\/h4>\n<p>Das Werk ist mit vollautomatischen Stanzmaschinen, UV-Drucklinien und Palettierrobotern ausgestattet und verf\u00fcgt \u00fcber eine t\u00e4gliche Produktionskapazit\u00e4t von 10 Millionen St\u00fcck, die eine ultraschnelle Lieferung innerhalb von 72 Stunden erm\u00f6glicht. Durch das MES-System zur \u00dcberwachung des Produktionsfortschritts in Echtzeit k\u00f6nnen die Kunden den Auftragsstatus, die Qualit\u00e4tspr\u00fcfungsberichte und die Logistikverfolgung online einsehen, mit einer Liefergenauigkeit von \u226599%, wodurch der \"Black Box\"-Betrieb herk\u00f6mmlicher Fabriken entf\u00e4llt.<\/p>\n<h4 id=\"-7-customized-eva-lining-precision-adaptation-and-shock-absorption-protection-\"><strong>7. Ma\u00dfgeschneiderte EVA-Futter: Pr\u00e4zision Anpassung und Sto\u00dfd\u00e4mpfung Schutz<\/strong><\/h4>\n<p>Basierend auf den 3D-Scandaten der Kundenprodukte, ma\u00dfgeschneiderte hochdichte EVA-Auskleidung (Dichte 45\u00b15kg\/m\u00b3), Schlitzgenauigkeit \u00b10,2mm, geeignet f\u00fcr speziell geformte Parf\u00fcmflaschen, D\u00fcsenzubeh\u00f6r, etc. Die Auskleidung nimmt eine geteilte Struktur an, die Raumnutzungsrate wird um 40% erh\u00f6ht, und mit antistatischer Behandlung erreicht die Transportsto\u00dffestigkeit den ISTA 3A Standard.<\/p>\n<h4 id=\"-8-all-round-customization-options-breaking-the-boundaries-of-design-\"><strong>8. Vielf\u00e4ltige Anpassungsm\u00f6glichkeiten: Die Grenzen des Designs \u00fcberwinden<\/strong><\/h4>\n<p>Unterst\u00fctzt die folgenden Anpassungsdimensionen:<\/p>\n<ul>\n<li><strong>Box-Typ<\/strong>23 unregelm\u00e4\u00dfige Strukturen wie sechseckige H\u00e4ngek\u00e4sten, buchf\u00f6rmige Magnetk\u00e4sten, pyramidenf\u00f6rmige Stufenk\u00e4sten, usw;<\/li>\n<li><strong>Material<\/strong>: 50+ Spezialpapiere wie z.B. taktiles Samtpapier, sternf\u00f6rmiges Papier, metallgeb\u00fcrsteter Verbundkarton, etc;<\/li>\n<li><strong>Kunsthandwerk<\/strong>: lokale UV-Bestrahlung, Kaltpr\u00e4gung, Laseraush\u00f6hlung, Druck mit duftender Tinte;<\/li>\n<li><strong>Funktion<\/strong>: integrierter NFC-Chip, temperaturempfindliche, farbwechselnde Tinte und andere intelligente interaktive Module.<\/li>\n<\/ul>\n<h3 id=\"-cooperation-value-and-commitment-\"><strong>Wert der Zusammenarbeit und Engagement<\/strong><\/h3>\n<p>Mit dem Kernkonzept \"Umweltschutz \u00d7 Intelligenz \u00d7 Kunst\" bieten wir Verpackungsl\u00f6sungen aus einer Hand, vom Design bis zur Auslieferung f\u00fcr globale High-End-Parf\u00fcmmarken. Durch die direkte Lieferung von der Quelle, die flexible Produktion und das transparente Management helfen wir den Marken, 30% der Gesamtkosten zu reduzieren und gleichzeitig die Erfahrung der Endverbraucher und die Wettbewerbsf\u00e4higkeit auf dem Markt zu verbessern.\u00a0<strong>Fordern Sie jetzt eine kostenlose Probe an und beginnen Sie Ihre exklusive, \u00e4sthetische Duftreise.<\/strong><\/p>","protected":false},"excerpt":{"rendered":"<p>1. Die unregelm\u00e4\u00dfig geformte Parf\u00fcmverpackung ist in vielerlei Hinsicht innovativ, einschlie\u00dflich Umweltdesign, Markendarstellung und Optimierung der Benutzererfahrung.<br \/>\n2. Beidseitiger Farbdruck, mit Macaron-Farben, um visuelle Erm\u00fcdung zu reduzieren, erf\u00fcllt die Fantasie der High-End-Parf\u00fcm-Verpackung.<br \/>\n3. Hergestellt aus 1200 GSM Graupappe und 157 GSM beschichtetem Kunstdruckpapier, geeignet f\u00fcr Markenlogo-Druck<\/p>","protected":false},"featured_media":8730,"template":"","meta":[],"product_brand":[],"product_cat":[30,417,428,31],"product_tag":[961,245,962],"class_list":{"0":"post-8729","1":"product","2":"type-product","3":"status-publish","4":"has-post-thumbnail","6":"product_cat-by-industry","7":"product_cat-custom-perfume-boxes-by-industry","8":"product_cat-irregular-shaped-gift-boxes","9":"product_cat-paper-box-style","10":"product_tag-china-perfume-box","11":"product_tag-custom-perfume-gift-box","12":"product_tag-irregular-shape-perfume-box","14":"first","15":"instock","16":"shipping-taxable","17":"product-type-simple"},"_links":{"self":[{"href":"https:\/\/zojopackaging.com\/de\/wp-json\/wp\/v2\/product\/8729","targetHints":{"allow":["GET"]}}],"collection":[{"href":"https:\/\/zojopackaging.com\/de\/wp-json\/wp\/v2\/product"}],"about":[{"href":"https:\/\/zojopackaging.com\/de\/wp-json\/wp\/v2\/types\/product"}],"version-history":[{"count":1,"href":"https:\/\/zojopackaging.com\/de\/wp-json\/wp\/v2\/product\/8729\/revisions"}],"predecessor-version":[{"id":8736,"href":"https:\/\/zojopackaging.com\/de\/wp-json\/wp\/v2\/product\/8729\/revisions\/8736"}],"wp:featuredmedia":[{"embeddable":true,"href":"https:\/\/zojopackaging.com\/de\/wp-json\/wp\/v2\/media\/8730"}],"wp:attachment":[{"href":"https:\/\/zojopackaging.com\/de\/wp-json\/wp\/v2\/media?parent=8729"}],"wp:term":[{"taxonomy":"product_brand","embeddable":true,"href":"https:\/\/zojopackaging.com\/de\/wp-json\/wp\/v2\/product_brand?post=8729"},{"taxonomy":"product_cat","embeddable":true,"href":"https:\/\/zojopackaging.com\/de\/wp-json\/wp\/v2\/product_cat?post=8729"},{"taxonomy":"product_tag","embeddable":true,"href":"https:\/\/zojopackaging.com\/de\/wp-json\/wp\/v2\/product_tag?post=8729"}],"curies":[{"name":"wp","href":"https:\/\/api.w.org\/{rel}","templated":true}]}}