{"id":8737,"date":"2025-03-31T10:57:16","date_gmt":"2025-03-31T02:57:16","guid":{"rendered":"https:\/\/zojopackaging.com\/?post_type=product&#038;p=8737"},"modified":"2025-03-31T11:23:20","modified_gmt":"2025-03-31T03:23:20","slug":"custom-apparel-clothes-dress-collapsible-gift-box-wholesale","status":"publish","type":"product","link":"https:\/\/zojopackaging.com\/de\/product\/custom-apparel-clothes-dress-collapsible-gift-box-wholesale\/","title":{"rendered":"Benutzerdefinierte Kleidung Kleidung Kleid faltbare Geschenk-Box Gro\u00dfhandel"},"content":{"rendered":"<h2 id=\"custom-clothing-dress-foldable-magnetic-gift-box-wholesale-product-description\">Benutzerdefinierte Kleidung Kleidung Kleid faltbare Geschenk-Box Gro\u00dfhandel<\/h2>\n<h3 id=\"-product-core-highlights-\"><strong>Produktkern-Highlights<\/strong><\/h3>\n<ol>\n<li><strong>Magnetverschluss zusammenklappbar Design<\/strong> Durch die verdeckte Magnetstruktur ist das magnetische \u00d6ffnen und Schlie\u00dfen reibungslos und vermeidet das durch den freiliegenden Magneten verursachte Verschlei\u00dfproblem. Nach dem Zusammenklappen kann das Volumen auf 1\/3 des ungefalteten Zustandes komprimiert werden, was die Transport- und Lagerkosten erheblich reduziert. Mit der Optimierungstechnologie des Pr\u00e4zisionsmagnetkreises ist die Adsorptionskraft stabil (3-5N), was die Stabilit\u00e4t des Verschlusses gew\u00e4hrleistet, eine bequeme Einhandbedienung erm\u00f6glicht und ein Gef\u00fchl der Auspackzeremonie vermittelt.<\/li>\n<li><strong>Rosa Motiv Beidseitiger Farbdruck<\/strong>\u00a0Die Hauptfarbe ist zartrosa (Pantone-Farbkartenanpassung), kombiniert mit psychologischen Grunds\u00e4tzen, um romantische und s\u00fc\u00dfe emotionale Assoziationen zu wecken. Dabei wird 157g C2S-beschichtetes Papier als Tr\u00e4ger verwendet, das beidseitig mit hochpr\u00e4ziser Farbdrucktechnologie bedruckt wird. Die Innenseite ist mit m\u00e4dchenhaften Mustern wie Blumen und Spitze gestaltet, um die Fantasie der Verbraucher zu befl\u00fcgeln und den Wunsch zu wecken, Kleidungsst\u00fccke zu kaufen.<\/li>\n<li><strong>Farbbandzubeh\u00f6r und Markenkennzeichnung<\/strong>\u00a0Kundenspezifische B\u00e4nder (optional Satin-\/Chiffonmaterialien) sind Standard, mit kontrastierenden Schleifen oder LOGO-Hei\u00dfpr\u00e4getechnik, um die Sch\u00f6nheit und das visuelle Niveau des Auspackens zu verbessern. Unterst\u00fctzt die individuelle Gestaltung von B\u00e4ndern mit Markenlogo und st\u00e4rkt die Erinnerung an die Marke durch farbliche und handwerkliche Differenzierung.<\/li>\n<li><strong>Leichte Luxus-Gold-Hei\u00dfpr\u00e4gefolientechnik<\/strong> Die partielle Gold-Hei\u00dfpr\u00e4gefolientechnologie wird verwendet, um matte und gl\u00e4nzende Kontrasteffekte auf Details wie dem LOGO auf der Oberfl\u00e4che der Schachtel und dem Rahmen zu erzielen, und wird mit umweltfreundlichen Farben gedruckt, wobei eine luxuri\u00f6se Textur und nachhaltige Konzepte ber\u00fccksichtigt werden.<\/li>\n<\/ol>\n<h4 id=\"-environmentally-friendly-materials-and-structural-innovation-\"><strong>Umweltvertr\u00e4gliche Materialien und strukturelle Innovationen<\/strong><\/h4>\n<ul>\n<li><strong>Materialkombination<\/strong>: 157g hochwei\u00dfes gestrichenes C2S-Papier (FSC-zertifiziert) auf der Au\u00dfenschicht + 1200g harte Graupappe auf der Innenschicht, mit einer Druckfestigkeit von 200kg\/\u33a1 und einer Recyclingrate von mehr als 90%.<\/li>\n<li><strong>Faltbare Struktur<\/strong>: Dreidimensionale Wabenstruktur + 60\u00b0 konischer Positionierwinkel, der eine Positioniergenauigkeit von 0,1 mm erreicht und sich f\u00fcr die Verpackung von Kleidung mit besonderen Formen eignet.<\/li>\n<\/ul>\n<h4 id=\"-highly-customized-service-\"><strong>Hochgradig ma\u00dfgeschneiderter Service<\/strong><\/h4>\n<ol>\n<li><strong>Art und Gr\u00f6\u00dfe der Box<\/strong>: Bieten Sie mehr als 10 Schachteltypen an, wie z.B. Deckel und Boden, Schublade, Daumenkino, usw., mit einem Gr\u00f6\u00dfenbereich von 50\u00d730\u00d75cm bis 80\u00d750\u00d715cm, unterst\u00fctzen Sie die Anpassung von Nicht-Standardgr\u00f6\u00dfen, und der Fehler wird innerhalb von \u00b10,5mm kontrolliert.<\/li>\n<li><strong>Anpassung des Innenfutters<\/strong>: Die EVA-\/Schwammauskleidung wird entsprechend der Produktkontur angepasst, mit einer Dichte von 30-80 kg\/m\u00b3, pr\u00e4ziser Pufferung und Sto\u00dffestigkeit, und die Raumnutzung wird um 40% erh\u00f6ht.<\/li>\n<li><strong>Oberfl\u00e4chentechnik<\/strong>20+ Effekte wie lokaler UV-Lack, Pr\u00e4gung, Laser usw. sind optional und unterst\u00fctzen spezielle Pantone-Farbnummern, Farbverlaufsdruck und 3D-Pr\u00e4gungstechnologie.<\/li>\n<\/ol>\n<h4 id=\"-application-scenarios-and-benefits-\"><strong>Anwendungsszenarien und Vorteile<\/strong><\/h4>\n<ul>\n<li><strong>Marke Premium<\/strong>: Verbesserung des Produktmehrwerts durch hochwertige Verpackungen. Kundenbefragungen zeigen, dass eine Geschenkverpackung den Preis von Kleidern um 15%-20% erh\u00f6hen kann.<\/li>\n<li><strong>Optimierung der Logistik<\/strong>: Nach dem Falten werden die Transportkosten durch 30% gesenkt, was f\u00fcr die Anforderungen des grenz\u00fcberschreitenden E-Commerce an kleinteilige Container geeignet ist.<\/li>\n<li><strong>Umweltzertifizierung<\/strong>: Erf\u00fcllen die EU REACH- und US FDA-Normen und erhalten die SGS-Zertifizierung f\u00fcr biologische Abbaubarkeit.<\/li>\n<\/ul>\n<h4 id=\"-ordering-process-\"><strong>Bestellvorgang<\/strong><\/h4>\n<ol>\n<li>Bereitstellung der Bekleidungsgr\u00f6\u00dfe\/Designanforderungen \u2192 2. 3D-Modellierung zur Best\u00e4tigung der Kastenstruktur \u2192 3. Kostenvoranschlag f\u00fcr Material\/Prozessl\u00f6sung \u2192 4. Musterherstellung (5-7 Arbeitstage) \u2192 5. Massenproduktion (MOQ 500 St\u00fcck, Lieferfrist 10-15 Tage).<\/li>\n<\/ol>\n<p><strong>Fall der Zusammenarbeit<\/strong>: Hat Marken wie SHEIN und UR bedient, mit einer durchschnittlichen monatlichen Produktionskapazit\u00e4t von 300.000 St\u00fcck und einer Anpassungsrate von 85%.<\/p>\n<p><strong>Jetzt anpassen<\/strong>: Die exklusive Verpackung verleiht der Marke W\u00e4rme und macht jedes Kleid zu einem traumhaften Geschenk f\u00fcr M\u00e4dchen.<\/p>","protected":false},"excerpt":{"rendered":"<p>1. Magnetverschluss-Box, Magnet eingebettet Design, um externe Abnutzung zu vermeiden, faltbare Design, um Raumnutzung w\u00e4hrend des Transports zu reduzieren<br \/>\n2. Rosa Druck kann romantische und s\u00fc\u00dfe emotionale Assoziationen anregen, die Fantasie der M\u00e4dchen von Kleidung, Kleidung und Kleidern verbessern<br \/>\n3. Beidseitiger Farbdruck, um die Farbabstimmung zu verbessern und die Bed\u00fcrfnisse von M\u00e4dchen zu erf\u00fcllen<\/p>","protected":false},"featured_media":8738,"template":"","meta":[],"product_brand":[],"product_cat":[30,427,414,31],"product_tag":[964,963,965],"class_list":{"0":"post-8737","1":"product","2":"type-product","3":"status-publish","4":"has-post-thumbnail","6":"product_cat-by-industry","7":"product_cat-collapsible-gift-boxes","8":"product_cat-custom-apparel-boxes","9":"product_cat-paper-box-style","10":"product_tag-clothes-box-wholesale","11":"product_tag-custom-apparel-gift-box","12":"product_tag-dress-collapsible-gift-box","14":"first","15":"instock","16":"shipping-taxable","17":"product-type-simple"},"_links":{"self":[{"href":"https:\/\/zojopackaging.com\/de\/wp-json\/wp\/v2\/product\/8737","targetHints":{"allow":["GET"]}}],"collection":[{"href":"https:\/\/zojopackaging.com\/de\/wp-json\/wp\/v2\/product"}],"about":[{"href":"https:\/\/zojopackaging.com\/de\/wp-json\/wp\/v2\/types\/product"}],"version-history":[{"count":1,"href":"https:\/\/zojopackaging.com\/de\/wp-json\/wp\/v2\/product\/8737\/revisions"}],"predecessor-version":[{"id":8743,"href":"https:\/\/zojopackaging.com\/de\/wp-json\/wp\/v2\/product\/8737\/revisions\/8743"}],"wp:featuredmedia":[{"embeddable":true,"href":"https:\/\/zojopackaging.com\/de\/wp-json\/wp\/v2\/media\/8738"}],"wp:attachment":[{"href":"https:\/\/zojopackaging.com\/de\/wp-json\/wp\/v2\/media?parent=8737"}],"wp:term":[{"taxonomy":"product_brand","embeddable":true,"href":"https:\/\/zojopackaging.com\/de\/wp-json\/wp\/v2\/product_brand?post=8737"},{"taxonomy":"product_cat","embeddable":true,"href":"https:\/\/zojopackaging.com\/de\/wp-json\/wp\/v2\/product_cat?post=8737"},{"taxonomy":"product_tag","embeddable":true,"href":"https:\/\/zojopackaging.com\/de\/wp-json\/wp\/v2\/product_tag?post=8737"}],"curies":[{"name":"wp","href":"https:\/\/api.w.org\/{rel}","templated":true}]}}