{"id":8744,"date":"2025-03-31T11:23:34","date_gmt":"2025-03-31T03:23:34","guid":{"rendered":"https:\/\/zojopackaging.com\/?post_type=product&#038;p=8744"},"modified":"2025-03-31T11:35:36","modified_gmt":"2025-03-31T03:35:36","slug":"high-quality-smart-mobile-phone-packaging-boxes-wholesale","status":"publish","type":"product","link":"https:\/\/zojopackaging.com\/de\/product\/high-quality-smart-mobile-phone-packaging-boxes-wholesale\/","title":{"rendered":"Hochwertige Smart Mobile Phone Verpackungsboxen Gro\u00dfhandel"},"content":{"rendered":"<h2 id=\"high-quality-smartphone-packaging-box-wholesale-product-description\">Hochwertige Smart Mobile Phone Verpackungsboxen Gro\u00dfhandel<\/h2>\n<h3 id=\"1-top-and-bottom-cover-box-design-both-safety-and-brand-display-\">1.\u00a0<strong>Obere und untere Abdeckung der Box, sowohl Sicherheit als auch Markendarstellung<\/strong><\/h3>\n<p>Durch die integrierte Struktur der oberen und unteren Abdeckungen wird ein nahtloser Verschluss durch eine Pr\u00e4zisionsform-\u00d6ffnungstechnologie erreicht, die eine Besch\u00e4digung der Artikel durch Extrusion und Kollisionen w\u00e4hrend des Transports wirksam verhindert. Die Oberfl\u00e4che der Box kann mit einem hochaufl\u00f6senden Markenlogo, Produktinformationen oder Laser-Hei\u00dfpr\u00e4getechnik bedruckt werden, mit einem dreidimensionalen Pr\u00e4geeffekt, der den Wiedererkennungswert der Marke und die High-End-Textur deutlich erh\u00f6ht und die Aufmerksamkeit der Verbraucher auf sich zieht.<\/p>\n<h3 id=\"2-environmentally-friendly-and-sustainable-materials-taking-into-account-strength-and-environmental-responsibility-\">2.\u00a0<strong>Umweltfreundliche und nachhaltige Materialien unter Ber\u00fccksichtigung von Belastbarkeit und Umweltvertr\u00e4glichkeit<\/strong><\/h3>\n<p>Das Kernmaterial ist\u00a0<strong>157g C2S gestrichenes Papier + 1200g Hartfaserplatte<\/strong>. Das \u00e4u\u00dfere beschichtete Papier bietet eine empfindliche Druckunterlage, und die innere Hartfaserplatte hat eine Druckfestigkeit, die mehr als das Dreifache des Industriestandards betr\u00e4gt. Es hat die FSC-Forstzertifizierung und die EU-Umweltpr\u00fcfung (RoHS) bestanden und ist 100% recycelbar und abbaubar. Die Oberfl\u00e4che ist mit einer matten\/gl\u00e4nzenden umweltfreundlichen Beschichtung auf Wasserbasis versehen, um die Verschmutzung durch herk\u00f6mmliche Druckfarben zu vermeiden, was dem weltweiten Trend zu umweltfreundlichen Verpackungen entspricht.<\/p>\n<h3 id=\"3-highly-customized-service-all-round-adaptation-needs-\">3.\u00a0<strong>Hochgradig individueller Service, Rundum-Anpassungsbedarf<\/strong><\/h3>\n<ul>\n<li><strong>Flexibler Kastentyp<\/strong>Unterst\u00fctzt 20+ Schachteltypen wie Deckel und Boden, Schubladen, buchf\u00f6rmige Schachteln usw., kompatibel mit faltbaren Sonderformen (z. B. Schaufenster, magnetische Klappdeckel);<\/li>\n<li><strong>Pr\u00e4zise Gr\u00f6\u00dfe<\/strong>: deckt den gesamten Bereich der Mobiltelefongr\u00f6\u00dfen von 4,7 Zoll bis 7,2 Zoll ab, mit einer Toleranzkontrolle innerhalb von \u00b10,5 mm;<\/li>\n<li><strong>Vielf\u00e4ltige Prozesse<\/strong>Optionale Hei\u00dfpr\u00e4gung\/Silber, UV-Lackierung, Pr\u00e4gung, Laser und andere Oberfl\u00e4chenbehandlungen, Unterst\u00fctzung von Pantone-Sonderfarbdruck, Farbunterschied \u0394E\u22641,5;<\/li>\n<li><strong>Material-Upgrade<\/strong>: k\u00f6nnen durch spezielle umweltfreundliche Materialien wie Zuckerrohrzellstoffkarton und Bambusfaserverbundwerkstoffe ersetzt werden.<\/li>\n<\/ul>\n<h3 id=\"4-intelligent-lining-system-precise-product-protection-\">4.\u00a0<strong>Intelligentes Auskleidungssystem, pr\u00e4ziser Produktschutz<\/strong><\/h3>\n<p>Verwendung von EVA-Schwamm oder wabenf\u00f6rmigem Zellstofffutter, Anpassung der Fachposition an die dreidimensionale Gr\u00f6\u00dfe des Mobiltelefons (L\u00e4nge \u00d7 Breite \u00d7 Dicke), Realisierung\u00a0<strong>Nullspaltbefestigung<\/strong>und die Erdbebensicherheit ist nach ISTA 3A zertifiziert. Unterst\u00fctzt ein mehrschichtiges Design, kompatibel mit integrierter Aufbewahrung von Zubeh\u00f6r (z. B. Ladeger\u00e4te, Kopfh\u00f6rer), und erh\u00f6ht die Raumnutzung um 40%.<\/p>\n<h3 id=\"5-triple-protective-coating-technology-to-resist-environmental-erosion-\">5.\u00a0<strong>Dreifache Schutzbeschichtungstechnologie zum Schutz vor Umwelterosion<\/strong><\/h3>\n<p>Die Oberfl\u00e4che ist mit einer wasser- und \u00f6lbest\u00e4ndigen Folie auf Nanoebene (PVDC-Beschichtung) \u00fcberzogen, die die Wasserdichtigkeitsklasse IPX4 erreicht, sich 48 Stunden lang in einer Umgebung mit 90% Luftfeuchtigkeit nicht verformt und eine \u00d6ldurchl\u00e4ssigkeit von weniger als 0,1% aufweist. Die innere Schicht enth\u00e4lt feuchtigkeitsbest\u00e4ndige Molekularsiebe, die die Feuchtigkeit in der Verpackung absorbieren, um die Stabilit\u00e4t elektronischer Produkte in Umgebungen mit extremer Temperatur und Feuchtigkeit zu gew\u00e4hrleisten.<\/p>\n<h3 id=\"6-fully-automatic-intelligent-manufacturing-system-dual-guarantee-of-production-capacity-and-delivery-\">6.\u00a0<strong>Vollautomatisches intelligentes Fertigungssystem, doppelte Garantie f\u00fcr Produktionskapazit\u00e4t und Lieferung<\/strong><\/h3>\n<p>Verlassen Sie sich auf\u00a0<strong>36 vollautomatische Montagelinien<\/strong>Mit der integrierten visuellen AI-Qualit\u00e4tskontrolle und dem AGV-Logistiksystem \u00fcbersteigt die t\u00e4gliche Produktionskapazit\u00e4t 10 Millionen St\u00fcck, und der Reaktionszyklus auf Bestellungen wird auf 48 Stunden verk\u00fcrzt. Unterst\u00fctzt JIT (Just-in-Time)-Liefermodus, Chargenbestellungsfehlerquote &lt;0,3%, und erhielt ISO 9001 Qualit\u00e4tsmanagement-System-Zertifizierung.<\/p>\n<h3 id=\"7-source-factory-advantage-zero-cost-empowerment-brand-\">7.\u00a0<strong>Vorteil der Quellenfabrik, Marke mit Null-Kosten-Empowerment<\/strong><\/h3>\n<p>Da die\u00a0<strong>Handy-Verpackungsbox ODM\/OEM-Quelle Fabrik<\/strong>\u00a0im Kernproduktionsgebiet des Perlflussdeltas in China, bieten wir:<\/p>\n<ul>\n<li><strong>kostenloser Andruck<\/strong>Physische Muster werden innerhalb von 3 Arbeitstagen versandt;<\/li>\n<li><strong>freie Gestaltung<\/strong>: Ein professionelles Team bietet 3 verschiedene Designl\u00f6sungen an (einschlie\u00dflich 3D-Renderings);<\/li>\n<li><strong>Preisvorteil<\/strong>: Die Beschaffung in gro\u00dfem Ma\u00dfstab senkt die Kosten um 30%, und der Startpreis f\u00fcr eine Bestellung von 100.000 St\u00fcck liegt bei nur 0,48 Yuan\/St\u00fcck.<\/li>\n<\/ul>\n<h3 id=\"technical-parameters\">Technische Parameter<\/h3>\n<table>\n<thead>\n<tr>\n<th>Projekt<\/th>\n<th>Parameter<\/th>\n<th>Zertifizierungsstandard<\/th>\n<\/tr>\n<\/thead>\n<tbody>\n<tr>\n<td>Druckfestigkeit<\/td>\n<td>\u22658000N\/\u33a1<\/td>\n<td>GB\/T 6544-2008<\/td>\n<\/tr>\n<tr>\n<td>Falltest<\/td>\n<td>10 Mal in 1,2 m H\u00f6he ohne Schaden<\/td>\n<td>ISTA 3A<\/td>\n<\/tr>\n<tr>\n<td>Feuchtigkeitsgehalt<\/td>\n<td>\u22649%<\/td>\n<td>ISO 535:2014<\/td>\n<\/tr>\n<tr>\n<td>Zyklus der Lieferung<\/td>\n<td>5-15 Tage (je nach Auftragsvolumen)<\/td>\n<td>-<\/td>\n<\/tr>\n<\/tbody>\n<\/table>\n<p>F\u00fcr weitere kundenspezifische L\u00f6sungen oder Muster wenden Sie sich bitte an unser Designteam. Wir bieten Ihnen eine Full-Link-Verpackungsl\u00f6sung mit einer\u00a0<strong>24-Stunden-Reaktionsmechanismus<\/strong>.<\/p>","protected":false},"excerpt":{"rendered":"<p>1. Der Schachteltyp mit oberem und unterem Deckel nimmt die Struktur des oberen und unteren Deckels an, der effektiv verhindern kann, dass die Artikel in der Verpackung besch\u00e4digt werden, und die Marke kann deutlich markiert werden, damit die Verbraucher darauf achten<br \/>\n2. 157g C2S gestrichenes Kunstdruckpapier + 1200g Hartkarton umweltfreundliche, nachhaltige Verpackung<br \/>\n3. Die Box Art, Gr\u00f6\u00dfe, Farbe, Material und Oberfl\u00e4che Druckeffekt kann sehr angepasst werden, um Ihr Smartphone Verpackung passen<\/p>","protected":false},"featured_media":8749,"template":"","meta":[],"product_brand":[],"product_cat":[30,413,425,31],"product_tag":[966,968,967],"class_list":{"0":"post-8744","1":"product","2":"type-product","3":"status-publish","4":"has-post-thumbnail","6":"product_cat-by-industry","7":"product_cat-consumer-electronics-boxes","8":"product_cat-lid-and-base-gift-box","9":"product_cat-paper-box-style","10":"product_tag-high-quality-phone-packaging","11":"product_tag-phone-boxes-wholesale","12":"product_tag-smart-mobile-phone-packaging","14":"first","15":"instock","16":"shipping-taxable","17":"product-type-simple"},"_links":{"self":[{"href":"https:\/\/zojopackaging.com\/de\/wp-json\/wp\/v2\/product\/8744","targetHints":{"allow":["GET"]}}],"collection":[{"href":"https:\/\/zojopackaging.com\/de\/wp-json\/wp\/v2\/product"}],"about":[{"href":"https:\/\/zojopackaging.com\/de\/wp-json\/wp\/v2\/types\/product"}],"version-history":[{"count":1,"href":"https:\/\/zojopackaging.com\/de\/wp-json\/wp\/v2\/product\/8744\/revisions"}],"predecessor-version":[{"id":8750,"href":"https:\/\/zojopackaging.com\/de\/wp-json\/wp\/v2\/product\/8744\/revisions\/8750"}],"wp:featuredmedia":[{"embeddable":true,"href":"https:\/\/zojopackaging.com\/de\/wp-json\/wp\/v2\/media\/8749"}],"wp:attachment":[{"href":"https:\/\/zojopackaging.com\/de\/wp-json\/wp\/v2\/media?parent=8744"}],"wp:term":[{"taxonomy":"product_brand","embeddable":true,"href":"https:\/\/zojopackaging.com\/de\/wp-json\/wp\/v2\/product_brand?post=8744"},{"taxonomy":"product_cat","embeddable":true,"href":"https:\/\/zojopackaging.com\/de\/wp-json\/wp\/v2\/product_cat?post=8744"},{"taxonomy":"product_tag","embeddable":true,"href":"https:\/\/zojopackaging.com\/de\/wp-json\/wp\/v2\/product_tag?post=8744"}],"curies":[{"name":"wp","href":"https:\/\/api.w.org\/{rel}","templated":true}]}}