{"id":8751,"date":"2025-03-31T11:36:10","date_gmt":"2025-03-31T03:36:10","guid":{"rendered":"https:\/\/zojopackaging.com\/?post_type=product&#038;p=8751"},"modified":"2025-03-31T11:52:11","modified_gmt":"2025-03-31T03:52:11","slug":"custom-dental-teeth-aligner-packaging-rigid-gift-boxes","status":"publish","type":"product","link":"https:\/\/zojopackaging.com\/de\/product\/custom-dental-teeth-aligner-packaging-rigid-gift-boxes\/","title":{"rendered":"Kundenspezifische Verpackungen f\u00fcr Zahnregulierungsger\u00e4te Starre Geschenkboxen"},"content":{"rendered":"<h2 id=\"customized-dental-braces-packaging-hard-gift-box-product-description\">Kundenspezifische Verpackungen f\u00fcr Zahnregulierungsger\u00e4te Starre Geschenkboxen<\/h2>\n<h3 id=\"-1-pull-out-box-design-convenient-opening-and-closing-experience-\"><strong>1. Schublade Papier Box Design, bequemes \u00d6ffnen und Schlie\u00dfen Erfahrung<\/strong><\/h3>\n<p>\u00dcbernahme von\u00a0<strong>\u00fcberlagerbare schubladenartige F\u00fchrungsstruktur<\/strong>Der Kasten gleitet und \u00f6ffnet sich reibungslos, und die Betriebszeit ist um mehr als 50% reduziert. Der Innenkasten und der Au\u00dfenkasten sind durch eine Pr\u00e4zisionsrillenschiene verbunden, um sicherzustellen, dass der Zugprozess stabil und frei von Verklemmungen ist, was f\u00fcr den h\u00e4ufigen Gebrauch von Klammern geeignet ist. In Kombination mit dem ergonomischen, halbrunden Griff mit Rillen l\u00e4sst er sich leicht mit einer Hand \u00f6ffnen, was die Benutzerfreundlichkeit erh\u00f6ht.<\/p>\n<h3 id=\"-2-ribbon-accessories-and-brand-aesthetics-integration-\"><strong>2. Integration von Farbbandzubeh\u00f6r und Marken\u00e4sthetik<\/strong><\/h3>\n<p>Der Deckel der Geschenkbox ist mit\u00a0<strong>individuelle Banddekoration<\/strong>Das Band kann aus satiniertem oder gepr\u00e4gtem Material ausgew\u00e4hlt werden und unterst\u00fctzt die Bestickung mit Markenlogos. Die Farbe des Bandes ist auf das Hei\u00dfpr\u00e4geverfahren abgestimmt, z. B. Champagnergold, Dunkelrot usw., um die visuelle Schichtung zu verbessern. Kombiniert mit dem\u00a0<strong>Schwarzer Kofferaufbau<\/strong>Das Band wird zum letzten Schliff, der den Wiedererkennungswert der Marke st\u00e4rkt und gleichzeitig die Eigenschaften eines hochwertigen Geschenks vermittelt.<\/p>\n<h3 id=\"-3-all-black-box-design-interpreting-modern-luxury-\"><strong>3. Ganz in Schwarz gehaltenes Box-Design, das modernen Luxus interpretiert<\/strong><\/h3>\n<p>Der Kofferaufbau ist mit\u00a0<strong>mattes, rein schwarzes Substrat<\/strong>und weist durch ein spezielles Beschichtungsverfahren eine zarte Textur auf, die Fingerabdruckr\u00fcckst\u00e4nde verhindert. Schwarz symbolisiert Professionalit\u00e4t und Vertrauen, was sehr gut zur Tonalit\u00e4t der zahnmedizinischen Industrie passt. Der Rand des Geh\u00e4usedeckels ist mit einer 3 mm dicken Goldverzierung versehen, die den Sinn f\u00fcr Technologie und moderne \u00c4sthetik auf unaufdringliche Weise unterstreicht.<\/p>\n<h3 id=\"-4-hot-stamping-process-enhances-visual-texture-\"><strong>4. Das Hei\u00dfpr\u00e4geverfahren verbessert die visuelle Textur<\/strong><\/h3>\n<p>Verwendung von\u00a0<strong>Hochpr\u00e4zise Hei\u00dfpr\u00e4getechnik<\/strong>Das Markenlogo, das geometrische Zahnmuster oder der individuelle Schriftzug werden auf der Oberfl\u00e4che der Schachtel dargestellt. Sie unterst\u00fctzt mehrere Effekte wie mattes Gold, gl\u00e4nzendes Gold und farbige Folie mit einer Liniengenauigkeit von 0,1 mm. Die Hei\u00dfpr\u00e4geschicht ist kratzfest, so dass sie auch nach langem Gebrauch nicht verblasst und der Verpackung einen Sammlerwert verleiht.<\/p>\n<h3 id=\"-5-environmentally-friendly-materials-and-sustainable-structures-\"><strong>5. Umweltvertr\u00e4gliche Materialien und nachhaltige Strukturen<\/strong><\/h3>\n<p>Der Hauptteil nimmt die\u00a0<strong>157g C2S gestrichenes Kunstdruckpapier + 1200g harter Karton<\/strong>\u00a0mit einer Druckfestigkeit von mehr als 50 kg, die der FSC-Umweltzertifizierung entspricht. F\u00fcr die Auskleidung wird abbaubare EVA-Baumwolle verwendet, um herk\u00f6mmliche Kunststofff\u00fcllstoffe zu ersetzen, und die Gesamtrecyclingrate des Verpackungsmaterials erreicht 95%. Die Schachtelstruktur ist leimfrei und kann ohne Umweltverschmutzung durch Schnappmontage zerlegt werden.<\/p>\n<h3 id=\"-6-precise-lining-customization-to-optimize-space-utilization-\"><strong>6. Pr\u00e4zise Anpassung der Auskleidung zur Optimierung der Raumnutzung<\/strong><\/h3>\n<p>Bereitstellung von\u00a0<strong>modulare Verkleidungsl\u00f6sungen<\/strong>:<\/p>\n<ul>\n<li><strong>Rasterdesign<\/strong>: Der Instrumentenbereich, der Schlitz f\u00fcr die Kauleiste und die Zwischenlage f\u00fcr das Merkblatt sind durch bewegliche Trennw\u00e4nde unterteilt.<\/li>\n<li><strong>3D-Passform der inneren St\u00fctze<\/strong>: Lasergravieren von Puffernuten entsprechend der Gr\u00f6\u00dfe des Korrektors, mit einer Toleranz von \u00b10,5 mm.<\/li>\n<li><strong>Magnetische Befestigungsschicht<\/strong>: Eingebaute starke Magnete fixieren die Korrektorbox, um ein Verrutschen w\u00e4hrend des Transports zu verhindern.<\/li>\n<\/ul>\n<h3 id=\"-7-one-stop-service-advantages-of-chinese-factories-\"><strong>7. Vorteile der chinesischen Fabriken bei Dienstleistungen aus einer Hand<\/strong><\/h3>\n<ul>\n<li><strong>Kostenlose Proben<\/strong>: 3 physische Muster (einschlie\u00dflich der grundlegenden Hei\u00dfpr\u00e4geversionen) werden zum Testen zur Verf\u00fcgung gestellt.<\/li>\n<li><strong>Null-Kosten-Design<\/strong>: Das professionelle Team erstellt innerhalb von 72 Stunden 3 S\u00e4tze von Entwurfspl\u00e4nen mit 3D-Rendering-Vorschau.<\/li>\n<li><strong>Preisliche Wettbewerbsf\u00e4higkeit<\/strong>: Der Startpreis f\u00fcr eine Bestellung von 1.000.000 St\u00fcck ist so niedrig wie\u00a0<strong>0.1$\u00a0<\/strong>, einschlie\u00dflich Steuern und Schimmelpilzgeb\u00fchren.<\/li>\n<li><strong>Schnelle Lieferung<\/strong>7 Tage f\u00fcr den Korrekturabzug, 15 Tage f\u00fcr Massenlieferungen, Unterst\u00fctzung der globalen DDP-Logistik.<\/li>\n<\/ul>\n<p><strong>Prozess der Zusammenarbeit<\/strong><\/p>\n<ol>\n<li><strong>Anforderungsbest\u00e4tigung<\/strong>: Geben Sie die Gr\u00f6\u00dfe des Umwerfers und das Handbuch der Marke VI an.<\/li>\n<li><strong>Entwurfsvorschlag<\/strong>: Bereitstellung von 3D-Renderings und Materialmustern innerhalb von 3 Arbeitstagen.<\/li>\n<li><strong>Massenproduktion<\/strong>: Genie\u00dfen Sie einen 5% Preisnachlass f\u00fcr die erste Bestellung.<\/li>\n<\/ol>","protected":false},"excerpt":{"rendered":"<p>1. Die Schublade Papier Box Design und gleitende \u00d6ffnung machen es einfach f\u00fcr die Benutzer zu \u00f6ffnen und zu schlie\u00dfen, die den Benutzer der Operation Zeit reduzieren kann<br \/>\n2. Mit Zubeh\u00f6r wie B\u00e4ndern wird die Sch\u00f6nheit und visuelle Attraktivit\u00e4t erh\u00f6ht und der Wiedererkennungswert der Marke gesteigert.<br \/>\n3. Das Geh\u00e4use ist ganz in Schwarz gehalten, was das Symbol f\u00fcr Luxus und Modernit\u00e4t perfekt kombiniert<br \/>\n4. China Zahnspange Verpackung Fabrik k\u00f6nnen kostenlose Proben, freies Design, und bieten qualitativ hochwertige Produkte zum niedrigsten Preis<\/p>","protected":false},"featured_media":8753,"template":"","meta":[],"product_brand":[],"product_cat":[30,413,31,426],"product_tag":[969,971,970],"class_list":{"0":"post-8751","1":"product","2":"type-product","3":"status-publish","4":"has-post-thumbnail","6":"product_cat-by-industry","7":"product_cat-consumer-electronics-boxes","8":"product_cat-paper-box-style","9":"product_cat-paper-drawer-boxes","10":"product_tag-custom-dental-aligner-packaging","11":"product_tag-teeth-aligner-gift-boxes","12":"product_tag-teeth-aligner-packaging","14":"first","15":"instock","16":"shipping-taxable","17":"product-type-simple"},"_links":{"self":[{"href":"https:\/\/zojopackaging.com\/de\/wp-json\/wp\/v2\/product\/8751","targetHints":{"allow":["GET"]}}],"collection":[{"href":"https:\/\/zojopackaging.com\/de\/wp-json\/wp\/v2\/product"}],"about":[{"href":"https:\/\/zojopackaging.com\/de\/wp-json\/wp\/v2\/types\/product"}],"version-history":[{"count":2,"href":"https:\/\/zojopackaging.com\/de\/wp-json\/wp\/v2\/product\/8751\/revisions"}],"predecessor-version":[{"id":8759,"href":"https:\/\/zojopackaging.com\/de\/wp-json\/wp\/v2\/product\/8751\/revisions\/8759"}],"wp:featuredmedia":[{"embeddable":true,"href":"https:\/\/zojopackaging.com\/de\/wp-json\/wp\/v2\/media\/8753"}],"wp:attachment":[{"href":"https:\/\/zojopackaging.com\/de\/wp-json\/wp\/v2\/media?parent=8751"}],"wp:term":[{"taxonomy":"product_brand","embeddable":true,"href":"https:\/\/zojopackaging.com\/de\/wp-json\/wp\/v2\/product_brand?post=8751"},{"taxonomy":"product_cat","embeddable":true,"href":"https:\/\/zojopackaging.com\/de\/wp-json\/wp\/v2\/product_cat?post=8751"},{"taxonomy":"product_tag","embeddable":true,"href":"https:\/\/zojopackaging.com\/de\/wp-json\/wp\/v2\/product_tag?post=8751"}],"curies":[{"name":"wp","href":"https:\/\/api.w.org\/{rel}","templated":true}]}}