{"id":8760,"date":"2025-03-31T11:53:01","date_gmt":"2025-03-31T03:53:01","guid":{"rendered":"https:\/\/zojopackaging.com\/?post_type=product&#038;p=8760"},"modified":"2025-03-31T12:14:34","modified_gmt":"2025-03-31T04:14:34","slug":"custom-collagen-powder-sachet-packaging-boxes-wholesale","status":"publish","type":"product","link":"https:\/\/zojopackaging.com\/de\/product\/custom-collagen-powder-sachet-packaging-boxes-wholesale\/","title":{"rendered":"Benutzerdefinierte Kollagen Pulver Sachet Verpackung Boxen Gro\u00dfhandel"},"content":{"rendered":"<h2 id=\"customized-collagen-powder-bag-magnetic-packaging-box-wholesale-product-description\">Benutzerdefinierte Kollagen Pulver Sachet Verpackung Boxen Gro\u00dfhandel<\/h2>\n<h3 id=\"-1-magnetic-embedded-design-a-combination-of-convenience-and-durability-\"><strong>1. Magnetisch eingebettetes Design: Eine Kombination aus Bequemlichkeit und Langlebigkeit<\/strong><\/h3>\n<p>Die eingebettete Magnettechnologie wird verwendet, um die automatische Ausrichtung und Adsorptionsfunktion beim Schlie\u00dfen der Verpackung durch den eingebauten hochfesten Magneten zu erreichen, ohne dass freiliegende Metallteile erforderlich sind, wodurch das Problem der leichten Abnutzung und Oxidation herk\u00f6mmlicher Magnetaufkleber vermieden wird. Dieses Design verbessert nicht nur die Leichtigkeit des \u00d6ffnens und Schlie\u00dfens (stabile und gleichm\u00e4\u00dfige magnetische Anziehungskraft), sondern verl\u00e4ngert auch die Lebensdauer der Verpackungsschachtel, die sich besonders f\u00fcr hochfrequente Verwendungsszenarien eignet (z. B. f\u00fcr den t\u00e4glichen Gebrauch von Gesundheitsprodukten). Nach dem Verschlie\u00dfen des Kartons werden die Kanten dicht versiegelt, wodurch Feuchtigkeit und Staub wirksam verhindert und die Versiegelung des Produkts sichergestellt wird.<\/p>\n<h3 id=\"-2-double-sided-high-definition-color-printing-visual-communication-of-brand-and-product-characteristics-\"><strong>2. Beidseitiger hochaufl\u00f6sender Farbdruck: visuelle Kommunikation von Marken- und Produkteigenschaften<\/strong><\/h3>\n<p>Durch die doppelseitige Vollfarbdrucktechnologie werden 9-Farben-Tiefdruckger\u00e4te und umweltfreundliche Tinte auf Wasserbasis verwendet, um klare und feine Muster und eine hohe Farbs\u00e4ttigung zu gew\u00e4hrleisten. Die Hauptfarbe des Verpackungskartons ist ein leuchtendes Orange, kombiniert mit dem Farbverlaufseffekt und dem Metalltextur-Hei\u00dfpr\u00e4geverfahren des Markenlogos, um ein warmes und innovatives Markenimage zu vermitteln; die wichtigsten Verkaufsargumente des Kollagenpulvers (wie \"kleine Molek\u00fcle sind leicht zu absorbieren\" und \"zus\u00e4tzliches Vitamin C\") k\u00f6nnen auf die R\u00fcckseite gedruckt werden, um die Erinnerungspunkte der Kunden zu st\u00e4rken. Unterst\u00fctzung der Pantone-Spot-Farbanpassung zur Erf\u00fcllung der einheitlichen Anforderungen der Marke VI.<\/p>\n<h3 id=\"-3-environmentally-friendly-materials-and-structural-optimization-sustainability-and-practicality-are-equally-important-\"><strong>3. Umweltfreundliche Materialien und strukturelle Optimierung: Nachhaltigkeit und Zweckm\u00e4\u00dfigkeit sind gleicherma\u00dfen wichtig<\/strong><\/h3>\n<ul>\n<li><strong>Material<\/strong>: F\u00fcr die \u00e4u\u00dfere Schicht wird 157 g beschichtetes C2S-Kunstpapier (matte Textur, Kratzfestigkeit) und f\u00fcr die innere Schicht 1200 g Hartpappe (Tragf\u00e4higkeit von 5 kg, hohe Druckfestigkeit) verwendet, die beide die FSC-Forstzertifizierung erhalten haben und 100% recycelt werden k\u00f6nnen und abbaubar sind.<\/li>\n<li><strong>Gestaltung des Innenfutters<\/strong>: Ma\u00dfgeschneiderte EVA- oder Recyclingkartonauskleidung, Fixierung des Kollagenpulversacks durch Wabenstruktur oder Faltschlitze, maximale Raumausnutzung (ein einziger Karton kann 10-20 Beutel aufnehmen) und Reduzierung der Transportverluste. Die Innenauskleidung ist mit einer lebensmittelechten PE-Folie \u00fcberzogen, die feuchtigkeitsbest\u00e4ndig und f\u00e4ulnishemmend ist.<\/li>\n<\/ul>\n<h3 id=\"-4-fully-automated-production-efficient-delivery-and-cost-advantages-\"><strong>4. Vollautomatische Produktion: effiziente Lieferung und Kostenvorteile<\/strong><\/h3>\n<p>Das Werk ist mit vollautomatischen Produktionslinien f\u00fcr Stanzung, magnetische Montage und UV-Druck ausgestattet und verf\u00fcgt \u00fcber eine t\u00e4gliche Produktionskapazit\u00e4t von 10 Millionen St\u00fcck, die die Auslieferung von 100.000 Bestellungen innerhalb von 72 Stunden erm\u00f6glicht. In die Produktionslinie ist ein KI-Qualit\u00e4tspr\u00fcfungssystem integriert, das sicherstellt, dass der Gr\u00f6\u00dfenfehler jeder Produktcharge \u2264 0,5 mm ist, die Gleichm\u00e4\u00dfigkeit der magnetischen Anziehungskraft dem Standard entspricht und die Fehlerquote weniger als 0,1% betr\u00e4gt. Die Gro\u00dfserienproduktion senkt den St\u00fcckpreis erheblich, und die Kosten f\u00fcr Gro\u00dfauftr\u00e4ge (ab 100.000 St\u00fcck) k\u00f6nnen auf 70% \u00e4hnlicher Produkte gedr\u00fcckt werden.<\/p>\n<h3 id=\"-5-one-stop-customization-service-seamless-support-from-design-to-samples-\"><strong>5. Anpassungsservice aus einer Hand: nahtlose Unterst\u00fctzung vom Entwurf bis zum Muster<\/strong><\/h3>\n<p>Als Ausgangswerk in China bietet es:<\/p>\n<ul>\n<li><strong>Kostenloses Proofing<\/strong>: Physische Muster werden innerhalb von 3 Arbeitstagen verschickt, um Anpassungen an die Struktur und den Druckeffekt zu erm\u00f6glichen.<\/li>\n<li><strong>Unterst\u00fctzung bei der Gestaltung<\/strong>: Professionelle Teams liefern 3D-Renderings und Materiall\u00f6sungen, die auf den Bed\u00fcrfnissen der Marke basieren und mit den Verpackungsspezifikationen von grenz\u00fcberschreitenden E-Commerce-Plattformen (wie Amazon und Shopify) kompatibel sind.<\/li>\n<li><strong>Grenz\u00fcberschreitendes Angebot<\/strong>: Unterst\u00fctzt internationale Zertifizierungen wie FDA und REACH und bietet Mehrwertdienste wie Etikettierung und Split-Box-Lieferung.<\/li>\n<\/ul>\n<hr \/>\n<h2 id=\"-technical-parameters-\"><strong>Technische Parameter<\/strong><\/h2>\n<table>\n<thead>\n<tr>\n<th>Projekt<\/th>\n<th>Spezifikationen<\/th>\n<\/tr>\n<\/thead>\n<tbody>\n<tr>\n<td>Material<\/td>\n<td>157g C2S Kunstdruckpapier + 1200g Karton<\/td>\n<\/tr>\n<tr>\n<td>Magnetische Anziehungskraft<\/td>\n<td>\u22653N (gemessen bei 10.000-maligem \u00d6ffnen und Schlie\u00dfen ohne D\u00e4mpfung)<\/td>\n<\/tr>\n<tr>\n<td>Druckverfahren<\/td>\n<td>Beidseitiger Tiefdruck + partielle UV\/Hei\u00dfpr\u00e4gung<\/td>\n<\/tr>\n<tr>\n<td>Mindestbestellmenge<\/td>\n<td>500 St\u00fcck<\/td>\n<\/tr>\n<tr>\n<td>Lieferzyklus<\/td>\n<td>7-15 Tage (je nach Auftragsvolumen)<\/td>\n<\/tr>\n<\/tbody>\n<\/table>\n<hr \/>\n<p><strong>Vorteile der Zusammenarbeit<\/strong><\/p>\n<ul>\n<li><strong>Preisvorteil<\/strong>: Fabrik direkt liefern, kein Zwischenh\u00e4ndler Preisunterschied.<\/li>\n<li><strong>Gr\u00fcne Zertifizierung<\/strong>: Erf\u00fcllt die EU-Norm EN13432 f\u00fcr biologische Abbaubarkeit und unterst\u00fctzt die ESG-Ziele der Marke.<\/li>\n<li><strong>Flexible Anpassung<\/strong>: unterst\u00fctzt verschiedene Strukturen, wie z. B. speziell geformte Schachteln und Schubladenboxen, und eignet sich f\u00fcr Kollagenpulverbeutel verschiedener Spezifikationen.<\/li>\n<\/ul>","protected":false},"excerpt":{"rendered":"<p>1. Magnetische Verschlussbox, der Magnet eingebettet Design vermeidet den Vorteil der exponierten Verschlei\u00df, und es kann automatisch ausrichten und absorbieren, wenn die Verpackung Box geschlossen ist<br \/>\n2. Beidseitiger Farbdruck, Verbesserung der Farbabstimmung. Die Eigenschaften Ihres Produkts und die Vorteile Ihrer Marke k\u00f6nnen auf die Box gedruckt werden, um den Eindruck des Kunden zu verbessern<br \/>\n3. Orange ist eine warme Farbe, die sowohl Vitalit\u00e4t als auch W\u00e4rme ausstrahlt, wodurch sich die Kunden erfrischt f\u00fchlen k\u00f6nnen.<\/p>","protected":false},"featured_media":8761,"template":"","meta":[],"product_brand":[],"product_cat":[30,422,424,31],"product_tag":[972,974,973],"class_list":{"0":"post-8760","1":"product","2":"type-product","3":"status-publish","4":"has-post-thumbnail","6":"product_cat-by-industry","7":"product_cat-custom-gourmet-boxes-by-industry","8":"product_cat-magnetic-closure-boxes","9":"product_cat-paper-box-style","10":"product_tag-collagen-packaging","11":"product_tag-custom-collagen-boxes-wholesale","12":"product_tag-powder-sachet-packaging","14":"first","15":"instock","16":"shipping-taxable","17":"product-type-simple"},"_links":{"self":[{"href":"https:\/\/zojopackaging.com\/de\/wp-json\/wp\/v2\/product\/8760","targetHints":{"allow":["GET"]}}],"collection":[{"href":"https:\/\/zojopackaging.com\/de\/wp-json\/wp\/v2\/product"}],"about":[{"href":"https:\/\/zojopackaging.com\/de\/wp-json\/wp\/v2\/types\/product"}],"version-history":[{"count":1,"href":"https:\/\/zojopackaging.com\/de\/wp-json\/wp\/v2\/product\/8760\/revisions"}],"predecessor-version":[{"id":8767,"href":"https:\/\/zojopackaging.com\/de\/wp-json\/wp\/v2\/product\/8760\/revisions\/8767"}],"wp:featuredmedia":[{"embeddable":true,"href":"https:\/\/zojopackaging.com\/de\/wp-json\/wp\/v2\/media\/8761"}],"wp:attachment":[{"href":"https:\/\/zojopackaging.com\/de\/wp-json\/wp\/v2\/media?parent=8760"}],"wp:term":[{"taxonomy":"product_brand","embeddable":true,"href":"https:\/\/zojopackaging.com\/de\/wp-json\/wp\/v2\/product_brand?post=8760"},{"taxonomy":"product_cat","embeddable":true,"href":"https:\/\/zojopackaging.com\/de\/wp-json\/wp\/v2\/product_cat?post=8760"},{"taxonomy":"product_tag","embeddable":true,"href":"https:\/\/zojopackaging.com\/de\/wp-json\/wp\/v2\/product_tag?post=8760"}],"curies":[{"name":"wp","href":"https:\/\/api.w.org\/{rel}","templated":true}]}}