{"id":8776,"date":"2025-03-31T13:30:33","date_gmt":"2025-03-31T05:30:33","guid":{"rendered":"https:\/\/zojopackaging.com\/?post_type=product&#038;p=8776"},"modified":"2025-03-31T13:48:57","modified_gmt":"2025-03-31T05:48:57","slug":"personalize-custom-nail-polish-packaging-boxes-wholesale","status":"publish","type":"product","link":"https:\/\/zojopackaging.com\/de\/product\/personalize-custom-nail-polish-packaging-boxes-wholesale\/","title":{"rendered":"Personalisieren Sie benutzerdefinierte Nagellack Verpackung Boxen Gro\u00dfhandel"},"content":{"rendered":"<h2 id=\"-core-design-concept-\"><strong>Zentrales Gestaltungskonzept<\/strong><\/h2>\n<p>Diese Schublade Papier Nagellack Verpackung Box ist auf zentriert <strong>\"Minimalistische \u00c4sthetik + funktioneller Schutz\"<\/strong>und wurde f\u00fcr hochwertige Nagelstudios, luxuri\u00f6se Sch\u00f6nheitsmarken und den Bedarf an individueller Anpassung entwickelt. Durch die Kombination des Umweltschutzkonzepts und des matten Texturdesigns der brasilianischen Hidrabene-Serie in der Webseite sowie der modularen Produktionserfahrung der f\u00fchrenden Fabrik der Webseite in China werden Kunstfertigkeit und Zweckm\u00e4\u00dfigkeit tiefgreifend integriert, um die doppelten Bed\u00fcrfnisse der Marke zu erf\u00fcllen\u00a0<strong>High-End-Bildausgabe<\/strong>\u00a0und\u00a0<strong>Produktschutz<\/strong>.<\/p>\n<h2 id=\"-product-highlights-and-function-analysis-\"><strong>Produkthighlights und Funktionsanalyse<\/strong><\/h2>\n<h3 id=\"1-luxury-appearance-and-customized-brand-presentation-\">1.\u00a0<strong>Luxuri\u00f6ses Erscheinungsbild und individuelle Markenpr\u00e4sentation<\/strong><\/h3>\n<ul>\n<li><strong>Matte Oberfl\u00e4che + Foliendruckverfahren<\/strong>: Die Verwendung des\u00a0<strong>mattes Touch-Material<\/strong>\u00a0wie auf der Webseite erw\u00e4hnt, in Kombination mit Foliendrucktechniken wie Hei\u00dfpr\u00e4gung\/Hei\u00dfsilber, um sicherzustellen, dass das Markenlogo klar und ohne Flecken und Farbunterschiede erscheint, was der Verpackung einen dezenten und luxuri\u00f6sen visuellen Eindruck verleiht.<\/li>\n<li><strong>Ausziehbare Konstruktion zum \u00d6ffnen und Schlie\u00dfen<\/strong>: Inspiriert von der Bequemlichkeit der tragbaren Aufbewahrungsbox in der Webseite, kombiniert mit der Flip-Cover-Struktur der Webseite buchf\u00f6rmige Box, es verbessert das Gef\u00fchl der unboxing Zeremonie und ist geeignet f\u00fcr Geschenk-Ebene Szenen.<\/li>\n<\/ul>\n<h3 id=\"2-modular-multifunctional-lining-\">2.\u00a0<strong>Modulares Multifunktionsfutter<\/strong><\/h3>\n<ul>\n<li><strong>Einstellbare EVA-Schaumstoffeinlage<\/strong>: Beziehen Sie sich auf das 12-Raster-Tic-Tac-Toe-Design der Huangshi Huahong Carton Factory in Baiyun District, Guangzhou auf der Webseite, mit eingebettetem, herausnehmbarem EVA-Schaum (Dichte optional 0,3-0,5g\/cm\u00b3), der sich flexibel an 12 Fl\u00e4schchen mit 15ml Nagellack und Pinseln, Trocknungswerkzeugen und anderem Zubeh\u00f6r anpasst, um Kollisionen w\u00e4hrend des Transports zu verhindern.<\/li>\n<li><strong>Leeres Feld f\u00fcr die Anpassung der Innenh\u00fclle<\/strong>: Auf der Oberseite ist ein leerer Bereich reserviert, der UV-Druck, Pr\u00e4gung und andere Verfahren erm\u00f6glicht, um das Markenlogo oder k\u00fcnstlerische Muster einzubetten und die Markenerinnerung zu st\u00e4rken.<\/li>\n<\/ul>\n<h3 id=\"3-all-round-customization-service-\">3.\u00a0<strong>Umfassender Anpassungsservice<\/strong><\/h3>\n<ul>\n<li><strong>Flexible Anpassung von Gr\u00f6\u00dfe und Material<\/strong>: Unterst\u00fctzt die kundenspezifische Anpassung von 12-Flaschen-Standardkartons bis hin zu Geschenkkartons mit gro\u00dfem Fassungsverm\u00f6gen, und die Materialien k\u00f6nnen aus umweltfreundlicher Graupappe, wei\u00dfer Pappe, Spezialpapier und auch aus luxuri\u00f6sen Verpackungsmaterialien wie Lederfurnier gew\u00e4hlt werden.<\/li>\n<li><strong>Vielf\u00e4ltige Oberfl\u00e4chentechnik<\/strong>: Bieten Sie matten Kleber, Hei\u00dfpr\u00e4gung, UV-Pr\u00e4gung und andere Effekte an, um den unterschiedlichen Anforderungen von matt, gl\u00e4nzend, strukturiert, etc. gerecht zu werden.<\/li>\n<\/ul>\n<h3 id=\"4-advantages-of-china-s-source-factory-\">4.\u00a0<strong>Vorteile der chinesischen Ausgangsfabrik<\/strong><\/h3>\n<ul>\n<li><strong>Kostenlose Muster und Designunterst\u00fctzung<\/strong>: Unterst\u00fctzen Sie kostenlose Korrekturen und pers\u00f6nliche Vorschl\u00e4ge von professionellen Designteams, um eine genaue Umsetzung von den Zeichnungen bis zum fertigen Produkt zu gew\u00e4hrleisten.<\/li>\n<\/ul>\n<h2 id=\"-applicable-scenarios-and-industry-trends-\"><strong>Anwendbare Szenarien und Branchentrends<\/strong><\/h2>\n<ul>\n<li><strong>Professioneller Salon<\/strong>: Das modulare Design erleichtert die Pr\u00e4sentation und Aufbewahrung sowie die Positionierung im Bereich der hochwertigen Dienstleistungen.<\/li>\n<li><strong>Luxusmarken<\/strong>: Die Matt- und Foliendrucktechnologie passt zum minimalistischen Luxustrend auf der Webseite und erf\u00fcllt die Anforderungen der Marke an eine einheitliche visuelle Ausgabe.<\/li>\n<li><strong>Grenz\u00fcberschreitender elektronischer Handel<\/strong>: Erf\u00fcllt die strengen Standards von Amazon, TikTok und anderen Plattformen auf der Webseite f\u00fcr Verpackungsdesign und Transportsicherheit.<\/li>\n<\/ul>\n<h2 id=\"-customization-process-and-service-commitment-\"><strong>Anpassungsprozess und Serviceverpflichtung<\/strong><\/h2>\n<ol>\n<li><strong>Kommunikation nachfragen<\/strong>: Geben Sie Parameter wie Gr\u00f6\u00dfe, Material und Verfahren an.<\/li>\n<li><strong>3D-Proofing-Best\u00e4tigung<\/strong>: Vollst\u00e4ndige Musterproduktion innerhalb von 7 Arbeitstagen.<\/li>\n<li><strong>Massenproduktion<\/strong>: Lieferung innerhalb von 7-14 Tagen, mit Qualit\u00e4tskontrolle w\u00e4hrend des gesamten Prozesses.<\/li>\n<li><strong>Garantie nach dem Verkauf<\/strong>: Dienstleistungen wie Schadensersatz und Entgeltumwandlung anbieten<\/li>\n<\/ol>\n<p><strong>Schlussfolgerung<\/strong>\u00a0Dieses Produkt nutzt das modulare Design, die matte Textur und die tiefgreifende Anpassung an die Kundenbed\u00fcrfnisse als Kernst\u00fcck der Wettbewerbsf\u00e4higkeit, indem es die minimalistische \u00c4sthetik der Webseite und die effizienten Produktionsvorteile der Lieferkette der Webseite China integriert und der Marke hilft, ein differenziertes Image auf dem Sch\u00f6nheitsmarkt aufzubauen. Von Mustern bis hin zur Massenproduktion versprechen wir, luxuri\u00f6se Verpackungsl\u00f6sungen zu g\u00fcnstigen Preisen anzubieten.<\/p>","protected":false},"excerpt":{"rendered":"<ul>\n<li><strong>Umweltfreundlich<\/strong>: Die recycelbaren Materialien des 100% stehen im Einklang mit globalen Nachhaltigkeitstrends.<\/li>\n<li><strong>Verst\u00e4rkung der Marke<\/strong>: Hochwertige Veredelungen (Hei\u00dfpr\u00e4gung, Pr\u00e4gung) verst\u00e4rken die Wirkung im Regal.<\/li>\n<li><strong>Logistik bereit<\/strong>: Das Flat-Pack-Design reduziert die Versandkosten um 40% im Vergleich zu vormontierten Kartons.<\/li>\n<li><strong>Anpassungsf\u00e4hig<\/strong>: Die austauschbaren Eins\u00e4tze unterst\u00fctzen Nagelsets, Gele oder Geschenksets f\u00fcr den Einzelhandel.<\/li>\n<\/ul>","protected":false},"featured_media":8777,"template":"","meta":[],"product_brand":[],"product_cat":[30,390,31,426],"product_tag":[837,979,978],"class_list":{"0":"post-8776","1":"product","2":"type-product","3":"status-publish","4":"has-post-thumbnail","6":"product_cat-by-industry","7":"product_cat-custom-cosmetics-boxes","8":"product_cat-paper-box-style","9":"product_cat-paper-drawer-boxes","10":"product_tag-custom-nail-polish-packaging","11":"product_tag-nail-polish-boxes-wholesale","12":"product_tag-nail-polish-packaging","14":"first","15":"instock","16":"shipping-taxable","17":"product-type-simple"},"_links":{"self":[{"href":"https:\/\/zojopackaging.com\/de\/wp-json\/wp\/v2\/product\/8776","targetHints":{"allow":["GET"]}}],"collection":[{"href":"https:\/\/zojopackaging.com\/de\/wp-json\/wp\/v2\/product"}],"about":[{"href":"https:\/\/zojopackaging.com\/de\/wp-json\/wp\/v2\/types\/product"}],"version-history":[{"count":1,"href":"https:\/\/zojopackaging.com\/de\/wp-json\/wp\/v2\/product\/8776\/revisions"}],"predecessor-version":[{"id":8782,"href":"https:\/\/zojopackaging.com\/de\/wp-json\/wp\/v2\/product\/8776\/revisions\/8782"}],"wp:featuredmedia":[{"embeddable":true,"href":"https:\/\/zojopackaging.com\/de\/wp-json\/wp\/v2\/media\/8777"}],"wp:attachment":[{"href":"https:\/\/zojopackaging.com\/de\/wp-json\/wp\/v2\/media?parent=8776"}],"wp:term":[{"taxonomy":"product_brand","embeddable":true,"href":"https:\/\/zojopackaging.com\/de\/wp-json\/wp\/v2\/product_brand?post=8776"},{"taxonomy":"product_cat","embeddable":true,"href":"https:\/\/zojopackaging.com\/de\/wp-json\/wp\/v2\/product_cat?post=8776"},{"taxonomy":"product_tag","embeddable":true,"href":"https:\/\/zojopackaging.com\/de\/wp-json\/wp\/v2\/product_tag?post=8776"}],"curies":[{"name":"wp","href":"https:\/\/api.w.org\/{rel}","templated":true}]}}