{"id":8784,"date":"2025-03-31T13:49:24","date_gmt":"2025-03-31T05:49:24","guid":{"rendered":"https:\/\/zojopackaging.com\/?post_type=product&#038;p=8784"},"modified":"2025-03-31T14:25:06","modified_gmt":"2025-03-31T06:25:06","slug":"custom-printed-coffee-tea-packaging-box-wholesale-supplier","status":"publish","type":"product","link":"https:\/\/zojopackaging.com\/de\/product\/custom-printed-coffee-tea-packaging-box-wholesale-supplier\/","title":{"rendered":"Individuell bedruckte Kaffee Tee Verpackung Box Gro\u00dfhandel Lieferant"},"content":{"rendered":"<h2 id=\"1-environmentally-friendly-materials-sustainable-concept\">1. Umweltvertr\u00e4gliche Materialien, nachhaltiges Konzept<\/h2>\n<p>Unsere Kaffee- und Teeverpackungen werden hergestellt aus\u00a0<strong>recycelbare und umweltfreundliche Materialien<\/strong>wie Bambusfasern, Bagasse-Zellstoff, Papierrohstoff mit hohem Fasergehalt usw., um sicherzustellen, dass die Produkte internationalen Umweltstandards entsprechen (z. B. ISO9001, BRCGS-Zertifizierung). Das Material ist sowohl **haltbar und leicht<\/p>\n<h2 id=\"2-flexible-customization-to-highlight-brand-personality\">2. Flexible Anpassung zur Hervorhebung der Markenpers\u00f6nlichkeit<\/h2>\n<ol>\n<li><strong>Logo und k\u00fcnstlerische Gestaltung<\/strong>: Sie k\u00f6nnen Markenlogos, QR-Codes, saisonale Muster oder kulturelle Elemente hinzuf\u00fcgen und durch Offsetdruck, Flexodruck und andere Verfahren hochpr\u00e4zise visuelle Effekte erzielen. Ein Beispiel ist das traditionelle Design von Tee-Verpackungen, das moderne \u00c4sthetik mit einem hohen Wiedererkennungswert verbindet.<\/li>\n<li><strong>Individuelles Futter und Struktur<\/strong>: Je nach Gr\u00f6\u00dfe der Produkte, wie z. B. Kaffeebohnen, Teebeutel, Instant-Sticks usw., k\u00f6nnen Sie schichtweise Auskleidungen im Stil von Schubladen oder festen Rillen entwerfen, um die Platzverschwendung zu reduzieren und die Lager- und Transporteffizienz zu optimieren. Die magnetisch zu \u00f6ffnende und zu schlie\u00dfende Pu'er-Tee-Verpackungsschachtel zum Beispiel ist sowohl praktisch als auch rituell.<\/li>\n<\/ol>\n<h2 id=\"3-multiple-styles-adapted-to-market-positioning\">3. Mehrere Stile, angepasst an die Marktpositionierung<\/h2>\n<p>Bereitstellung von\u00a0<strong>Geschenkbox, Kartenbox, Zylinder<\/strong>\u00a0und andere Stile zur Auswahl:<\/p>\n<ul>\n<li><strong>Starre Box<\/strong>: geeignet f\u00fcr hochwertige Geschenksets, mit Metallzubeh\u00f6r oder Holztextur, die die luxuri\u00f6se Positionierung hervorheben.<\/li>\n<li><strong>Pappkarton<\/strong>Leicht und einfach, geeignet f\u00fcr den t\u00e4glichen Einzelhandel, unter Verwendung von umweltfreundlichen beschichteten Papierbechern oder aufrei\u00dfsicheren Papiert\u00fcten, unter Ber\u00fccksichtigung von Sicherheit und Komfort.<\/li>\n<li><strong>Papierh\u00fclsen-Verpackungen<\/strong>: geeignet f\u00fcr die Lagerung von losem Tee oder Kaffeebohnen, mit abbaubarer PLA-Beschichtung, die sowohl dicht als auch \u00e4sthetisch ist.<\/li>\n<\/ul>\n<h2 id=\"4-multifunctional-application-scenarios\">4. Multifunktionale Anwendungsszenarien<\/h2>\n<p>Das Produkt ist weitgehend geeignet f\u00fcr\u00a0<strong>Kaffee, Tee, Naturkost und Geschenksets<\/strong>\u00a0und anderen Bereichen:<\/p>\n<ul>\n<li>Verpackung von Kaffeebohnen: Verwenden Sie vertikale Papiert\u00fcten oder transparente PLA-Becher, um die Barriereeigenschaften zu optimieren und das Aroma zu bewahren.<\/li>\n<li>Teebeutel-Geschenkbox: Kombiniert mit Fachauskleidung und Trockenmittel-Design, verl\u00e4ngert die Haltbarkeit von Tee.<\/li>\n<li>Instant-Getr\u00e4nke: leichte Pappschachteln mit feuchtigkeitsdichter Innenschicht, geeignet f\u00fcr den Transport im E-Commerce und die Offline-Pr\u00e4sentation.<\/li>\n<\/ul>\n<h2 id=\"v-efficient-service-and-guarantee\">5. Effizienter Service und Garantie<\/h2>\n<ol>\n<li><strong>Niedrige Mindestbestellmenge<\/strong>: Mindestbestellmenge\u00a0<strong>500 St\u00fcck<\/strong>Sie unterst\u00fctzen sowohl kleine Testbestellungen als auch die Gro\u00dfserienproduktion.<\/li>\n<li><strong>Schnelle Lieferung<\/strong>: Der Produktionszyklus dauert nur\u00a0<strong>7-12 Arbeitstage<\/strong>eigene Fabrik- und Automatisierungsanlagen, um eine p\u00fcnktliche Lieferung zu gew\u00e4hrleisten.<\/li>\n<li><strong>Kostenloser Mehrwertdienst<\/strong>:<\/li>\n<li>Bereitstellung von\u00a0<strong>Gratisproben<\/strong>\u00a0und Entwurfspr\u00fcfung, einschlie\u00dflich Materialpr\u00fcfung und Strukturpr\u00fcfung.<\/li>\n<li>Direkte Lieferung aus der Fabrik in China, keine Preisunterschiede zwischen Zwischenh\u00e4ndlern, Garantie\u00a0<strong>hohe Kostenleistung<\/strong>.<\/li>\n<\/ol>\n<h2 id=\"reasons-to-choose-us\">Gr\u00fcnde, uns zu w\u00e4hlen<\/h2>\n<ul>\n<li><strong>Technische Vorteile<\/strong>: 300.000-Stufen-Reinigungswerkstatt und fortschrittliche Druckanlagen, um sicherzustellen, dass die Produkte den Sicherheitsstandards f\u00fcr Lebensmittel entsprechen.<\/li>\n<li><strong>Erfahrung mit F\u00e4llen<\/strong>: Betreuung in- und ausl\u00e4ndischer Kunden aus der Lebensmittel-, der t\u00e4glichen Chemie- und der Geschenkartikelindustrie<\/li>\n<\/ul>","protected":false},"excerpt":{"rendered":"<p>\u2705 Umweltbewusstes Branding - Recycelbare Materialien entsprechen den modernen Nachhaltigkeitstrends.<br \/>\nNiedrige Mindestbestellmengen - Beginnen Sie mit 500 Einheiten f\u00fcr Markttests, skalieren Sie auf 50k+\/Monat.<br \/>\n\u2705 Pr\u00e4zisionstechnik - eine Toleranz von \u00b10,5 mm gew\u00e4hrleistet eine nahtlose Maschinenbef\u00fcllung.<br \/>\nGlobale Konformit\u00e4t - Erf\u00fcllt die EU\/US-Verpackungsstandards f\u00fcr den grenz\u00fcberschreitenden E-Commerce.<br \/>\n\u2705 Schl\u00fcsselfertiger Service - Kostenlose Designvorlagen + Lieferung von Mustern innerhalb von 48 Stunden.<\/p>","protected":false},"featured_media":8787,"template":"","meta":[],"product_brand":[],"product_cat":[30,422,424,31],"product_tag":[980,982,981],"class_list":{"0":"post-8784","1":"product","2":"type-product","3":"status-publish","4":"has-post-thumbnail","6":"product_cat-by-industry","7":"product_cat-custom-gourmet-boxes-by-industry","8":"product_cat-magnetic-closure-boxes","9":"product_cat-paper-box-style","10":"product_tag-custom-coffee-packaging","11":"product_tag-tea-box-wholesale","12":"product_tag-tea-packaging-box","14":"first","15":"instock","16":"shipping-taxable","17":"product-type-simple"},"_links":{"self":[{"href":"https:\/\/zojopackaging.com\/de\/wp-json\/wp\/v2\/product\/8784","targetHints":{"allow":["GET"]}}],"collection":[{"href":"https:\/\/zojopackaging.com\/de\/wp-json\/wp\/v2\/product"}],"about":[{"href":"https:\/\/zojopackaging.com\/de\/wp-json\/wp\/v2\/types\/product"}],"version-history":[{"count":2,"href":"https:\/\/zojopackaging.com\/de\/wp-json\/wp\/v2\/product\/8784\/revisions"}],"predecessor-version":[{"id":8794,"href":"https:\/\/zojopackaging.com\/de\/wp-json\/wp\/v2\/product\/8784\/revisions\/8794"}],"wp:featuredmedia":[{"embeddable":true,"href":"https:\/\/zojopackaging.com\/de\/wp-json\/wp\/v2\/media\/8787"}],"wp:attachment":[{"href":"https:\/\/zojopackaging.com\/de\/wp-json\/wp\/v2\/media?parent=8784"}],"wp:term":[{"taxonomy":"product_brand","embeddable":true,"href":"https:\/\/zojopackaging.com\/de\/wp-json\/wp\/v2\/product_brand?post=8784"},{"taxonomy":"product_cat","embeddable":true,"href":"https:\/\/zojopackaging.com\/de\/wp-json\/wp\/v2\/product_cat?post=8784"},{"taxonomy":"product_tag","embeddable":true,"href":"https:\/\/zojopackaging.com\/de\/wp-json\/wp\/v2\/product_tag?post=8784"}],"curies":[{"name":"wp","href":"https:\/\/api.w.org\/{rel}","templated":true}]}}