{"id":8786,"date":"2025-03-31T13:50:43","date_gmt":"2025-03-31T05:50:43","guid":{"rendered":"https:\/\/zojopackaging.com\/?post_type=product&#038;p=8786"},"modified":"2025-03-31T16:05:28","modified_gmt":"2025-03-31T08:05:28","slug":"retail-premium-perfume-folding-carton-box-mamufacturer","status":"publish","type":"product","link":"https:\/\/zojopackaging.com\/de\/product\/retail-premium-perfume-folding-carton-box-mamufacturer\/","title":{"rendered":"Einzelhandel Premium Parf\u00fcm Faltschachtel Hersteller"},"content":{"rendered":"<div class=\"widget block block-static-block\">\n<div class=\"landing-page-section option-bottom\">\n<div class=\"custom-materials-tabs-content container container-adjustment\">\n<div class=\"custom-materials-tab-content active\">\n<div class=\"widget block block-static-block\">\n<div class=\"options-items\">\n<div class=\"flex-grid-row-option\">\n<div class=\"flex-grid-item-option\">\n<div class=\"material-box\">\n<h2 id=\"-retail-high-quality-perfume-folding-carton-manufacturers-the-perfect-combination-of-high-end-customization-and-environmental-innovation-\"><strong>Hersteller hochwertiger Parf\u00fcmfaltschachteln f\u00fcr den Einzelhandel<\/strong><\/h2>\n<p>Im Parf\u00fcmeinzelhandel ist die Verpackung nicht nur die \"\u00e4u\u00dfere H\u00fclle\" des Produkts, sondern auch der zentrale Tr\u00e4ger des Markenwerts und des Benutzererlebnisses. Hochwertige Faltschachteln bieten Parf\u00fcmmarken L\u00f6sungen, die durch Materialauswahl, Prozessinnovation und funktionales Design sowohl \u00e4sthetisch als auch praktisch sind. Im Folgenden werden die Herstellungspunkte hochwertiger Parf\u00fcmfaltschachteln unter verschiedenen Gesichtspunkten analysiert:<\/p>\n<h3 id=\"-1-350g-single-powder-card-material-dual-advantages-of-lightweight-and-cost-optimization-\"><strong>1. 350g einfaches Pulverkartenmaterial: doppelte Vorteile von Leichtgewicht und Kostenoptimierung<\/strong><\/h3>\n<p>Einfacher Pulverkarton (auch bekannt als einfaches Kupferpapier) hat ein typisches Gewicht von 350 g und ist sowohl flexibel als auch steif. Er kann nicht nur die Anforderungen der Parf\u00fcmschachtel an die dreidimensionale Struktur erf\u00fcllen, sondern auch das Transportvolumen und die Logistikkosten durch das Faltdesign reduzieren. Seine Oberfl\u00e4che ist glatt und empfindlich und bietet eine hochwertige Grundlage f\u00fcr Verfahren wie Hei\u00dfpr\u00e4gung und UV-Druck, die Farbwiedergabe und Haltbarkeit gew\u00e4hrleisten.<\/p>\n<h2 id=\"-2-neutral-design-adapt-to-the-tone-of-multiple-brands-\"><strong>2. Neutrales Design: Anpassung an den Ton mehrerer Marken<\/strong><\/h2>\n<p>Neutrale Parf\u00fcmkartons basieren haupts\u00e4chlich auf einfachen Linien und reinen Farben und werden durch eine modulare Struktur (z. B. Deckel und Boden, Schubladenform) an verschiedene Markenstile angepasst. High-End-Marken k\u00f6nnen beispielsweise durch Hei\u00dfpr\u00e4gung das Gef\u00fchl von Luxus verst\u00e4rken, w\u00e4hrend Nischenmarken ihre Pers\u00f6nlichkeit durch lokalen UV-Druck oder Pr\u00e4gung hervorheben k\u00f6nnen. Einige Hersteller bieten kostenlose Online-Designservices an, unterst\u00fctzen schnelle Korrekturen und \u00c4nderungen und erf\u00fcllen die Anforderungen der Marke an schnelle Iterationen vom Konzept bis zum fertigen Produkt.<\/p>\n<h3 id=\"-3-hot-stamping-process-the-core-touchpoint-to-enhance-brand-premium-\"><strong>3. Hei\u00dfpr\u00e4geverfahren: der wichtigste Ber\u00fchrungspunkt zur Steigerung der Markenpr\u00e4mie<\/strong><\/h3>\n<p>Bei der Hei\u00dfpr\u00e4getechnik wird Metallfolie durch Hei\u00dfpressen \u00fcbertragen, um ein hochgl\u00e4nzendes dreidimensionales Muster auf der Oberfl\u00e4che der Papierschachtel zu bilden, das sowohl visuelle Wirkung als auch F\u00e4lschungssicherheit bietet. So k\u00f6nnen beispielsweise Schl\u00fcsselinformationen wie das Markenlogo und der Produktname durch die Hei\u00dfpr\u00e4getechnik verst\u00e4rkt werden, w\u00e4hrend gleichzeitig die Produktstruktur verbessert wird. Studien haben gezeigt, dass die Pr\u00e4mienrate von Parf\u00fcmprodukten mit Hei\u00dfpr\u00e4geverpackungen 20%-30% erreichen kann.<\/p>\n<h3 id=\"-4-fsc-certification-a-global-passport-for-sustainable-packaging-\"><strong>4. FSC-Zertifizierung: ein globaler Pass f\u00fcr nachhaltige Verpackungen<\/strong><\/h3>\n<p>Umweltschutz ist zu einem wichtigen Trend in der Parf\u00fcmindustrie geworden. FSC-zertifizierte Kartons werden aus Zellstoff aus nachhaltig bewirtschafteten W\u00e4ldern hergestellt, und der gesamte Prozess von der Rohstoffsammlung bis zur Produktion entspricht internationalen Umweltstandards. Einige Hersteller verwenden beispielsweise Bambuszellstoff oder Recyclingpapier anstelle von Frischholzzellstoff, um den CO2-Fu\u00dfabdruck weiter zu verringern und gesetzliche Anforderungen wie EU REACH und US CA Prop 65 zu erf\u00fcllen.<\/p>\n<p><strong>5. Touchfilm-Technologie: sensorische Aufwertung f\u00fcr ein High-End-Erlebnis<\/strong>Das Touch-Film-Verfahren bildet ein zartes Wildleder auf der Oberfl\u00e4che des Kartons, das sich so weich wie Samt anf\u00fchlt und Anti-Fingerabdruck- und Anti-Kratz-Eigenschaften besitzt. Dieses Verfahren wird vor allem bei Luxusparf\u00fcmschachteln von Dior, Chanel und anderen Marken eingesetzt, um den Markenton durch Ber\u00fchrung zu verst\u00e4rken. Einige Touch-Folien unterst\u00fctzen auch den UV-Druck, wodurch eine doppelte Aufwertung von Muster und Textur erreicht wird.<\/p>\n<h3 id=\"-6-built-in-paper-tray-the-last-line-of-defense-for-transportation-safety-\"><strong>6. Integriertes Papierfach: die letzte Verteidigungslinie f\u00fcr die Transportsicherheit<\/strong><\/h3>\n<p>Die zerbrechliche Natur von Parf\u00fcmflaschen erfordert eine starke Polsterung der Verpackung. Das integrierte Papiertablett wird aus umweltfreundlichen Materialien wie Zuckerrohr- oder Bambuszellstoff hergestellt und passt sich durch eine pr\u00e4zise Form\u00f6ffnung an verschiedene Flaschenformen an, wodurch nicht nur der Flaschenk\u00f6rper fixiert, sondern auch Extrusion und Verformung vermieden werden. Das integrierte Design des Papiertabletts und der Papierschachtel kann auch den Verpackungsprozess vereinfachen und die Verpackungseffizienz verbessern.<\/p>\n<\/div>\n<\/div>\n<\/div>\n<\/div>\n<\/div>\n<\/div>\n<\/div>\n<\/div>\n<\/div>\n<div class=\"widget block block-static-block\">\n<div class=\"landing-page-section option-bottom\">\n<div class=\"custom-materials-tabs-content container container-adjustment\">\n<div class=\"custom-materials-tab-content active\">\n<div class=\"widget block block-static-block\">\n<p><!---end of option item--><\/p>\n<\/div>\n<\/div>\n<\/div>\n<\/div>\n<\/div>","protected":false},"excerpt":{"rendered":"<p>Hochwertige Hersteller von Parf\u00fcmfaltschachteln bieten Marken eine Komplettl\u00f6sung vom Design bis zur Auslieferung durch Materialinnovationen, Prozessverbesserungen und Umweltzertifizierungen. In Zukunft wird mit der Verbreitung von KI-Design-Tools (wie der X-FUN-Plattform) die kundenspezifische Produktionseffizienz weiter verbessert werden, und die Integration nachhaltiger Materialien und intelligenter Strukturen wird die Entwicklung der Parf\u00fcmverpackungsindustrie in Richtung gr\u00fcner und intelligenter Richtungen weiter vorantreiben.<\/p>","protected":false},"featured_media":8802,"template":"","meta":[],"product_brand":[],"product_cat":[30,417,430,31],"product_tag":[994,992,993],"class_list":{"0":"post-8786","1":"product","2":"type-product","3":"status-publish","4":"has-post-thumbnail","6":"product_cat-by-industry","7":"product_cat-custom-perfume-boxes-by-industry","8":"product_cat-folding-cartons","9":"product_cat-paper-box-style","10":"product_tag-perfume-box-mamufacturer","11":"product_tag-perfume-folding-carton-box","12":"product_tag-retail-premium-box","14":"first","15":"instock","16":"shipping-taxable","17":"product-type-grouped"},"_links":{"self":[{"href":"https:\/\/zojopackaging.com\/de\/wp-json\/wp\/v2\/product\/8786","targetHints":{"allow":["GET"]}}],"collection":[{"href":"https:\/\/zojopackaging.com\/de\/wp-json\/wp\/v2\/product"}],"about":[{"href":"https:\/\/zojopackaging.com\/de\/wp-json\/wp\/v2\/types\/product"}],"version-history":[{"count":5,"href":"https:\/\/zojopackaging.com\/de\/wp-json\/wp\/v2\/product\/8786\/revisions"}],"predecessor-version":[{"id":8840,"href":"https:\/\/zojopackaging.com\/de\/wp-json\/wp\/v2\/product\/8786\/revisions\/8840"}],"wp:featuredmedia":[{"embeddable":true,"href":"https:\/\/zojopackaging.com\/de\/wp-json\/wp\/v2\/media\/8802"}],"wp:attachment":[{"href":"https:\/\/zojopackaging.com\/de\/wp-json\/wp\/v2\/media?parent=8786"}],"wp:term":[{"taxonomy":"product_brand","embeddable":true,"href":"https:\/\/zojopackaging.com\/de\/wp-json\/wp\/v2\/product_brand?post=8786"},{"taxonomy":"product_cat","embeddable":true,"href":"https:\/\/zojopackaging.com\/de\/wp-json\/wp\/v2\/product_cat?post=8786"},{"taxonomy":"product_tag","embeddable":true,"href":"https:\/\/zojopackaging.com\/de\/wp-json\/wp\/v2\/product_tag?post=8786"}],"curies":[{"name":"wp","href":"https:\/\/api.w.org\/{rel}","templated":true}]}}