{"id":8795,"date":"2025-03-31T14:26:32","date_gmt":"2025-03-31T06:26:32","guid":{"rendered":"https:\/\/zojopackaging.com\/?post_type=product&#038;p=8795"},"modified":"2025-03-31T14:52:33","modified_gmt":"2025-03-31T06:52:33","slug":"luxury-fork-knife-cutlery-spoon-tableware-set-packaging-box","status":"publish","type":"product","link":"https:\/\/zojopackaging.com\/de\/product\/luxury-fork-knife-cutlery-spoon-tableware-set-packaging-box\/","title":{"rendered":"Luxus Gabel Messer Besteck L\u00f6ffel Geschirrset Verpackungsbox"},"content":{"rendered":"<h2 id=\"-product-overview-\"><strong>Produkt\u00fcbersicht<\/strong><\/h2>\n<p>Diese luxuri\u00f6se Verpackungsbox f\u00fcr Gabel, Messer, Besteck und L\u00f6ffel wurde f\u00fcr hochwertiges Geschirr entworfen und verbindet \u00c4sthetik und Zweckm\u00e4\u00dfigkeit. Es verwendet umweltfreundliche Materialien und exquisite Handwerkskunst. Sie eignet sich f\u00fcr Hochzeiten, Hotels, den gehobenen Einzelhandel und andere Szenarien und verbessert das Markenimage und die Benutzererfahrung durch hervorragende Qualit\u00e4t.<\/p>\n<h2 id=\"-core-selling-points-\"><strong>Wichtigste Verkaufsargumente<\/strong><\/h2>\n<ol>\n<li><strong>Luxuri\u00f6ses Design und Sicherheitsschutz<\/strong><\/li>\n<li><strong>Samtfutter + Sicherheitsfach<\/strong>: Das Innenfutter der schwarzen Geschenkbox besteht aus weichem Samtmaterial, das zart und kratzfest ist; das ma\u00dfgeschneiderte Fachdesign sorgt daf\u00fcr, dass Besteck, Gabel, L\u00f6ffel und Geschirr fest platziert werden, um Zusammenst\u00f6\u00dfe beim Transport oder bei der Lagerung zu vermeiden.<\/li>\n<li><strong>Stapelbare Struktur<\/strong>: Das modulare Design erm\u00f6glicht eine effiziente Stapelung, spart Lager- und Transportraum, reduziert die Logistikkosten und erh\u00e4lt die Stabilit\u00e4t der Verpackungsbox.<\/li>\n<li><strong>Umweltschutz und Haltbarkeit<\/strong><\/li>\n<li><strong>Wiederverwertbares Material<\/strong>: Der Korpus besteht aus recyceltem, umweltfreundlichem Holz, ist 100% recycelbar und entspricht internationalen Umweltstandards.<\/li>\n<li><strong>Dauerhaft<\/strong>: Die Oberfl\u00e4che ist mit einer matten, verschlei\u00dffesten Beschichtung versehen, die druckfest und feuchtigkeitsbest\u00e4ndig ist, wiederverwendbar und lange Zeit ein gepflegtes Aussehen beh\u00e4lt.<\/li>\n<li><strong>Handwerkliches K\u00f6nnen und Qualit\u00e4tssicherung<\/strong><\/li>\n<li><strong>Exquisite Handwerkskunst<\/strong>: Die Kanten der Verpackungsschachtel sind glatt und gratfrei, die N\u00e4hte sind pr\u00e4zise, und das \u00d6ffnen und Schlie\u00dfen erfolgt reibungslos.<\/li>\n<li><strong>Anpassungsf\u00e4higkeit des Geschirrs<\/strong>: Unterst\u00fctzt kundenspezifische Gr\u00f6\u00dfen, passt perfekt zu den Messer-, Gabel- und L\u00f6ffelsets aus Edelstahl (z. B. 24-teilige Sets, 36-teilige Sets) und passt sich an die verschiedenen Bed\u00fcrfnisse bei der Kombination von Geschirr an.<\/li>\n<li><strong>Multifunktionale Anwendungsszenarien<\/strong><\/li>\n<li><strong>Gesch\u00e4fte und Feierlichkeiten<\/strong>: Geeignet f\u00fcr Hochzeitssouvenirs, Hotel-Bankette, Marken-Werbegeschenke und andere Szenarien, um das Niveau der Aktivit\u00e4ten zu erh\u00f6hen; unterst\u00fctzt LOGO Lasergravur oder Hei\u00dfpr\u00e4getechnik, um die Markenerkennung zu verbessern.<\/li>\n<li><strong>Hochwertiger Einzelhandel<\/strong>: Es kann als Display-Verpackung f\u00fcr Luxusgeschirr verwendet werden, um die Aufmerksamkeit der Verbraucher zu erregen und den Mehrwert des Produkts zu erh\u00f6hen.<\/li>\n<li><strong>Effiziente Lieferung und Serviceunterst\u00fctzung<\/strong><\/li>\n<li><strong>Produktionszyklus<\/strong>: Die Mindestbestellmenge betr\u00e4gt 500 St\u00fcck, und die Produktion wird innerhalb von 7-12 Arbeitstagen abgeschlossen, um eine p\u00fcnktliche Lieferung zu gew\u00e4hrleisten.<\/li>\n<li><strong>Ma\u00dfgeschneiderter Service<\/strong>: Die Ausgangsfabrik in China bietet kostenlose Muster, Designberatung und Materialanpassung (z. B. Polieren von Stoffr\u00e4dern und Holzkisten) an, um verschiedene Bed\u00fcrfnisse zu erf\u00fcllen.<\/li>\n<\/ol>\n<h2 id=\"-technical-parameters-\"><strong>Technische Parameter<\/strong><\/h2>\n<table>\n<thead>\n<tr>\n<th>Projekt<\/th>\n<th>Spezifikationen<\/th>\n<\/tr>\n<\/thead>\n<tbody>\n<tr>\n<td>Auskleidung<\/td>\n<td>Schwarzer Samt + EVA-Pufferschicht<\/td>\n<\/tr>\n<tr>\n<td>Gr\u00f6\u00dfe<\/td>\n<td>Anpassbar (Referenzstandard: 25cm\u00d718cm\u00d76cm)<\/td>\n<\/tr>\n<tr>\n<td>Tragf\u00e4hig<\/td>\n<td>\u22645kg<\/td>\n<\/tr>\n<tr>\n<td>Umweltzertifizierung<\/td>\n<td>FSC-Zertifizierung, ROHS-Norm<\/td>\n<\/tr>\n<\/tbody>\n<\/table>\n<h2 id=\"-cooperation-advantages-\"><strong>Vorteile der Zusammenarbeit<\/strong><\/h2>\n<ul>\n<li><strong>Preisvorteil<\/strong>: Da wir uns auf die Ressourcen des chinesischen Produktionsclusters st\u00fctzen und kosteng\u00fcnstige L\u00f6sungen anbieten, ist der St\u00fcckpreis 30%-50% niedriger als bei \u00e4hnlichen Produkten in Europa und den Vereinigten Staaten.<\/li>\n<li><strong>Service aus einer Hand<\/strong>: Betreuung vom Entwurf \u00fcber die Pr\u00fcfung bis zur Massenproduktion, Unterst\u00fctzung der grenz\u00fcberschreitenden Logistik und des Versandes.<\/li>\n<\/ul>\n<p><strong>Fordern Sie jetzt kostenlose Muster an und machen Sie sich auf den Weg zu einer ma\u00dfgeschneiderten Verpackung f\u00fcr hochwertiges Geschirr!<\/strong><\/p>","protected":false},"excerpt":{"rendered":"<p>\u2705 Umweltbewusstes Branding - Recycelbare Materialien entsprechen den modernen Nachhaltigkeitstrends.<br \/>\nNiedrige Mindestbestellmengen - Beginnen Sie mit 500 Einheiten f\u00fcr Markttests, skalieren Sie auf 50k+\/Monat.<br \/>\n\u2705 Pr\u00e4zisionstechnik - eine Toleranz von \u00b10,5 mm gew\u00e4hrleistet eine nahtlose Maschinenbef\u00fcllung.<br \/>\nGlobale Konformit\u00e4t - Erf\u00fcllt die EU\/US-Verpackungsstandards f\u00fcr den grenz\u00fcberschreitenden E-Commerce.<br \/>\n\u2705 Schl\u00fcsselfertiger Service - Kostenlose Designvorlagen + Lieferung von Mustern innerhalb von 48 Stunden.<\/p>","protected":false},"featured_media":8801,"template":"","meta":[],"product_brand":[],"product_cat":[30,413,428,31],"product_tag":[984,983,985],"class_list":{"0":"post-8795","1":"product","2":"type-product","3":"status-publish","4":"has-post-thumbnail","6":"product_cat-by-industry","7":"product_cat-consumer-electronics-boxes","8":"product_cat-irregular-shaped-gift-boxes","9":"product_cat-paper-box-style","10":"product_tag-cutlery-spoon-packaging","11":"product_tag-fork-knife-packaging-box","12":"product_tag-tableware-set-packaging-box","14":"first","15":"instock","16":"shipping-taxable","17":"product-type-simple"},"_links":{"self":[{"href":"https:\/\/zojopackaging.com\/de\/wp-json\/wp\/v2\/product\/8795","targetHints":{"allow":["GET"]}}],"collection":[{"href":"https:\/\/zojopackaging.com\/de\/wp-json\/wp\/v2\/product"}],"about":[{"href":"https:\/\/zojopackaging.com\/de\/wp-json\/wp\/v2\/types\/product"}],"version-history":[{"count":3,"href":"https:\/\/zojopackaging.com\/de\/wp-json\/wp\/v2\/product\/8795\/revisions"}],"predecessor-version":[{"id":8811,"href":"https:\/\/zojopackaging.com\/de\/wp-json\/wp\/v2\/product\/8795\/revisions\/8811"}],"wp:featuredmedia":[{"embeddable":true,"href":"https:\/\/zojopackaging.com\/de\/wp-json\/wp\/v2\/media\/8801"}],"wp:attachment":[{"href":"https:\/\/zojopackaging.com\/de\/wp-json\/wp\/v2\/media?parent=8795"}],"wp:term":[{"taxonomy":"product_brand","embeddable":true,"href":"https:\/\/zojopackaging.com\/de\/wp-json\/wp\/v2\/product_brand?post=8795"},{"taxonomy":"product_cat","embeddable":true,"href":"https:\/\/zojopackaging.com\/de\/wp-json\/wp\/v2\/product_cat?post=8795"},{"taxonomy":"product_tag","embeddable":true,"href":"https:\/\/zojopackaging.com\/de\/wp-json\/wp\/v2\/product_tag?post=8795"}],"curies":[{"name":"wp","href":"https:\/\/api.w.org\/{rel}","templated":true}]}}