{"id":8812,"date":"2025-03-31T14:53:11","date_gmt":"2025-03-31T06:53:11","guid":{"rendered":"https:\/\/zojopackaging.com\/?post_type=product&#038;p=8812"},"modified":"2025-03-31T15:17:40","modified_gmt":"2025-03-31T07:17:40","slug":"luxury-perfume-oil-packaging-gift-box-wholesale-with-insert","status":"publish","type":"product","link":"https:\/\/zojopackaging.com\/de\/product\/luxury-perfume-oil-packaging-gift-box-wholesale-with-insert\/","title":{"rendered":"Luxus Parf\u00fcm\u00f6l Verpackung Geschenkbox Gro\u00dfhandel mit Einsatz"},"content":{"rendered":"<h2 id=\"-core-product-highlights-\"><strong>Wichtigste Produkt-Highlights<\/strong><\/h2>\n<ol>\n<li><strong>Zweifacher Luxus: Sehen und Tasten<\/strong><\/li>\n<li><strong>Farbabstimmung und Muster<\/strong>: Die Hauptfarben sind tiefes Saphirblau und warmes Burgunderrot, die einen klassischen Kontrast bilden und eine zur\u00fcckhaltende und luxuri\u00f6se visuelle Sprache vermitteln; die Oberfl\u00e4che der Schachtel ist mit einem vergoldeten vierbl\u00e4ttrigen Kleeblattmuster versehen, das Gl\u00fcck und Ewigkeit symbolisiert, und der dreidimensionale Eindruck wird durch lokale UV-Technologie verst\u00e4rkt, um eine differenzierte visuelle Markenidentit\u00e4t zu schaffen.<\/li>\n<li><strong>Oberfl\u00e4chenbehandlung<\/strong>: Die kratzfeste, matte Touch-Laminierungstechnologie verhindert Fingerabdr\u00fccke und verleiht dem Geh\u00e4use eine zarte, matte Textur. Gleichzeitig wird die Verschlei\u00dffestigkeit erh\u00f6ht, um ein perfektes Erscheinungsbild w\u00e4hrend des Transports und der Pr\u00e4sentation zu gew\u00e4hrleisten.<\/li>\n<li><strong>Materialauswahl, die sowohl den Umweltschutz als auch die Qualit\u00e4t ber\u00fccksichtigt<\/strong><\/li>\n<li><strong>FSC-zertifizierter Karton<\/strong>: Der Hauptk\u00f6rper besteht aus 1,5 mm dickem FSC-zertifiziertem Graukernkarton mit 157 g doppelter Kupferummantelung, der sowohl druckfest als auch umweltschonend ist und die internationalen Standards f\u00fcr nachhaltige Beschaffung erf\u00fcllt.<\/li>\n<li><strong>Ma\u00dfgeschneidertes Futter<\/strong>: Es stehen EVA-Blisterschalen oder PU-Samtverpackungen zur Verf\u00fcgung, die genau an die 5ml-30ml Parf\u00fcm\u00f6lflaschen angepasst werden k\u00f6nnen. Das Innenfutter kann mit markenspezifischen Farben (z. B. Champagner-Gold und Weinrot) angepasst werden, um das Gef\u00fchl der Zeremonie beim \u00d6ffnen der Schachtel zu verst\u00e4rken.<\/li>\n<li><strong>Intelligentes funktionales Design<\/strong><\/li>\n<li><strong>Magnetisches Dichtungssystem<\/strong>: Eingebaute unsichtbare Magnetverschl\u00fcsse erm\u00f6glichen ein einh\u00e4ndiges \u00d6ffnen und Schlie\u00dfen. In geschlossenem Zustand liegt er eng an, um das Abnutzungsrisiko der traditionellen Zungenstruktur zu vermeiden, was f\u00fcr h\u00e4ufige Geschenkszenen geeignet ist.<\/li>\n<li><strong>Individuelles Panel der Marke<\/strong>: Die Innenseite des Deckels ist mit einer Blindpr\u00e4gung versehen, die mit Laser, Hei\u00dfpr\u00e4gung, Logo oder QR-Code bedruckt werden kann (Aufl\u00f6sung \u2265300dpi), um die verschiedenen Anforderungen an die Darstellung der Markengeschichte, die Einbindung von Werbeaktivit\u00e4ten usw. zu erf\u00fcllen.<\/li>\n<\/ol>\n<h3 id=\"-technical-parameters-and-customized-services-\"><strong>Technische Parameter und ma\u00dfgeschneiderte Dienstleistungen<\/strong><\/h3>\n<table>\n<thead>\n<tr>\n<th>Projekt<\/th>\n<th>Spezifikationen<\/th>\n<\/tr>\n<\/thead>\n<tbody>\n<tr>\n<td><strong>Grundlegende Gr\u00f6\u00dfe<\/strong><\/td>\n<td>Standardgr\u00f6\u00dfe 15\u00d76\u00d73cm (Innendurchmesser), unterst\u00fctzt nicht standardisierte Gr\u00f6\u00dfenanpassung, Fehler \u22641mm<\/td>\n<\/tr>\n<tr>\n<td><strong>Mindestbestellmenge<\/strong><\/td>\n<td>Gro\u00dfbestellungen ab 1.000 St\u00fcck, Unterst\u00fctzung der Produktion von Mischfarben und Mischversionen<\/td>\n<\/tr>\n<tr>\n<td><strong>Prozess-Optionen<\/strong><\/td>\n<td>Hei\u00dfpr\u00e4gung\/Silber, Pr\u00e4gung, UV-Lokalglanzfolie, Siebdruck (Pantone-Farbnummernabgleich)<\/td>\n<\/tr>\n<tr>\n<td><strong>Produktionszyklus<\/strong><\/td>\n<td>5 Tage f\u00fcr den Korrekturabzug, 15-18 Tage f\u00fcr die Massenproduktion (Unterst\u00fctzung des Eildienstes)<\/td>\n<\/tr>\n<tr>\n<td><strong>Unterst\u00fctzende Dienstleistungen<\/strong><\/td>\n<td>Kostenloser 3D-Entwurf, physischer Probedruck und Optimierung der Logistikl\u00f6sung, Unterst\u00fctzung des grenz\u00fcberschreitenden Exports spezieller Verpackungen<\/td>\n<\/tr>\n<\/tbody>\n<\/table>\n<h2 id=\"-advantages-of-made-in-china-\"><strong>Vorteile von Made in China<\/strong><\/h2>\n<ul>\n<li><strong>Direkte Lieferung von der Ursprungsfabrik<\/strong>: Mehr als 16 Jahre Branchenerfahrung, ISO-Qualit\u00e4tssystem und SEDEX-Zertifizierung, um eine Qualit\u00e4tskontrolle nach internationalem Standard zu gew\u00e4hrleisten.<\/li>\n<li><strong>Kostenvorteil<\/strong>: Gro\u00dfserienproduktion senkt den St\u00fcckpreis (Gro\u00dfbestellungen schon ab \u00a5 0,50\/St\u00fcck), zollfreies Versandangebot ist optional, und 30% Anzahlung ist erforderlich, um die Bestellung zu beginnen.<\/li>\n<li><strong>Mehrwertige Dienstleistungen<\/strong>: Kostenloses Design f\u00fcr die Anpassung der Marke VI, Beratung zu nachhaltigen Verpackungsl\u00f6sungen und weltweite Pr\u00fcfung der Einhaltung von Vorschriften (z. B. EU-ReACH-Normen).<\/li>\n<\/ul>\n<p><strong>Anwendungsszenarien<\/strong>: Jubil\u00e4umsgeschenkboxen f\u00fcr hochwertige Parf\u00fcmmarken, grenz\u00fcberschreitende Luxus-Sets, individuelle Geschenke f\u00fcr VIP-Mitglieder, Verpackungen f\u00fcr E-Commerce-Ferienaktionen (z. B. limitierte Weihnachtsausgaben).<\/p>","protected":false},"excerpt":{"rendered":"<p>\u2728Heben Sie die Marke hervor: Das goldene vierbl\u00e4ttrige Kleeblattmuster und das zweifarbige Design verbessern das Auspackerlebnis.<br \/>\n\u2728 \u00d6ko-Premium: Langlebige, recycelte Materialien entsprechen den Zielen der Nachhaltigkeit, ohne Kompromisse beim Luxus einzugehen.<br \/>\n\u2728 Effizienz in gro\u00dfen Mengen: Schnelle Abwicklung, wettbewerbsf\u00e4hige Preise und logof\u00e4hige Tafeln rationalisieren Gro\u00dfhandelsauftr\u00e4ge.<br \/>\n\u2728 Weltweit einsatzbereit: Kompakt, leicht und tropfengetestet f\u00fcr kosteng\u00fcnstigen internationalen Versand.<\/p>","protected":false},"featured_media":8813,"template":"","meta":[],"product_brand":[],"product_cat":[30,415,428,31],"product_tag":[986,988,987],"class_list":{"0":"post-8812","1":"product","2":"type-product","3":"status-publish","4":"has-post-thumbnail","6":"product_cat-by-industry","7":"product_cat-custom-jewelry-boxes-by-industry","8":"product_cat-irregular-shaped-gift-boxes","9":"product_cat-paper-box-style","10":"product_tag-luxury-perfume-oil-packaging","11":"product_tag-perfume-oil-box-wholesale","12":"product_tag-perfume-oil-packaging","14":"first","15":"instock","16":"shipping-taxable","17":"product-type-simple"},"_links":{"self":[{"href":"https:\/\/zojopackaging.com\/de\/wp-json\/wp\/v2\/product\/8812","targetHints":{"allow":["GET"]}}],"collection":[{"href":"https:\/\/zojopackaging.com\/de\/wp-json\/wp\/v2\/product"}],"about":[{"href":"https:\/\/zojopackaging.com\/de\/wp-json\/wp\/v2\/types\/product"}],"version-history":[{"count":1,"href":"https:\/\/zojopackaging.com\/de\/wp-json\/wp\/v2\/product\/8812\/revisions"}],"predecessor-version":[{"id":8819,"href":"https:\/\/zojopackaging.com\/de\/wp-json\/wp\/v2\/product\/8812\/revisions\/8819"}],"wp:featuredmedia":[{"embeddable":true,"href":"https:\/\/zojopackaging.com\/de\/wp-json\/wp\/v2\/media\/8813"}],"wp:attachment":[{"href":"https:\/\/zojopackaging.com\/de\/wp-json\/wp\/v2\/media?parent=8812"}],"wp:term":[{"taxonomy":"product_brand","embeddable":true,"href":"https:\/\/zojopackaging.com\/de\/wp-json\/wp\/v2\/product_brand?post=8812"},{"taxonomy":"product_cat","embeddable":true,"href":"https:\/\/zojopackaging.com\/de\/wp-json\/wp\/v2\/product_cat?post=8812"},{"taxonomy":"product_tag","embeddable":true,"href":"https:\/\/zojopackaging.com\/de\/wp-json\/wp\/v2\/product_tag?post=8812"}],"curies":[{"name":"wp","href":"https:\/\/api.w.org\/{rel}","templated":true}]}}