{"id":8820,"date":"2025-03-31T15:17:51","date_gmt":"2025-03-31T07:17:51","guid":{"rendered":"https:\/\/zojopackaging.com\/?post_type=product&#038;p=8820"},"modified":"2025-03-31T15:42:24","modified_gmt":"2025-03-31T07:42:24","slug":"custom-classic-wine-packaging-box-wholesale-with-ribbon","status":"publish","type":"product","link":"https:\/\/zojopackaging.com\/de\/product\/custom-classic-wine-packaging-box-wholesale-with-ribbon\/","title":{"rendered":"Benutzerdefinierte klassische Weinverpackung Box Gro\u00dfhandel mit Farbband"},"content":{"rendered":"<h2 id=\"-1-magnetic-embedded-lid-design-combining-aesthetics-and-durability-\"><strong>1. Magnetisch eingebettetes Deckeldesign, das \u00c4sthetik und Haltbarkeit vereint<\/strong><\/h2>\n<ul>\n<li><strong>Innovative Technologie f\u00fcr eingebettete Magnete<\/strong>: Durch eine versteckte magnetische Struktur wird der Magnet durch eine Pr\u00e4zisionsform in das Geh\u00e4use der Box eingebettet, um das Problem zu vermeiden, dass herk\u00f6mmliche Magnetschnallen leicht abgenutzt und zerkratzt werden. Wenn der Deckel geschlossen ist, wird die Magnetkraft gleichm\u00e4\u00dfig absorbiert, und das \u00d6ffnen und Schlie\u00dfen ist glatt und elegant, w\u00e4hrend eine stabile Leistung nach wiederholtem Gebrauch gew\u00e4hrleistet ist.<\/li>\n<li><strong>Schutz-Upgrade<\/strong>: Der Magnetpunkt schlie\u00dft b\u00fcndig mit der Oberfl\u00e4che des Kastenk\u00f6rpers ab, und das nicht \u00fcberstehende Design verringert das Risiko von Kollisionen w\u00e4hrend des Transports. Dies ist f\u00fcr den Langstreckentransport auf dem Seeweg und f\u00fcr hochfrequente Einsatzszenarien geeignet.<\/li>\n<\/ul>\n<h2 id=\"-2-customized-ribbon-accessories-to-enhance-the-visual-impact-of-the-brand-\"><strong>2. Individuelles Bandzubeh\u00f6r zur Verbesserung der visuellen Wirkung der Marke<\/strong><\/h2>\n<ul>\n<li><strong>Hochwertige Materialauswahl<\/strong>: Seide, Satin, Samt und andere Bandmaterialien stehen zur Verf\u00fcgung, und klassisches Weinrot, Champagnergold, Dunkelgr\u00fcn und andere Farben sind optional erh\u00e4ltlich. Sie bilden einen starken visuellen Kontrast zum schwarzen Schachtelk\u00f6rper und betonen die luxuri\u00f6se Textur.<\/li>\n<li><strong>Anpassung des Markenlogos<\/strong>: Unterst\u00fctzung Hei\u00dfpr\u00e4gung von Markenlogo, gepr\u00e4gtem Text oder Stickerei auf der Oberfl\u00e4che des Bandes, die das Gef\u00fchl der Geschenkauspackzeremonie verbessern und die Markenwiedererkennung erh\u00f6hen kann<\/li>\n<\/ul>\n<h2 id=\"-3-foldable-flat-structure-reducing-logistics-costs-by-50-\"><strong>3. Faltbare flache Struktur, Reduzierung der Logistikkosten um 50%<\/strong><\/h2>\n<ul>\n<li><strong>Faltbare patentierte Konstruktion<\/strong>: Die leere Schachtel kann auf 1\/5 des urspr\u00fcnglichen Volumens zusammengefaltet werden, was den Lager- und Transportraum erheblich reduziert. Wenn sie abgeflacht ist, reduziert sie die internationalen Versandkosten erheblich.<\/li>\n<li><strong>Schnelle Montage<\/strong>: Nach Erhalt der Box muss der Benutzer nur den Boxenk\u00f6rper aufklappen und das Futter einlegen, um sie zu formen. Es sind weder Klebstoff noch Werkzeuge erforderlich, und der Zusammenbau kann in 30 Sekunden abgeschlossen werden.<\/li>\n<\/ul>\n<h2 id=\"-4-anti-scratch-matte-coating-anti-fingerprint-and-wear-resistant-dual-protection-\"><strong>4. Anti-Kratz-Matte-Beschichtung, Anti-Fingerabdruck und verschlei\u00dffesten Dual-Schutz<\/strong><\/h2>\n<ul>\n<li><strong>Nano-Level-Mattierungsverfahren<\/strong>: Die Oberfl\u00e4che ist mit einer kratzfesten, matten \u00d6lbeschichtung auf Wasserbasis versehen, und durch UV-H\u00e4rtung wird eine dichte Schutzschicht gebildet. Die Mohs-H\u00e4rte ist \u00fcber 3H, die effektiv widersteht Transport Kratzer und beseitigt Fingerabdruck-R\u00fcckst\u00e4nde Probleme.<\/li>\n<li><strong>Taktile Optimierung<\/strong>: Die matte Textur wird mit dem schwarzen Geh\u00e4use kombiniert, um eine unaufdringliche und luxuri\u00f6se matte Textur zu pr\u00e4sentieren, die das hochwertige Gef\u00fchl des Produkts unterstreicht.<\/li>\n<\/ul>\n<h2 id=\"-5-customization-of-blank-inner-panels-supporting-multiple-processes-\"><strong>5. Individuelle Gestaltung von leeren Innenplatten, die mehrere Prozesse unterst\u00fctzen<\/strong><\/h2>\n<ul>\n<li><strong>Laser-Gravur<\/strong>: Die Faserlasermarkierungsmaschine wird zum Gravieren von Markeninformationen, Segnungen oder Mustern auf der Innenverkleidungsplatte mit einer Genauigkeit von 0,01 mm verwendet, die f\u00fcr eine Vielzahl von Innenverkleidungsmaterialien wie Edelstahl, Holz und EVA geeignet ist.<\/li>\n<li><strong>Hei\u00dfpr\u00e4gen\/QR-Code-Druck<\/strong>: Unterst\u00fctzt partielle Hei\u00dfpr\u00e4gung, Laserpr\u00e4gung und andere Verfahren oder druckt direkt dynamische QR-Codes, die mit der offiziellen Website der Marke und dem R\u00fcckverfolgbarkeitssystem verkn\u00fcpft werden k\u00f6nnen, um die Interaktion mit dem Kunden zu verbessern.<\/li>\n<\/ul>\n<h2 id=\"-6-all-black-box-body-design-interpreting-the-ultimate-modern-aesthetics-\"><strong>6. Ganz in Schwarz gehaltener Kofferaufbau, der die ultimative moderne \u00c4sthetik interpretiert<\/strong><\/h2>\n<ul>\n<li><strong>Anwendung der Farbpsychologie<\/strong>: Tiefes Schwarz symbolisiert die ewigen Klassiker, gepaart mit einer matten Textur und magnetischen Metalldetails, die den Markenton \"Luxus im Hintergrund\" vermitteln und sich f\u00fcr hochwertige Gesch\u00e4ftsgeschenke und Weine auf Sammlungsniveau eignen.<\/li>\n<li><strong>Strukturelle Verst\u00e4rkung<\/strong>: Verwendet 1200g Graupappe + PU-Leder Verbundmaterial, mit einer Tragf\u00e4higkeit von 10kg, um die Sicherheit des Weinflaschentransports zu gew\u00e4hrleisten.<\/li>\n<\/ul>\n<h2 id=\"-7-advantages-of-china-s-source-factory-free-design-high-cost-performance-\"><strong>7. Vorteile von Chinas Ursprungsfabrik: freies Design + hohe Kostenleistung<\/strong><\/h2>\n<ul>\n<li><strong>Nullkosten-Proofing<\/strong>: Die Fabrik bietet kostenlose Musterlieferungen (begrenzt auf 3 Grundtypen), unterst\u00fctzt kundenspezifische Zeichnungen oder die Entwicklung von 1-on-1-L\u00f6sungen durch exklusive Designer.<\/li>\n<li><strong>Leiternotierungssystem<\/strong>: Der Preis f\u00fcr eine Bestellung von 500 St\u00fcck betr\u00e4gt nur \u00a537\/St\u00fcck, und bei Bestellungen von mehr als 5.000 St\u00fcck gibt es exklusive Rabatte, die 60% niedriger sind als bei \u00e4hnlichen Produkten in Europa und den Vereinigten Staaten.<\/li>\n<li><strong>Sicherung der Qualit\u00e4t<\/strong>: ISO 9001-Qualit\u00e4tsmanagementsystem und SEDEX 4P-Zertifizierung, 18-monatige Garantie und Unterst\u00fctzung der Inspektion durch Dritte.<\/li>\n<\/ul>","protected":false},"excerpt":{"rendered":"<ul>\n<li>\ud83c\udfc6\u00a0<strong>Markendifferenzierung<\/strong>: Goldfolienmotive und matte Textur schaffen Unboxing-Theater f\u00fcr eine erstklassige Positionierung.<\/li>\n<li>\ud83c\udf31\u00a0<strong>Nachhaltiges Prestige<\/strong>: FSC-zertifizierte Materialien entsprechen dem Trend zu umweltbewusstem Luxus.<\/li>\n<li>\ud83d\udee1\ufe0f\u00a0<strong>Logistikf\u00e4hig<\/strong>: 30% ist leichter als Massivholzkisten und hat eine h\u00f6here Druckfestigkeit.<\/li>\n<li>\ud83d\udcbc\u00a0<strong>Effizienz bei Gro\u00dfauftr\u00e4gen<\/strong>: Die gemischte SKU-Produktion minimiert die Lagerkosten.<\/li>\n<\/ul>","protected":false},"featured_media":8826,"template":"","meta":[],"product_brand":[],"product_cat":[30,427,419,31],"product_tag":[990,989,991],"class_list":{"0":"post-8820","1":"product","2":"type-product","3":"status-publish","4":"has-post-thumbnail","6":"product_cat-by-industry","7":"product_cat-collapsible-gift-boxes","8":"product_cat-custom-wines-spirits-boxes","9":"product_cat-paper-box-style","10":"product_tag-custom-wine-packaging","11":"product_tag-wine-packaging-box","12":"product_tag-wine-packaging-wholesale","14":"first","15":"instock","16":"shipping-taxable","17":"product-type-simple"},"_links":{"self":[{"href":"https:\/\/zojopackaging.com\/de\/wp-json\/wp\/v2\/product\/8820","targetHints":{"allow":["GET"]}}],"collection":[{"href":"https:\/\/zojopackaging.com\/de\/wp-json\/wp\/v2\/product"}],"about":[{"href":"https:\/\/zojopackaging.com\/de\/wp-json\/wp\/v2\/types\/product"}],"version-history":[{"count":2,"href":"https:\/\/zojopackaging.com\/de\/wp-json\/wp\/v2\/product\/8820\/revisions"}],"predecessor-version":[{"id":8828,"href":"https:\/\/zojopackaging.com\/de\/wp-json\/wp\/v2\/product\/8820\/revisions\/8828"}],"wp:featuredmedia":[{"embeddable":true,"href":"https:\/\/zojopackaging.com\/de\/wp-json\/wp\/v2\/media\/8826"}],"wp:attachment":[{"href":"https:\/\/zojopackaging.com\/de\/wp-json\/wp\/v2\/media?parent=8820"}],"wp:term":[{"taxonomy":"product_brand","embeddable":true,"href":"https:\/\/zojopackaging.com\/de\/wp-json\/wp\/v2\/product_brand?post=8820"},{"taxonomy":"product_cat","embeddable":true,"href":"https:\/\/zojopackaging.com\/de\/wp-json\/wp\/v2\/product_cat?post=8820"},{"taxonomy":"product_tag","embeddable":true,"href":"https:\/\/zojopackaging.com\/de\/wp-json\/wp\/v2\/product_tag?post=8820"}],"curies":[{"name":"wp","href":"https:\/\/api.w.org\/{rel}","templated":true}]}}