{"id":8829,"date":"2025-03-31T15:43:47","date_gmt":"2025-03-31T07:43:47","guid":{"rendered":"https:\/\/zojopackaging.com\/?post_type=product&#038;p=8829"},"modified":"2025-03-31T16:19:50","modified_gmt":"2025-03-31T08:19:50","slug":"custom-printed-men-underwear-packaging-boxes-wholesale","status":"publish","type":"product","link":"https:\/\/zojopackaging.com\/de\/product\/custom-printed-men-underwear-packaging-boxes-wholesale\/","title":{"rendered":"Individuell bedruckte M\u00e4nner Unterw\u00e4sche Verpackung Boxen Gro\u00dfhandel"},"content":{"rendered":"<h2 id=\"-product-overview-\"><strong>Produkt\u00fcbersicht<\/strong><\/h2>\n<p>Bei diesem Produkt handelt es sich um eine hochwertige, umweltfreundliche Verpackungs-Geschenkbox f\u00fcr Herrenunterw\u00e4sche-Marken. Sie vereint Funktionalit\u00e4t und Markendarstellung und eignet sich f\u00fcr Geschenksets, Geschenkboxen f\u00fcr Feiertage oder den t\u00e4glichen Einzelhandel. Sie verwendet umweltfreundliche Materialien und hochwertige Handwerkskunst, unterst\u00fctzt ma\u00dfgeschneiderte Dienstleistungen und erf\u00fcllt die Anforderungen der Markendifferenzierung.<\/p>\n<h3 id=\"-core-selling-points-\"><strong>Wichtigste Verkaufsargumente<\/strong><\/h3>\n<ol>\n<li><strong>Umweltvertr\u00e4gliche Materialien und hochwertiger Druck<\/strong><\/li>\n<li><strong>350gsm verdickter wei\u00dfer Karton\/Recyclingkarton<\/strong>: gew\u00e4hrleistet Stapelfestigkeit und Druckbest\u00e4ndigkeit, erf\u00fcllt Umweltstandards und ist recycelbar und abbaubar.<\/li>\n<li><strong>Hochpr\u00e4zise Drucktechnik<\/strong>Unterst\u00fctzt Vierfarbendruck, Sonderfarben-Hei\u00dfpr\u00e4gung, UV-Laminierung und andere Verfahren, pr\u00e4sentiert Markenlogos, Pflegehinweise oder QR-Codes, die Farbwiedergabe erreicht \u0394E\u22641,5 und verblasst auch nach 30 Waschg\u00e4ngen nicht.<\/li>\n<li><strong>Flexible Gestaltungsm\u00f6glichkeiten<\/strong><\/li>\n<li><strong>Variante mit transparentem Fenster<\/strong>: Die Oberseite oder die Seite des Geschenkkartons kann mit einem halbkreisf\u00f6rmigen\/rechteckigen Fenster aus transparenter PET-Folie versehen werden, um die Produktfarbe und den Stil intuitiv anzuzeigen (z. B. das Modell des roten Tierkreisjahres, die Serie Ice Silk Modal).<\/li>\n<li><strong>Integration von Markenelementen<\/strong>: unterst\u00fctzt das Hinzuf\u00fcgen eines gepr\u00e4gten Logos, eines Hei\u00dfpr\u00e4getextes, von Markenkarten usw., um die hochwertige Ausstrahlung der Geschenkbox zu verbessern.<\/li>\n<li><strong>Pr\u00e4ziser Aufbau und praktische Funktionen<\/strong><\/li>\n<li><strong>Interne abnehmbare Trennwand<\/strong>: Trennen Sie 3-5 Unterw\u00e4scheteile (z. B. Boxershorts, antibakterielle Unterw\u00e4sche, Sportunterw\u00e4sche), um ein Verrutschen w\u00e4hrend des Transports zu vermeiden und sich an verschiedene Produktkombinationen anzupassen.<\/li>\n<li><strong>Nahtloser Faltprozess<\/strong>Laser-Pr\u00e4zisionsschnitt, keine Leimverklebung, 10 Sekunden schnelle Montage, abgerundete Kanten ohne Grat.<\/li>\n<\/ol>\n<h3 id=\"-customized-service-and-production-advantages-\"><strong>Ma\u00dfgeschneiderter Service und Produktionsvorteile<\/strong><\/h3>\n<ol>\n<li><strong>Mindestbestellmenge und Lieferzyklus<\/strong><\/li>\n<li><strong>Mindestbestellmenge 500 St\u00fcck<\/strong>: Probebestellungen in kleinen Mengen sind flexibel und unterst\u00fctzen erste Markttests von Marken.<\/li>\n<li><strong>Mengenrabatt<\/strong>Bei Bestellungen von mehr als 10.000 St\u00fcck gelten gestaffelte Preise (St\u00fcckpreis ab \u00a5 0,25\/St\u00fcck), und der Produktionszyklus ist auf 7 Tage verk\u00fcrzt.<\/li>\n<li><strong>Kostenloser Mehrwertdienst<\/strong><\/li>\n<li><strong>3D-Entwurf und Muster<\/strong>: Das Werk bietet eine AI\/CDR-Quelldatei-Modifikation und sendet kostenlos physische Muster (1-3 Werktage).<\/li>\n<li><strong>L\u00f6sung aus einer Hand<\/strong>: Umfasst den gesamten Prozess des Verpackungsdesigns, der Materialauswahl und der Logistikverpackung (unabh\u00e4ngige Verpackung von Wellpappkartons).<\/li>\n<\/ol>\n<h3 id=\"-application-scenarios-and-case-references-\"><strong>Anwendungsszenarien und Fallbeispiele<\/strong><\/h3>\n<ul>\n<li><strong>Festival-Geschenkbox<\/strong>: Die rote Geschenkbox f\u00fcr das Jahr des Drachens beispielsweise ist mit einem transparenten Fenster versehen, in das 3 antibakterielle W\u00e4schest\u00fccke integriert sind, und wird mit Aromatherapie-Tabletten der Marke geliefert.<\/li>\n<\/ul>\n<h3 id=\"-cooperation-process-\"><strong>Prozess der Zusammenarbeit<\/strong><\/h3>\n<ol>\n<li><strong>Best\u00e4tigung verlangen<\/strong>: Entwurf\/Muster erstellen, Materialien und Verfahren ausw\u00e4hlen.<\/li>\n<li><strong>\u00dcberpr\u00fcfung der Korrektheit<\/strong>: Vollst\u00e4ndige Musterproduktion innerhalb von 3 Arbeitstagen.<\/li>\n<li><strong>Massenproduktion<\/strong>: Lieferung innerhalb von 7-15 Tagen nach der Best\u00e4tigung, Unterst\u00fctzung der globalen Logistik (DHL\/FedEx bis zur T\u00fcr).<\/li>\n<\/ol>\n<hr \/>\n<h3 id=\"-factory-qualification-\"><strong>Werksqualifizierung<\/strong><\/h3>\n<ul>\n<li><strong>China Quelle Fabrik<\/strong>: ISO 9001-zertifiziert, ausgestattet mit einer Acht-Farben-Offsetdruckmaschine von Heidelberg und einer vollautomatischen Stanzanlage, mit einer j\u00e4hrlichen Produktionskapazit\u00e4t von \u00fcber 10 Millionen St\u00fcck.<\/li>\n<li><strong>Nachhaltige Entwicklung<\/strong>: Bieten Sie Recycling-Papier und Sojatinte als Druckoptionen an, um der Positionierung der Marke im Bereich Umweltschutz gerecht zu werden.<\/li>\n<\/ul>\n<p><strong>Jetzt konsultieren<\/strong>: Erhalten Sie exklusive Angebote und Designl\u00f6sungen, die innerhalb von 24 Stunden beantwortet werden!<\/p>","protected":false},"excerpt":{"rendered":"<p>\u2705\u00a0<strong>Umweltbewusstes<\/strong>\u00a0- 100% recycelbare Materialien reduzieren die Umweltbelastung<br \/>\n\u2705\u00a0<strong>Marke Amplifier<\/strong>\u00a0- Hochaufl\u00f6sender Druck erh\u00f6ht den wahrgenommenen Wert des Produkts<br \/>\n\u2705\u00a0<strong>Kosteneffizienz<\/strong>\u00a0- Gro\u00dfmengenpreise ab $0,30\/St\u00fcck<br \/>\n\u2705\u00a0<strong>Globale Einhaltung<\/strong>\u00a0- Besteht EU REACH &amp; US CPSIA Sicherheitstests<\/p>","protected":false},"featured_media":8830,"template":"","meta":[],"product_brand":[],"product_cat":[30,414,430,31],"product_tag":[996,995,491],"class_list":{"0":"post-8829","1":"product","2":"type-product","3":"status-publish","4":"has-post-thumbnail","6":"product_cat-by-industry","7":"product_cat-custom-apparel-boxes","8":"product_cat-folding-cartons","9":"product_cat-paper-box-style","10":"product_tag-custom-underwear-packaging-boxes","11":"product_tag-men-underwear-packaging","12":"product_tag-underwear-packaging-wholesale","14":"first","15":"instock","16":"shipping-taxable","17":"product-type-simple"},"_links":{"self":[{"href":"https:\/\/zojopackaging.com\/de\/wp-json\/wp\/v2\/product\/8829","targetHints":{"allow":["GET"]}}],"collection":[{"href":"https:\/\/zojopackaging.com\/de\/wp-json\/wp\/v2\/product"}],"about":[{"href":"https:\/\/zojopackaging.com\/de\/wp-json\/wp\/v2\/types\/product"}],"version-history":[{"count":2,"href":"https:\/\/zojopackaging.com\/de\/wp-json\/wp\/v2\/product\/8829\/revisions"}],"predecessor-version":[{"id":8849,"href":"https:\/\/zojopackaging.com\/de\/wp-json\/wp\/v2\/product\/8829\/revisions\/8849"}],"wp:featuredmedia":[{"embeddable":true,"href":"https:\/\/zojopackaging.com\/de\/wp-json\/wp\/v2\/media\/8830"}],"wp:attachment":[{"href":"https:\/\/zojopackaging.com\/de\/wp-json\/wp\/v2\/media?parent=8829"}],"wp:term":[{"taxonomy":"product_brand","embeddable":true,"href":"https:\/\/zojopackaging.com\/de\/wp-json\/wp\/v2\/product_brand?post=8829"},{"taxonomy":"product_cat","embeddable":true,"href":"https:\/\/zojopackaging.com\/de\/wp-json\/wp\/v2\/product_cat?post=8829"},{"taxonomy":"product_tag","embeddable":true,"href":"https:\/\/zojopackaging.com\/de\/wp-json\/wp\/v2\/product_tag?post=8829"}],"curies":[{"name":"wp","href":"https:\/\/api.w.org\/{rel}","templated":true}]}}