{"id":8841,"date":"2025-03-31T16:15:36","date_gmt":"2025-03-31T08:15:36","guid":{"rendered":"https:\/\/zojopackaging.com\/?post_type=product&#038;p=8841"},"modified":"2025-03-31T16:45:59","modified_gmt":"2025-03-31T08:45:59","slug":"eco-friendly-custom-logo-printed-parfum-folding-carton-box","status":"publish","type":"product","link":"https:\/\/zojopackaging.com\/de\/product\/eco-friendly-custom-logo-printed-parfum-folding-carton-box\/","title":{"rendered":"Umweltfreundliche Parfum-Faltschachtel mit individuellem Logo bedruckt"},"content":{"rendered":"<div class=\"widget block block-static-block\">\n<div class=\"landing-page-section option-bottom\">\n<div class=\"custom-materials-tabs-content container container-adjustment\">\n<div class=\"custom-materials-tab-content active\">\n<div class=\"widget block block-static-block\">\n<div class=\"options-items\">\n<div class=\"flex-grid-row-option\">\n<div class=\"flex-grid-item-option\">\n<div class=\"material-box\">\n<p>Auf dem Markt f\u00fcr Parf\u00fcm ist die Verpackung nicht nur die \"\u00e4u\u00dfere Visitenkarte\" des Produkts, sondern auch der zentrale Tr\u00e4ger der Werte der Marke und der Benutzererfahrung. Die umweltfreundliche, mit individuellem Logo bedruckte Parf\u00fcmfaltschachtel bietet Marken L\u00f6sungen, die \u00c4sthetik und Umweltschutz durch Materialinnovationen, Prozessverbesserungen und funktionelles Design miteinander verbinden. Im Folgenden werden die wichtigsten Vorteile der Faltschachtel unter verschiedenen Gesichtspunkten analysiert:<\/p>\n<h4 id=\"-1-white-card-material-smooth-base-suitable-for-multiple-printing-needs-\"><strong>1. Wei\u00dfes Kartenmaterial: glatte Basis, geeignet f\u00fcr mehrere Druckanforderungen<\/strong><\/h4>\n<p>Durch die Verwendung von 350g einfachem Puderkarton oder wei\u00dfem Kartonpapier (z.B. Invercote first-grade card) ist die Oberfl\u00e4che zart und glatt, mit starker Farbaufnahme, und kann komplexe Prozesse wie Hei\u00dfpr\u00e4gung und Vierfarbendruck durchf\u00fchren. Die Papierst\u00e4rke ist frei w\u00e4hlbar (z.B. 125g bis 350g), was nicht nur die Steifigkeit und Druckfestigkeit des Schachtelk\u00f6rpers gew\u00e4hrleistet, sondern auch das Transportvolumen und die Logistikkosten durch das Faltdesign reduziert. F\u00fcr die Remy Martin XO-Weinschachtel wird zum Beispiel Invercote G-Karton verwendet, der durch Konkavdruck und Hei\u00dfpr\u00e4getechnik einen exquisiten Pr\u00e4geeffekt erzielt. Diese Technologie eignet sich auch f\u00fcr die Pr\u00e4sentation der feinen Textur von Parf\u00fcmschachteln.<\/p>\n<h4 id=\"-2-feminine-and-elegant-tone-gentle-colors-and-big-brand-texture-\"><strong>2. Femininer und eleganter Ton: sanfte Farben und Textur der gro\u00dfen Marke<\/strong><\/h4>\n<p>Neutrales Design wird mit Morandi-Farben (wie Haze-Blau und Taro-Violett) kombiniert, und die Metalltextur wird durch die Hei\u00dfpr\u00e4ge-Silbertechnologie aufgewertet, die mit den sanften T\u00f6nen des Vierfarbendrucks kontrastiert und so ein eindringliches visuelles Erlebnis von \"Hazy Fragrance\" schafft. Die Parf\u00fcmschachtel Polo Earth von Ralph Lauren beispielsweise verwendet FSC-zertifizierten Karton und recycelbare Glasflaschen, um das Konzept des Umweltschutzes durch ein einfaches Design zu vermitteln, w\u00e4hrend die Faltschachtel des Parf\u00fcms CK EVERYONE durch die Verwendung von 30%-Recyclingmaterial ein Gleichgewicht zwischen Umweltschutz und Textur schafft.<\/p>\n<h4 id=\"-3-hot-stamping-silver-four-color-printing-upgraded-technology-outstanding-details-\"><strong>3. Hei\u00dfpr\u00e4gen Silber + Vierfarbendruck: aktualisierte Technologie, hervorragende Details<\/strong><\/h4>\n<p>Bei der Silber-Hei\u00dfpr\u00e4getechnik wird Metallfolie durch Hei\u00dfpressen \u00fcbertragen, um ein hochgl\u00e4nzendes dreidimensionales Muster auf der Oberfl\u00e4che der Papierschachtel zu bilden, das sowohl f\u00e4lschungssicher als auch luxuri\u00f6s ist; der Vierfarbendruck gibt das Markenlogo und die Illustrationsdetails genau wieder, und der Farb\u00fcbergang ist nat\u00fcrlich und weich. Bei den Champagnerschachteln von Cattier wird beispielsweise Invercote G-Karton mit einem Hei\u00dfpr\u00e4geverfahren verwendet, um einen eleganten und modernen visuellen Ausdruck zu erzielen. Dieses Verfahren eignet sich auch f\u00fcr die Logoanpassung von Parf\u00fcmschachteln, wie z. B. bei der recycelbaren Aluminiumflasche und der umweltfreundlichen Papierschachtel von Dior Dior Refills.<\/p>\n<h4 id=\"-4-fsc-certification-a-global-passport-for-sustainable-materials-\"><strong>4. FSC-Zertifizierung: ein globaler Pass f\u00fcr nachhaltige Materialien<\/strong><\/h4>\n<p>Die Fabrik verwendet FSC-zertifizierten Karton (z. B. MetsBoard Natural FBB), die Rohstoffe stammen aus nachhaltig bewirtschafteten W\u00e4ldern, und der Produktionsprozess entspricht den Umweltvorschriften wie EU REACH und US CA Prop 65. So sind beispielsweise die Parf\u00fcmschachteln, Etiketten und Holzdeckel von Ralph Lauren alle FSC-zertifiziert, und die Produktion von Invercote Grade 1-Karton hilft der Marke, ihr Ziel der Kohlenstoffneutralit\u00e4t zu erreichen, indem sie Kohlenstoffemissionen und Wasserverbrauch reduziert.<\/p>\n<h4 id=\"-5-touch-film-technology-a-sensory-upgrade-for-high-end-experience-\"><strong>5. Touchfilm-Technologie: ein sensorisches Upgrade f\u00fcr ein High-End-Erlebnis<\/strong><\/h4>\n<p>Das Touch-Film-Verfahren bildet ein zartes Wildleder auf der Oberfl\u00e4che der Papierschachtel, das sich so weich wie Samt anf\u00fchlt und Anti-Fingerabdruck- und Anti-Kratz-Eigenschaften besitzt. Dieses Verfahren wird haupts\u00e4chlich f\u00fcr Luxusg\u00fcterverpackungen verwendet. Bei Taittinger-Champagnerschachteln wird beispielsweise eine Fresnellinsenfolie verwendet, um eine 3D-Blasenillusion zu erzeugen, w\u00e4hrend bei Parf\u00fcmschachteln taktile Folien verwendet werden, um den Markenton zu verst\u00e4rken, was dem Bed\u00fcrfnis der High-End-Benutzer nach einem Gef\u00fchl von Ritual entspricht.<\/p>\n<h4 id=\"-6-customized-paper-tray-structure-the-last-line-of-defense-for-transportation-safety-\"><strong>6. Ma\u00dfgeschneiderte Papierschachtstruktur: die letzte Verteidigungslinie f\u00fcr die Transportsicherheit<\/strong><\/h4>\n<p>Das eingebaute Papiertablett kann aus umweltfreundlichen Materialien wie Zuckerrohrzellstoff und Bambuszellstoff hergestellt werden. Durch die pr\u00e4zise Form\u00f6ffnung kann sie sich an verschiedene Flaschenformen anpassen (z. B. schlanke H\u00e4lse oder quadratische Flaschen), wodurch nicht nur der Flaschenk\u00f6rper fixiert, sondern auch eine Verformung durch Extrusion vermieden werden kann. Die von Guangzhou Ruideli bedruckte Parf\u00fcmschachtel verf\u00fcgt beispielsweise \u00fcber ein Innenfach aus Perlbaumwolle und eine Seidenstoffstruktur, w\u00e4hrend die Ferrari Maximum Weinschachtel durch hochfesten Karton und Pufferdesign f\u00fcr Transportsicherheit sorgt.<\/p>\n<\/div>\n<\/div>\n<\/div>\n<\/div>\n<\/div>\n<\/div>\n<\/div>\n<\/div>\n<\/div>\n<div class=\"widget block block-static-block\">\n<div class=\"landing-page-section option-bottom\">\n<div class=\"custom-materials-tabs-content container container-adjustment\">\n<div class=\"custom-materials-tab-content active\">\n<div class=\"widget block block-static-block\">\n<p><!---end of option item--><\/p>\n<\/div>\n<\/div>\n<\/div>\n<\/div>\n<\/div>","protected":false},"excerpt":{"rendered":"<p>Die umweltfreundliche, mit einem individuellen Logo bedruckte Parf\u00fcmfaltschachtel integriert Markenton, Benutzererfahrung und nachhaltige Konzepte durch wei\u00dfes Kartonmaterial, vierfarbiges Hei\u00dfsilberverfahren, FSC-Zertifizierung und taktile Folientechnologie. In Zukunft wird mit der Entwicklung von KI-Design-Tools und digitaler Drucktechnologie die Effizienz der kundenspezifischen Produktion weiter verbessert werden, und die Innovation von recycelten Materialien und intelligenten Strukturen wird die Parf\u00fcmverpackungsindustrie weiter in eine gr\u00fcne und hochwertige Richtung entwickeln.<\/p>","protected":false},"featured_media":8847,"template":"","meta":[],"product_brand":[],"product_cat":[30,417,430,31],"product_tag":[1000,999,1001],"class_list":{"0":"post-8841","1":"product","2":"type-product","3":"status-publish","4":"has-post-thumbnail","6":"product_cat-by-industry","7":"product_cat-custom-perfume-boxes-by-industry","8":"product_cat-folding-cartons","9":"product_cat-paper-box-style","10":"product_tag-custom-logo-printed-box","11":"product_tag-eco-friendly-box","12":"product_tag-parfum-folding-carton-box","14":"first","15":"instock","16":"shipping-taxable","17":"product-type-grouped"},"_links":{"self":[{"href":"https:\/\/zojopackaging.com\/de\/wp-json\/wp\/v2\/product\/8841","targetHints":{"allow":["GET"]}}],"collection":[{"href":"https:\/\/zojopackaging.com\/de\/wp-json\/wp\/v2\/product"}],"about":[{"href":"https:\/\/zojopackaging.com\/de\/wp-json\/wp\/v2\/types\/product"}],"version-history":[{"count":1,"href":"https:\/\/zojopackaging.com\/de\/wp-json\/wp\/v2\/product\/8841\/revisions"}],"predecessor-version":[{"id":8866,"href":"https:\/\/zojopackaging.com\/de\/wp-json\/wp\/v2\/product\/8841\/revisions\/8866"}],"wp:featuredmedia":[{"embeddable":true,"href":"https:\/\/zojopackaging.com\/de\/wp-json\/wp\/v2\/media\/8847"}],"wp:attachment":[{"href":"https:\/\/zojopackaging.com\/de\/wp-json\/wp\/v2\/media?parent=8841"}],"wp:term":[{"taxonomy":"product_brand","embeddable":true,"href":"https:\/\/zojopackaging.com\/de\/wp-json\/wp\/v2\/product_brand?post=8841"},{"taxonomy":"product_cat","embeddable":true,"href":"https:\/\/zojopackaging.com\/de\/wp-json\/wp\/v2\/product_cat?post=8841"},{"taxonomy":"product_tag","embeddable":true,"href":"https:\/\/zojopackaging.com\/de\/wp-json\/wp\/v2\/product_tag?post=8841"}],"curies":[{"name":"wp","href":"https:\/\/api.w.org\/{rel}","templated":true}]}}