{"id":8859,"date":"2025-03-31T16:44:45","date_gmt":"2025-03-31T08:44:45","guid":{"rendered":"https:\/\/zojopackaging.com\/?post_type=product&#038;p=8859"},"modified":"2025-03-31T17:12:44","modified_gmt":"2025-03-31T09:12:44","slug":"custom-press-on-nail-packaging-box-wholesale-with-window","status":"publish","type":"product","link":"https:\/\/zojopackaging.com\/de\/product\/custom-press-on-nail-packaging-box-wholesale-with-window\/","title":{"rendered":"Benutzerdefinierte Presse auf Nagel Verpackung Box Gro\u00dfhandel mit Fenster"},"content":{"rendered":"<h3 id=\"-1-transparent-pvc-window-design-intuitive-display-of-products-\"><strong>1. Transparentes PVC-Fenster Design, intuitive Anzeige von Produkten<\/strong><\/h3>\n<p>Das Sichtfenster besteht aus hochtransparentem PVC-Material, das die internen Nagelstile (wie dreidimensionale Schnitzereien, Farbverl\u00e4ufe usw.) deutlich sichtbar macht, ohne dass die Schachtel ge\u00f6ffnet werden muss, wodurch der Auspackverlust beim Kauf reduziert wird. Der Rand des Fensters ist pr\u00e4zise mit einem Laser geschnitten und passt sich nahtlos an den Schachtelk\u00f6rper an, wodurch Sch\u00f6nheit und Dichtigkeit kombiniert werden und die Anforderungen an die Pr\u00e4sentation hochwertiger Nagelprodukte erf\u00fcllt werden.<\/p>\n<h3 id=\"-2-magnetic-embedded-closure-system-double-protection-\"><strong>2. Magnetisch eingebettetes Verschlusssystem, doppelter Schutz<\/strong><\/h3>\n<p>Das Geh\u00e4use besteht aus einer pr\u00e4zisionsgeschnittenen magnetischen Struktur mit eingebetteten hochfesten Magneten (die Magnetkraft kann 0,8-1,2T erreichen), die das bequeme \u00d6ffnen und Schlie\u00dfen mit einem Klick erm\u00f6glicht und gleichzeitig das Verschlei\u00dfproblem vermeidet, das bei herk\u00f6mmlichen freiliegenden Magneten auftritt. Die vollst\u00e4ndig verpackte H\u00fclle kann Staub und Feuchtigkeit effektiv isolieren, die Nagelspitzen vor den Auswirkungen von Transport und Lagerung sch\u00fctzen und die Haltbarkeit des Produkts verl\u00e4ngern.<\/p>\n<h3 id=\"-3-lightweight-structure-and-environmentally-friendly-materials-\"><strong>3. Leichte Struktur und umweltfreundliche Materialien<\/strong><\/h3>\n<p>Der Hauptteil nimmt die\u00a0<strong>157g C2S gestrichenes Kunstdruckpapier + 1200g Hartkarton<\/strong>\u00a0Verbundverfahren, das sowohl die Druckfestigkeit als auch die Leichtigkeit ber\u00fccksichtigt (das Gewicht einer einzelnen Schachtel kann auf 15-30 g kontrolliert werden), wodurch die Logistikkosten gesenkt werden. Das Material ist FSC-zertifiziert, unterst\u00fctzt Recycling und Abbau, entspricht den EU-Umweltschutznormen REACH und hilft der Marke, das Konzept der nachhaltigen Entwicklung zu vermitteln.<\/p>\n<h3 id=\"-4-full-link-customized-service-\"><strong>4. Ma\u00dfgeschneiderter Full-Link-Service<\/strong><\/h3>\n<ul>\n<li><strong>Gr\u00f6\u00dfe und Kartontyp<\/strong>: Unterst\u00fctzt die Anpassung von quadratischen, runden, speziell geformten Schachteln usw., geeignet f\u00fcr Aufsteckn\u00e4gel mit unterschiedlichen Spezifikationen (wie kurze N\u00e4gel, lange N\u00e4gel, Nagelsets usw.), und die Mindestbestellmenge kann bis zu 500 St\u00fcck betragen;<\/li>\n<li><strong>Druck und Verarbeitung<\/strong>: Die Oberfl\u00e4che der Box kann durch UV-Pr\u00e4gung, Hei\u00dfpr\u00e4gung\/Silber, matte\/gl\u00e4nzende Folie, etc. bearbeitet werden und unterst\u00fctzt beidseitigen Druck innen und au\u00dfen, einschlie\u00dflich Markenlogo, QR-Code (Link zum Tutorial oder After-Sales), mehrsprachige Wartungsanweisungen, etc;<\/li>\n<li><strong>Farbabstimmung und Material<\/strong>: Wir bieten transparente, gefrostete und farbige PVC-Fenster, die Schachtel kann mit Pantone-Schmuckfarben oder Farbverl\u00e4ufen bedruckt werden, und das Material kann auf lebensmittelechte Kunststoffe wie PET\/PP aufger\u00fcstet werden, um den Anforderungen der verschiedenen Marktpositionen gerecht zu werden.<\/li>\n<\/ul>\n<h3 id=\"-5-advantages-of-china-s-source-factory-\"><strong>5. Vorteile von Chinas Ausgangsfabrik<\/strong><\/h3>\n<p>Als professioneller Hersteller von Nagelverpackungen bieten wir:<\/p>\n<ul>\n<li><strong>Kostenloses Proofing<\/strong>: Physische Muster werden innerhalb von 3 bis 5 Arbeitstagen versandt und erm\u00f6glichen eine volldimensionale Anpassung von Gr\u00f6\u00dfe, Material und Druckeffekt;<\/li>\n<li><strong>Design aus einer Hand<\/strong>: Das Designerteam bietet die Optimierung der Verpackungsstruktur und die Anpassung der visuellen L\u00f6sung an den Markenton an, und die Designgeb\u00fchr von 0 Yuan hilft bei der Markendifferenzierung;<\/li>\n<li><strong>Kostenvorteil<\/strong>: Gro\u00dfserienproduktion kann den St\u00fcckpreis auf 0,1-1,8 Yuan\/St\u00fcck komprimieren (abh\u00e4ngig von der Komplexit\u00e4t der Anpassung) und unterst\u00fctzt 30% Vorauszahlung + Endzahlung bei Lieferung.<\/li>\n<\/ul>\n<p><strong>Anwendbare Szenarien<\/strong>: Nagelstudio-Ketten, E-Commerce-Nagelmarken, grenz\u00fcberschreitende unabh\u00e4ngige Stationen, Gesch\u00e4fte f\u00fcr hochwertige Sch\u00f6nheitskollektionen, usw.\u00a0<strong>Prozess der Zusammenarbeit<\/strong>Kommunikation bei Bedarf \u2192 freier Entwurf \u2192 Musterbest\u00e4tigung \u2192 Massenproduktion \u2192 Qualit\u00e4tskontrolle und Lieferung (Lieferzeit 7-15 Tage).<\/p>\n<p>Wenn Sie Produkthandb\u00fccher ben\u00f6tigen oder eine Zusammenarbeit besprechen m\u00f6chten, wenden Sie sich bitte an den chinesischen Vertreter der Fabrik. Wir werden Ihre Marke mit Quellpreisen und flexiblen Lieferkettenf\u00e4higkeiten unterst\u00fctzen.<\/p>","protected":false},"excerpt":{"rendered":"<p>\u2705\u00a0<strong>Besch\u00e4digungssicher<\/strong>: Sch\u00fctzt die empfindlichen N\u00e4gel w\u00e4hrend des Transports durch bruchsichere W\u00e4nde.<br \/>\n\u2705\u00a0<strong>Sofortige visuelle Anziehungskraft<\/strong>: PVC-Fenster steigert Impulsk\u00e4ufe um 40% .<br \/>\n\u2705\u00a0<strong>Marke Amplifier<\/strong>: Der vollfl\u00e4chige Druck verwandelt die Schachteln in kleine Werbetafeln.<br \/>\n\u2705\u00a0<strong>Platzsparend<\/strong>: Das schlanke Profil senkt die Lagerkosten.<br \/>\n\u2705\u00a0<strong>Umweltbewusst<\/strong>: Recycelbare Materialien stehen im Einklang mit nachhaltigen Markenwerten.<\/p>","protected":false},"featured_media":8860,"template":"","meta":[],"product_brand":[],"product_cat":[30,390,424,31],"product_tag":[1002,639,1003],"class_list":{"0":"post-8859","1":"product","2":"type-product","3":"status-publish","4":"has-post-thumbnail","6":"product_cat-by-industry","7":"product_cat-custom-cosmetics-boxes","8":"product_cat-magnetic-closure-boxes","9":"product_cat-paper-box-style","10":"product_tag-custom-press-on-nail-box","11":"product_tag-press-on-nail-packaging","12":"product_tag-press-on-nail-packaging-wholesale","14":"first","15":"instock","16":"shipping-taxable","17":"product-type-simple"},"_links":{"self":[{"href":"https:\/\/zojopackaging.com\/de\/wp-json\/wp\/v2\/product\/8859","targetHints":{"allow":["GET"]}}],"collection":[{"href":"https:\/\/zojopackaging.com\/de\/wp-json\/wp\/v2\/product"}],"about":[{"href":"https:\/\/zojopackaging.com\/de\/wp-json\/wp\/v2\/types\/product"}],"version-history":[{"count":1,"href":"https:\/\/zojopackaging.com\/de\/wp-json\/wp\/v2\/product\/8859\/revisions"}],"predecessor-version":[{"id":8878,"href":"https:\/\/zojopackaging.com\/de\/wp-json\/wp\/v2\/product\/8859\/revisions\/8878"}],"wp:featuredmedia":[{"embeddable":true,"href":"https:\/\/zojopackaging.com\/de\/wp-json\/wp\/v2\/media\/8860"}],"wp:attachment":[{"href":"https:\/\/zojopackaging.com\/de\/wp-json\/wp\/v2\/media?parent=8859"}],"wp:term":[{"taxonomy":"product_brand","embeddable":true,"href":"https:\/\/zojopackaging.com\/de\/wp-json\/wp\/v2\/product_brand?post=8859"},{"taxonomy":"product_cat","embeddable":true,"href":"https:\/\/zojopackaging.com\/de\/wp-json\/wp\/v2\/product_cat?post=8859"},{"taxonomy":"product_tag","embeddable":true,"href":"https:\/\/zojopackaging.com\/de\/wp-json\/wp\/v2\/product_tag?post=8859"}],"curies":[{"name":"wp","href":"https:\/\/api.w.org\/{rel}","templated":true}]}}