{"id":8867,"date":"2025-03-31T16:46:31","date_gmt":"2025-03-31T08:46:31","guid":{"rendered":"https:\/\/zojopackaging.com\/?post_type=product&#038;p=8867"},"modified":"2025-03-31T17:47:47","modified_gmt":"2025-03-31T09:47:47","slug":"customization-high-end-perfume-folding-carton-supplier-in-china","status":"publish","type":"product","link":"https:\/\/zojopackaging.com\/de\/product\/customization-high-end-perfume-folding-carton-supplier-in-china\/","title":{"rendered":"Customization High-End-Parf\u00fcm Faltschachtel Lieferant in China"},"content":{"rendered":"<p>Auf dem Markt f\u00fcr Parf\u00fcmkonsum ist die Verpackung nicht nur die \"\u00e4u\u00dfere Visitenkarte\" des Produkts, sondern auch der zentrale Tr\u00e4ger der Werte der Marke und der Benutzererfahrung. China Customized High-End Perfume Folding Carton Supplier bietet Marken L\u00f6sungen, die sowohl \u00e4sthetisch als auch praktisch sind, durch technologische Innovation, Prozess-Upgrades und personalisierte Dienstleistungen. Im Folgenden werden die Hauptvorteile des Unternehmens in mehreren Dimensionen analysiert:<\/p>\n<h4 id=\"-1-simple-design-suitable-for-popular-best-selling-models-flexible-customization-of-materials-and-sizes-\"><strong>1. Einfaches Design, geeignet f\u00fcr beliebte meistverkaufte Modelle, flexible Anpassung von Materialien und Gr\u00f6\u00dfen<\/strong><\/h4>\n<p>Chinesische Anbieter bieten eine breite Palette von Faltschachteln an, von Basismodellen bis hin zu High-End-Kundenanfertigungen. Als Basismaterial wird 350g-Einzelpuderkarton oder wei\u00dfer Karton (z. B. Invercote Grade 1) verwendet, der eine glatte und empfindliche Oberfl\u00e4che hat und sich f\u00fcr komplexe Verfahren wie Hei\u00dfpr\u00e4gung und UV-Druck eignet. Das Design ist \u00fcberwiegend neutral gehalten, mit Morandi-Farben (z. B. Dunstblau und Taro-Violett), was nicht nur der \u00f6ffentlichen \u00c4sthetik entspricht, sondern auch Raum f\u00fcr die individuelle Gestaltung von Markenlogos, Illustrationen usw. l\u00e4sst. Einige Hersteller bieten zum Beispiel kostenlose Online-Designservices an, und Muster k\u00f6nnen innerhalb von 24 Stunden hergestellt werden.<\/p>\n<h4 id=\"-2-foldable-card-box-save-freight-and-storage-costs-\"><strong>2. Faltbare Kartonage: spart Fracht- und Lagerkosten<\/strong><\/h4>\n<p>Deutliche Reduzierung der Logistik- und Lagerkosten. Seine Druckfestigkeit und Steifigkeit werden durch eine pr\u00e4zise Stanztechnik gew\u00e4hrleistet, die sich besonders f\u00fcr den Transport von zerbrechlichen Parf\u00fcmflaschen eignet. Die Daten zeigen, dass die Logistikkosten f\u00fcr Parf\u00fcmprodukte mit Faltschachteln um 20%-30% reduziert werden k\u00f6nnen.<\/p>\n<h4 id=\"-3-heidelberg-printing-technology-accurate-restoration-of-design-colors-\"><strong>3. Heidelberger Drucktechnik: genaue Wiederherstellung der Designfarben<\/strong><\/h4>\n<p>High-End-Lieferanten f\u00fchrten deutsche Heidelberg Druckmaschinen ein, die mit Vierfarbdruck und Hei\u00dfsilbertechnologie kombiniert wurden, um eine hochpr\u00e4zise Wiederherstellung des CMYK-Farbraums zu erreichen. ZOJO Print verwendet Heidelberg-Maschinen f\u00fcr den Druck von Kartons mit matter Folie, und die Abweichung der Farbs\u00e4ttigung wird innerhalb von 3% kontrolliert, was den internationalen Standards f\u00fcr Luxusverpackungen entspricht. Einige Unternehmen bieten auch virtuelle AR-Farbtests an, um den Kunden eine Vorschau des Druckergebnisses zu erm\u00f6glichen.<\/p>\n<h4 id=\"-4-matt-film-technology-high-end-texture-and-moisture-proof-and-waterproof-\"><strong>4. Matte Film-Technologie: High-End-Textur und feuchtigkeitsdicht und wasserdicht<\/strong><\/h4>\n<p>Die matte Folienbeschichtungstechnologie wird verwendet, um eine zarte Wildlederoberfl\u00e4che auf der Oberfl\u00e4che des Kartons zu bilden, die sich so weich wie Samt anf\u00fchlt und Anti-Fingerabdruck- und Anti-Kratz-Eigenschaften hat. Das Beschichtungsmaterial wurde speziell behandelt, um den IP65-Standard f\u00fcr Wasserdichtigkeit zu erf\u00fcllen, und ist resistent gegen leichte Leckagen, die durch die Verfl\u00fcchtigung von Parf\u00fcm entstehen. So erh\u00f6hte sich beispielsweise der Feuchtigkeitsgehalt einer von einem Hersteller in Guangzhou produzierten matten Filmpapierbox in einem 48-st\u00fcndigen Feuchtigkeitstest nur um 1,2%.<\/p>\n<h4 id=\"-5-automated-production-in-our-own-factory-fast-delivery-in-5-7-days-\"><strong>5. Automatisierte Produktion in unserer eigenen Fabrik, schnelle Lieferung in 5-7 Tagen<\/strong><\/h4>\n<p>Wir verf\u00fcgen \u00fcber den Gr\u00f6\u00dfenvorteil intelligenter Produktionslinien und eine t\u00e4gliche Produktionskapazit\u00e4t von \u00fcber 100.000 St\u00fcck. Durch das ERP-System k\u00f6nnen wir eine nahtlose Verbindung von der Entwurfspr\u00fcfung bis zur Massenproduktion erreichen, und die Lieferung kann in nur 5 Arbeitstagen erfolgen. Ein Beispiel: Ein Kunde hat 100.000 S\u00e4tze neutraler Parf\u00fcmkartons ma\u00dfgefertigt, die von der Best\u00e4tigung des Plans bis zur Verpackung und zum Versand nur 6 Tage ben\u00f6tigten.<\/p>\n<h4 id=\"-6-professional-sales-team-full-process-support-for-customized-packaging-solutions-\"><strong>6. Professionelles Verkaufsteam: umfassende Unterst\u00fctzung f\u00fcr ma\u00dfgeschneiderte Verpackungsl\u00f6sungen<\/strong><\/h4>\n<p>Der Anbieter verf\u00fcgt \u00fcber ein bereichs\u00fcbergreifendes Team aus Designern, Druckingenieuren und Logistikexperten, das Dienstleistungen aus einer Hand anbietet, von der Marktforschung \u00fcber die Materialauswahl bis zur Transportoptimierung. So k\u00f6nnen wir zum Beispiel f\u00fcr den Bedarf hochwertiger Marken FSC-zertifizierte Bambuszellstoff-Papierschachteln + integrierte Pufferstruktur aus Perlbaumwolle empfehlen; f\u00fcr den Massenmarkt empfehlen wir Schachteln aus Recyclingpapier + vereinfachte Verfahrenskombinationen.<\/p>","protected":false},"excerpt":{"rendered":"<p>Chinas Anbieter von ma\u00dfgeschneiderten High-End-Parf\u00fcmfaltschachteln gestalten die globale Verpackungsindustrie durch technologische Innovation und Prozessoptimierung neu. In Zukunft wird mit der Verbreitung von KI-Design-Tools und digitaler Drucktechnologie die Effizienz der kundenindividuellen Produktion weiter verbessert werden, und die Integration nachhaltiger Materialien und intelligenter Strukturen wird die Branche weiter in Richtung \"gr\u00fcn\" und \"intelligent\" vorantreiben<\/p>","protected":false},"featured_media":8877,"template":"","meta":[],"product_brand":[],"product_cat":[30,417,430,31],"product_tag":[1004,1005,1006],"class_list":{"0":"post-8867","1":"product","2":"type-product","3":"status-publish","4":"has-post-thumbnail","6":"product_cat-by-industry","7":"product_cat-custom-perfume-boxes-by-industry","8":"product_cat-folding-cartons","9":"product_cat-paper-box-style","10":"product_tag-customization-folding-carton","11":"product_tag-folding-carton-supplier-in-china","12":"product_tag-luxury-perfume-folding-carton","14":"first","15":"instock","16":"shipping-taxable","17":"product-type-grouped"},"_links":{"self":[{"href":"https:\/\/zojopackaging.com\/de\/wp-json\/wp\/v2\/product\/8867","targetHints":{"allow":["GET"]}}],"collection":[{"href":"https:\/\/zojopackaging.com\/de\/wp-json\/wp\/v2\/product"}],"about":[{"href":"https:\/\/zojopackaging.com\/de\/wp-json\/wp\/v2\/types\/product"}],"version-history":[{"count":2,"href":"https:\/\/zojopackaging.com\/de\/wp-json\/wp\/v2\/product\/8867\/revisions"}],"predecessor-version":[{"id":8903,"href":"https:\/\/zojopackaging.com\/de\/wp-json\/wp\/v2\/product\/8867\/revisions\/8903"}],"wp:featuredmedia":[{"embeddable":true,"href":"https:\/\/zojopackaging.com\/de\/wp-json\/wp\/v2\/media\/8877"}],"wp:attachment":[{"href":"https:\/\/zojopackaging.com\/de\/wp-json\/wp\/v2\/media?parent=8867"}],"wp:term":[{"taxonomy":"product_brand","embeddable":true,"href":"https:\/\/zojopackaging.com\/de\/wp-json\/wp\/v2\/product_brand?post=8867"},{"taxonomy":"product_cat","embeddable":true,"href":"https:\/\/zojopackaging.com\/de\/wp-json\/wp\/v2\/product_cat?post=8867"},{"taxonomy":"product_tag","embeddable":true,"href":"https:\/\/zojopackaging.com\/de\/wp-json\/wp\/v2\/product_tag?post=8867"}],"curies":[{"name":"wp","href":"https:\/\/api.w.org\/{rel}","templated":true}]}}