{"id":8879,"date":"2025-03-31T17:13:27","date_gmt":"2025-03-31T09:13:27","guid":{"rendered":"https:\/\/zojopackaging.com\/?post_type=product&#038;p=8879"},"modified":"2025-03-31T17:39:50","modified_gmt":"2025-03-31T09:39:50","slug":"custom-printed-durable-golf-balls-box-packaging-supplier","status":"publish","type":"product","link":"https:\/\/zojopackaging.com\/de\/product\/custom-printed-durable-golf-balls-box-packaging-supplier\/","title":{"rendered":"Kundenspezifisch bedruckte langlebige Golfb\u00e4lle Box Verpackung Lieferant"},"content":{"rendered":"<h2 id=\"-core-design-features-of-the-product-\"><strong>Wesentliche Gestaltungsmerkmale des Produkts<\/strong><\/h2>\n<ol>\n<li><strong>Kastenf\u00f6rmige Struktur mit oberem und unterem Deckel<\/strong>\u00a0Der obere und der untere Deckel sind geschlossen, und der Schachtelk\u00f6rper und der Deckel sind durch pr\u00e4zise Schlitz- und Faltvorg\u00e4nge fest miteinander verbunden. F\u00fcr den Schachtelk\u00f6rper wird hochfester wei\u00dfer Karton (z. B. Mets\u00e4 Board Pro FBB Bright) oder Hartkarton verwendet, der mit einer Eckenbehandlung verst\u00e4rkt ist, um \u00e4u\u00dfere St\u00f6\u00dfe wirksam abzufedern und die inneren Golfb\u00e4lle vor Extrusions- oder Sto\u00dfsch\u00e4den zu sch\u00fctzen. Die Innenwand des Schachteldeckels kann mit einer rutschfesten Flanell- oder EVA-Pufferschicht ausgestattet werden, um den Schutz weiter zu erh\u00f6hen.<\/li>\n<li><strong>Anpassbares Futterfach<\/strong>\u00a0Die Auskleidung besteht aus hochdichtem EVA-Material (Ethylen-Vinylacetat-Copolymer), und die Waben- oder unabh\u00e4ngige Rillenstruktur kann je nach Gr\u00f6\u00dfe des Golfballs (Standarddurchmesser 42,67 mm) angepasst werden. Eine einzige Box kann bis zu 6 B\u00e4lle aufnehmen. EVA-Material hat die Eigenschaften von guter Elastizit\u00e4t, Verschlei\u00dffestigkeit und Feuchtigkeitsbest\u00e4ndigkeit. Es schmiegt sich eng an den Ball an, um das Wackeln w\u00e4hrend des Transports zu reduzieren und die Raumausnutzung zu optimieren. Unterst\u00fctzt Unterteilungsdesign, wie z.B. exklusive F\u00e4cher f\u00fcr Zubeh\u00f6r wie Spikes und Handschuhe.<\/li>\n<li><strong>Umfassender Anpassungsservice<\/strong><\/li>\n<li><strong>Gr\u00f6\u00dfe und Kartontyp<\/strong>: Unterst\u00fctzt quadratische, runde und speziell geformte Schachteln mit Gr\u00f6\u00dfen, die von tragbaren Schachteln mit einer Kugel bis hin zu Geschenkschachteln mit mehreren Kugeln reichen (z. B. 14\u00d78\u00d79 cm Standard oder kundenspezifische Spezifikationen).<\/li>\n<li><strong>Auswahl des Materials<\/strong>: Stellen Sie wei\u00dfen Karton, Kunstdruckpapier, umweltfreundliches Kraftpapier, PU-Leder oder Holzkisten (z. B. Mahagoni-Geschenkboxen) zur Verf\u00fcgung.<\/li>\n<li><strong>Oberfl\u00e4cheneffekt<\/strong>: Wahlweise gl\u00e4nzende Folie (Spiegelglanz), matte Folie (matte Textur) oder f\u00fchlbare Folie, wobei die gl\u00e4nzende Folie die Farbs\u00e4ttigung und die Kratzfestigkeit des gedruckten Musters erheblich verbessern kann.<\/li>\n<li><strong>Drucktechnik<\/strong>: Unterst\u00fctzt Hei\u00dfpr\u00e4gung, UV-Teilpr\u00e4gung, Siebdruck usw., und kann Markenlogos, Veranstaltungslogos oder personalisierte Muster anpassen.<\/li>\n<\/ol>\n<h2 id=\"-production-process-and-quality-control-\"><strong>Produktionsprozess und Qualit\u00e4tskontrolle<\/strong><\/h2>\n<ol>\n<li><strong>MES-Managementsystem erm\u00f6glicht transparente Produktion<\/strong>\u00a0Die Werkstatt verwendet MES (Manufacturing Execution System), um den Auftragsfortschritt, den Materialbestand und den Ausr\u00fcstungsstatus in Echtzeit zu \u00fcberwachen und sicherzustellen, dass der gesamte Prozess von der Entwurfspr\u00fcfung bis zur Massenproduktion nachvollziehbar ist. Das System plant automatisch die Produktion und warnt bei Abweichungen, wodurch das Problem der Lieferverz\u00f6gerungen in traditionellen Fabriken gel\u00f6st wird. Der Lieferzyklus kann auf 7-12 Tage verk\u00fcrzt werden (je nach Komplexit\u00e4t der Anpassung).<\/li>\n<li><strong>Standards f\u00fcr Umweltschutz und Haltbarkeit<\/strong>\u00a0Die Materialien entsprechen der FSC-Zertifizierung, werden mit Druckfarben auf Wasserbasis bedruckt, und f\u00fcr die Laminierung wird l\u00f6sungsmittelfreier, umweltfreundlicher Klebstoff verwendet. Der Karton wurde einem Falltest unterzogen und konstanten Temperatur- und Feuchtigkeitstests unterzogen, um sicherzustellen, dass er sich in einer Umgebung von -20\u2103 bis 60\u2103 nicht verformt.<\/li>\n<\/ol>\n<h2 id=\"-supplier-service-advantages-\"><strong>Vorteile des Lieferantendienstes<\/strong><\/h2>\n<ol>\n<li><strong>Direkte Lieferung von der Ursprungsfabrik<\/strong>\u00a0Die chinesische Fabrik vor Ort bietet kostenlose Probedrucke an und unterst\u00fctzt eine Mindestbestellmenge von 1 St\u00fcck. Das Designer-Team kann 3D-Renderings und Konstruktionszeichnungen zur Best\u00e4tigung je nach Kundenwunsch zur Verf\u00fcgung stellen.<\/li>\n<\/ol>\n<h2 id=\"-application-scenarios-and-market-adaptability-\"><strong>Anwendungsszenarien und Marktanpassungsf\u00e4higkeit<\/strong><\/h2>\n<p>Anwendbar f\u00fcr Golfturniergeschenke, gemeinsame Markensets, Einzelhandelsverpackungen und andere Szenarien,<\/p>","protected":false},"excerpt":{"rendered":"<p>1. Die Box Typ mit oben und unten nimmt die Struktur der oberen und unteren Deckel, die effektiv verhindern, dass die Elemente in der Verpackung von besch\u00e4digt werden k\u00f6nnen<br \/>\n2. Sein Innenfutter kann bis zu 6 Golfb\u00e4lle sicher unterbringen<br \/>\n3. Der Schachteltyp, die Gr\u00f6\u00dfe, die Farbe, das Material und der Oberfl\u00e4chendruckeffekt k\u00f6nnen in hohem Ma\u00dfe angepasst werden, um Ihrer Golfballverpackung zu entsprechen<\/p>","protected":false},"featured_media":8883,"template":"","meta":[],"product_brand":[],"product_cat":[30,413,425,31],"product_tag":[1007,1009,1008],"class_list":{"0":"post-8879","1":"product","2":"type-product","3":"status-publish","4":"has-post-thumbnail","6":"product_cat-by-industry","7":"product_cat-consumer-electronics-boxes","8":"product_cat-lid-and-base-gift-box","9":"product_cat-paper-box-style","10":"product_tag-custom-golf-balls-box","11":"product_tag-durable-golf-balls-packaging-box","12":"product_tag-golf-balls-packaging-supplier","14":"first","15":"instock","16":"shipping-taxable","17":"product-type-simple"},"_links":{"self":[{"href":"https:\/\/zojopackaging.com\/de\/wp-json\/wp\/v2\/product\/8879","targetHints":{"allow":["GET"]}}],"collection":[{"href":"https:\/\/zojopackaging.com\/de\/wp-json\/wp\/v2\/product"}],"about":[{"href":"https:\/\/zojopackaging.com\/de\/wp-json\/wp\/v2\/types\/product"}],"version-history":[{"count":1,"href":"https:\/\/zojopackaging.com\/de\/wp-json\/wp\/v2\/product\/8879\/revisions"}],"predecessor-version":[{"id":8895,"href":"https:\/\/zojopackaging.com\/de\/wp-json\/wp\/v2\/product\/8879\/revisions\/8895"}],"wp:featuredmedia":[{"embeddable":true,"href":"https:\/\/zojopackaging.com\/de\/wp-json\/wp\/v2\/media\/8883"}],"wp:attachment":[{"href":"https:\/\/zojopackaging.com\/de\/wp-json\/wp\/v2\/media?parent=8879"}],"wp:term":[{"taxonomy":"product_brand","embeddable":true,"href":"https:\/\/zojopackaging.com\/de\/wp-json\/wp\/v2\/product_brand?post=8879"},{"taxonomy":"product_cat","embeddable":true,"href":"https:\/\/zojopackaging.com\/de\/wp-json\/wp\/v2\/product_cat?post=8879"},{"taxonomy":"product_tag","embeddable":true,"href":"https:\/\/zojopackaging.com\/de\/wp-json\/wp\/v2\/product_tag?post=8879"}],"curies":[{"name":"wp","href":"https:\/\/api.w.org\/{rel}","templated":true}]}}