{"id":8887,"date":"2025-03-31T17:19:10","date_gmt":"2025-03-31T09:19:10","guid":{"rendered":"https:\/\/zojopackaging.com\/?post_type=product&#038;p=8887"},"modified":"2025-03-31T17:45:32","modified_gmt":"2025-03-31T09:45:32","slug":"custom-perfume-box-for-100ml-bottle-packaging-folding-paper-box-maker","status":"publish","type":"product","link":"https:\/\/zojopackaging.com\/de\/product\/custom-perfume-box-for-100ml-bottle-packaging-folding-paper-box-maker\/","title":{"rendered":"Benutzerdefinierte Parf\u00fcm-Box f\u00fcr 100ml Flasche Verpackung Folding Paper Box Maker"},"content":{"rendered":"<p>Auf dem Konsumg\u00fctermarkt f\u00fcr Parf\u00fcm ist die Verpackung nicht nur die \"\u00e4u\u00dfere Visitenkarte\" des Produkts, sondern auch der zentrale Tr\u00e4ger der Werte der Marke und der Benutzererfahrung. Chinas High-End-Faltschachtelhersteller bieten Marken durch technologische Innovationen, Prozessverbesserungen und personalisierte Dienstleistungen L\u00f6sungen, die sowohl \u00e4sthetisch als auch praktisch sind. Im Folgenden werden die Kernvorteile des Unternehmens aus verschiedenen Blickwinkeln analysiert:<\/p>\n<h4 id=\"-1-full-dimensional-customization-service-flexible-adaptation-of-size-material-and-process-\"><strong>1. Volldimensionaler Anpassungsservice: flexible Anpassung von Gr\u00f6\u00dfe, Material und Verfahren<\/strong><\/h4>\n<p>Chinesische Anbieter bieten eine breite Palette von Faltschachteln an, die von einfachen bis hin zu anspruchsvollen kundenspezifischen L\u00f6sungen reichen und die Anpassung von Flaschen mit vollem Fassungsverm\u00f6gen wie 100 ml, 50 ml, 30 ml und 10 ml unterst\u00fctzen. Durch die Verwendung von 350g Single-Powder-Karton oder wei\u00dfem Karton (z. B. Invercote First-Level-Karton) als Basismaterial ist die Oberfl\u00e4che glatt und empfindlich und eignet sich f\u00fcr komplexe Verfahren wie Hei\u00dfpr\u00e4gung, UV-Druck und Pr\u00e4gung. Shenzhen Zongzheng Packaging kann zum Beispiel Siebdruck, Tiefdruck und andere Verfahren anpassen, um eine genaue Darstellung des Markenlogos und der Abbildungen zu erreichen.<\/p>\n<h4 id=\"-2-multi-size-compatible-design-adapt-to-different-bottle-types-worry-free-customization-\"><strong>2. Multi-Size-kompatibles Design: Anpassung an verschiedene Flaschentypen, sorgenfreie Anpassung<\/strong><\/h4>\n<p>Die Faltschachtel ist modular aufgebaut (z. B. mit einem Deckel und einem Boden, einer Schublade). Wenn sie entfaltet wird, ist sie eine dreidimensionale Schachtel. Nach dem Falten betr\u00e4gt das Volumen nur 1\/5-1\/3 des urspr\u00fcnglichen Volumens, was die Logistikkosten erheblich reduziert. Einige Hersteller bieten kostenlose Online-Designservices an und unterst\u00fctzen die schnelle Pr\u00fcfung und \u00c4nderung. Shenzhen Mingweiyuan Paper Products zum Beispiel kann speziell geformte Flip-Top-Schachteln f\u00fcr schmale Flaschenh\u00e4lse oder quadratische Flaschen anpassen. Daten zeigen, dass die Logistikkosten f\u00fcr Parf\u00fcmprodukte mit Faltschachteln um 20%-30% gesenkt werden k\u00f6nnen.<\/p>\n<h4 id=\"-3-process-upgrade-highlight-the-visual-expression-of-brand-tone-\"><strong>3. Prozess-Upgrade: Hervorhebung des visuellen Ausdrucks des Markentons<\/strong><\/h4>\n<p>Die Oberfl\u00e4che des Kartons kann mit Hei\u00dfpr\u00e4gung, partieller UV-Strahlung, Pr\u00e4gung und anderen Verfahren veredelt werden, um die Textur und die F\u00e4lschungssicherheit zu erh\u00f6hen. Zongzheng Packaging verwendet die Hei\u00dfpr\u00e4getechnik, um die Metallstruktur zu verbessern, und kombiniert die Technologie der matten Folienabdeckung, um die Wasserdichtigkeit nach IP65 zu erreichen, was f\u00fcr den Bedarf an hochwertigen Parf\u00fcms geeignet ist. Die Webseite wies darauf hin, dass auf dem chinesischen Markt f\u00fcr Parf\u00fcmverpackungen im Jahr 2024 die Pr\u00e4mienrate von Produkten, die Hei\u00dfpr\u00e4gung, UV- und andere Verfahren verwenden, 20%-30% erreichen kann.<\/p>\n<h4 id=\"-4-china-s-high-end-supply-chain-source-price-helping-brands-quickly-occupy-the-market-\"><strong>4. Chinas High-End-Lieferkette: Quellpreis, der Marken hilft, den Markt schnell zu besetzen<\/strong><\/h4>\n<p>F\u00fchrende Hersteller wie Shenzhen Zongzheng Packaging investierten 440 Millionen Yuan in den Bau eines Industrieparks f\u00fcr Parf\u00fcmverpackungen mit einer Tagesproduktion von 500.000 bis 700.000 Papierschachteln, wodurch die Grenzkosten durch die Produktion in gro\u00dfem Ma\u00dfstab gesenkt werden. Im Vergleich zur Taobao-Plattform bieten Hersteller wie Jiali Chuang importiertes Kosmetiktuch und hochpr\u00e4zise Druckdienstleistungen mit dem Motto \"Taobao-Preis, internationale Qualit\u00e4t\" an. So wird beispielsweise der Gewichtsfehler seiner Papierschachteln auf 0,1-0,5 mm kontrolliert.<\/p>\n<h4 id=\"-5-high-production-capacity-and-fast-delivery-7-9-days-for-delivery-quality-and-quantity-guaranteed-\"><strong>5. Hohe Produktionskapazit\u00e4t und schnelle Lieferung: 7-9 Tage f\u00fcr die Lieferung, Qualit\u00e4t und Quantit\u00e4t garantiert<\/strong><\/h4>\n<p>Shenzhen Zongzheng Packaging hat eine t\u00e4gliche Produktionskapazit\u00e4t von 50.000 Sets, unterst\u00fctzt die kundenspezifische Anpassung von Kleinserien (1 Mindestbestellung) und verspricht \"versp\u00e4tete Lieferungen m\u00fcssen kompensiert werden\". Die Webseite zeigt, dass einige Hersteller eine nahtlose Verbindung des gesamten Prozesses von Design, Proofing und Produktion durch das ERP-System erreicht haben, und die schnellste Lieferung betr\u00e4gt 5 Arbeitstage.<\/p>\n<h4 id=\"-6-professional-team-support-full-process-customized-solutions-\"><strong>6. Professionelle Teamunterst\u00fctzung: ma\u00dfgeschneiderte L\u00f6sungen f\u00fcr den gesamten Prozess<\/strong><\/h4>\n<p>Die Zulieferer verf\u00fcgen \u00fcber bereichs\u00fcbergreifende Teams, darunter Designer, Drucktechniker und Logistikexperten. Shenzhen Zongzheng Packaging zum Beispiel bietet kostenlose Designdienstleistungen an, unterst\u00fctzt Quelldateien im CDR\/AI-Format und garantiert Qualit\u00e4t durch die deutsche Rheinzertifizierung. Auf der Website wird betont, dass das professionelle Team schnell auf Bed\u00fcrfnisse reagieren kann und von der Marktforschung bis zur Transportoptimierung Unterst\u00fctzung aus einer Hand bietet.<\/p>","protected":false},"excerpt":{"rendered":"<p>Chinas Hersteller von ma\u00dfgeschneiderten Parf\u00fcmfaltschachteln gestalten die globale Verpackungsindustrie durch Materialinnovationen, Prozessverbesserungen und digitale Dienstleistungen neu. In Zukunft wird mit der Verbreitung von KI-Design-Tools und umweltfreundlichen Materialien die Effizienz der kundenspezifischen Produktion weiter verbessert werden, und die Integration von nachhaltiger Produktion und intelligenter Struktur wird die Branche weiter in Richtung High-End und umweltfreundliche Richtung entwickeln. Entwicklung in diese Richtung.<\/p>","protected":false},"featured_media":8890,"template":"","meta":[],"product_brand":[],"product_cat":[30,417,430,31],"product_tag":[1010,329,1011],"class_list":{"0":"post-8887","1":"product","2":"type-product","3":"status-publish","4":"has-post-thumbnail","6":"product_cat-by-industry","7":"product_cat-custom-perfume-boxes-by-industry","8":"product_cat-folding-cartons","9":"product_cat-paper-box-style","10":"product_tag-50ml-bottle-packaging","11":"product_tag-custom-perfume-box","12":"product_tag-paper-box-maker","14":"first","15":"instock","16":"shipping-taxable","17":"product-type-grouped"},"_links":{"self":[{"href":"https:\/\/zojopackaging.com\/de\/wp-json\/wp\/v2\/product\/8887","targetHints":{"allow":["GET"]}}],"collection":[{"href":"https:\/\/zojopackaging.com\/de\/wp-json\/wp\/v2\/product"}],"about":[{"href":"https:\/\/zojopackaging.com\/de\/wp-json\/wp\/v2\/types\/product"}],"version-history":[{"count":1,"href":"https:\/\/zojopackaging.com\/de\/wp-json\/wp\/v2\/product\/8887\/revisions"}],"predecessor-version":[{"id":8902,"href":"https:\/\/zojopackaging.com\/de\/wp-json\/wp\/v2\/product\/8887\/revisions\/8902"}],"wp:featuredmedia":[{"embeddable":true,"href":"https:\/\/zojopackaging.com\/de\/wp-json\/wp\/v2\/media\/8890"}],"wp:attachment":[{"href":"https:\/\/zojopackaging.com\/de\/wp-json\/wp\/v2\/media?parent=8887"}],"wp:term":[{"taxonomy":"product_brand","embeddable":true,"href":"https:\/\/zojopackaging.com\/de\/wp-json\/wp\/v2\/product_brand?post=8887"},{"taxonomy":"product_cat","embeddable":true,"href":"https:\/\/zojopackaging.com\/de\/wp-json\/wp\/v2\/product_cat?post=8887"},{"taxonomy":"product_tag","embeddable":true,"href":"https:\/\/zojopackaging.com\/de\/wp-json\/wp\/v2\/product_tag?post=8887"}],"curies":[{"name":"wp","href":"https:\/\/api.w.org\/{rel}","templated":true}]}}