{"id":8896,"date":"2025-03-31T17:40:48","date_gmt":"2025-03-31T09:40:48","guid":{"rendered":"https:\/\/zojopackaging.com\/?post_type=product&#038;p=8896"},"modified":"2025-03-31T18:23:15","modified_gmt":"2025-03-31T10:23:15","slug":"custom-baby-pacifier-clip-teether-holder-packaging-boxes","status":"publish","type":"product","link":"https:\/\/zojopackaging.com\/de\/product\/custom-baby-pacifier-clip-teether-holder-packaging-boxes\/","title":{"rendered":"Individuelle Baby Schnuller Clip Bei\u00dfring Halter Verpackung Boxen"},"content":{"rendered":"<h2 id=\"-1-box-design-of-top-and-bottom-cover-precise-fit-upgraded-protection-\"><strong>1. Box-Design von Deckel und Bodenabdeckung: pr\u00e4zise Passform, verbesserter Schutz<\/strong><\/h2>\n<p>Die klassische obere und untere Abdeckungsstruktur wird \u00fcbernommen, die aus der oberen Abdeckung und dem unteren Kasten besteht, und eine nahtlose Passform wird durch pr\u00e4zise Gr\u00f6\u00dfenanpassung erreicht. An der Verbindung von oberem und unterem Deckel ist ein angemessener Spalt vorgesehen, der das \u00d6ffnen und Schlie\u00dfen erleichtert und die Abdichtung gew\u00e4hrleistet, wodurch Staub und Feuchtigkeit wirksam verhindert werden. Der Schachtelk\u00f6rper besteht aus harter Graupappe oder umweltfreundlichem Karton, mit hochpr\u00e4ziser Stanztechnik, starker Druckfestigkeit und kann den St\u00f6\u00dfen beim Transport standhalten.<\/p>\n<h2 id=\"-2-customized-lining-buffer-system-safe-protection-without-dead-angles-\"><strong>2. Ma\u00dfgeschneidertes Auskleidungspuffsystem: sicherer Schutz ohne tote Winkel<\/strong><\/h2>\n<p>Die Auskleidung kann mit hochdichtem EVA-Schaum oder Schwammmaterial gew\u00e4hlt werden, und der Schnuller, der Bei\u00dfring und andere Gegenst\u00e4nde k\u00f6nnen durch unabh\u00e4ngige Rillen oder Wabenstrukturen genau fixiert werden, um den Sch\u00fcttelverschlei\u00df zu verringern. Die Dichte der EVA-Auskleidung kann beispielsweise zwischen 30-50 kg\/m\u00b3 gew\u00e4hlt werden, und die \u00d6ffnungsrate der Wabenstruktur betr\u00e4gt 60-85%, wobei sowohl die Pufferung als auch die Raumnutzung ber\u00fccksichtigt werden. Es unterst\u00fctzt den Schichtaufbau und eignet sich f\u00fcr Produktkombinationen verschiedener Gr\u00f6\u00dfen, wie z. B. die passende Lagerung von Schnullern und Desinfektionsboxen.<\/p>\n<h2 id=\"-3-brand-visual-enhancement-printing-technology-and-creative-design-\"><strong>3. Visuelle Aufwertung der Marke: Drucktechnik und kreatives Design<\/strong><\/h2>\n<p>Die Box bietet eine gro\u00dffl\u00e4chige Druckfl\u00e4che von 360\u00b0, unterst\u00fctzt Vierfarben-Offsetdruck, Siebdruck und andere Verfahren und kann mit Markenlogos, Illustrationen oder Kindermotiven individuell gestaltet werden. Zu den Oberfl\u00e4chenverfahren geh\u00f6ren:<\/p>\n<ul>\n<li><strong>Hei\u00dfpr\u00e4gen\/Hei\u00dfpr\u00e4gen<\/strong>: Verst\u00e4rken Sie den Luxus des Markenlogos;<\/li>\n<li><strong>Teilweise UV<\/strong>: betonen den Glanz und die Dreidimensionalit\u00e4t von Schl\u00fcsselgrafiken;<\/li>\n<li><strong>Gepr\u00e4gt<\/strong>: Verbesserung der taktilen Ebene, wie z. B. die Simulation der Hautbeschaffenheit von M\u00fcttern und Babys. Die Design-Datei unterst\u00fctzt AI intelligente Generation, um sicherzustellen, dass die Farbwiedergabe Grad erreicht mehr als 98%.<\/li>\n<\/ul>\n<h2 id=\"-4-full-dimensional-customization-service-flexible-adaptation-to-needs-\"><strong>4. Volldimensionaler Individualisierungsservice: flexible Anpassung an die Bed\u00fcrfnisse<\/strong><\/h2>\n<ul>\n<li><strong>Gr\u00f6\u00dfe und Kartontyp<\/strong>Die Verpackung unterst\u00fctzt runde, quadratische, speziell geformte und andere Strukturen, die dem Verpackungsbedarf von Produkten in verschiedenen Stadien von 0-3 Jahren entsprechen;<\/li>\n<li><strong>Material- und Umweltschutz<\/strong>: bietet wei\u00dfe Pappe in Lebensmittelqualit\u00e4t, abbaubare Graupappe und andere Optionen, die den Sicherheitsnormen FDA und EU EN71 entsprechen;<\/li>\n<li><strong>Farbe und Verfahren<\/strong>: Pantone-Spot-Farbabgleich, unterst\u00fctzt matte, gl\u00e4nzende, gefrostete und andere Oberfl\u00e4cheneffekte.<\/li>\n<\/ul>\n<h2 id=\"-5-intelligent-production-and-fast-delivery-\"><strong>5. Intelligente Produktion und schnelle Lieferung<\/strong><\/h2>\n<p>Die Schachtelstruktur ist hochgradig modularisiert und mit vollautomatischen Stanzmaschinen, Schachtelklebemaschinen und anderen Ger\u00e4ten kompatibel, mit einer t\u00e4glichen Produktionskapazit\u00e4t von bis zu 50.000 St\u00fcck. Die Werkstatt setzt das MES-Managementsystem ein, um den Produktionsfortschritt, den Status der Anlagen und die Qualit\u00e4tsdaten in Echtzeit zu \u00fcberwachen, und der Lieferzyklus f\u00fcr die Auftr\u00e4ge wird auf 7-10 Tage verk\u00fcrzt. Durch das digitale Proofing-Center kann innerhalb von 48 Stunden eine Musterbest\u00e4tigung erstellt werden.<\/p>\n<h2 id=\"-6-advantages-of-the-source-factory-high-cost-performance-and-worry-free-service-\"><strong>6. Vorteile der Quellenfabrik: hohe Kostenleistung und sorgenfreier Service<\/strong><\/h2>\n<p>Direkte Lieferung von der Quelle Fabrik in China, unter Berufung auf gro\u00df angelegte Produktion und Supply-Chain-Integration, der Preis ist 15%-30% niedriger als der durchschnittliche Marktpreis. Kostenloser Entwurf, 3D-Rendering-Vorschau und Musterlieferung werden angeboten, und die Anpassung von Kleinserien (Mindestbestellmenge 500 St\u00fcck) wird unterst\u00fctzt. Die Qualit\u00e4tskontrolle hat die ISO 9001-Zertifizierung bestanden und bietet eine 12-monatige Garantie.<\/p>\n<h2 id=\"-7-environmental-protection-and-sustainability-\"><strong>7. Umweltschutz und Nachhaltigkeit<\/strong><\/h2>\n<p>Verwendung von FSC-zertifiziertem Papier und Tinte auf Wasserbasis zur Unterst\u00fctzung des Recycling-Designs. Die Verpackungsbox kann in eine Aufbewahrungsbox f\u00fcr Mutter und Kind oder ein Spielzeug f\u00fcr die Fr\u00fcherziehung umgewandelt werden, um den Lebenszyklus zu verl\u00e4ngern.<\/p>\n<p><strong>Prozess der Zusammenarbeit<\/strong>: Bedarfskommunikation \u2192 freier Entwurf \u2192 Proofing-Best\u00e4tigung \u2192 MES-Terminierung \u2192 Serienlieferung \u2192 After-Sales-Tracking\u00a0<strong>Anwendbare Szenarien<\/strong>: Geschenksets f\u00fcr Mutter und Kind, E-Commerce-Plattform f\u00fcr einzelne Produktverpackungen, grenz\u00fcberschreitende Lieferung f\u00fcr den Export, usw.<\/p>\n<p>Durch die Integration von Design, Materialien und intelligenter Produktion bietet dieses Produkt eine Verpackungsl\u00f6sung f\u00fcr Babypflegeprodukte aus einer Hand, die vom Schutz bis zur Markenkommunikation reicht.<\/p>","protected":false},"excerpt":{"rendered":"<p>1. Der Deckel und die Basis nehmen das Design des oberen und unteren Deckels an, die zusammenpassen, und erreichen einen festen Sitz durch pr\u00e4zise Gr\u00f6\u00dfenanpassung<br \/>\n2. Das Futter kann mit hochdichtem EVA, Schwamm und anderen Polstermaterialien angepasst werden, und die Elemente sind durch unabh\u00e4ngige Rillen oder Wabenstrukturen fixiert, um Sch\u00fctteln und Verschlei\u00df zu reduzieren<br \/>\n3. Die Box K\u00f6rper bietet eine gro\u00dfe Druckfl\u00e4che, die mit Markenlogos und k\u00fcnstlerische Muster angepasst werden k\u00f6nnen, um das Markenimage zu verbessern<br \/>\n4. Die Box Art, Gr\u00f6\u00dfe, Farbe, Material und Oberfl\u00e4che Druckeffekt kann sehr individuell sein, um Ihr Baby Schnuller und Baby Bei\u00dfring Halter Verpackung anzupassen<\/p>","protected":false},"featured_media":8897,"template":"","meta":[],"product_brand":[],"product_cat":[30,413,425,31],"product_tag":[1013,1014,1012],"class_list":{"0":"post-8896","1":"product","2":"type-product","3":"status-publish","4":"has-post-thumbnail","6":"product_cat-by-industry","7":"product_cat-consumer-electronics-boxes","8":"product_cat-lid-and-base-gift-box","9":"product_cat-paper-box-style","10":"product_tag-baby-teethers-packaging-box","11":"product_tag-custom-baby-pacifier-packaging","12":"product_tag-pacifier-clips-packaging","14":"first","15":"instock","16":"shipping-taxable","17":"product-type-simple"},"_links":{"self":[{"href":"https:\/\/zojopackaging.com\/de\/wp-json\/wp\/v2\/product\/8896","targetHints":{"allow":["GET"]}}],"collection":[{"href":"https:\/\/zojopackaging.com\/de\/wp-json\/wp\/v2\/product"}],"about":[{"href":"https:\/\/zojopackaging.com\/de\/wp-json\/wp\/v2\/types\/product"}],"version-history":[{"count":1,"href":"https:\/\/zojopackaging.com\/de\/wp-json\/wp\/v2\/product\/8896\/revisions"}],"predecessor-version":[{"id":8911,"href":"https:\/\/zojopackaging.com\/de\/wp-json\/wp\/v2\/product\/8896\/revisions\/8911"}],"wp:featuredmedia":[{"embeddable":true,"href":"https:\/\/zojopackaging.com\/de\/wp-json\/wp\/v2\/media\/8897"}],"wp:attachment":[{"href":"https:\/\/zojopackaging.com\/de\/wp-json\/wp\/v2\/media?parent=8896"}],"wp:term":[{"taxonomy":"product_brand","embeddable":true,"href":"https:\/\/zojopackaging.com\/de\/wp-json\/wp\/v2\/product_brand?post=8896"},{"taxonomy":"product_cat","embeddable":true,"href":"https:\/\/zojopackaging.com\/de\/wp-json\/wp\/v2\/product_cat?post=8896"},{"taxonomy":"product_tag","embeddable":true,"href":"https:\/\/zojopackaging.com\/de\/wp-json\/wp\/v2\/product_tag?post=8896"}],"curies":[{"name":"wp","href":"https:\/\/api.w.org\/{rel}","templated":true}]}}