{"id":8912,"date":"2025-03-31T18:23:36","date_gmt":"2025-03-31T10:23:36","guid":{"rendered":"https:\/\/zojopackaging.com\/?post_type=product&#038;p=8912"},"modified":"2025-03-31T19:02:28","modified_gmt":"2025-03-31T11:02:28","slug":"custom-luxury-cosmetic-collapsible-rigid-gift-box-wholesale","status":"publish","type":"product","link":"https:\/\/zojopackaging.com\/de\/product\/custom-luxury-cosmetic-collapsible-rigid-gift-box-wholesale\/","title":{"rendered":"Benutzerdefinierte Luxus-Kosmetik zusammenklappbar starren Geschenk-Box Gro\u00dfhandel"},"content":{"rendered":"<h2 id=\"-core-advantages-of-the-product-\"><strong>Die wichtigsten Vorteile des Produkts<\/strong><\/h2>\n<ol>\n<li><strong>Schillerndes Erscheinungsbild der Laser Silver Card<\/strong>\u00a0Die Oberfl\u00e4che des Kastenk\u00f6rpers ist aus hochpr\u00e4zisem\u00a0<strong>Laser Silber Kartenmaterial<\/strong>Das Design wird im UV-Druck- und Hei\u00dfpr\u00e4ge-\/Silberverfahren verarbeitet, um einen dynamischen Lichteffekt zu erzielen, der visuell ein Gef\u00fchl von Technologie und Luxus vermittelt. Dieses Design passt nicht nur zur Tonalit\u00e4t hochwertiger Kosmetikmarken, sondern zieht auch die Aufmerksamkeit der Verbraucher auf sich, wenn es ausgestellt wird, und unterstreicht die Premiumf\u00e4higkeit des Produkts.<\/li>\n<li><strong>Individueller Farbkontrast im Inneren der Box<\/strong>\u00a0Sie unterst\u00fctzt\u00a0<strong>personalisierte Anpassung<\/strong>\u00a0der Farbe der Schachtelauskleidung. Die Kunden k\u00f6nnen Pantone-Farbnummern angeben oder Design-Zeichnungen zur Verf\u00fcgung stellen, um einen starken Kontrast zwischen der Innenwandfarbe und der Laseroptik zu erzielen. Beispielsweise kann eine dunkle Auskleidung mit silbernem Laser das Gef\u00fchl des Geheimnisvollen verst\u00e4rken, w\u00e4hrend eine helle Auskleidung die Vitalit\u00e4t des Produkts hervorheben kann.<\/li>\n<li><strong>Bequeme Klappenkonstruktion<\/strong>\u00a0Sie nimmt an\u00a0<strong>klappbares Flip-Cover-Design<\/strong>die durch magnetische Ansaugung oder Schnallenstruktur beim \u00d6ffnen fest verschlossen werden kann. Nach dem Verschlie\u00dfen betr\u00e4gt die Dicke nur 1\/3 der herk\u00f6mmlichen Box, was f\u00fcr Transport und Lagerung praktisch ist. Die Box kann flexibel mit geschichteten Trennw\u00e4nden oder EVA-Innenschalen konfiguriert werden, um sich an Kosmetika mit unterschiedlichen Spezifikationen (wie Essenz, Lippenstift, Puder usw.) anzupassen und die Produktform intuitiv darzustellen.<\/li>\n<li><strong>Pauschaler Versand spart Kosten<\/strong>\u00a0Das fertige Produkt wird in Form von\u00a0<strong>flache Bauteile<\/strong>die nach dem Empfang durch den Kunden einfach gefaltet werden k\u00f6nnen. Im Vergleich zu herk\u00f6mmlichen vorinstallierten Kartons kann das Transportvolumen um 60% reduziert und die Logistikkosten gesenkt werden, was sich besonders f\u00fcr den grenz\u00fcberschreitenden E-Commerce oder Gro\u00dfeink\u00e4ufe eignet.<\/li>\n<\/ol>\n<h2 id=\"-customized-service-support-\"><strong>Ma\u00dfgeschneiderte Serviceunterst\u00fctzung<\/strong><\/h2>\n<ol>\n<li><strong>Volldimensionale Gestaltungsfreiheit<\/strong><\/li>\n<li><strong>Flexible Gr\u00f6\u00dfe<\/strong>: Unterst\u00fctzt die Anpassung der Gr\u00f6\u00dfe von Mini-Lippenstiftboxen (5\u00d75\u00d72cm) bis hin zu Geschenkboxen (30\u00d720\u00d710cm), mit einer Fehlerkontrolle von \u00b10,5mm.<\/li>\n<li><strong>Vielf\u00e4ltige Prozesse<\/strong>: Sie bieten Hei\u00dfpr\u00e4gung, Pr\u00e4gung, Beflockung, Siebdruck und andere Verarbeitungsm\u00f6glichkeiten und k\u00f6nnen mit transparenten PVC-Fenstern oder magnetischen \u00d6ffnungs- und Schlie\u00dfvorrichtungen ausgestattet werden, um Funktionalit\u00e4t und \u00c4sthetik zu verbessern.<\/li>\n<li><strong>Material-Upgrade<\/strong>: Neben der silbernen Laserkarte sind auch Spezialpapier, PU-Leder, Dichtepappe und andere Materialien erh\u00e4ltlich, um den Anforderungen der verschiedenen Markenpositionierungen gerecht zu werden.<\/li>\n<li><strong>Qualit\u00e4tssicherung im Quellwerk<\/strong>\u00a0Als\u00a0<strong>Chinas Hersteller von High-End-Verpackungsmaterialien<\/strong>Wir verf\u00fcgen \u00fcber eine 10.000\u33a1 gro\u00dfe, selbst betriebene Fabrik und \u00fcber 200 professionelle Ger\u00e4te, die den gesamten Prozess von der Entwurfspr\u00fcfung (3-5 Tage) bis zur Massenproduktion (7-15 Tage) unterst\u00fctzen. Wir verwenden umweltfreundliches Graupapier und lebensmittelechte Klebstoffe, haben die ISO-Qualit\u00e4tszertifizierung erhalten und stellen sicher, dass das Produkt den internationalen Sicherheitsstandards entspricht.<\/li>\n<\/ol>\n<h2 id=\"-price-and-batch-policy-\"><strong>Preis- und Chargenpolitik<\/strong><\/h2>\n<ul>\n<li><strong>Mindestbestellmenge<\/strong>: 500 St\u00fcck, f\u00fcr gro\u00dfe Mengen gibt es gestaffelte Rabatte (15% Rabatt f\u00fcr mehr als 5.000 St\u00fcck).<\/li>\n<li><strong>Transparentes Angebot<\/strong>: Der Preis ab Werk versteht sich ohne Steuern, Belege oder Rechnungen mit Mehrwertsteuer (die Kosten f\u00fcr die Rechnungsstellung werden gesondert berechnet) und unterst\u00fctzt die weltweite Lieferung per Schiff\/Luft.<\/li>\n<\/ul>","protected":false},"excerpt":{"rendered":"<p>1. Die Box K\u00f6rper ist aus hei\u00dfen Stempel holographische Folie, die eine wundersch\u00f6ne visuelle Wirkung hat und erh\u00f6ht die Mode Sinn und Attraktivit\u00e4t des Produkts.<br \/>\n2. Die Box kann mit Ihrer Lieblingsfarbe angepasst werden, die einen Farbkontrast mit dem Laser Aussehen bildet und die Produktanzeige hervorhebt.<br \/>\n3. Die faltbare Geschenk-Boxen Struktur ist leicht zu \u00f6ffnen und kann intuitiv den Innenraum anzeigen.<\/p>","protected":false},"featured_media":8915,"template":"","meta":[],"product_brand":[],"product_cat":[30,427,390,31],"product_tag":[1016,1015,1017],"class_list":{"0":"post-8912","1":"product","2":"type-product","3":"status-publish","4":"has-post-thumbnail","6":"product_cat-by-industry","7":"product_cat-collapsible-gift-boxes","8":"product_cat-custom-cosmetics-boxes","9":"product_cat-paper-box-style","10":"product_tag-cosmetic-collapsible-rigid-gift-box","11":"product_tag-custom-cosmetic-gift-box","12":"product_tag-luxury-cosmetic-gift-box","14":"first","15":"instock","16":"shipping-taxable","17":"product-type-simple"},"_links":{"self":[{"href":"https:\/\/zojopackaging.com\/de\/wp-json\/wp\/v2\/product\/8912","targetHints":{"allow":["GET"]}}],"collection":[{"href":"https:\/\/zojopackaging.com\/de\/wp-json\/wp\/v2\/product"}],"about":[{"href":"https:\/\/zojopackaging.com\/de\/wp-json\/wp\/v2\/types\/product"}],"version-history":[{"count":2,"href":"https:\/\/zojopackaging.com\/de\/wp-json\/wp\/v2\/product\/8912\/revisions"}],"predecessor-version":[{"id":8934,"href":"https:\/\/zojopackaging.com\/de\/wp-json\/wp\/v2\/product\/8912\/revisions\/8934"}],"wp:featuredmedia":[{"embeddable":true,"href":"https:\/\/zojopackaging.com\/de\/wp-json\/wp\/v2\/media\/8915"}],"wp:attachment":[{"href":"https:\/\/zojopackaging.com\/de\/wp-json\/wp\/v2\/media?parent=8912"}],"wp:term":[{"taxonomy":"product_brand","embeddable":true,"href":"https:\/\/zojopackaging.com\/de\/wp-json\/wp\/v2\/product_brand?post=8912"},{"taxonomy":"product_cat","embeddable":true,"href":"https:\/\/zojopackaging.com\/de\/wp-json\/wp\/v2\/product_cat?post=8912"},{"taxonomy":"product_tag","embeddable":true,"href":"https:\/\/zojopackaging.com\/de\/wp-json\/wp\/v2\/product_tag?post=8912"}],"curies":[{"name":"wp","href":"https:\/\/api.w.org\/{rel}","templated":true}]}}