{"id":8920,"date":"2025-03-31T18:50:04","date_gmt":"2025-03-31T10:50:04","guid":{"rendered":"https:\/\/zojopackaging.com\/?post_type=product&#038;p=8920"},"modified":"2025-03-31T19:13:44","modified_gmt":"2025-03-31T11:13:44","slug":"durable-custom-printed-kitchen-knife-boxes-wholesale","status":"publish","type":"product","link":"https:\/\/zojopackaging.com\/de\/product\/durable-custom-printed-kitchen-knife-boxes-wholesale\/","title":{"rendered":"Langlebige individuell bedruckte K\u00fcchenmesser-Boxen Gro\u00dfhandel"},"content":{"rendered":"<h2 id=\"-core-function-design-\"><strong>Kernfunktion Design<\/strong><\/h2>\n<ol>\n<li><strong>Schublade Papierkassette zum leichten \u00d6ffnen und Schlie\u00dfen<\/strong>\u00a0\u00dcbernahme von\u00a0<strong>Schubladenkonstruktion<\/strong>Mit Hilfe von Pr\u00e4zisionsf\u00fchrungsschienen l\u00e4sst sich der Karton reibungslos \u00f6ffnen und schlie\u00dfen, und der Auspackwiderstand betr\u00e4gt \u22642N, was mit einer Hand erledigt werden kann. Wenn die Box geschlossen ist, wird die Dicke auf 1\/3 des traditionellen Box-Typs komprimiert, die f\u00fcr K\u00fcchenschubladen oder Regal Display Szenen geeignet ist, unter Ber\u00fccksichtigung der Transportkomfort und Benutzererfahrung.<\/li>\n<li><strong>Transparentes Fenster f\u00fcr intuitive Anzeige<\/strong>\u00a0A\u00a0<strong>Transparentes PVC-Fenster<\/strong>\u00a0(Dicke 0,3-0,5 mm) ist auf der Vorderseite oder der Oberseite der Schachtel eingebettet, und der sichtbare Bereich entspricht 30%-50%. Die Kunden k\u00f6nnen die Form des Messers, die Details der Klinge und das Markenlogo sehen, ohne die Schachtel zu \u00f6ffnen. Der Rand des Fensters ist mit UV-Laminierungstechnologie verst\u00e4rkt, und die Kratzfestigkeit wird durch 60% verbessert, wodurch Abnutzung und Unsch\u00e4rfe beim Transport vermieden werden.<\/li>\n<\/ol>\n<h2 id=\"-aesthetics-and-brand-enhancement-\"><strong>\u00c4sthetik und Aufwertung der Marke<\/strong><\/h2>\n<ol>\n<li><strong>Aufwertung des dekorativen Zubeh\u00f6rs<\/strong><\/li>\n<li><strong>Individuelles Farbband<\/strong>: Wahlweise Satin-, Matt- oder Lasermaterialband, unterst\u00fctzt Hei\u00dfpr\u00e4gung\/Silbermarken-LOGO-Druck, Breitenbereich 1-3cm, kann mit Magnetschnalle oder Schlitz befestigt werden.<\/li>\n<li><strong>Funktionsetikett<\/strong>: Zus\u00e4tzliches f\u00e4lschungssicheres Abrei\u00dfetikett oder Produktparameter-Etikett, bedruckt mit lebensmittelechter Tinte, das mit dem Farbband eine dreidimensionale visuelle Schicht bildet.<\/li>\n<\/ol>\n<h2 id=\"-full-dimensional-customization-service-\"><strong>Volldimensionaler Anpassungsservice<\/strong><\/h2>\n<ol>\n<li><strong>Flexible Anpassung an den Verpackungsbedarf<\/strong><\/li>\n<li><strong>Auswahl des Boxentyps<\/strong>: Unterst\u00fctzt 6 Grundtypen von Boxen, wie z. B. Deckel und Boden, Buchboxen, Schubladenboxen usw., und kann speziell geformte Strukturen (z. B. bogenf\u00f6rmige Messergriffnuten) anpassen.<\/li>\n<li><strong>Materialkombination<\/strong>: Die \u00e4u\u00dfere Schicht besteht aus beschichtetem 157-GSM-Papier (matt\/gl\u00e4nzend), die innere Schicht aus 1200-GSM-Graupappe, die das FSC-Umweltzertifikat erhalten hat und eine Tragf\u00e4higkeit von 10 kg aufweist.<\/li>\n<li><strong>Technologie-Upgrade<\/strong>: Es stehen 12 Oberfl\u00e4chenbehandlungsverfahren zur Verf\u00fcgung, darunter Pr\u00e4gung, partielle UV-Bestrahlung, Hei\u00dfpr\u00e4gung, Reliefpr\u00e4gung usw., und auf der Seite des Messerkastens kann eine Markengrafik angebracht werden.<\/li>\n<\/ol>\n<h2 id=\"-safety-and-environmental-protection-guarantee-\"><strong>Garantie f\u00fcr Sicherheit und Umweltschutz<\/strong><\/h2>\n<ol>\n<li><strong>Pr\u00e4ziser Schutz der Auskleidung<\/strong>\u00a0Kundenspezifisch\u00a0<strong>EVA-Futter<\/strong>\u00a0(Dichte 0,15-0,3g\/cm\u00b3) je nach Gr\u00f6\u00dfe des Messers, pr\u00e4zise geschlitzt durch CNC-Gravur, Fehler \u22640,2mm, geeignet f\u00fcr verschiedene Klingentypen wie Hackmesser, Santoku-Messer und Obstmesser. Die Auskleidung kann schichtweise gestaltet werden, und es k\u00f6nnen Trennw\u00e4nde hinzugef\u00fcgt werden, um Zubeh\u00f6r wie Wetzsteine und Pflege\u00f6le unterzubringen.<\/li>\n<\/ol>\n<h2 id=\"-source-factory-support-policy-\"><strong>Politik zur Unterst\u00fctzung der Quellwerke<\/strong><\/h2>\n<ol>\n<li><strong>Null-Risiko-Kooperationsmodell<\/strong><\/li>\n<li><strong>Kostenloses Proofing<\/strong>: 3 grundlegende Designpl\u00e4ne werden zur Verf\u00fcgung gestellt, und physische Muster werden innerhalb von 48 Stunden verschickt.<\/li>\n<li><strong>Kostenvoranschlag f\u00fcr Leitern<\/strong>: Mindestbestellmenge 500 St\u00fcck, 15% Rabatt bei mehr als 5.000 St\u00fcck.<\/li>\n<li><strong>Globale Zustellung<\/strong>: Wir unterst\u00fctzen den Seetransport (30-45 Tage), den Lufttransport (7-10 Tage) und die grenz\u00fcberschreitende Lieferung von Kleinserien im E-Commerce.<\/li>\n<\/ol>","protected":false},"excerpt":{"rendered":"<p>1. Die Schublade Papier Box Design und Schiebe\u00f6ffnung machen es einfach f\u00fcr die Benutzer zu \u00f6ffnen und zu schlie\u00dfen, die der Benutzer die Betriebszeit reduzieren kann und verbessern die unboxing Erfahrung<br \/>\n2. Das Fensterdesign erm\u00f6glicht es den Kunden, die Produkte im Inneren intuitiver zu sehen, was die Kommunikationskosten senken kann.<br \/>\n3. Mit Zubeh\u00f6r wie B\u00e4ndern wird die Sch\u00f6nheit und visuelle Attraktivit\u00e4t erh\u00f6ht und der Wiedererkennungswert der Marke gesteigert.<br \/>\n4. Die Box Art, Gr\u00f6\u00dfe, Farbe, Material und Oberfl\u00e4che Druckeffekt kann sehr individuell sein, um Ihre K\u00fcche Messer Verpackung passen<\/p>","protected":false},"featured_media":8932,"template":"","meta":[],"product_brand":[],"product_cat":[30,413,31,426],"product_tag":[1018,1019,1020],"class_list":{"0":"post-8920","1":"product","2":"type-product","3":"status-publish","4":"has-post-thumbnail","6":"product_cat-by-industry","7":"product_cat-consumer-electronics-boxes","8":"product_cat-paper-box-style","9":"product_cat-paper-drawer-boxes","10":"product_tag-custom-kitchen-knife-boxes","11":"product_tag-custom-kitchen-knife-boxes-wholesale","12":"product_tag-custom-printed-knife-packaging-boxes","14":"first","15":"instock","16":"shipping-taxable","17":"product-type-simple"},"_links":{"self":[{"href":"https:\/\/zojopackaging.com\/de\/wp-json\/wp\/v2\/product\/8920","targetHints":{"allow":["GET"]}}],"collection":[{"href":"https:\/\/zojopackaging.com\/de\/wp-json\/wp\/v2\/product"}],"about":[{"href":"https:\/\/zojopackaging.com\/de\/wp-json\/wp\/v2\/types\/product"}],"version-history":[{"count":3,"href":"https:\/\/zojopackaging.com\/de\/wp-json\/wp\/v2\/product\/8920\/revisions"}],"predecessor-version":[{"id":8936,"href":"https:\/\/zojopackaging.com\/de\/wp-json\/wp\/v2\/product\/8920\/revisions\/8936"}],"wp:featuredmedia":[{"embeddable":true,"href":"https:\/\/zojopackaging.com\/de\/wp-json\/wp\/v2\/media\/8932"}],"wp:attachment":[{"href":"https:\/\/zojopackaging.com\/de\/wp-json\/wp\/v2\/media?parent=8920"}],"wp:term":[{"taxonomy":"product_brand","embeddable":true,"href":"https:\/\/zojopackaging.com\/de\/wp-json\/wp\/v2\/product_brand?post=8920"},{"taxonomy":"product_cat","embeddable":true,"href":"https:\/\/zojopackaging.com\/de\/wp-json\/wp\/v2\/product_cat?post=8920"},{"taxonomy":"product_tag","embeddable":true,"href":"https:\/\/zojopackaging.com\/de\/wp-json\/wp\/v2\/product_tag?post=8920"}],"curies":[{"name":"wp","href":"https:\/\/api.w.org\/{rel}","templated":true}]}}