{"id":8937,"date":"2025-03-31T19:13:59","date_gmt":"2025-03-31T11:13:59","guid":{"rendered":"https:\/\/zojopackaging.com\/?post_type=product&#038;p=8937"},"modified":"2025-03-31T19:36:35","modified_gmt":"2025-03-31T11:36:35","slug":"custom-designs-christmas-socks-packaging-boxes-wholesale","status":"publish","type":"product","link":"https:\/\/zojopackaging.com\/de\/product\/custom-designs-christmas-socks-packaging-boxes-wholesale\/","title":{"rendered":"Benutzerdefinierte Designs Weihnachten Socken Verpackung Boxen Gro\u00dfhandel"},"content":{"rendered":"<h2 id=\"-1-precise-customization-perfect-fit-for-the-product-\"><strong>1. Pr\u00e4zise Anpassung, perfekte Passform f\u00fcr das Produkt<\/strong><\/h2>\n<p>Wir unterst\u00fctzen\u00a0<strong>Dienstleistungen zur Anpassung des gesamten Prozesses<\/strong>\u00a0auf der Grundlage der Gr\u00f6\u00dfe und Form Ihrer Weihnachtsstr\u00fcmpfe und Ihrer Anforderungen an die Pr\u00e4sentation, einschlie\u00dflich:<\/p>\n<ul>\n<li><strong>Flexible Gr\u00f6\u00dfenanpassung<\/strong>: Von Mini-Str\u00fcmpfen bis hin zu dicken Geschenkboxen k\u00f6nnen sie je nach Produktgr\u00f6\u00dfe angepasst werden, um sicherzustellen, dass die Verpackung den Inhalt fest umschlie\u00dft und w\u00e4hrend des Transports nicht wackelt.<\/li>\n<li><strong>Personalisiertes Futterdesign<\/strong>: Die Verwendung von EVA-Schwamm, Perlwatte oder Beflockung verbessert nicht nur den Schutz, sondern erm\u00f6glicht auch die Klassifizierung und Aufbewahrung mehrerer Kategorien von Weihnachtsstr\u00fcmpfen (z. B. Erwachsene, Kinder und Zubeh\u00f6r) durch die Trennwandstruktur, was den praktischen Nutzen der Geschenkbox erh\u00f6ht.<\/li>\n<li><strong>Erweiterte Funktionsoptionen<\/strong>: Unterst\u00fctzt die Hinzuf\u00fcgung von Zubeh\u00f6r wie Magnetschnallen und B\u00e4nder, um die rituellen \u00d6ffnungsanforderungen von hochwertigen Geschenkboxen zu erf\u00fcllen.<\/li>\n<\/ul>\n<h2 id=\"-2-flip-top-structure-taking-into-account-convenience-and-display-\"><strong>2. Megnetische Verschlussstruktur unter Ber\u00fccksichtigung von Komfort und Anzeige<\/strong><\/h2>\n<p>Megnetische Schlie\u00dfung einf\u00fchren<strong>\u00a0Entwurf<\/strong>\u00a0um die Nutzererfahrung zu optimieren:<\/p>\n<ul>\n<li><strong>Flexibles \u00d6ffnen und Schlie\u00dfen<\/strong>: Der Deckel und die Schachtel sind durch eine pr\u00e4zise Faltung miteinander verbunden, die um 180\u00b0 flach gelegt werden kann, was f\u00fcr die Auslage im Einzelhandel oder die intuitive Pr\u00e4sentation beim Verschenken praktisch ist.<\/li>\n<li><strong>Dreidimensionales Anzeigefenster<\/strong>: Optionale transparente PVC-Fenster Design, mit 157 GSM beschichtetes Papier matte Film-Technologie, kann das Produkt zu sch\u00fctzen und heben die exquisiten Details des Weihnachts-Muster.<\/li>\n<li><strong>Verbesserte Tragbarkeit<\/strong>: Die Dicke des Kartons wird innerhalb von 15 mm kontrolliert, wobei sowohl die Tragf\u00e4higkeit als auch das Gewicht ber\u00fccksichtigt werden, was f\u00fcr Supermarktregale und Expresslieferungen geeignet ist.<\/li>\n<\/ul>\n<h2 id=\"-three-high-end-materials-environmental-protection-and-texture-coexist-\"><strong>3. Hochwertige Materialien, Umweltschutz und Textur koexistieren<\/strong><\/h2>\n<p>Strenge Auswahl von Verpackungsmaterialien, die den internationalen Normen entsprechen:<\/p>\n<ul>\n<li><strong>1200 GSM Graukarton<\/strong>: Kern aus Graupappe mit hoher Dichte und einer Druckfestigkeit von mehr als 50 kg, um sicherzustellen, dass sich der Geschenkkarton beim Stapeln und Lagern nicht verformt, und SGS-Zertifizierung, die den Anforderungen an die Kontaktsicherheit mit Lebensmitteln entspricht.<\/li>\n<li><strong>157 GSM gestrichenes Papier<\/strong>: Die Oberfl\u00e4che ist mit matter\/gl\u00e4nzender Folie bedeckt, die Farbwiedergabe erreicht 98%, stellt den Weihnachtsmann, die Schneeflocken, den Elch und andere weihnachtliche Elemente akkurat dar, mit feinem Griff und Anti-Fingerabdruck.<\/li>\n<li><strong>Umweltfreundliche Technologie<\/strong>: Durch die Verwendung von Druckfarben auf Wasserbasis und abbaubaren Klebstoffen erf\u00fcllt es die Umweltstandards der EU REACH und der US FDA und hilft Marken, nachhaltige Konzepte zu vermitteln.<\/li>\n<\/ul>\n<h2 id=\"-fourth-heidelberg-printing-technology-vivid-and-lasting-colors-\"><strong>4. Heidelberger Drucktechnik, lebendige und dauerhafte Farben<\/strong><\/h2>\n<p>Verlassen Sie sich auf\u00a0<strong>Deutsche Heidelberger Druckmaschine CX 102-8+L<\/strong>erreicht er eine branchenf\u00fchrende Druckqualit\u00e4t:<\/p>\n<ul>\n<li><strong>Ultraklare Aufl\u00f6sung<\/strong>2400dpi High-Definition-Plattenherstellung, genaue Wiederherstellung von Farbverl\u00e4ufen und kleinem Text (z. B. Markenlogos, Urlaubsgr\u00fc\u00dfe) und Vermeidung von \u00dcberdrucken.<\/li>\n<li><strong>Besonderer Prozesssegen<\/strong>: Unterst\u00fctzt Hei\u00dfpr\u00e4gung, lokale UV-Glasur, 3D-Pr\u00e4gung und andere Effekte, wie z. B. das Hinzuf\u00fcgen einer dreidimensionalen Schneekorntextur oder das Aufblitzen von Goldr\u00e4ndern bei Weihnachtsstrumpfmustern, um die festliche Atmosph\u00e4re zu verst\u00e4rken.<\/li>\n<li><strong>Strenge Qualit\u00e4tskontrolle<\/strong>: Nach jeder Druckcharge wird der Farbunterschied (\u0394E\u22642) mit einem Spektralphotometer ermittelt, um die Konsistenz der Massenproduktion zu gew\u00e4hrleisten.<\/li>\n<\/ul>\n<h2 id=\"-v-large-scale-intelligent-manufacturing-16-years-of-quality-assurance-\"><strong>5. Intelligente Gro\u00dfserienfertigung, 16 Jahre Qualit\u00e4tssicherung<\/strong><\/h2>\n<p>Verlassen Sie sich auf\u00a0<strong>5.320 Quadratmeter eigene Produktionsst\u00e4tte<\/strong>bieten wir effiziente und zuverl\u00e4ssige Lieferkettendienstleistungen:<\/p>\n<ul>\n<li><strong>Volle Kapazit\u00e4t der Kette<\/strong>: Ausgestattet mit automatischen Stanzmaschinen, Klebemaschinen und Qualit\u00e4tskontrolllinien, mit einer t\u00e4glichen Produktionskapazit\u00e4t von 100.000 Kartons, die eine 72-st\u00fcndige Expresslieferung von dringenden Bestellungen erm\u00f6glicht.<\/li>\n<li><strong>16 Jahre Erfahrung<\/strong>: Wir bedienen mehr als 500 Kunden weltweit und sind mit den Anforderungen des europ\u00e4ischen und amerikanischen Marktes f\u00fcr Weihnachtsverpackungen vertraut (z. B. FSC-Zertifizierung).<\/li>\n<li><strong>Service aus einer Hand<\/strong>: Von der Entwurfspr\u00fcfung (3 bis 5 Tage f\u00fcr die Pr\u00fcfung) bis zur logistischen Verteilung (Bereitstellung eines Konsignationsdienstes) wird der gesamte Prozess von engagiertem Personal begleitet, um die Kommunikationskosten f\u00fcr den Kunden zu senken.<\/li>\n<\/ul>\n<h2 id=\"-sixth-direct-supply-from-the-source-factory-the-first-choice-for-cost-effectiveness-\"><strong>6. Direkte Lieferung von der Ausgangsfabrik, die erste Wahl f\u00fcr Kosteneffizienz<\/strong><\/h2>\n<ul>\n<li><strong>Direkter Gro\u00dfhandel zum Fabrikpreis<\/strong>: Beseitigen Sie den Preisanstieg der Zwischenh\u00e4ndler, Gro\u00dfbestellungen (ab 500).<\/li>\n<li><strong>Individueller Rabatt mit Farbverlauf<\/strong>: Kostenlose \u00c4nderung von Designentw\u00fcrfen bei Auftr\u00e4gen \u00fcber 50.000 Kartons und Logistiksubventionen bei Auftr\u00e4gen \u00fcber 100.000 Kartons, um Marken bei der Kostenkontrolle und Effizienzsteigerung zu unterst\u00fctzen.<\/li>\n<\/ul>\n<p><strong>Anwendungsszenarien<\/strong><\/p>\n<ul>\n<li><strong>Geschenkboxen f\u00fcr den Urlaub<\/strong>: Weihnachtsgeschenke f\u00fcr Unternehmen, Einzelhandelssets (z. B. Socken + Gru\u00dfkarten).<\/li>\n<li><strong>Grenz\u00fcberschreitender elektronischer Handel<\/strong>: Erf\u00fcllen Sie die Amazon FBA-Verpackungsspezifikationen und passen Sie sich an die Bed\u00fcrfnisse europ\u00e4ischer und amerikanischer Familien in der Weihnachtszeit an.<\/li>\n<li><strong>Co-Branding von Marken<\/strong>: Unterst\u00fctzung der Anpassung von IP-Bildern (z. B. von Disney autorisierte Muster), um den Premium-Bereich des Produkts zu vergr\u00f6\u00dfern.<\/li>\n<\/ul>\n<p><strong>Prozess der Zusammenarbeit<\/strong><\/p>\n<ol>\n<li><strong>Best\u00e4tigung verlangen<\/strong>: Geben Sie die Produktgr\u00f6\u00dfe, den Designentwurf oder die Referenzmusterbox an.<\/li>\n<li><strong>3D-Proofing<\/strong>: Versand von Musterkartons innerhalb von 72 Stunden.<\/li>\n<li><strong>Massenproduktion<\/strong>: Nach der Best\u00e4tigung des Musters wird die Lieferung in 7-10 Tagen abgeschlossen sein.<\/li>\n<\/ol>","protected":false},"excerpt":{"rendered":"<p>1. Unterst\u00fctzen Sie ma\u00dfgeschneiderte Gr\u00f6\u00dfe und Futter nach Ihrem Produkt, so dass das Produkt die Box besser passt<br \/>\n2. megnetic Verschluss-Design, flexibel zu \u00f6ffnen und nehmen Sie das Produkt, leicht zu zeigen<br \/>\n3. Geeignet f\u00fcr die Herstellung von 1200 GSM Graupappe und 157 GSM beschichtetem Kunstdruckpapier<\/p>","protected":false},"featured_media":8940,"template":"","meta":[],"product_brand":[],"product_cat":[30,414,424,31],"product_tag":[1022,897,1021],"class_list":{"0":"post-8937","1":"product","2":"type-product","3":"status-publish","4":"has-post-thumbnail","6":"product_cat-by-industry","7":"product_cat-custom-apparel-boxes","8":"product_cat-magnetic-closure-boxes","9":"product_cat-paper-box-style","10":"product_tag-christmas-socks-packaging","11":"product_tag-custom-boxes-wholesale","12":"product_tag-socks-packaging-boxes","14":"first","15":"instock","16":"shipping-taxable","17":"product-type-simple"},"_links":{"self":[{"href":"https:\/\/zojopackaging.com\/de\/wp-json\/wp\/v2\/product\/8937","targetHints":{"allow":["GET"]}}],"collection":[{"href":"https:\/\/zojopackaging.com\/de\/wp-json\/wp\/v2\/product"}],"about":[{"href":"https:\/\/zojopackaging.com\/de\/wp-json\/wp\/v2\/types\/product"}],"version-history":[{"count":1,"href":"https:\/\/zojopackaging.com\/de\/wp-json\/wp\/v2\/product\/8937\/revisions"}],"predecessor-version":[{"id":8952,"href":"https:\/\/zojopackaging.com\/de\/wp-json\/wp\/v2\/product\/8937\/revisions\/8952"}],"wp:featuredmedia":[{"embeddable":true,"href":"https:\/\/zojopackaging.com\/de\/wp-json\/wp\/v2\/media\/8940"}],"wp:attachment":[{"href":"https:\/\/zojopackaging.com\/de\/wp-json\/wp\/v2\/media?parent=8937"}],"wp:term":[{"taxonomy":"product_brand","embeddable":true,"href":"https:\/\/zojopackaging.com\/de\/wp-json\/wp\/v2\/product_brand?post=8937"},{"taxonomy":"product_cat","embeddable":true,"href":"https:\/\/zojopackaging.com\/de\/wp-json\/wp\/v2\/product_cat?post=8937"},{"taxonomy":"product_tag","embeddable":true,"href":"https:\/\/zojopackaging.com\/de\/wp-json\/wp\/v2\/product_tag?post=8937"}],"curies":[{"name":"wp","href":"https:\/\/api.w.org\/{rel}","templated":true}]}}