{"id":8953,"date":"2025-03-31T19:37:25","date_gmt":"2025-03-31T11:37:25","guid":{"rendered":"https:\/\/zojopackaging.com\/?post_type=product&#038;p=8953"},"modified":"2025-03-31T20:03:13","modified_gmt":"2025-03-31T12:03:13","slug":"wholesale-custom-jewelry-ring-packaging-boxes-with-logo","status":"publish","type":"product","link":"https:\/\/zojopackaging.com\/de\/product\/wholesale-custom-jewelry-ring-packaging-boxes-with-logo\/","title":{"rendered":"Gro\u00dfhandel benutzerdefinierte Schmuck Ring Verpackung Boxen mit Logo"},"content":{"rendered":"<h2 id=\"-core-advantages-of-the-product-\"><strong>Die wichtigsten Vorteile des Produkts<\/strong><\/h2>\n<ol>\n<li><strong>Bequemes Design im Schubladenstil<\/strong>\u00a0Mit einer schubladenartigen Struktur kann das innere K\u00e4stchen leicht herausgezogen werden, wodurch es einfach ist, Schmuckringe auszustellen und zu entnehmen. Die inneren und \u00e4u\u00dferen Boxen sind fest verschachtelt, und das \u00d6ffnen und Schlie\u00dfen sind glatt, kombiniert Funktionalit\u00e4t mit elegantem Aussehen, geeignet f\u00fcr High-End-Schmuck-Display und Geschenk-Szenen.<\/li>\n<li><strong>Heidelberger Druckverfahren<\/strong>\u00a0F\u00fcr den Oberfl\u00e4chendruck wird die aus Deutschland importierte Heidelberger Druckmaschine verwendet, um sicherzustellen, dass die Muster, Logos und Texte klar und hell sind und die Farbe gleichm\u00e4\u00dfig und warm ist. Sie unterst\u00fctzt den hochpr\u00e4zisen Vierfarbendruck und die Anpassung von Schmuckfarben, um die Anforderungen der Marke VI an die visuelle Einheitlichkeit zu erf\u00fcllen und die Textur und Wiedererkennung der Verpackung zu verbessern.<\/li>\n<li><strong>Hochfestes umweltfreundliches Material<\/strong>\u00a0Der Hauptk\u00f6rper besteht aus 1200 GSM Graupappe mit hoher Dichte, die druck- und sto\u00dffest ist und sich beim Transport nicht leicht verformt; die \u00e4u\u00dfere Schicht ist mit 157 GSM gestrichenem Papier \u00fcberzogen, das sich zart anf\u00fchlt und sich gut zum Bedrucken eignet. Das Material entspricht internationalen Umweltstandards (z. B. FSC-Zertifizierung), wobei Haltbarkeit und Nachhaltigkeit ber\u00fccksichtigt werden.<\/li>\n<li><strong>Flexible Anpassung von Prozess und Gr\u00f6\u00dfe<\/strong><\/li>\n<li><strong>Vielf\u00e4ltiges Verfahren<\/strong>: Unterst\u00fctzt Hei\u00dfpr\u00e4gung, Hei\u00dfsilber, Pr\u00e4gung, UV, Siebdruck und andere Verfahren, kann mit Markenton kombiniert werden, um dreidimensionale Reliefs oder metallischen Glanzeffekt zu entwerfen, um die Verpackungsqualit\u00e4t zu verbessern.<\/li>\n<li><strong>Freie Gr\u00f6\u00dfenanpassung<\/strong>: Passen Sie die Spezifikationen der Verpackungsschachtel an die Gr\u00f6\u00dfe der Ringe, die Menge und die Anforderungen an die Pr\u00e4sentation an, wie z. B. Einzelringschachtel, Paarringschachtel oder mehrschichtige Schubladenkombinationsschachtel.<\/li>\n<li><strong>Professionelle L\u00f6sung zur Befestigung von Auskleidungen<\/strong>\u00a0Anpassbare EVA-Auskleidung oder beflockte Innenschale, pr\u00e4zise Schlitze zur Befestigung des Rings, um Ersch\u00fctterungen und Kratzer w\u00e4hrend des Transports zu vermeiden. Die Farbe der Auskleidung (z. B. Saphirblau, hochwertiges Grau) und das Material (Samt\/PU) k\u00f6nnen je nach Bedarf ausgew\u00e4hlt werden, um den Produktschutz und die optische Einheit zu verbessern.<\/li>\n<\/ol>\n<h2 id=\"-production-and-service-guarantee-\"><strong>Produktions- und Servicegarantie<\/strong><\/h2>\n<ol>\n<li><strong>16 Jahre St\u00e4rke der Quellenfabrik<\/strong>\u00a0Eigene moderne Fabrikgeb\u00e4ude und ausgereifte Produktionslinien, ausgestattet mit Heidelberger Druckmaschinen, vollautomatischen Faltschachtelklebemaschinen und anderen Ger\u00e4ten, mit einer j\u00e4hrlichen Produktionskapazit\u00e4t von \u00fcber 10 Millionen St\u00fcck, unterst\u00fctzen die effiziente Lieferung von gro\u00dfvolumigen Auftr\u00e4gen.<\/li>\n<li><strong>Vollst\u00e4ndige Prozessanpassung<\/strong><\/li>\n<li><strong>Unterst\u00fctzung bei der Gestaltung<\/strong>: Wir bieten kostenlose Proofs und 3D-Renderings an, um sicherzustellen, dass die Designdetails mit dem tats\u00e4chlichen Produkt \u00fcbereinstimmen.<\/li>\n<li><strong>Exklusive L\u00f6sungsanpassung<\/strong>: Empfehlung von Handwerks- und Materialkombinationen auf der Grundlage der Markenpositionierung (leichter Luxus, Retro, Minimalismus usw.), um Kosten und Wirkung zu optimieren.<\/li>\n<li><strong>Strenge Qualit\u00e4tskontrolle<\/strong>: Umfassende Qualit\u00e4tskontrolle von der Materialauswahl bis zum fertigen Produkt, Fehlerkontrolle \u22640,5 mm, um die Konsistenz der Chargen zu gew\u00e4hrleisten.<\/li>\n<li><strong>Globale Anpassung der Logistik<\/strong>\u00a0Die Verpackungsbox ist leicht (ca. 0,3-0,5 kg), unterst\u00fctzt den grenz\u00fcberschreitenden Export und ist an die Transportstandards von Plattformen wie Amazon und unabh\u00e4ngigen Stationen angepasst. Eine feuchtigkeitsbest\u00e4ndige Folienverpackung oder ein unabh\u00e4ngiger OPP-Beutelschutz k\u00f6nnen bereitgestellt werden, um den Transport \u00fcber lange Strecken ohne Sch\u00e4den zu gew\u00e4hrleisten.<\/li>\n<\/ol>\n<h2 id=\"-application-scenarios-and-cases-\"><strong>Anwendungsszenarien und -f\u00e4lle<\/strong><\/h2>\n<ul>\n<li><strong>Markenetui<\/strong>: Individuell gefertigte Schubladenboxen mit Goldpr\u00e4gung und blauem Tiffany-Futter f\u00fcr europ\u00e4ische Luxusschmuckmarken mit einem durchschnittlichen monatlichen Versand von mehr als 50.000 St\u00fcck.<\/li>\n<li><strong>Anwendbare Kategorien<\/strong>Ringe mit Diamanten, Ringe mit Edelsteinen, Eheringe nach Ma\u00df, Silberschmuck im Vintage-Stil usw., aber auch Halsketten, Ohrringe und andere Kombinationsverpackungen mit mehreren Kategorien.<\/li>\n<\/ul>\n<p><strong>Prozess der Zusammenarbeit<\/strong>Kommunikation der Nachfrage \u2192 Entwurfspr\u00fcfung \u2192 Planbest\u00e4tigung \u2192 Massenproduktion \u2192 Qualit\u00e4tskontrolle und Versand (Zyklus 7-15 Tage).\u00a0<strong>Mindestbestellmenge<\/strong>: 500 St\u00fcck.<\/p>\n<p>Wenn Sie mehr \u00fcber die Produktdetails erfahren oder ein Angebot einholen m\u00f6chten, wenden Sie sich bitte an den Kundendienst, um Designentw\u00fcrfe und Anpassungsw\u00fcnsche mitzuteilen. Wir werden innerhalb von 24 Stunden die beste L\u00f6sung f\u00fcr Sie finden!<\/p>\n<h2 id=\"-reference-process-and-material-examples-\"><strong>Referenzverfahren und Materialbeispiele<\/strong><\/h2>\n<table>\n<thead>\n<tr>\n<th>Prozess-Typ<\/th>\n<th>Anwendbare Wirkung<\/th>\n<th>Empfohlenes Szenario<\/th>\n<\/tr>\n<\/thead>\n<tbody>\n<tr>\n<td>Hei\u00dfpr\u00e4gung\/Silber<\/td>\n<td>Metallischer Glanz, Aufwertung des Markenlogos<\/td>\n<td>Hochwertige Luxusg\u00fcter, Hochzeitsserie<\/td>\n<\/tr>\n<tr>\n<td>Pr\u00e4gung + UV<\/td>\n<td>Dreidimensionale Ber\u00fchrung, kratzfestes Muster<\/td>\n<td>Leichte Luxusmodeartikel<\/td>\n<\/tr>\n<tr>\n<td>Siebdruck + Beflockung<\/td>\n<td>Matte Textur, weiches Futter<\/td>\n<td>Vintage-Schmuck, handgefertigte Accessoires<\/td>\n<\/tr>\n<\/tbody>\n<\/table>\n<p>Lassen Sie die Verpackung durch professionelle Personalisierung zu einer Erweiterung des Markenwerts werden!<\/p>","protected":false},"excerpt":{"rendered":"<p>1. Schublade Papier Box Design, die innere Box kann wie eine Schublade herausgezogen werden, bequem f\u00fcr die Entnahme und Anzeige von Produkten<br \/>\n2. Die Oberfl\u00e4che ist mit Heidelberg Druckmaschine gedruckt, der Inhalt ist klar und hell, und die Farbe ist warm<br \/>\n3. Das Material besteht aus geeigneter 1200 GSM Graupappe und 157 GSM beschichtetem Kunstdruckpapier, das sich beim Transport nicht verformt.<\/p>","protected":false},"featured_media":8954,"template":"","meta":[],"product_brand":[],"product_cat":[30,415,31,426],"product_tag":[890,1025,1026],"class_list":{"0":"post-8953","1":"product","2":"type-product","3":"status-publish","4":"has-post-thumbnail","6":"product_cat-by-industry","7":"product_cat-custom-jewelry-boxes-by-industry","8":"product_cat-paper-box-style","9":"product_cat-paper-drawer-boxes","10":"product_tag-custom-jewelry-packaging","11":"product_tag-ring-packaging-boxes","12":"product_tag-ring-packaging-wholesale","14":"first","15":"instock","16":"shipping-taxable","17":"product-type-simple"},"_links":{"self":[{"href":"https:\/\/zojopackaging.com\/de\/wp-json\/wp\/v2\/product\/8953","targetHints":{"allow":["GET"]}}],"collection":[{"href":"https:\/\/zojopackaging.com\/de\/wp-json\/wp\/v2\/product"}],"about":[{"href":"https:\/\/zojopackaging.com\/de\/wp-json\/wp\/v2\/types\/product"}],"version-history":[{"count":1,"href":"https:\/\/zojopackaging.com\/de\/wp-json\/wp\/v2\/product\/8953\/revisions"}],"predecessor-version":[{"id":8967,"href":"https:\/\/zojopackaging.com\/de\/wp-json\/wp\/v2\/product\/8953\/revisions\/8967"}],"wp:featuredmedia":[{"embeddable":true,"href":"https:\/\/zojopackaging.com\/de\/wp-json\/wp\/v2\/media\/8954"}],"wp:attachment":[{"href":"https:\/\/zojopackaging.com\/de\/wp-json\/wp\/v2\/media?parent=8953"}],"wp:term":[{"taxonomy":"product_brand","embeddable":true,"href":"https:\/\/zojopackaging.com\/de\/wp-json\/wp\/v2\/product_brand?post=8953"},{"taxonomy":"product_cat","embeddable":true,"href":"https:\/\/zojopackaging.com\/de\/wp-json\/wp\/v2\/product_cat?post=8953"},{"taxonomy":"product_tag","embeddable":true,"href":"https:\/\/zojopackaging.com\/de\/wp-json\/wp\/v2\/product_tag?post=8953"}],"curies":[{"name":"wp","href":"https:\/\/api.w.org\/{rel}","templated":true}]}}