{"id":8960,"date":"2025-03-31T19:52:18","date_gmt":"2025-03-31T11:52:18","guid":{"rendered":"https:\/\/zojopackaging.com\/?post_type=product&#038;p=8960"},"modified":"2025-03-31T20:09:28","modified_gmt":"2025-03-31T12:09:28","slug":"custom-saudi-arabia-unisex-perfume-folding-carton-box-fragrance-wholesale","status":"publish","type":"product","link":"https:\/\/zojopackaging.com\/de\/product\/custom-saudi-arabia-unisex-perfume-folding-carton-box-fragrance-wholesale\/","title":{"rendered":"Benutzerdefinierte Saudi-Arabien Unisex Parf\u00fcm Faltkarton Box Duft Gro\u00dfhandel"},"content":{"rendered":"<h3 id=\"-1-single-powder-card-material-four-color-printing-restore-the-original-color-of-the-design-balance-texture-and-cost-\"><strong>1. Einzelne Pulverkarte Material + Vier-Farben-Druck: Wiederherstellung der urspr\u00fcnglichen Farbe des Designs, Balance Textur und Kosten<\/strong><\/h3>\n<p>Die Oberfl\u00e4che ist glatt und empfindlich, und die hellgr\u00fcne Rautenstruktur und das orangefarbene komplexe Muster werden durch den Heidelberger Vierfarbendruck pr\u00e4zise wiedergegeben. Der Farbs\u00e4ttigungsfehler ist \u22643%, wodurch sichergestellt wird, dass der Text \"DELICATEPERFUME\" und \"THE FRAGRANCE OF FLOWERS\" klar und scharf sind, was den hohen Anforderungen hochwertiger Parf\u00fcmmarken an visuelle Details gerecht wird.<\/p>\n<h3 id=\"-2-matt-film-full-page-uv-process-visual-collision-of-matte-and-gloss-\"><strong>2. Matte Folie + ganzseitiger UV-Prozess: visuelle Kollision von matt und gl\u00e4nzend<\/strong><\/h3>\n<p>Die Oberfl\u00e4che ist mit einer matten Folie \u00fcberzogen, um die Haptik zu verbessern, und die ganzseitige UV-Beschichtung wird verwendet, um den Glanz des Musters zu erh\u00f6hen. Das orangefarbene Muster auf der rechten Seite der Schachtel bildet beispielsweise eine lokale Lichtreflexion auf dem matten Hintergrund und simuliert so den eindringlichen Effekt der \"Duftzerst\u00e4ubung\". Die Ber\u00fchrung ist so glatt wie Seide und die Kratzfestigkeit wurde um 50% verbessert.<\/p>\n<h3 id=\"-3-flat-pack-shipping-design-save-up-to-30-of-logistics-costs-\"><strong>3. Flat-Pack Versand Design: Sparen Sie bis zu 30% an Logistikkosten<\/strong><\/h3>\n<p>Die Kartenschachtel ist in einer Faltstruktur aufgebaut. Wenn sie aufgeklappt ist, ist sie eine dreidimensionale Schachtel. Wenn sie gefaltet ist, betr\u00e4gt die Dicke nur 1\/3 des urspr\u00fcnglichen Volumens. Mit dem automatischen Lagersystem wird das einmalige Transportvolumen verdoppelt. Zum Beispiel hat das Werk 100.000 S\u00e4tze flacher Schachteln f\u00fcr europ\u00e4ische Kunden ma\u00dfgeschneidert, und die Frachtkosten waren um 28% niedriger als die von herk\u00f6mmlichen Schachteln.<\/p>\n<h3 id=\"-4-daily-production-capacity-of-60-000-boxes-7-day-fast-delivery-seize-the-market-opportunity-\"><strong>4. T\u00e4gliche Produktionskapazit\u00e4t von 60.000 Kartons: 7 Tage schnelle Lieferung, nutzen Sie die Marktchance<\/strong><\/h3>\n<p>Die eigene intelligente Produktionslinie ist mit vollautomatischen Stanzmaschinen und Digitaldruckger\u00e4ten ausgestattet und hat einen t\u00e4glichen Aussto\u00df von 60.000 St\u00fcck. Sie unterst\u00fctzt die individuelle Gestaltung von Kleinserien (Mindestbestellmenge 500 St\u00fcck) und ben\u00f6tigt nur 5-7 Arbeitstage von der Designbest\u00e4tigung bis zum Versand, was den Bedarf der Marke an saisonalen Werbeaktionen oder der Einf\u00fchrung neuer Produkte erf\u00fcllt.<\/p>\n<h3 id=\"-5-diamond-texture-clock-element-details-convey-brand-story-\"><strong>5. Diamanttextur + Uhrenelement: Details vermitteln die Markengeschichte<\/strong><\/h3>\n<p>Die Rautenstruktur auf der linken Schachteloberfl\u00e4che erh\u00e4lt durch die konkave und konvexe Lasergravur einen dreidimensionalen Touch, und das orangefarbene Muster auf der rechten Seite wird mit dem Uhrenmuster (r\u00f6mische Ziffern wie \u216a, \u216b und \u2160) kombiniert, was den Schriftzug \"Dies ist ein bezaubernder Moment f\u00fcr Sie\" widerspiegelt, das Markenkonzept der \"kostbaren Momente\" vermittelt und die emotionale Resonanz der Verbraucher verst\u00e4rkt.<\/p>\n<h3 id=\"-6-environmental-certification-endorsement-fsc-material-is-suitable-for-the-international-market-\"><strong>6. Umweltzertifizierungsvermerk: FSC-Material ist f\u00fcr den internationalen Markt geeignet<\/strong><\/h3>\n<p>Die Verwendung von FSC-zertifiziertem Karton und von Lacken auf Wasserbasis entspricht den EU-Umweltschutznormen REACH, und das matte UV-Verfahren reduziert die Verschmutzung durch fl\u00fcchtige Druckfarben. So tr\u00e4gt die Marke dazu bei, das Konzept des \"nachhaltigen Luxus\" zu verwirklichen und die strengen Anforderungen des europ\u00e4ischen und amerikanischen Marktes an Verpackungsmaterialien zu erf\u00fcllen.<\/p>\n<h3 id=\"-7-professional-team-support-full-link-service-from-design-to-implementation-\"><strong>7. Professionelle Teamunterst\u00fctzung: Full-Link-Service vom Entwurf bis zur Umsetzung<\/strong><\/h3>\n<p>Das Team f\u00fcr Verpackungsdesign mit 20 Jahren Erfahrung unterst\u00fctzt die \u00c4nderung von CDR\/AI-Quelldateien und stellt 3 S\u00e4tze von Farbschemata kostenlos zur Verf\u00fcgung. Zum Beispiel wird die Farbe der Diamanttextur (wie Champagnergold und Dunstblau) entsprechend dem LOGO-Farbton des Kunden angepasst, um sicherzustellen, dass das Design und die Produktion sehr kompatibel sind.<\/p>","protected":false},"excerpt":{"rendered":"<p>Dieses Design wurde f\u00fcr eine hochwertige Salon-Duftmarke im Nahen Osten angepasst. Die flache Struktur sparte 15% an Versandkosten, und das ganzseitige UV-Verfahren sorgte daf\u00fcr, dass das Schachtelmuster selbst in der starken Lichtumgebung der W\u00fcste gut erkennbar war, was die Wiederkaufsrate der Kunden um 30% erh\u00f6hte.<\/p>","protected":false},"featured_media":8965,"template":"","meta":[],"product_brand":[],"product_cat":[30,417,430,31],"product_tag":[1028,1027,1029],"class_list":{"0":"post-8960","1":"product","2":"type-product","3":"status-publish","4":"has-post-thumbnail","6":"product_cat-by-industry","7":"product_cat-custom-perfume-boxes-by-industry","8":"product_cat-folding-cartons","9":"product_cat-paper-box-style","10":"product_tag-box-fragrance-wholesale","11":"product_tag-custom-unisex-perfume-box","12":"product_tag-folding-carton-box-fragrance","14":"first","15":"instock","16":"shipping-taxable","17":"product-type-grouped"},"_links":{"self":[{"href":"https:\/\/zojopackaging.com\/de\/wp-json\/wp\/v2\/product\/8960","targetHints":{"allow":["GET"]}}],"collection":[{"href":"https:\/\/zojopackaging.com\/de\/wp-json\/wp\/v2\/product"}],"about":[{"href":"https:\/\/zojopackaging.com\/de\/wp-json\/wp\/v2\/types\/product"}],"version-history":[{"count":1,"href":"https:\/\/zojopackaging.com\/de\/wp-json\/wp\/v2\/product\/8960\/revisions"}],"predecessor-version":[{"id":8975,"href":"https:\/\/zojopackaging.com\/de\/wp-json\/wp\/v2\/product\/8960\/revisions\/8975"}],"wp:featuredmedia":[{"embeddable":true,"href":"https:\/\/zojopackaging.com\/de\/wp-json\/wp\/v2\/media\/8965"}],"wp:attachment":[{"href":"https:\/\/zojopackaging.com\/de\/wp-json\/wp\/v2\/media?parent=8960"}],"wp:term":[{"taxonomy":"product_brand","embeddable":true,"href":"https:\/\/zojopackaging.com\/de\/wp-json\/wp\/v2\/product_brand?post=8960"},{"taxonomy":"product_cat","embeddable":true,"href":"https:\/\/zojopackaging.com\/de\/wp-json\/wp\/v2\/product_cat?post=8960"},{"taxonomy":"product_tag","embeddable":true,"href":"https:\/\/zojopackaging.com\/de\/wp-json\/wp\/v2\/product_tag?post=8960"}],"curies":[{"name":"wp","href":"https:\/\/api.w.org\/{rel}","templated":true}]}}