{"id":8968,"date":"2025-03-31T20:06:07","date_gmt":"2025-03-31T12:06:07","guid":{"rendered":"https:\/\/zojopackaging.com\/?post_type=product&#038;p=8968"},"modified":"2025-03-31T20:19:36","modified_gmt":"2025-03-31T12:19:36","slug":"custom-jacket-coat-clothes-collapsible-gift-box-wholesale","status":"publish","type":"product","link":"https:\/\/zojopackaging.com\/de\/product\/custom-jacket-coat-clothes-collapsible-gift-box-wholesale\/","title":{"rendered":"Benutzerdefinierte Jacke Mantel Kleidung zusammenklappbar Geschenk Box Gro\u00dfhandel"},"content":{"rendered":"<h2 id=\"1-innovative-magnetic-flip-cover-design-fun-and-convenience-\">1.\u00a0<strong>Innovatives Design mit Magnetverschluss, Spa\u00df und Komfort<\/strong><\/h2>\n<p>Die magnetische Flip-Cover-\u00d6ffnungs- und Verschlussstruktur ersetzt die traditionelle Schnallen- oder Klebemethode. Die Benutzer k\u00f6nnen ihn leicht mit einer Hand \u00f6ffnen, und er wird automatisch absorbiert, wenn er geschlossen wird, was nicht nur die Benutzerfreundlichkeit verbessert, sondern auch f\u00fcr interaktiven Spa\u00df sorgt. Die Kante des Kastendeckels ist verst\u00e4rkt und verformt sich auch nach wiederholtem \u00d6ffnen und Schlie\u00dfen nicht, was f\u00fcr hochfrequentierte Werbegeschenke oder Einzelhandelsszenarien geeignet ist.<\/p>\n<h2>2. Zusammenklappbar<strong>\u00a0flache Bauweise zur Reduzierung der Transportkosten<\/strong><\/h2>\n<p>Der Geschenkkarton hat eine modulare, faltbare Struktur, die beim Versand flach gestapelt wird. Das Transportvolumen reduziert sich um mehr als 60% im Vergleich zum traditionellen Schachteltyp, was die Logistikkosten erheblich senkt. Die eingebettete sto\u00dffeste Pufferschicht sorgt daf\u00fcr, dass die Jacken w\u00e4hrend des Transports nicht gequetscht oder zerknittert werden k\u00f6nnen. Nach der Ankunft ist nur eine einfache Montage erforderlich, um die dreidimensionale Form wiederherzustellen, wobei die Kosten und die Anforderungen an den Produktschutz ber\u00fccksichtigt werden.<\/p>\n<h2 id=\"3-full-scene-customized-printing-to-strengthen-the-brand-image-\">3.\u00a0<strong>Individueller Vollfl\u00e4chendruck zur St\u00e4rkung des Markenimages<\/strong><\/h2>\n<p>Unterst\u00fctzt die hochpr\u00e4zise Vierfarbdrucktechnologie und kann das LOGO, das Muster und die Textinformationen auf der Oberfl\u00e4che des Kartons an das VI-System des Unternehmens oder das Design des Urlaubsthemas anpassen. Zum Beispiel k\u00f6nnen Schl\u00fcsselw\u00f6rter wie \"urbaner B\u00fcrostil\" und \"Business Casual\" in die Produkteigenschaften der Jacke integriert werden, oder es k\u00f6nnen Markengeschichten aufgedruckt werden, um den kulturellen Mehrwert zu erh\u00f6hen. Der Innenfutterkarton kann auch mit Waschanweisungen oder Anziehvorschl\u00e4gen bedruckt werden, um die Servicekette der Marke zu erweitern.<\/p>\n<h2 id=\"4-macaron-color-matching-healing-visual-experience-\">4.\u00a0<strong>Macaron-Farbabstimmung, heilende visuelle Erfahrung<\/strong><\/h2>\n<p>W\u00e4hlen Sie Macaron-Farben mit geringer S\u00e4ttigung, wie z. B. Hellrosa, Hellblau und Mintgr\u00fcn, um die visuelle Erm\u00fcdung zu verringern, was der Vorliebe junger Verbraucher f\u00fcr eine \"entspannte, heilende\" Atmosph\u00e4re entspricht. Die Abstimmung von Farbbl\u00f6cken unterst\u00fctzt Farbverl\u00e4ufe, Kontraste und andere L\u00f6sungen, wie z. B. eine graue Jacke mit einer krokodilgelben Geschenkbox, die einen visuellen Kontrast schafft und die Attraktivit\u00e4t der Regalpr\u00e4sentation erh\u00f6ht.<\/p>\n<h2 id=\"5-high-end-technology-empowers-and-improves-the-texture-level-\">5.\u00a0<strong>High-End-Technologie st\u00e4rkt und verbessert das Texturniveau<\/strong><\/h2>\n<ul>\n<li><strong>Gold\/Silber-Technologie<\/strong>: Dreidimensionale Goldpr\u00e4gung im Markenlogo oder in der Oberfl\u00e4chentextur der Schachtel, um das Gef\u00fchl von Luxus zu verst\u00e4rken;<\/li>\n<li><strong>Gepr\u00e4gt<\/strong>: Verwenden Sie konkave und konvexe Formen, um geometrische Strukturen oder Markenlogos auf die Graukartonoberfl\u00e4che zu pr\u00e4gen, mit einer feinen Note;<\/li>\n<li><strong>Laser-Laminierung<\/strong>: Teilweise mit einer Fantasielaserfolie \u00fcberzogen, die bei dynamischem Licht einen irisierenden Effekt zeigt, geeignet f\u00fcr die Gestaltung von limitierten Urlaubsausgaben.<\/li>\n<\/ul>\n<h2 id=\"6-high-weight-material-to-ensure-structural-stability-\">6.\u00a0<strong>Hochwertiges Material zur Gew\u00e4hrleistung der strukturellen Stabilit\u00e4t<\/strong><\/h2>\n<p>Der Hauptk\u00f6rper der Geschenkbox besteht aus 1200GSM Graupappe mit einer Druckfestigkeit von 50KG\/\u33a1, und die Innenauskleidung besteht aus 157GSM beschichtetem Papier mit einer matten Folie auf der Oberfl\u00e4che, um Kratzer zu vermeiden. Die Belastungspr\u00fcfung des Kastenk\u00f6rpers zeigt, dass er 3 Jacken mit Standardgewicht (ca. 1,2 kg pro St\u00fcck) stabil tragen kann, und es besteht keine Gefahr der Verformung, wenn er aufrecht steht, was sich f\u00fcr exponierte Szenen wie Schaufenster von Einkaufszentren oder E-Commerce-Live-\u00dcbertragungen eignet.<\/p>\n<h2 id=\"vii-direct-supply-from-the-source-factory-professional-solution-support-\">7. <strong>Direkte Lieferung aus der Fabrik, professionelle Unterst\u00fctzung bei der L\u00f6sung<\/strong><\/h2>\n<ol>\n<li><strong>Szenariobasierter Vorschlag<\/strong>: Zum Beispiel die \"b\u00fcro\u00e4hnliche Geschenkbox\" mit Pierre Cardin Executive Jacken oder die \"abenteuerliche Verpackung\" von Outdoor-Jacken;<\/li>\n<li><strong>Vorschl\u00e4ge zur Kostenoptimierung<\/strong>: Empfehlung von Graukarton-\/Spezialpapier-Mix- und Match-L\u00f6sungen auf der Grundlage des Auftragsvolumens, um Qualit\u00e4t und Budget in Einklang zu bringen;<\/li>\n<li><strong>Leitlinien f\u00fcr die grenz\u00fcberschreitende Einhaltung von Vorschriften<\/strong>: Bieten Sie FSC-zertifiziertes Material an, um die Umweltschutzanforderungen des europ\u00e4ischen und amerikanischen Marktes zu erf\u00fcllen.<\/li>\n<\/ol>\n<h3 id=\"technical-parameters-and-ordering-process\">Technische Parameter und Bestellvorgang<\/h3>\n<table>\n<thead>\n<tr>\n<th>Projekt<\/th>\n<th>Parameter\/Beschreibung<\/th>\n<\/tr>\n<\/thead>\n<tbody>\n<tr>\n<td><strong>Grundlegendes Material<\/strong><\/td>\n<td>1200GSM Graukarton + 157GSM gestrichenes Papier<\/td>\n<\/tr>\n<tr>\n<td><strong>Druckverfahren<\/strong><\/td>\n<td>CMYK-Vierfarbdruck \u00b10,5 mm Passergenauigkeit<\/td>\n<\/tr>\n<tr>\n<td><strong>Gefaltetes Format<\/strong><\/td>\n<td>Ma\u00dfgeschneidert je nach Jackengr\u00f6\u00dfe<\/td>\n<\/tr>\n<tr>\n<td><strong>Mindestbestellmenge<\/strong><\/td>\n<td>500 St\u00fcck (gemischte Farben und Stile m\u00f6glich)<\/td>\n<\/tr>\n<tr>\n<td><strong>Proofing-Zyklus<\/strong><\/td>\n<td>3-5 Arbeitstage (Proofing-Geb\u00fchr kann auf die Zahlung angerechnet werden)<\/td>\n<\/tr>\n<\/tbody>\n<\/table>","protected":false},"excerpt":{"rendered":"<p>1. Das Design des Magnetverschlusses macht es einfacher zu \u00f6ffnen und interessanter<br \/>\n2. Es kann f\u00fcr den Versand flach zusammengeklappt werden, was den Transport problemlos macht und Ihnen hilft, Transportkosten zu sparen<br \/>\n3. Der gedruckte Inhalt kann entsprechend Ihrem Produkt angepasst werden, wodurch er besser geeignet ist und Ihr Markenimage verbessert wird.<br \/>\n4. Das Macaron-Farbschema reduziert die visuelle Erm\u00fcdung und schafft eine entspannende und heilende Atmosph\u00e4re<\/p>","protected":false},"featured_media":8970,"template":"","meta":[],"product_brand":[],"product_cat":[30,414,424,31],"product_tag":[1030,1032,1031],"class_list":{"0":"post-8968","1":"product","2":"type-product","3":"status-publish","4":"has-post-thumbnail","6":"product_cat-by-industry","7":"product_cat-custom-apparel-boxes","8":"product_cat-magnetic-closure-boxes","9":"product_cat-paper-box-style","10":"product_tag-clothes-collapsible-gift-box","11":"product_tag-coat-gift-box-wholesale","12":"product_tag-custom-jacket-box","14":"first","15":"instock","16":"shipping-taxable","17":"product-type-simple"},"_links":{"self":[{"href":"https:\/\/zojopackaging.com\/de\/wp-json\/wp\/v2\/product\/8968","targetHints":{"allow":["GET"]}}],"collection":[{"href":"https:\/\/zojopackaging.com\/de\/wp-json\/wp\/v2\/product"}],"about":[{"href":"https:\/\/zojopackaging.com\/de\/wp-json\/wp\/v2\/types\/product"}],"version-history":[{"count":1,"href":"https:\/\/zojopackaging.com\/de\/wp-json\/wp\/v2\/product\/8968\/revisions"}],"predecessor-version":[{"id":8983,"href":"https:\/\/zojopackaging.com\/de\/wp-json\/wp\/v2\/product\/8968\/revisions\/8983"}],"wp:featuredmedia":[{"embeddable":true,"href":"https:\/\/zojopackaging.com\/de\/wp-json\/wp\/v2\/media\/8970"}],"wp:attachment":[{"href":"https:\/\/zojopackaging.com\/de\/wp-json\/wp\/v2\/media?parent=8968"}],"wp:term":[{"taxonomy":"product_brand","embeddable":true,"href":"https:\/\/zojopackaging.com\/de\/wp-json\/wp\/v2\/product_brand?post=8968"},{"taxonomy":"product_cat","embeddable":true,"href":"https:\/\/zojopackaging.com\/de\/wp-json\/wp\/v2\/product_cat?post=8968"},{"taxonomy":"product_tag","embeddable":true,"href":"https:\/\/zojopackaging.com\/de\/wp-json\/wp\/v2\/product_tag?post=8968"}],"curies":[{"name":"wp","href":"https:\/\/api.w.org\/{rel}","templated":true}]}}