{"id":8991,"date":"2025-03-31T20:29:01","date_gmt":"2025-03-31T12:29:01","guid":{"rendered":"https:\/\/zojopackaging.com\/?post_type=product&#038;p=8991"},"modified":"2025-03-31T21:02:13","modified_gmt":"2025-03-31T13:02:13","slug":"oem-cardboard-box-perfume-luxury-packaging-box-manufacturer","status":"publish","type":"product","link":"https:\/\/zojopackaging.com\/de\/product\/oem-cardboard-box-perfume-luxury-packaging-box-manufacturer\/","title":{"rendered":"OEM-Karton Box Parf\u00fcm Luxus Verpackung Box Hersteller"},"content":{"rendered":"<h4 id=\"-1-material-upgrade-350g-white-card-four-color-printing-environmental-protection-and-texture-are-both-excellent-\"><strong>1. Material-Upgrade: 350g wei\u00dfe Karte + Vier-Farben-Druck, Umweltschutz und Textur sind beide ausgezeichnet<\/strong><\/h4>\n<p>Mit 350g wei\u00dfem Karton, Vier-Farben-Druck, knackig und umweltfreundlich, kann effektiv sch\u00fctzen die Parf\u00fcm-Flasche, zart und elegant Touch.<\/p>\n<h4 id=\"-2-double-card-box-structure-convenient-opening-and-closing-transportation-protection-\"><strong>2. Doppelkarte Box Struktur: bequemes \u00d6ffnen und Schlie\u00dfen + Transportschutz<\/strong><\/h4>\n<p>Die Box hat eine doppelte Kartenstruktur mit einer oberen und einer unteren Abdeckung. Der Schachteldeckel und der Schachtelk\u00f6rper sind durch einen pr\u00e4zisen Kartenschlitz verbunden und k\u00f6nnen elegant mit einer Hand ge\u00f6ffnet und geschlossen werden. Der Stanzprozessfehler ist \u22640,1mm, geeignet f\u00fcr 30ml-100ml Flaschen mit vollem Fassungsverm\u00f6gen, und die Druckfestigkeit w\u00e4hrend des Transports ist um 25% erh\u00f6ht.<\/p>\n<h4 id=\"-3-process-innovation-gradient-color-embossed-embossing-dual-upgrade-of-vision-and-touch-\"><strong>3. Prozessinnovation: Farbverlauf + gepr\u00e4gte Pr\u00e4gung, doppelte Aufwertung von Vision und Touch<\/strong><\/h4>\n<p>Der Farbverlauf ist vertr\u00e4umt, und der klare Druck gibt diese Eigenschaft genau wieder. Die Farbe auf der rechten Seite ist klar und sch\u00f6n, die als das Thema Stil der Sommer-Parf\u00fcm verwendet werden kann.<\/p>\n<h4 id=\"-4-flexible-size-full-capacity-adaptation-to-meet-diversified-needs-\"><strong>4. Flexible Gr\u00f6\u00dfe: volle Kapazit\u00e4tsanpassung zur Deckung diversifizierter Bed\u00fcrfnisse<\/strong><\/h4>\n<p>Die Gr\u00f6\u00dfe kann entsprechend Ihrer Parf\u00fcmflasche angepasst werden, um die richtige Gr\u00f6\u00dfe und Stabilit\u00e4t der Flasche zu gew\u00e4hrleisten. Wir unterst\u00fctzen Sie, um die Flasche an die Fabrik zu senden, und wir werden eine wei\u00dfe Probe-Box kostenlos machen, um die Gr\u00f6\u00dfe und Stabilit\u00e4t zu testen.<\/p>\n<h4 id=\"-5-factory-strength-iso-certification-daily-production-capacity-of-60-000-pieces-\"><strong>5. St\u00e4rke der Fabrik: ISO-Zertifizierung + t\u00e4gliche Produktionskapazit\u00e4t von 60.000 St\u00fcck<\/strong><\/h4>\n<p>Die eigene Fabrik ist nach dem Qualit\u00e4tsmanagementsystem ISO 9001 zertifiziert und mit einer Heidelberger XL7508+1 Druckmaschine, einer vollautomatischen intelligenten Schachtelherstellungsmaschine und anderen Ger\u00e4ten ausgestattet. Die Tagesproduktion betr\u00e4gt 60.000 St\u00fcck und wird vom Proofing bis zur Auslieferung in 7 Tagen abgeschlossen.<\/p>\n<h4 id=\"-6-vip-customization-service-full-link-support-to-help-brand-upgrade-\"><strong>6. VIP-Anpassungsservice: Full-Link-Support zur Unterst\u00fctzung der Markenaufwertung<\/strong><\/h4>\n<p>Bietet Datenbanken mit mehr als 30 Schachteltypen und unterst\u00fctzt tiefgreifende Anpassungen wie Hei\u00dfpr\u00e4getext, Schmuckfarbendruck und gepr\u00e4gte Muster. Zum Beispiel hat eine europ\u00e4ische Marke eine Produktpr\u00e4mie von 40% durch kundenspezifische Kalligraphie-Hei\u00dfpr\u00e4gungstechnologie erreicht.<\/p>\n<h4 id=\"-7-full-process-quality-inspection-from-paper-strength-to-color-calibration-\"><strong>7. Qualit\u00e4tspr\u00fcfung im gesamten Prozess: von der Papierst\u00e4rke bis zur Farbkalibrierung<\/strong><\/h4>\n<p>F\u00fchren Sie 12 Qualit\u00e4tspr\u00fcfungsverfahren durch, darunter einen 24-Stunden-Feuchtigkeitstest (Fehler \u00b15%), einen Falltest (H\u00f6he 1,2 Meter) und eine CMYK-Farbfehlerkalibrierung \u22643%, um sicherzustellen, dass die Transportverlustrate \u22640,3% ist.<\/p>","protected":false},"excerpt":{"rendered":"<p>Diese Schachtel wurde f\u00fcr eine internationale Salonparf\u00fcmmarke ma\u00dfgeschneidert. Durch den Farbverlauf wurde sie w\u00e4hrend der Pariser Modewoche 2024 zu einem Social-Media-Hit und die Wiederkaufsrate stieg um 35%.<\/p>","protected":false},"featured_media":8994,"template":"","meta":[],"product_brand":[],"product_cat":[30,417,430,31],"product_tag":[934,1038,1039],"class_list":{"0":"post-8991","1":"product","2":"type-product","3":"status-publish","4":"has-post-thumbnail","6":"product_cat-by-industry","7":"product_cat-custom-perfume-boxes-by-industry","8":"product_cat-folding-cartons","9":"product_cat-paper-box-style","10":"product_tag-box-manufacturer","11":"product_tag-oem-cardboard-box","12":"product_tag-perfume-luxury-packaging-box","14":"first","15":"instock","16":"shipping-taxable","17":"product-type-grouped"},"_links":{"self":[{"href":"https:\/\/zojopackaging.com\/de\/wp-json\/wp\/v2\/product\/8991","targetHints":{"allow":["GET"]}}],"collection":[{"href":"https:\/\/zojopackaging.com\/de\/wp-json\/wp\/v2\/product"}],"about":[{"href":"https:\/\/zojopackaging.com\/de\/wp-json\/wp\/v2\/types\/product"}],"version-history":[{"count":1,"href":"https:\/\/zojopackaging.com\/de\/wp-json\/wp\/v2\/product\/8991\/revisions"}],"predecessor-version":[{"id":9007,"href":"https:\/\/zojopackaging.com\/de\/wp-json\/wp\/v2\/product\/8991\/revisions\/9007"}],"wp:featuredmedia":[{"embeddable":true,"href":"https:\/\/zojopackaging.com\/de\/wp-json\/wp\/v2\/media\/8994"}],"wp:attachment":[{"href":"https:\/\/zojopackaging.com\/de\/wp-json\/wp\/v2\/media?parent=8991"}],"wp:term":[{"taxonomy":"product_brand","embeddable":true,"href":"https:\/\/zojopackaging.com\/de\/wp-json\/wp\/v2\/product_brand?post=8991"},{"taxonomy":"product_cat","embeddable":true,"href":"https:\/\/zojopackaging.com\/de\/wp-json\/wp\/v2\/product_cat?post=8991"},{"taxonomy":"product_tag","embeddable":true,"href":"https:\/\/zojopackaging.com\/de\/wp-json\/wp\/v2\/product_tag?post=8991"}],"curies":[{"name":"wp","href":"https:\/\/api.w.org\/{rel}","templated":true}]}}