{"id":9017,"date":"2025-03-31T21:41:20","date_gmt":"2025-03-31T13:41:20","guid":{"rendered":"https:\/\/zojopackaging.com\/?post_type=product&#038;p=9017"},"modified":"2025-03-31T21:55:07","modified_gmt":"2025-03-31T13:55:07","slug":"custom-printing-perfume-matt-finishing-paper-box-manufacturer","status":"publish","type":"product","link":"https:\/\/zojopackaging.com\/de\/product\/custom-printing-perfume-matt-finishing-paper-box-manufacturer\/","title":{"rendered":"Benutzerdefinierte Druck Parf\u00fcm Matt Finishing Papier Box Hersteller"},"content":{"rendered":"<h3 id=\"-1-single-powder-card-material-single-sided-coating-balance-between-printing-accuracy-and-cost-\"><strong>1. Ein Pulverkartenmaterial + einseitige Beschichtung: Gleichgewicht zwischen Druckgenauigkeit und Kosten<\/strong><\/h3>\n<p>Die Oberfl\u00e4che des 350g schweren, einseitig gestrichenen Kartonpapiers (z. B. Invercote-Karton erster G\u00fcte) ist mit einer matten Beschichtung versehen, die sich f\u00fcr den hochpr\u00e4zisen Vierfarbdruck eignet und daf\u00fcr sorgt, dass die Hei\u00dfpr\u00e4geuhr und die r\u00f6mischen Ziffern (XII\/I\/VIII usw.) klar und scharf dargestellt werden. Das einseitige Lackierverfahren senkt nicht nur die Druckkosten, sondern verbessert auch die Haptik, was f\u00fcr den hochwertigen Ton von Markenslogans wie \"PERFUME OF YOU\" geeignet ist.<\/p>\n<h3 id=\"-2-hot-stamping-uv-mirror-process-double-the-visual-impact-\"><strong>2. Hei\u00dfpr\u00e4gung + UV-Spiegelverfahren: doppelte optische Wirkung<\/strong><\/h3>\n<p>Die linke Box verwendet Hei\u00dfpr\u00e4gung, um ein flie\u00dfendes Uhr- und Rankenmuster zu pr\u00e4sentieren, und das Gold reflektiert den Sterneffekt auf dem matten Hintergrund; die rechte Box verwendet UV-Spiegeltechnologie, und die orange-rosa Farbabstufung ist dreidimensional wie die Duftzerst\u00e4ubung, und die Ber\u00fchrung ist so glatt wie Seide. Beide Verfahren haben die deutsche Rheinzertifizierung bestanden, und die Abriebfestigkeit erreicht die Schutzklasse IP54, so dass das Muster beim Transport nicht abgenutzt wird.<\/p>\n<h3 id=\"-3-full-dimensional-customization-of-perfume-card-boxes-flexible-adaptation-of-size-material-process-\"><strong>3. Volldimensionale Individualisierung von Parf\u00fcmkartons: flexible Anpassung von Gr\u00f6\u00dfe\/Material\/Verfahren<\/strong><\/h3>\n<p>Unterst\u00fctzt die Anpassung von 30ml-100ml Flaschentypen, und die Box Gr\u00f6\u00dfe Fehler ist \u2264\u00b11mm. Das Material kann aus 350g wei\u00dfem Karton oder umweltfreundlichem Bambuszellstoffpapier gew\u00e4hlt werden, und das Verfahren umfasst Pr\u00e4gung, Schmuckfarbendruck usw. Eine magnetische Flip-Box, die von einer europ\u00e4ischen Marke angepasst wurde, reproduziert zum Beispiel das Design der Sternspur des Markenlogos mittels UV-Gradiententechnologie, und der Pr\u00e4miensatz wird um 40% erh\u00f6ht.<\/p>\n<h3 id=\"-4-zojo-print-16-years-of-industry-experience-paper-box-customization-expert-\"><strong>4. ZOJO Print 16 Jahre Erfahrung in der Branche: Experte f\u00fcr die Anpassung von Papierschachteln<\/strong><\/h3>\n<p>Wir sind seit 16 Jahren auf dem Gebiet der Parf\u00fcmverpackung t\u00e4tig und beliefern mehr als 500 internationale Marken wie Dior, Jo Malone, usw. Die eigene Fabrik ist mit einer Heidelberger XL7508+1 Druckmaschine und einer vollautomatischen Stanzlinie ausgestattet und verf\u00fcgt \u00fcber eine t\u00e4gliche Produktionskapazit\u00e4t von 60.000 St\u00fcck, die vom Proofing bis zur Auslieferung 7 Tage dauert.<\/p>\n<h3 id=\"-5-1-3-days-of-ultra-fast-proofing-seize-the-market-opportunity-\"><strong>5. 1-3 Tage ultraschnelles Proofing: Nutzen Sie die Marktchance<\/strong><\/h3>\n<p>Das digitale Druckvorstufensystem unterst\u00fctzt die direkte Produktion von CDR\/AI-Quelldateien, und das schnellste Muster liegt bei 1 Tag. So ben\u00f6tigte beispielsweise eine von einer Marke aus dem Nahen Osten dringend angepasste Box mit bernsteinfarbenem Farbverlauf nur 24 Stunden von der Best\u00e4tigung des Plans bis zum Proofing, was 300% effizienter ist als bei traditionellen Fabriken.<\/p>\n<h3 id=\"-6-technical-sales-team-full-link-consultants-who-understand-production-processes-\"><strong>6. Technisches Verkaufsteam: vollstufige Berater, die die Produktionsprozesse verstehen<\/strong><\/h3>\n<p>Das 100%-Verkaufsteam verf\u00fcgt \u00fcber mehr als 5 Jahre Erfahrung in der Herstellung von Papierschachteln und kann Komplettl\u00f6sungen anbieten, von der Materialauswahl (z. B. matte Folie vs. UV-Beschichtung) \u00fcber die Optimierung der Schachtelstruktur (z. B. obere und untere Abdeckung vs. Schubladentyp) bis hin zur Kostenkontrolle, um sicherzustellen, dass Design und Produktion in hohem Ma\u00dfe kompatibel sind.<\/p>\n<h3 id=\"-7-full-process-quality-inspection-12-processes-to-ensure-quality-\"><strong>7. Umfassende Qualit\u00e4tspr\u00fcfung des Prozesses: 12 Prozesse zur Sicherung der Qualit\u00e4t<\/strong><\/h3>\n<p>Wir f\u00fchren 12 Qualit\u00e4tspr\u00fcfungen durch, wie z. B. \"Farbkalibrierung beim Druck (CMYK-Fehler \u22643%) \u2192 Hei\u00dfpr\u00e4ge-Haftungstest (Klebebandabl\u00f6sungsversuch) \u2192 Falltest (1,2 Meter H\u00f6he) \u2192 24-Stunden-Feuchtigkeitstest (\u00b15%-Fehler)\", die Transportverlustrate liegt bei \u22640,3%, und die Kundenbeschwerdequote ist niedriger als der Branchendurchschnitt von 90%.<\/p>","protected":false},"excerpt":{"rendered":"<p>Ein Geschenkkarton zum Thema \"Zeit und Duft\", ma\u00dfgeschneidert f\u00fcr eine franz\u00f6sische Salonparf\u00fcmmarke: -\u00a0<strong>Box auf der linken Seite<\/strong>: Die Uhr mit r\u00f6mischen Ziffern in Goldpr\u00e4gung (XII\/I\/VIII) ist mit einer UV-Beschichtung mit rosa Farbverlauf von Morandi versehen, um das Konzept der \"ewigen Eleganz\" zu vermitteln; -\u00a0<strong>Kasten rechts<\/strong>: Der Spiegel UV-Prozess reproduziert die Marke LOGO Stern Spur, kombiniert mit matten gepr\u00e4gten Rankenmuster, und das Gef\u00fchl der Unboxing Zeremonie ist voll. Dieses Design wurde w\u00e4hrend der Filmfestspiele von Cannes 2024 eingef\u00fchrt, mit mehr als 2 Millionen Social Media Expositionen und einer 35% Steigerung der Wiederkaufsrate.<\/p>","protected":false},"featured_media":9018,"template":"","meta":[],"product_brand":[],"product_cat":[30,417,430,31],"product_tag":[1045,243,1046],"class_list":{"0":"post-9017","1":"product","2":"type-product","3":"status-publish","4":"has-post-thumbnail","6":"product_cat-by-industry","7":"product_cat-custom-perfume-boxes-by-industry","8":"product_cat-folding-cartons","9":"product_cat-paper-box-style","10":"product_tag-custom-printing-box","11":"product_tag-paper-box-manufacturer","12":"product_tag-perfume-matte-paper-box","14":"first","15":"instock","16":"shipping-taxable","17":"product-type-grouped"},"_links":{"self":[{"href":"https:\/\/zojopackaging.com\/de\/wp-json\/wp\/v2\/product\/9017","targetHints":{"allow":["GET"]}}],"collection":[{"href":"https:\/\/zojopackaging.com\/de\/wp-json\/wp\/v2\/product"}],"about":[{"href":"https:\/\/zojopackaging.com\/de\/wp-json\/wp\/v2\/types\/product"}],"version-history":[{"count":1,"href":"https:\/\/zojopackaging.com\/de\/wp-json\/wp\/v2\/product\/9017\/revisions"}],"predecessor-version":[{"id":9033,"href":"https:\/\/zojopackaging.com\/de\/wp-json\/wp\/v2\/product\/9017\/revisions\/9033"}],"wp:featuredmedia":[{"embeddable":true,"href":"https:\/\/zojopackaging.com\/de\/wp-json\/wp\/v2\/media\/9018"}],"wp:attachment":[{"href":"https:\/\/zojopackaging.com\/de\/wp-json\/wp\/v2\/media?parent=9017"}],"wp:term":[{"taxonomy":"product_brand","embeddable":true,"href":"https:\/\/zojopackaging.com\/de\/wp-json\/wp\/v2\/product_brand?post=9017"},{"taxonomy":"product_cat","embeddable":true,"href":"https:\/\/zojopackaging.com\/de\/wp-json\/wp\/v2\/product_cat?post=9017"},{"taxonomy":"product_tag","embeddable":true,"href":"https:\/\/zojopackaging.com\/de\/wp-json\/wp\/v2\/product_tag?post=9017"}],"curies":[{"name":"wp","href":"https:\/\/api.w.org\/{rel}","templated":true}]}}