{"id":9026,"date":"2025-03-31T21:49:15","date_gmt":"2025-03-31T13:49:15","guid":{"rendered":"https:\/\/zojopackaging.com\/?post_type=product&#038;p=9026"},"modified":"2025-03-31T22:07:36","modified_gmt":"2025-03-31T14:07:36","slug":"custom-luxury-clothing-apparel-packaging-gift-box-wholesale","status":"publish","type":"product","link":"https:\/\/zojopackaging.com\/de\/product\/custom-luxury-clothing-apparel-packaging-gift-box-wholesale\/","title":{"rendered":"Benutzerdefinierte Luxus Kleidung Kleidung Verpackung Geschenk Box Gro\u00dfhandel"},"content":{"rendered":"<h2 id=\"-core-advantages-of-products-\"><strong>Hauptvorteile der Produkte<\/strong><\/h2>\n<p>Als f\u00fchrender Hersteller von kundenspezifischen High-End-Verpackungen in China konzentrieren wir uns darauf, Luxusbekleidungsmarken mit Deckel- und Bodenschachtel-Verpackungsl\u00f6sungen zu versorgen, die \u00e4sthetischen Wert mit praktischen Funktionen verbinden. Mit modularem Aufbau, hochwertiger Handwerkskunst und flexiblen Anpassungsdiensten als Kernkompetenzen helfen wir Marken, ein hochwertiges Image zu formen und die Marktanerkennung zu verbessern.<\/p>\n<h2 id=\"-i-top-and-bottom-lid-box-type-simple-structure-and-industrialized-efficient-production-\"><strong>1. Top und Boden Deckel Box Typ: einfache Struktur und industrialisierte effiziente Produktion<\/strong><\/h2>\n<ol>\n<li><strong>Struktureller Entwurf<\/strong>\u00a0Der Ober- und Unterdeckelkarton ist ein klassischer \"Oberdeckel- und Unterdeckelkarton\", mit einem hohen Grad an Modularisierung, angepasst an standardisierte Produktionsprozesse und unter Ber\u00fccksichtigung der Bequemlichkeit des \u00d6ffnens und Schlie\u00dfens sowie der visuellen Integrit\u00e4t.<\/li>\n<li><strong>Oben-bedeckend-unten-Stil<\/strong>: Der obere Deckel deckt den Boden des unteren Kartons nicht vollst\u00e4ndig ab, so dass ein Freiraum zum \u00d6ffnen und Schlie\u00dfen verbleibt, der sich f\u00fcr die Verpackung leichter Luxuskleidung eignet.<\/li>\n<li><strong>Taillenbetonter Stil<\/strong>: Der innere Rand der unteren Schachtel liegt frei, was die dreidimensionale Schichtung verst\u00e4rkt und sich f\u00fcr die Darstellung von Markenlogos oder Pr\u00e4gearbeiten eignet.<\/li>\n<li><strong>Vorteile der Industrialisierung<\/strong>\u00a0Die pr\u00e4zise Gr\u00f6\u00dfenanpassung wird durch eine vollautomatische Produktionslinie erreicht, die eine effiziente Lieferung von Serienauftr\u00e4gen gew\u00e4hrleistet und manuelle Fehler und Kosten reduziert.<\/li>\n<\/ol>\n<h2 id=\"-second-white-box-body-double-enhancement-of-visual-aesthetics-and-brand-image-\"><strong>2. Wei\u00dfes Geh\u00e4use: doppelte Aufwertung der visuellen \u00c4sthetik und des Markenimages<\/strong><\/h2>\n<ol>\n<li><strong>Konzept der Gestaltung<\/strong>\u00a0Mit Wei\u00df als Grundton,\u00a0<strong>157g C2S gestrichenes Kunstdruckpapier (Doppelkupferpapier)<\/strong>\u00a0Die Oberfl\u00e4che ist zart und glatt, und die matte Textur vermittelt ein Gef\u00fchl von zur\u00fcckhaltendem Luxus und bietet gleichzeitig eine reine Leinwand f\u00fcr die Drucktechnik.<\/li>\n<li><strong>Anpassungsf\u00e4higkeit der Marke<\/strong><\/li>\n<li><strong>Einfach und rein<\/strong>: Wei\u00df symbolisiert den eleganten Stil der Marke und eignet sich f\u00fcr hochwertige Kleidung, ma\u00dfgeschneiderte Kleider und andere Szenen.<\/li>\n<li><strong>Visuelle Erweiterung<\/strong>: Es kann mit Hei\u00dfpr\u00e4gung, UV-Technologie oder Markenfarbb\u00e4ndern kombiniert werden, um einen kontrastreichen visuellen Schwerpunkt zu bilden.<\/li>\n<\/ol>\n<h2 id=\"-third-ribbon-accessories-aesthetic-details-and-brand-recognition-enhancement-\"><strong>3. Farbband-Accessoires: \u00e4sthetische Details und Steigerung der Markenbekanntheit<\/strong><\/h2>\n<ol>\n<li><strong>Auswahl des Materials<\/strong>\u00a0Wir bieten Satin-, Polyester-, Seiden- und andere B\u00e4nder aus verschiedenen Materialien an und unterst\u00fctzen kundenspezifische Breite, Farbe und Hei\u00dfpr\u00e4gung des Markenlogos, um das Gef\u00fchl von Zeremonie und Exklusivit\u00e4t der Verpackung zu verbessern.<\/li>\n<li><strong>Dekorationsschema<\/strong><\/li>\n<li><strong>Fliege-Methode<\/strong>: klassisches Design f\u00fcr die Hand, geeignet f\u00fcr magnetische Flip- oder Schubladen-Geschenkboxen, um das Auspacken zu erleichtern.<\/li>\n<li><strong>Metallschnalle<\/strong>: Kombinieren Sie Band und Acryl-Namensschild, um ein leichtes, luxuri\u00f6ses visuelles Symbol zu schaffen.<\/li>\n<\/ol>\n<h2 id=\"-fourth-material-and-process-anti-deformation-performance-and-design-expression-\"><strong>4 Material und Verfahren: Verformungsbest\u00e4ndigkeit und Designausdruck<\/strong><\/h2>\n<ol>\n<li><strong>Kernmaterial<\/strong><\/li>\n<li><strong>157g C2S gestrichenes Kunstdruckpapier<\/strong>Hohe Wei\u00dfe der Oberfl\u00e4che, genaue Farbwiedergabe, geeignet f\u00fcr Vierfarben-Offsetdruck und Schmuckfarbendruck.<\/li>\n<li><strong>1200g Hartpappe<\/strong>Dreilagige gewellte Struktur, Druckfestigkeit um 40% erh\u00f6ht, um keine Verformung w\u00e4hrend des Langstreckentransports zu gew\u00e4hrleisten.<\/li>\n<li><strong>Oberfl\u00e4chenverfahren<\/strong><\/li>\n<li><strong>Gold\/Silber<\/strong>: geeignet f\u00fcr Markenlogo oder Rahmendekoration, Metallic-Glanz verst\u00e4rkt das Gef\u00fchl von Luxus.<\/li>\n<li><strong>Teilweise UV<\/strong>Der Kontrast zwischen matt und gl\u00e4nzend auf der Oberfl\u00e4che der wei\u00dfen Schachtel unterstreicht den dreidimensionalen Charakter des Musters.<\/li>\n<li><strong>Gepr\u00e4gte Textur<\/strong>: Erzeugen Sie eine Ledertextur und eine geometrische Textur durch Pr\u00e4getechnik, um die taktilen Erinnerungspunkte zu verbessern.<\/li>\n<\/ol>\n<h2 id=\"-v-highly-customized-service-flexible-adaptation-to-brand-needs-\"><strong>5. Hochgradig ma\u00dfgeschneiderter Service: Flexible Anpassung an die Bed\u00fcrfnisse der Marke<\/strong><\/h2>\n<ol>\n<li><strong>Kundenspezifische Abmessungen<\/strong><\/li>\n<li><strong>Box-Typ<\/strong>: Unterst\u00fctzt speziell geformte obere und untere Abdeckungen, wie z.B. rund, sechseckig und buchf\u00f6rmig, um die Verpackungsanforderungen f\u00fcr spezielle Kleidung (wie Kleider und Anz\u00fcge) zu erf\u00fcllen.<\/li>\n<li><strong>Gr\u00f6\u00dfe<\/strong>: Der Innendurchmesser\/Au\u00dfendurchmesser ist genau auf die Gr\u00f6\u00dfe der Kleidungsst\u00fccke abgestimmt und eignet sich zum Auskleiden von Zubeh\u00f6r wie Kleiderb\u00fcgeln und Staubbeuteln.<\/li>\n<li><strong>Druckeffekt<\/strong>: Siebdruck, digitaler Tintenstrahldruck und andere Verfahren zur Erzielung individueller Effekte wie Farbverl\u00e4ufe und fluoreszierende Farben sind m\u00f6glich.<\/li>\n<li><strong>Vorteile der Quellenfabrik<\/strong><\/li>\n<li><strong>Eigene Produktionslinie<\/strong>: Da wir den gesamten Prozess von Entwurf, Korrektur und Massenproduktion abdecken, k\u00f6nnen kundenspezifische Auftr\u00e4ge innerhalb von 7 Tagen geliefert werden.<\/li>\n<li><strong>Kostenkontrolle<\/strong>: Gro\u00df angelegte Beschaffung und automatisierte Produktion, der Preis ist 15%-20% niedriger als bei \u00e4hnlichen Produkten auf dem Markt.<\/li>\n<\/ol>\n<h2 id=\"-vi-application-scenarios-and-customer-value-\"><strong>6. Anwendungsszenarien und Kundennutzen<\/strong><\/h2>\n<ol>\n<li><strong>Anwendbare Felder<\/strong>\u00a0Luxuskleidung, hochwertige Ma\u00dfanz\u00fcge, Hochzeitskleider, Co-Branding-Kleidung in limitierter Auflage usw.<\/li>\n<li><strong>Steigerung des Markenwerts<\/strong><\/li>\n<li><strong>Unboxing-Zeremonie<\/strong>: Durch die Gestaltung von Magnetschnallen, B\u00e4ndern und anderen Details wird die hochwertige Wahrnehmung der Marke durch den Verbraucher verst\u00e4rkt.<\/li>\n<li><strong>Umweltimage<\/strong>: Um dem Trend zur nachhaltigen Mode gerecht zu werden, werden FSC-zertifiziertes Papier und abbaubare B\u00e4nder verwendet.<\/li>\n<\/ol>\n<h2 id=\"-cooperation-process-\"><strong>Prozess der Zusammenarbeit<\/strong><\/h2>\n<ol>\n<li><strong>Kommunikation nachfragen<\/strong>: Geben Sie die wichtigsten Informationen an, z. B. Bekleidungskategorien, Markenton, Budget usw.<\/li>\n<li><strong>Entwurfspr\u00fcfung<\/strong>: Bereitstellung von 3D-Renderings und physischen Musterkartons innerhalb von 3 Arbeitstagen.<\/li>\n<li><strong>Lieferung in Massenproduktion<\/strong>: Nach der Best\u00e4tigung des Musters wird die Massenproduktion abgeschlossen und die Logistik wird innerhalb von 7-14 Tagen organisiert.<\/li>\n<\/ol>","protected":false},"excerpt":{"rendered":"<ul>\n<li><strong>Gehobene \u00c4sthetik:<\/strong>\u00a0Monochromer Kontrast erh\u00f6ht die Markenwahrnehmung.<\/li>\n<li><strong>Umweltvertr\u00e4glich:<\/strong>\u00a0Recycelbare Materialien stehen im Einklang mit nachhaltigem Branding.<\/li>\n<li><strong>Kosteng\u00fcnstig:<\/strong>\u00a0Gro\u00dfhandelspreise f\u00fcr Gro\u00df-\/Einzelhandelspartnerschaften.<\/li>\n<li><strong>Schneller Umschlag:<\/strong> Ma\u00dfanfertigung und Branding in 7 bis 14 Tagen.<\/li>\n<li><strong>Vielseitig verwendbar:<\/strong>\u00a0Ideal f\u00fcr Bekleidungsgesch\u00e4fte, Hochzeiten oder Firmenveranstaltungen.<\/li>\n<\/ul>","protected":false},"featured_media":9027,"template":"","meta":[],"product_brand":[],"product_cat":[30,414,425,31],"product_tag":[1047,1048,477],"class_list":{"0":"post-9026","1":"product","2":"type-product","3":"status-publish","4":"has-post-thumbnail","6":"product_cat-by-industry","7":"product_cat-custom-apparel-boxes","8":"product_cat-lid-and-base-gift-box","9":"product_cat-paper-box-style","10":"product_tag-apparel-packaging-gift-boxe","11":"product_tag-custom-apparel-boxe-wholesale","12":"product_tag-custom-clothing-packaging","14":"first","15":"instock","16":"shipping-taxable","17":"product-type-simple"},"_links":{"self":[{"href":"https:\/\/zojopackaging.com\/de\/wp-json\/wp\/v2\/product\/9026","targetHints":{"allow":["GET"]}}],"collection":[{"href":"https:\/\/zojopackaging.com\/de\/wp-json\/wp\/v2\/product"}],"about":[{"href":"https:\/\/zojopackaging.com\/de\/wp-json\/wp\/v2\/types\/product"}],"version-history":[{"count":1,"href":"https:\/\/zojopackaging.com\/de\/wp-json\/wp\/v2\/product\/9026\/revisions"}],"predecessor-version":[{"id":9034,"href":"https:\/\/zojopackaging.com\/de\/wp-json\/wp\/v2\/product\/9026\/revisions\/9034"}],"wp:featuredmedia":[{"embeddable":true,"href":"https:\/\/zojopackaging.com\/de\/wp-json\/wp\/v2\/media\/9027"}],"wp:attachment":[{"href":"https:\/\/zojopackaging.com\/de\/wp-json\/wp\/v2\/media?parent=9026"}],"wp:term":[{"taxonomy":"product_brand","embeddable":true,"href":"https:\/\/zojopackaging.com\/de\/wp-json\/wp\/v2\/product_brand?post=9026"},{"taxonomy":"product_cat","embeddable":true,"href":"https:\/\/zojopackaging.com\/de\/wp-json\/wp\/v2\/product_cat?post=9026"},{"taxonomy":"product_tag","embeddable":true,"href":"https:\/\/zojopackaging.com\/de\/wp-json\/wp\/v2\/product_tag?post=9026"}],"curies":[{"name":"wp","href":"https:\/\/api.w.org\/{rel}","templated":true}]}}