{"id":9035,"date":"2025-03-31T22:08:47","date_gmt":"2025-03-31T14:08:47","guid":{"rendered":"https:\/\/zojopackaging.com\/?post_type=product&#038;p=9035"},"modified":"2025-03-31T22:26:27","modified_gmt":"2025-03-31T14:26:27","slug":"custom-luxury-highed-baby-skincare-packaging-gift-boxes-odm","status":"publish","type":"product","link":"https:\/\/zojopackaging.com\/de\/product\/custom-luxury-highed-baby-skincare-packaging-gift-boxes-odm\/","title":{"rendered":"Benutzerdefinierte Luxus Highed Baby Skincare Verpackung Geschenk-Boxen ODM"},"content":{"rendered":"<h2 id=\"-core-parameters-of-product-design-\"><strong>Kernparameter der Produktgestaltung<\/strong><\/h2>\n<ol>\n<li><strong>Art und Aufbau der Box<\/strong><\/li>\n<li><strong>Oberer und unterer Kastentyp<\/strong>: Es nimmt eine integrierte Struktur der oberen und unteren Deckel, die bequem zu \u00f6ffnen und zu schlie\u00dfen ist und hat eine starke Abdichtung, die im Einklang mit der Positionierung der High-End-Geschenk-Boxen ist. Die innere Box und der \u00e4u\u00dfere Deckel sind nahtlos durch Pr\u00e4zisionsstanztechnik, mit einem hohen Grad der Modellierung, geeignet f\u00fcr die Massenproduktion und schnelle Lieferung abgestimmt.<\/li>\n<li><strong>Anpassung des Innenfutters<\/strong>: Die EVA-Auskleidung kann individuell angepasst werden, und die Form kann entsprechend der Produktgr\u00f6\u00dfe genau ge\u00f6ffnet werden, um eine stabile Fixierung des Produkts zu erreichen, das Risiko von Transportvibrationen zu verringern und die Raumnutzung zu optimieren, um eine \u00fcberm\u00e4\u00dfige Verpackung zu vermeiden.<\/li>\n<li><strong>Material- und Umweltschutz<\/strong><\/li>\n<li><strong>Zweischichtiger Verbundwerkstoff<\/strong>: Die \u00e4u\u00dfere Schicht besteht aus 157g C2S gestrichenem Kunstdruckpapier (Doppelkupferpapier) mit hoher Farbwiedergabe und zartem Griff; die innere Schicht besteht aus 1200g fester Pappe (Karton), die eine hohe Tragf\u00e4higkeit und ausgezeichnete Druckbest\u00e4ndigkeit aufweist.<\/li>\n<li><strong>Nachhaltige Zertifizierung<\/strong>: Das Material entspricht den FSC-Umweltschutzstandards und ist recycelbar und abbaubar, was den doppelten Anforderungen an Sicherheit und Umweltschutz in der Mutter-Kind-Industrie entspricht.<\/li>\n<li><strong>Handwerkliches K\u00f6nnen und visuelle Pr\u00e4sentation<\/strong><\/li>\n<li><strong>Hei\u00dfpr\u00e4gen<\/strong>: Die Metallfolie wird durch ein Hochtemperatur-Hei\u00dfpressverfahren auf die Oberfl\u00e4che der Schachtel \u00fcbertragen, um einen luxuri\u00f6sen Metallglanz zu erzeugen. Sie kann mit mehrfarbigen Effekten wie Gold, Ros\u00e9gold und Laser versehen werden, um den Wiedererkennungswert der Marke zu erh\u00f6hen.<\/li>\n<li><strong>\u00dcberlagerung von Oberfl\u00e4chenprozessen<\/strong>: Unterst\u00fctzt partielle UV-Bestrahlung (hochgl\u00e4nzend\/matt), Pr\u00e4gung (gepr\u00e4gte Textur), Siebdruck und andere Verfahrenskombinationen, z. B. Markenlogopr\u00e4gung + Hei\u00dfpr\u00e4gung oder \u00dcberlappung von UV-Mustern und Hei\u00dfpr\u00e4gung zur Verbesserung der dreidimensionalen Optik.<\/li>\n<li><strong>Hochgradig ma\u00dfgeschneiderter Service<\/strong><\/li>\n<li><strong>Volldimensionale Anpassung<\/strong>: Von der Gr\u00f6\u00dfe der Schachtel (unterst\u00fctzt den Zuschnitt von Sonderformen) \u00fcber das Farbschema (Anpassung an die Pantone-Farbnummer) und das Material (Auswahl von mattem\/gl\u00e4nzendem Papier) bis hin zur Kombination von Oberfl\u00e4chenverfahren kann sie flexibel an die Bed\u00fcrfnisse der Marke angepasst werden.<\/li>\n<li><strong>Anpassung des Designstils<\/strong>: Es kann Elemente wie den chinesischen Stil, einfache nordische Elemente und Cartoon IP enthalten, wie z. B. orientalische Muster durch Hei\u00dfpr\u00e4gelinien oder eine Kombination von Pr\u00e4getechniken, um ein niedliches IP-Bild zu pr\u00e4sentieren.<\/li>\n<li><strong>Vorteile der Quellenfabrik<\/strong><\/li>\n<li><strong>Integration der Lieferkette<\/strong>: Chinas lokale Fabrik f\u00fcr die Verpackung von Hautpflegeprodukten f\u00fcr Babys, die einen Service aus einer Hand bietet, vom Design \u00fcber die Pr\u00fcfung bis hin zur Massenproduktion, der den Lieferzyklus verk\u00fcrzt und die Kosten im Vergleich zu importierten Verpackungen um 30%-50% reduziert.<\/li>\n<li><strong>Garantie der Qualit\u00e4tskontrolle<\/strong>: Zertifizierung des Qualit\u00e4tsmanagementsystems nach ISO 9001, strenge Kontrolle der Schl\u00fcsselindikatoren wie Faltfestigkeit des Kartons und Haftung der Hei\u00dfpr\u00e4gung, um sicherzustellen, dass das fertige Produkt die Sicherheitsstandards f\u00fcr Babyprodukte (wie GB 31701) erf\u00fcllt.<\/li>\n<\/ol>\n<h2 id=\"-summary-of-advantages-\"><strong>Zusammenfassung der Vorteile<\/strong><\/h2>\n<ol>\n<li><strong>Ultimative Anpassungsf\u00e4higkeit<\/strong><\/li>\n<li>Von der Schachtelstruktur bis hin zur Oberfl\u00e4chentechnologie bietet es ma\u00dfgeschneiderte L\u00f6sungen zur Unterst\u00fctzung der Designanforderungen f\u00fcr die Markendifferenzierung. Zum Beispiel k\u00f6nnen Hei\u00dfpr\u00e4gung und Pr\u00e4getechnik kombiniert werden, um ein \"taktiles + visuelles\" Erlebnis zu schaffen, oder EVA-Futterf\u00e4cher k\u00f6nnen verwendet werden, um Kombinationsverpackungen f\u00fcr mehrere Produktkategorien zu schaffen.<\/li>\n<li><strong>Luxuri\u00f6se Handwerkskunst und Umweltvertr\u00e4glichkeit<\/strong><\/li>\n<li>Das Hei\u00dfpr\u00e4geverfahren wird eingesetzt, um die Qualit\u00e4t der Geschenkschachtel zu verbessern, w\u00e4hrend umweltfreundliche Materialien auf Papierbasis verwendet werden, die dem Trend zu nachhaltigen Verpackungen auf dem globalen Markt f\u00fcr M\u00fctter und Kleinkinder entsprechen (z. B. EU-ReACH-Verordnung).<\/li>\n<li><strong>Das optimale Gleichgewicht zwischen Kosten und Qualit\u00e4t<\/strong><\/li>\n<li>Durch die Nutzung der Vorteile der chinesischen Produktionskette erzielt das Modell der Direktbelieferung durch die Ursprungsfabrik eine hohe Kostenleistung und gew\u00e4hrleistet, dass der St\u00fcckpreis bei Gro\u00dfbestellungen 15%-20% niedriger ist als der Branchendurchschnitt und die Qualit\u00e4t mit internationalen Spitzenmarken vergleichbar ist.<\/li>\n<\/ol>\n<hr \/>\n<p><strong>Anwendbare Szenarien<\/strong>: Geschenkboxen f\u00fcr hochwertige Babyhautpflege (z. B. Creme + Massage\u00f6l), limitierte Urlaubsausgaben, gemeinsame IP-Serien usw., um Marken dabei zu helfen, den Markt f\u00fcr Luxuspflege f\u00fcr M\u00fctter und Kleinkinder zu erobern.\u00a0<strong>Prozess der Zusammenarbeit<\/strong>Bedarfskommunikation \u2192 3D-Strukturentwurf \u2192 Prozesspr\u00fcfung \u2192 Lieferung der Massenproduktion (der gesamte Prozess kann in h\u00f6chstens 15 Arbeitstagen abgeschlossen werden).<\/p>","protected":false},"excerpt":{"rendered":"<p>\ud83d\udee1\ufe0f Umweltfreundlich und sicher - FSC-zertifiziertes Papier und lebensmittelechtes Futter sorgen f\u00fcr Kindersicherheit.<br \/>\n\ud83d\udce6 Langlebiges Design - Die verst\u00e4rkte Struktur sch\u00fctzt empfindliche Hautpflegeprodukte w\u00e4hrend des Transports.<br \/>\n\ud83c\udf0d Globale Konformit\u00e4t - Erf\u00fcllt die EU\/US-Sicherheitsstandards f\u00fcr problemlosen Export.<br \/>\n\u26a1 Schneller schl\u00fcsselfertiger Service - Niedrige Mindestbestellmenge und skalierbare Produktion f\u00fcr Start-ups und etablierte Marken.<\/p>","protected":false},"featured_media":9036,"template":"","meta":[],"product_brand":[],"product_cat":[30,390,425,31],"product_tag":[1049,1050,1051],"class_list":{"0":"post-9035","1":"product","2":"type-product","3":"status-publish","4":"has-post-thumbnail","6":"product_cat-by-industry","7":"product_cat-custom-cosmetics-boxes","8":"product_cat-lid-and-base-gift-box","9":"product_cat-paper-box-style","10":"product_tag-baby-skincare-packaging","11":"product_tag-custom-skincare-gift-boxes","12":"product_tag-skincare-packaging","14":"first","15":"instock","16":"shipping-taxable","17":"product-type-simple"},"_links":{"self":[{"href":"https:\/\/zojopackaging.com\/de\/wp-json\/wp\/v2\/product\/9035","targetHints":{"allow":["GET"]}}],"collection":[{"href":"https:\/\/zojopackaging.com\/de\/wp-json\/wp\/v2\/product"}],"about":[{"href":"https:\/\/zojopackaging.com\/de\/wp-json\/wp\/v2\/types\/product"}],"version-history":[{"count":1,"href":"https:\/\/zojopackaging.com\/de\/wp-json\/wp\/v2\/product\/9035\/revisions"}],"predecessor-version":[{"id":9042,"href":"https:\/\/zojopackaging.com\/de\/wp-json\/wp\/v2\/product\/9035\/revisions\/9042"}],"wp:featuredmedia":[{"embeddable":true,"href":"https:\/\/zojopackaging.com\/de\/wp-json\/wp\/v2\/media\/9036"}],"wp:attachment":[{"href":"https:\/\/zojopackaging.com\/de\/wp-json\/wp\/v2\/media?parent=9035"}],"wp:term":[{"taxonomy":"product_brand","embeddable":true,"href":"https:\/\/zojopackaging.com\/de\/wp-json\/wp\/v2\/product_brand?post=9035"},{"taxonomy":"product_cat","embeddable":true,"href":"https:\/\/zojopackaging.com\/de\/wp-json\/wp\/v2\/product_cat?post=9035"},{"taxonomy":"product_tag","embeddable":true,"href":"https:\/\/zojopackaging.com\/de\/wp-json\/wp\/v2\/product_tag?post=9035"}],"curies":[{"name":"wp","href":"https:\/\/api.w.org\/{rel}","templated":true}]}}