{"id":9043,"date":"2025-04-01T09:21:15","date_gmt":"2025-04-01T01:21:15","guid":{"rendered":"https:\/\/zojopackaging.com\/?post_type=product&#038;p=9043"},"modified":"2025-04-01T09:39:10","modified_gmt":"2025-04-01T01:39:10","slug":"luxury-cardbox-vip-credit-business-card-packaging-gift-box","status":"publish","type":"product","link":"https:\/\/zojopackaging.com\/de\/product\/luxury-cardbox-vip-credit-business-card-packaging-gift-box\/","title":{"rendered":"Luxus Cardbox Vip Credit Visitenkarte Verpackung Geschenkbox"},"content":{"rendered":"<h2 id=\"-luxury-card-box-vip-credit-card-business-card-packaging-gift-box-product-description-\"><strong>Luxus-Kartenbox VIP-Kreditkarte Visitenkarte Verpackung Geschenkbox\u00a0<\/strong><\/h2>\n<h2 id=\"-product-design-highlights-\"><strong>Highlights der Produktgestaltung<\/strong><\/h2>\n<ol>\n<li><strong>Magnetisch eingebetteter Geh\u00e4usek\u00f6rper<\/strong>\u00a0Versteckte Magnetkonstruktion zur Vermeidung von Verschlei\u00df durch freiliegende Magnete, pr\u00e4zise Adsorption beim Schlie\u00dfen, reibungsloses \u00d6ffnen und Schlie\u00dfen. Die gesamte Box hat kein zus\u00e4tzliches Hardware-Zubeh\u00f6r, und die minimalistischen Linien unterstreichen die moderne \u00c4sthetik und konzentrieren sich visuell auf die edlen Eigenschaften der Karte.<\/li>\n<li><strong>Umweltfreundliches High-End-Material<\/strong>\u00a0Der Hauptteil der Box verwendet\u00a0<strong>157g C2S gestrichenes Kunstdruckpapier<\/strong>\u00a0(Doppelkupferpapier) mit\u00a0<strong>1200g Hartpappe<\/strong>\u00a0(hochgewichtige Hartpappe) unter Ber\u00fccksichtigung von Umweltschutz und Haltbarkeit. Das Papier hat die FSC-Waldzertifizierung bestanden und kann vollst\u00e4ndig recycelt und abgebaut werden, was dem weltweiten Trend zu umweltfreundlichen Verpackungen entspricht.<\/li>\n<li><strong>Schwarzer, matter Untergrund + goldene Hei\u00dfpr\u00e4gefolie<\/strong> Das Geh\u00e4use ist in tiefem, mattem Schwarz gehalten, das dezenten Luxus symbolisiert, und die Oberfl\u00e4che ist mit Gold \u00fcberzogen.<strong>\u00a0Hei\u00dfpr\u00e4gen<\/strong> Folie (z. B. LOGO oder Muster), die durch Hochtemperaturpr\u00e4gung von Metallfolie einen dreidimensionalen Licht- und Schatteneffekt erzeugt, mit zarter Ber\u00fchrung und reichhaltigen visuellen Ebenen, die die hochwertige Tonalit\u00e4t der Marke verst\u00e4rken.<\/li>\n<li><strong>Volldimensionaler Anpassungsservice<\/strong><\/li>\n<li><strong>Art und Gr\u00f6\u00dfe der Box<\/strong>: Unterst\u00fctzt 16 verschiedene Schachtelarten wie Deckel und Boden, Schubladen und buchf\u00f6rmige Schachteln, die den verschiedenen Spezifikationen wie Kreditkarten und Visitenkarten genau entsprechen.<\/li>\n<li><strong>Farbe und Material<\/strong>: Pantone-Farbanpassung, optional mattes\/gl\u00e4nzendes Schwarz, Gold- und Silberkarton oder Spezialpapier, um den Anforderungen eines differenzierten Markenimages gerecht zu werden.<\/li>\n<li><strong>Oberfl\u00e4chentechnik<\/strong>: Zus\u00e4tzlich zum Hei\u00dfpr\u00e4gen\/Silber k\u00f6nnen lokale UV-, Pr\u00e4ge-, Laser- und andere Effekte \u00fcberlagert werden, um die Wiedererkennung der Verpackung zu verbessern.<\/li>\n<li><strong>EVA-Futter ist genau angepasst<\/strong>\u00a0Ma\u00dfgeschneidert je nach Kartengr\u00f6\u00dfe\u00a0<strong>Hochdichtes EVA-Futter<\/strong>Mit einer Dicke und Rillengenauigkeit von \u00b10,1 mm bietet es einen sto\u00dffesten Pufferschutz und optimiert gleichzeitig die Raumausnutzung. Die Auskleidung ist herausnehmbar und austauschbar und kann an mehrere Kartensteckpl\u00e4tze oder kombinierte Speicherszenarien angepasst werden.<\/li>\n<\/ol>","protected":false},"excerpt":{"rendered":"<p><strong>\"Vollst\u00e4ndig verlinkte High-End-Anpassungsf\u00e4higkeit\"<\/strong>: Vom Design der Verpackung \u00fcber die Auswahl umweltfreundlicher Materialien bis hin zum Hei\u00dfpr\u00e4geverfahren und der Anpassung der EVA-Auskleidung wird alles von der Ausgangsfabrik (z. B. High-End-Anpassungshersteller in Dongguan, Shenzhen usw.) durchgef\u00fchrt, wodurch eine nahtlose Verbindung von \"Design-Proofing-Massenproduktion\" erreicht wird. Die Fabrik ist mit deutscher CNC-Ausr\u00fcstung (wie z.B. der Homag-Produktionslinie) ausgestattet, die eine flexible Kleinserienproduktion unterst\u00fctzt und gleichzeitig Luxusqualit\u00e4t gew\u00e4hrleistet. Die Kosten sind 30% niedriger als beim traditionellen OEM-Modell.<\/p>","protected":false},"featured_media":9047,"template":"","meta":[],"product_brand":[],"product_cat":[30,413,424,31],"product_tag":[1053,1054,1052],"class_list":{"0":"post-9043","1":"product","2":"type-product","3":"status-publish","4":"has-post-thumbnail","6":"product_cat-by-industry","7":"product_cat-consumer-electronics-boxes","8":"product_cat-magnetic-closure-boxes","9":"product_cat-paper-box-style","10":"product_tag-credit-business-packaging-box","11":"product_tag-vip-card-gift-box","12":"product_tag-vip-credit-gift-box","14":"first","15":"instock","16":"shipping-taxable","17":"product-type-simple"},"_links":{"self":[{"href":"https:\/\/zojopackaging.com\/de\/wp-json\/wp\/v2\/product\/9043","targetHints":{"allow":["GET"]}}],"collection":[{"href":"https:\/\/zojopackaging.com\/de\/wp-json\/wp\/v2\/product"}],"about":[{"href":"https:\/\/zojopackaging.com\/de\/wp-json\/wp\/v2\/types\/product"}],"version-history":[{"count":1,"href":"https:\/\/zojopackaging.com\/de\/wp-json\/wp\/v2\/product\/9043\/revisions"}],"predecessor-version":[{"id":9050,"href":"https:\/\/zojopackaging.com\/de\/wp-json\/wp\/v2\/product\/9043\/revisions\/9050"}],"wp:featuredmedia":[{"embeddable":true,"href":"https:\/\/zojopackaging.com\/de\/wp-json\/wp\/v2\/media\/9047"}],"wp:attachment":[{"href":"https:\/\/zojopackaging.com\/de\/wp-json\/wp\/v2\/media?parent=9043"}],"wp:term":[{"taxonomy":"product_brand","embeddable":true,"href":"https:\/\/zojopackaging.com\/de\/wp-json\/wp\/v2\/product_brand?post=9043"},{"taxonomy":"product_cat","embeddable":true,"href":"https:\/\/zojopackaging.com\/de\/wp-json\/wp\/v2\/product_cat?post=9043"},{"taxonomy":"product_tag","embeddable":true,"href":"https:\/\/zojopackaging.com\/de\/wp-json\/wp\/v2\/product_tag?post=9043"}],"curies":[{"name":"wp","href":"https:\/\/api.w.org\/{rel}","templated":true}]}}