{"id":9051,"date":"2025-04-01T09:39:24","date_gmt":"2025-04-01T01:39:24","guid":{"rendered":"https:\/\/zojopackaging.com\/?post_type=product&#038;p=9051"},"modified":"2025-04-01T09:56:44","modified_gmt":"2025-04-01T01:56:44","slug":"oem-odm-order-custom-press-on-nail-packaging-boxes-in-bulk","status":"publish","type":"product","link":"https:\/\/zojopackaging.com\/de\/product\/oem-odm-order-custom-press-on-nail-packaging-boxes-in-bulk\/","title":{"rendered":"OEM ODM Bestellung kundenspezifischer Press-on-Nail-Verpackungsboxen in Bulk"},"content":{"rendered":"<h2 id=\"oem-odm-customized-press-on-nail-packaging-box-product-description\">OEM ODM Ma\u00dfgeschneiderte Pressnagel-Verpackungsbox<\/h2>\n<h2 id=\"-1-innovative-box-design-double-sided-magnetic-box-\"><strong>1. Innovatives Box-Design: Doppelseitige magnetische Box<\/strong><\/h2>\n<p>annehmen.\u00a0<strong>pr\u00e4zise magnetische \u00d6ffnungs- und Schlie\u00dftechnik<\/strong>\u00a0um eine nahtlose Adsorption zwischen dem Boxendeckel und dem Boxk\u00f6rper zu gew\u00e4hrleisten, ein reibungsloses \u00d6ffnen und Schlie\u00dfen ohne Verklemmen zu erm\u00f6glichen und die Benutzerfreundlichkeit zu verbessern. Das einzigartige doppelseitige Magnetbox-Design kombiniert\u00a0<strong>visuelle Wirkung und Funktionalit\u00e4t<\/strong>Dies kann den Wiedererkennungswert der Marke erh\u00f6hen und eignet sich f\u00fcr hochwertige Nagelmarken oder Produkte in limitierter Auflage.<\/p>\n<h2 id=\"-2-minimalist-white-box-body-\"><strong>2. Minimalistische White Box Karosserie<\/strong><\/h2>\n<p>Der Kofferaufbau verwendet\u00a0<strong>reinwei\u00dfes Substrat<\/strong>\u00a0um die Klarheit und Farbs\u00e4ttigung des gedruckten Inhalts zu maximieren, was sich besonders f\u00fcr die Darstellung von Markenlogos, k\u00fcnstlerischen Mustern oder Produktinformationen eignet und f\u00fcr den Verbraucher eine \"Attraktion auf den ersten Blick\" darstellt.<\/p>\n<h2 id=\"-3-environmentally-friendly-material-combination-\"><strong>3. Umweltfreundliche Materialkombination<\/strong><\/h2>\n<p>annehmen.\u00a0<strong>157g C2S gestrichenes Kunstdruckpapier + 1200g harter Karton<\/strong>wobei sowohl die Festigkeit als auch die Beschaffenheit ber\u00fccksichtigt werden. Die Oberfl\u00e4che des C2S-Papiers ist empfindlich und glatt und eignet sich f\u00fcr Pr\u00e4zisionsdrucke; der steife Karton bietet Druckfestigkeit und passt sich den\u00a0<strong>nachhaltiger Verpackungstrend<\/strong>\u00a0(recycelbar und abbaubar) und erf\u00fcllt die Umweltzertifizierungsanforderungen des europ\u00e4ischen und amerikanischen Marktes.<\/p>\n<h2 id=\"-4-luxury-hot-stamping-process-\"><strong>4. Luxuri\u00f6ses Hei\u00dfpr\u00e4geverfahren<\/strong><\/h2>\n<p>\u00dcber\u00a0<strong>kundenspezifisches Hei\u00dfpr\u00e4geverfahren<\/strong>\u00a0(optional Gold\/Silber\/Rosegold und andere Farben) wird der metallische Glanzeffekt in Schl\u00fcsselbereichen der Schachteloberfl\u00e4che (z. B. Markenlogo, Umrandung) erzielt, wodurch die\u00a0<strong>Hochwertige Textur und visuelles Niveau<\/strong>\u00a0der Verpackung, die sich f\u00fcr leichte Luxusnagelmarken oder Urlaubsgeschenkverpackungen eignet.<\/p>\n<h2 id=\"-5-flexible-customization-service-\"><strong>5. Flexibler Anpassungsservice<\/strong><\/h2>\n<ul>\n<li><strong>Entwicklung des Box-Typs<\/strong>: Unterst\u00fctzung spezieller Konstruktionen, wie z.B. speziell geformte Boxen und Schubladenboxen, und Entwicklung\u00a0<strong>patentierte Boxentypen<\/strong>\u00a0entsprechend den Bed\u00fcrfnissen der Marke, um die differenzierte Wettbewerbsf\u00e4higkeit zu verbessern.<\/li>\n<li><strong>EVA-Futter<\/strong>: Anpassen\u00a0<strong>pr\u00e4zise geschlitztes EVA-Futter<\/strong>\u00a0entsprechend der Gr\u00f6\u00dfe und Form von Aufstecknagelprodukten, um das Produkt zu fixieren und Transportverschlei\u00df zu verhindern, w\u00e4hrend gleichzeitig die Raumnutzung optimiert und die Kosten f\u00fcr das Verpackungsvolumen reduziert werden.<\/li>\n<li><strong>Vollst\u00e4ndige Anpassung der Parameter<\/strong>Gr\u00f6\u00dfe, Farbe, Material und Druckeffekt (z. B. lokaler UV-Lack, Pr\u00e4gung) k\u00f6nnen an die Bed\u00fcrfnisse der verschiedenen Produktlinien angepasst werden.<\/li>\n<\/ul>\n<h2 id=\"-6-advantages-of-the-source-factory-\"><strong>6. Vorteile der Quellenfabrik<\/strong><\/h2>\n<p>Als Ausgangsfabrik f\u00fcr hochwertige Verpackungsanfertigungen in China bietet sie\u00a0<strong>ODM\/OEM-Dienstleistungen aus einer Hand<\/strong>:<\/p>\n<ul>\n<li><strong>Preisliche Wettbewerbsf\u00e4higkeit<\/strong>: Eigene Produktionslinie und Beschaffung in gro\u00dfem Umfang zur Gew\u00e4hrleistung optimaler Kosten.<\/li>\n<li><strong>Sicherung der Qualit\u00e4t<\/strong>: Zertifizierung des Qualit\u00e4tsmanagementsystems nach ISO 9001 und strenge Qualit\u00e4tskontrolle.<\/li>\n<li><strong>Schnelles Proofing<\/strong>: Bereitstellung physischer Muster innerhalb von 3-5 Arbeitstagen, um den Produkteinf\u00fchrungszyklus zu verk\u00fcrzen.<\/li>\n<\/ul>\n<p>(Hinweis: Die oben beschriebene L\u00f6sung kann flexibel an Produkte wie Nagellack, tragbare N\u00e4gel, Nailart-Tools usw. angepasst werden, unterst\u00fctzt eine Mindestbestellmenge von 500 St\u00fcck und erf\u00fcllt die Anforderungen an eine Testproduktion in kleinen und mittleren Serien).<\/p>\n<p>Wenn Sie weitere Informationen \u00fcber die Kastenl\u00f6sung ben\u00f6tigen oder ein Angebot einholen m\u00f6chten, wenden Sie sich bitte an unser Designteam.<\/p>","protected":false},"excerpt":{"rendered":"<p><strong>\"Vollst\u00e4ndige Anpassungsf\u00e4higkeit vom Entwurf bis zur Lieferung\"<\/strong>: Dank der selbstentwickelten Datenbank und der flexiblen Produktionslinie k\u00f6nnen wir nicht nur die\u00a0<strong>hochpr\u00e4zise Magnetbox, umweltfreundliche Materialien, Hei\u00dfpr\u00e4geverfahren<\/strong>\u00a0und andere Grundbed\u00fcrfnisse, sondern auch eine Kombination aus Markenpositionierung und Markttrends, um die\u00a0<strong>patentierter Kastentyp und innovative Struktur<\/strong>\u00a0(z. B. magnetischer Ansaugmechanismus, der wiederholt ge\u00f6ffnet und geschlossen werden kann, modulares Auskleidungssystem), um die Marken zu unterst\u00fctzen\u00a0<strong>visuelle Erinnerungspunkte und Barrieren f\u00fcr die Benutzererfahrung<\/strong> auf dem Markt f\u00fcr Nagelkunst<\/p>","protected":false},"featured_media":9060,"template":"","meta":[],"product_brand":[],"product_cat":[30,413,428,31],"product_tag":[1056,1057,1055],"class_list":{"0":"post-9051","1":"product","2":"type-product","3":"status-publish","4":"has-post-thumbnail","6":"product_cat-by-industry","7":"product_cat-consumer-electronics-boxes","8":"product_cat-irregular-shaped-gift-boxes","9":"product_cat-paper-box-style","10":"product_tag-custom-press-on-nail-packaging","11":"product_tag-oem-odm-press-on-nail-boxes","12":"product_tag-press-on-nail-packaging-boxes","14":"first","15":"instock","16":"shipping-taxable","17":"product-type-simple"},"_links":{"self":[{"href":"https:\/\/zojopackaging.com\/de\/wp-json\/wp\/v2\/product\/9051","targetHints":{"allow":["GET"]}}],"collection":[{"href":"https:\/\/zojopackaging.com\/de\/wp-json\/wp\/v2\/product"}],"about":[{"href":"https:\/\/zojopackaging.com\/de\/wp-json\/wp\/v2\/types\/product"}],"version-history":[{"count":1,"href":"https:\/\/zojopackaging.com\/de\/wp-json\/wp\/v2\/product\/9051\/revisions"}],"predecessor-version":[{"id":9063,"href":"https:\/\/zojopackaging.com\/de\/wp-json\/wp\/v2\/product\/9051\/revisions\/9063"}],"wp:featuredmedia":[{"embeddable":true,"href":"https:\/\/zojopackaging.com\/de\/wp-json\/wp\/v2\/media\/9060"}],"wp:attachment":[{"href":"https:\/\/zojopackaging.com\/de\/wp-json\/wp\/v2\/media?parent=9051"}],"wp:term":[{"taxonomy":"product_brand","embeddable":true,"href":"https:\/\/zojopackaging.com\/de\/wp-json\/wp\/v2\/product_brand?post=9051"},{"taxonomy":"product_cat","embeddable":true,"href":"https:\/\/zojopackaging.com\/de\/wp-json\/wp\/v2\/product_cat?post=9051"},{"taxonomy":"product_tag","embeddable":true,"href":"https:\/\/zojopackaging.com\/de\/wp-json\/wp\/v2\/product_tag?post=9051"}],"curies":[{"name":"wp","href":"https:\/\/api.w.org\/{rel}","templated":true}]}}