{"id":9064,"date":"2025-04-01T09:57:02","date_gmt":"2025-04-01T01:57:02","guid":{"rendered":"https:\/\/zojopackaging.com\/?post_type=product&#038;p=9064"},"modified":"2025-04-01T10:13:42","modified_gmt":"2025-04-01T02:13:42","slug":"custom-luxury-perfume-packaging-gift-box-wholesale-supplier","status":"publish","type":"product","link":"https:\/\/zojopackaging.com\/de\/product\/custom-luxury-perfume-packaging-gift-box-wholesale-supplier\/","title":{"rendered":"Benutzerdefinierte Luxus-Parf\u00fcm-Verpackung Geschenk-Box Gro\u00dfhandel Lieferant"},"content":{"rendered":"<h2 id=\"customized-luxury-perfume-packaging-gift-box-wholesale-supplier-product-description\">Kundenspezifische Luxus-Parf\u00fcm-Verpackung Geschenk-Box Gro\u00dfhandel Lieferant Produkt-Beschreibung<\/h2>\n<p>Als f\u00fchrende Fabrik f\u00fcr kundenspezifische High-End-Verpackungen in China konzentrieren wir uns auf die Versorgung von Parf\u00fcmmarken mit\u00a0<strong>Flip-Top-Luxusverpackung Geschenkboxen<\/strong>\u00a0die sowohl \u00e4sthetisch als auch praktisch sind und die vielf\u00e4ltigen Bed\u00fcrfnisse der Marke nach Luxus, Funktionalit\u00e4t und Produktionseffizienz erf\u00fcllen. Im Folgenden sind die wichtigsten Highlights des Produkts aufgef\u00fchrt:<\/p>\n<h2 id=\"1-one-handed-opening-and-closing-flip-design-efficient-and-convenient-\">1.\u00a0<strong>Einh\u00e4ndig zu \u00f6ffnen und zu schlie\u00dfen, effizient und bequem<\/strong><\/h2>\n<p>Die innovative Flip-Box-Struktur mit Pr\u00e4zisionsscharnieren und ergonomischem Rillendesign erm\u00f6glicht es dem Benutzer, die Box mit nur einer Hand zu \u00f6ffnen und zu schlie\u00dfen. Ein taktiles Feedback (z. B. ein knackiges Ger\u00e4usch) sorgt f\u00fcr eine intuitive und zuverl\u00e4ssige Bedienung, wenn der Deckel der Box geschlossen wird. Der Innenraum ist mit einer ma\u00dfgeschneiderten EVA-Auskleidung versehen, um den Parf\u00fcmflaschenk\u00f6rper zu fixieren. Nach dem \u00d6ffnen des Deckels kann dieser direkt entnommen werden, was m\u00fchsame Schritte vermeidet und sich an schnelllebige Konsumszenarien anpasst.<\/p>\n<h2 id=\"2-pure-black-background-color-enhanced-visual-clarity-\">2.\u00a0<strong>Rein schwarze Hintergrundfarbe, verbesserte visuelle Klarheit<\/strong><\/h2>\n<p>F\u00fcr den Hauptteil der Geschenkbox wird ein hochreines schwarzes Substrat verwendet (z. B. 157g Doppelkupferpapier, Graupappe oder Spezialkarton), und der Kontrast wird durch eine matte\/gl\u00e4nzende Behandlung verst\u00e4rkt. Der schwarze Hintergrund kann die Details des Hei\u00dfpr\u00e4getextes, des Markenlogos oder des gepr\u00e4gten Musters maximieren und eignet sich besonders f\u00fcr die Darstellung komplexer Kunstdesigns oder hochpr\u00e4ziser Markeninformationen. Zum Beispiel kann die Kombination von Schwarz und Gold die visuelle Wirkung um 40% erh\u00f6hen, was die Aufmerksamkeit der Verbraucher im Regal leichter auf sich zieht.<\/p>\n<h2 id=\"3-hot-stamping-technology-luxurious-texture-upgrade-\">3. Gold h<strong>ot Pr\u00e4gefolientechnologie, luxuri\u00f6se Texturaufwertung<\/strong><\/h2>\n<p>Bei der 3D-Hei\u00dfpr\u00e4gefolientechnologie wird die Metallfolie durch hohe Temperatur und hohen Druck pr\u00e4zise auf die Oberfl\u00e4che der Schachtel \u00fcbertragen, um eine dreidimensionale Textur zu bilden (z. B. Markenlogo, Blumenrelief). Der Kontrast zwischen dem Metallic-Glanz und dem schwarzen Hintergrund schafft einen <strong>\"Vergoldung der dunklen Nacht\"<\/strong>\u00a0Effekt, der zart, verschlei\u00dffest und kratzfest ist. Unterst\u00fctzt mehrfarbige Hei\u00dfpr\u00e4gung (Gold\/Silber\/Rosegold) und teilweises hohles Design, um die Bed\u00fcrfnisse einer differenzierten Markentonalit\u00e4t zu erf\u00fcllen.<\/p>\n<h2 id=\"4-spot-uv-ink-technology-to-improve-production-efficiency-\">4.\u00a0<strong>Spot-UV-Farbtechnologie zur Verbesserung der Produktionseffizienz<\/strong><\/h2>\n<p>Durch den Einsatz der lokalen UV-Glasurtechnologie wird die Tinte durch ultraviolette Strahlen schnell ausgeh\u00e4rtet, und die Trocknungszeit ist um 70% k\u00fcrzer als bei herk\u00f6mmlichen Verfahren. Diese Technologie unterst\u00fctzt die nahtlose Verbindung zwischen Endlosdruck und Nachbearbeitung (wie Hei\u00dfpr\u00e4gen und Pr\u00e4gen) mit einer t\u00e4glichen Produktionskapazit\u00e4t von bis zu 10.000 St\u00fcck, wodurch der Lieferzyklus erheblich verk\u00fcrzt wird. Gleichzeitig kann die UV-Lackierung den Glanz des Musters selektiv verst\u00e4rken (z. B. abwechselnd matt und gl\u00e4nzend) und so die Schichtung der Verpackung bereichern.<\/p>\n<h2 id=\"5-full-dimensional-customization-service-precise-adaptation-to-needs-\">5.\u00a0<strong>Volldimensionaler Individualisierungsservice, pr\u00e4zise Anpassung an den Bedarf<\/strong><\/h2>\n<ul>\n<li><strong>Flexible Gr\u00f6\u00dfe<\/strong>: Passen Sie den Innendurchmesser der Geschenkbox an die H\u00f6he und den Durchmesser des Parf\u00fcmflakons an, mit einer Fehlerkontrolle von \u00b11mm.<\/li>\n<li><strong>Optionale Materialien<\/strong>: Wir bieten bis zu 12 umweltfreundliche Materialien wie 157 Doppelkupferpapier, Graukarton, Spezialleder usw. an und unterst\u00fctzen den Druck mit Recyclingpapier und Sojatinte.<\/li>\n<li><strong>Funktionsoptimierung<\/strong>: Das EVA-Futter wird entsprechend der Flaschenform geformt, die D\u00e4mpfungsleistung wird um 50% verbessert, und die Raumausnutzung betr\u00e4gt 95%.<\/li>\n<li><strong>Oberfl\u00e4chentechnik<\/strong>: Mehr als 20 Effekte wie Hei\u00dfpr\u00e4gung, Pr\u00e4gung, Laser usw. sind optional und unterst\u00fctzen markenexklusive Musterdesigns.<\/li>\n<\/ul>\n<h2 id=\"6-advantages-of-the-source-factory-both-quality-and-cost-\">6.\u00a0<strong>Vorteile der Ursprungsfabrik, sowohl in Bezug auf Qualit\u00e4t als auch auf Kosten<\/strong><\/h2>\n<p>Als lokaler Hersteller hochwertiger Verpackungen in China integrieren wir die Ressourcen der Versorgungskette, setzen automatisierte Produktionslinien ein (Tagesproduktion von 1.000.000 St\u00fcck), verringern die Preisunterschiede zwischen den Zwischenh\u00e4ndlern und bieten unseren Kunden Gro\u00dfhandelsangebote an.\u00a0<strong>15%-20% niedriger als der Marktpreis<\/strong>. Gleichzeitig haben wir das ISO-Qualit\u00e4tszertifizierungssystem bestanden, um eine l\u00fcckenlose Qualit\u00e4tskontrolle vom Proofing (3 Tage Lieferzeit) bis zur Massenproduktion (7-15 Tage) zu gew\u00e4hrleisten.<\/p>","protected":false},"excerpt":{"rendered":"<p><strong>Modell \"Direktlieferung aus dem Ursprungswerk + vollst\u00e4ndige Anpassung\".<\/strong>: Als Hersteller von kundenspezifischen High-End-Verpackungen in China, haben wir\u00a0<strong>\"Hohe Kosten und schnelle Reaktion\"<\/strong>\u00a0doppelte Durchbr\u00fcche durch selbst errichtete Produktionsst\u00e4tten und integrierte Dienstleistungen (Design \u2192 Korrekturlesen \u2192 Produktion \u2192 Logistik). Die Kunden kommen in den Genuss einer nahtlosen Verbindung von der Kreativit\u00e4t bis zum fertigen Produkt. Gleichzeitig k\u00f6nnen sie sich auf eine gro\u00df angelegte Produktion verlassen, um die Kosten zu senken und sicherzustellen, dass jede Parf\u00fcm-Geschenkbox sowohl eine luxuri\u00f6se Beschaffenheit als auch eine Effizienz auf industriellem Niveau aufweist.<\/p>","protected":false},"featured_media":9065,"template":"","meta":[],"product_brand":[],"product_cat":[30,417,424,31],"product_tag":[498,342,1058],"class_list":{"0":"post-9064","1":"product","2":"type-product","3":"status-publish","4":"has-post-thumbnail","6":"product_cat-by-industry","7":"product_cat-custom-perfume-boxes-by-industry","8":"product_cat-magnetic-closure-boxes","9":"product_cat-paper-box-style","10":"product_tag-custom-perfume-packaging","11":"product_tag-perfume-gift-box","12":"product_tag-perfume-packaging","14":"first","15":"instock","16":"shipping-taxable","17":"product-type-simple"},"_links":{"self":[{"href":"https:\/\/zojopackaging.com\/de\/wp-json\/wp\/v2\/product\/9064","targetHints":{"allow":["GET"]}}],"collection":[{"href":"https:\/\/zojopackaging.com\/de\/wp-json\/wp\/v2\/product"}],"about":[{"href":"https:\/\/zojopackaging.com\/de\/wp-json\/wp\/v2\/types\/product"}],"version-history":[{"count":1,"href":"https:\/\/zojopackaging.com\/de\/wp-json\/wp\/v2\/product\/9064\/revisions"}],"predecessor-version":[{"id":9071,"href":"https:\/\/zojopackaging.com\/de\/wp-json\/wp\/v2\/product\/9064\/revisions\/9071"}],"wp:featuredmedia":[{"embeddable":true,"href":"https:\/\/zojopackaging.com\/de\/wp-json\/wp\/v2\/media\/9065"}],"wp:attachment":[{"href":"https:\/\/zojopackaging.com\/de\/wp-json\/wp\/v2\/media?parent=9064"}],"wp:term":[{"taxonomy":"product_brand","embeddable":true,"href":"https:\/\/zojopackaging.com\/de\/wp-json\/wp\/v2\/product_brand?post=9064"},{"taxonomy":"product_cat","embeddable":true,"href":"https:\/\/zojopackaging.com\/de\/wp-json\/wp\/v2\/product_cat?post=9064"},{"taxonomy":"product_tag","embeddable":true,"href":"https:\/\/zojopackaging.com\/de\/wp-json\/wp\/v2\/product_tag?post=9064"}],"curies":[{"name":"wp","href":"https:\/\/api.w.org\/{rel}","templated":true}]}}