{"id":9072,"date":"2025-04-01T10:14:11","date_gmt":"2025-04-01T02:14:11","guid":{"rendered":"https:\/\/zojopackaging.com\/?post_type=product&#038;p=9072"},"modified":"2025-04-01T10:24:16","modified_gmt":"2025-04-01T02:24:16","slug":"luxury-custom-cosmetic-skin-care-packaging-boxes-wholesale","status":"publish","type":"product","link":"https:\/\/zojopackaging.com\/de\/product\/luxury-custom-cosmetic-skin-care-packaging-boxes-wholesale\/","title":{"rendered":"Luxus Custom Cosmetic Skin Care Verpackung Boxen Gro\u00dfhandel"},"content":{"rendered":"<h2 id=\"-product-features-and-core-advantages-\"><strong>Produktmerkmale und Hauptvorteile<\/strong><\/h2>\n<ol>\n<li><strong>Zusammenklappbares, flaches Design, effizienter Transport und Kostenreduzierung<\/strong>\u00a0Die innovative Faltstruktur kann beim Versand auf 1\/5 des urspr\u00fcnglichen Volumens abgeflacht werden, wodurch der ben\u00f6tigte Transportraum und die Logistikkosten erheblich reduziert werden. \u00c4hnlich der Optimierungslogik von faltbaren Containern ist diese Verpackungsbox nach dem Falten f\u00fcr die Beladung von Standardpaletten geeignet, wodurch die Kosten f\u00fcr die R\u00fccksendung leerer Boxen reduziert und mehr als 20% an Transportkosten eingespart werden.<\/li>\n<li><strong>Magnetischer Verschluss, praktisch und lustig<\/strong>\u00a0Der Deckel hat eine eingebaute hochpr\u00e4zise magnetische Komponente, die sich sanft und fest \u00f6ffnen und schlie\u00dfen l\u00e4sst und den Benutzern ein \"rituelles\" Gef\u00fchl vermittelt. Nachdem zum Beispiel eine bestimmte **Kosmetikmarke die gleiche magnetische Geschenkbox eingef\u00fchrt hatte, berichteten die Kunden, dass sich der Komfort beim \u00d6ffnen um 50% erh\u00f6ht hat und die Wiederkaufsrate deutlich gestiegen ist.<\/li>\n<li><strong>Ganz in Schwarz gehaltenes Geh\u00e4use + Hei\u00dfpr\u00e4geverfahren, das eine luxuri\u00f6se \u00c4sthetik vermittelt<\/strong>\u00a0F\u00fcr den Schachtelk\u00f6rper wird mattschwarzer Spezialkarton oder PU-Leder verwendet, kombiniert mit einem Hei\u00dfpr\u00e4geverfahren in 24-kar\u00e4tigem Echtgold, das einen dezenten und luxuri\u00f6sen visuellen Eindruck vermittelt. Das Hei\u00dfpr\u00e4gelogo bricht den Glanz bei verschiedenen Lichteinfallswinkeln, st\u00e4rkt den Wiedererkennungswert der Marke und passt sich der Positionierung von High-End-Kosmetikprodukten an.<\/li>\n<li><strong>Hochgradig kundenorientierter Service, pr\u00e4zise Abstimmung auf den Produktbedarf<\/strong><\/li>\n<li><strong>Anpassung der Gr\u00f6\u00dfe<\/strong>: Unterst\u00fctzt eine 0,5-cm-Pr\u00e4zisionsanpassung, passt perfekt zu speziell geformten Produkten wie Nagellack zum Aufdr\u00fccken und gefriergetrocknetem Pulver und reduziert die Verschwendung von internem Verpackungsraum.<\/li>\n<li><strong>Material und Verfahren<\/strong>: Optional wei\u00dfer Karton, Gold- und Silberkarton, Spezialleder und andere Materialien, kombiniert mit UV-Druck, Pr\u00e4gung, Laser und anderen Verfahren, um den Anforderungen eines differenzierten Markenimages gerecht zu werden.<\/li>\n<li><strong>Farbe und Struktur<\/strong>: Bietet Pantone-Sonderfarbanpassung, unterst\u00fctzt mehrere Schachteltypen wie obere und untere Abdeckung, Schubladentyp, magnetische Klappabdeckung, usw., unter Ber\u00fccksichtigung von Funktionalit\u00e4t und Design.<\/li>\n<li><strong>Direkte Belieferung aus dem Ursprungswerk, doppelte Garantie f\u00fcr Qualit\u00e4t und Kosteneffizienz<\/strong>\u00a0Als High-End-Hersteller von kundenspezifischen Verpackungen in China verf\u00fcgt das Unternehmen \u00fcber 2.000 Quadratmeter standardisierte Fabrikgeb\u00e4ude und ein professionelles Team von 50 Mitarbeitern, das die Ressourcen der Lieferkette integriert, um eine extrem schnelle Lieferung von 15-20 Tagen vom Entwurf bis zur Massenproduktion zu erreichen. Durch die gro\u00df angelegte Produktion und das ausgefeilte Management ist der Preis 15%-30% niedriger als der Markt mit der gleichen Qualit\u00e4t.<\/li>\n<\/ol>","protected":false},"excerpt":{"rendered":"<p><strong>Doppelte Vorteile von \"faltbarem Design + direkte Lieferung von der Ursprungsfabrik\"<\/strong>: Durch den flachen Transport werden die Logistikkosten um 30% gesenkt, und durch die direkte Beschaffung von Rohstoffen im Werk und die Produktion in gro\u00dfem Ma\u00dfstab wird ein St\u00fcckpreis f\u00fcr Endverpackungsboxen erzielt, der unter dem Branchendurchschnitt liegt. Gleichzeitig sind die ISO-Standard-Qualit\u00e4tspr\u00fcfung und die 48-72-Stunden-Spot-Lieferf\u00e4higkeit garantiert, was den Kunden eine One-Stop-L\u00f6sung bietet\u00a0<strong>\"Kosteng\u00fcnstige Leistung ohne Qualit\u00e4tseinbu\u00dfen\"<\/strong>.<\/p>","protected":false},"featured_media":9076,"template":"","meta":[],"product_brand":[],"product_cat":[30,414,424,31],"product_tag":[1059,1061,1060],"class_list":{"0":"post-9072","1":"product","2":"type-product","3":"status-publish","4":"has-post-thumbnail","6":"product_cat-by-industry","7":"product_cat-custom-apparel-boxes","8":"product_cat-magnetic-closure-boxes","9":"product_cat-paper-box-style","10":"product_tag-cosmetic-packaging","11":"product_tag-custom-cosmetic-boxes-wholesale","12":"product_tag-skin-care-packaging-boxes","14":"first","15":"instock","16":"shipping-taxable","17":"product-type-simple"},"_links":{"self":[{"href":"https:\/\/zojopackaging.com\/de\/wp-json\/wp\/v2\/product\/9072","targetHints":{"allow":["GET"]}}],"collection":[{"href":"https:\/\/zojopackaging.com\/de\/wp-json\/wp\/v2\/product"}],"about":[{"href":"https:\/\/zojopackaging.com\/de\/wp-json\/wp\/v2\/types\/product"}],"version-history":[{"count":1,"href":"https:\/\/zojopackaging.com\/de\/wp-json\/wp\/v2\/product\/9072\/revisions"}],"predecessor-version":[{"id":9079,"href":"https:\/\/zojopackaging.com\/de\/wp-json\/wp\/v2\/product\/9072\/revisions\/9079"}],"wp:featuredmedia":[{"embeddable":true,"href":"https:\/\/zojopackaging.com\/de\/wp-json\/wp\/v2\/media\/9076"}],"wp:attachment":[{"href":"https:\/\/zojopackaging.com\/de\/wp-json\/wp\/v2\/media?parent=9072"}],"wp:term":[{"taxonomy":"product_brand","embeddable":true,"href":"https:\/\/zojopackaging.com\/de\/wp-json\/wp\/v2\/product_brand?post=9072"},{"taxonomy":"product_cat","embeddable":true,"href":"https:\/\/zojopackaging.com\/de\/wp-json\/wp\/v2\/product_cat?post=9072"},{"taxonomy":"product_tag","embeddable":true,"href":"https:\/\/zojopackaging.com\/de\/wp-json\/wp\/v2\/product_tag?post=9072"}],"curies":[{"name":"wp","href":"https:\/\/api.w.org\/{rel}","templated":true}]}}