{"id":9080,"date":"2025-04-01T10:24:32","date_gmt":"2025-04-01T02:24:32","guid":{"rendered":"https:\/\/zojopackaging.com\/?post_type=product&#038;p=9080"},"modified":"2025-04-01T10:36:15","modified_gmt":"2025-04-01T02:36:15","slug":"luxury-custom-logo-printed-apparel-clothing-packaging-box","status":"publish","type":"product","link":"https:\/\/zojopackaging.com\/de\/product\/luxury-custom-logo-printed-apparel-clothing-packaging-box\/","title":{"rendered":"Luxuri\u00f6se, mit individuellem Logo bedruckte Bekleidungs-Verpackungsbox"},"content":{"rendered":"<h2 id=\"1-foldable-flat-design-to-optimize-transportation-efficiency-\">1. Zusammenklappbar<strong>\u00a0flache Bauweise zur Optimierung der Transporteffizienz<\/strong><\/h2>\n<p>Durch die innovative Faltstruktur betr\u00e4gt die Dicke der leeren Schachtel nach dem Falten nur 25% der urspr\u00fcnglichen Gr\u00f6\u00dfe, was eine erhebliche Platzersparnis bei Lagerung und Transport bedeutet. Mit hochfestem 1200g Kartonmaterial gew\u00e4hrleistet sie Druck- und Sto\u00dffestigkeit w\u00e4hrend des Transports und reduziert die Bruchrate. Die flache Versandart kann die Logistikkosten um mehr als 40% reduzieren und eignet sich f\u00fcr verschiedene Transportszenarien wie See- und Lufttransport.<\/p>\n<h2 id=\"2-magnetic-flip-top-fun-opening-and-closing-\">2.\u00a0<strong>Boxen mit Magnetverschluss<\/strong><\/h2>\n<p>Der Deckel hat eine eingebaute starke Magnetvorrichtung (Magnetkraft von mehr als 5N), die sich leicht mit einer Hand \u00f6ffnen und schlie\u00dfen l\u00e4sst, begleitet von einem knackigen Adsorptionsger\u00e4usch, das das Gef\u00fchl des Rituals des Auspackens verst\u00e4rkt. Die magnetische Struktur ist versteckt, und die Oberfl\u00e4che ist mit 157g C2S-beschichtetem Papier bedeckt, das sich angenehm anf\u00fchlt und den Druckeffekt nicht beeintr\u00e4chtigt. Im Vergleich zu herk\u00f6mmlichen Schnappverpackungen kann das magnetische Design die Verluste beim wiederholten \u00d6ffnen und Schlie\u00dfen um 30% reduzieren.<\/p>\n<h2 id=\"3-full-dimensional-color-management-system-\">3.\u00a0<strong>Volldimensionales Farbmanagementsystem<\/strong><\/h2>\n<p>Wir bieten Pantone-Schmuckfarben, Vierfarbendruck und Metallgradientenverfahren und unterst\u00fctzen die Anpassung der Hauptfarben an den Markenton:<\/p>\n<ul>\n<li><strong>High-End-Markt<\/strong>: vergoldet\/perlwei\u00df\/obsidianschwarz, mit Hei\u00dfpr\u00e4gung\/UV-Pr\u00e4gung<\/li>\n<li><strong>Junger Trend<\/strong>: fluoreszierendes Orange\/elektrooptisches Blau, mit 3D-Stereodrucktechnik<\/li>\n<li><strong>Konzept zum Schutz der Umwelt<\/strong>: Original-Holzfarbe, bedruckt mit Sojatinte und gekennzeichnet mit dem FSC-Umweltzertifizierungslogo<\/li>\n<\/ul>\n<h2 id=\"4-aesthetic-details-strengthen-brand-recognition-\">4.\u00a0<strong>\u00c4sthetische Details st\u00e4rken den Wiedererkennungswert der Marke<\/strong><\/h2>\n<ul>\n<li><strong>Zubeh\u00f6r f\u00fcr Farbb\u00e4nder<\/strong>: wahlweise Seide, Schneegarn oder recyceltes Polyestermaterial, unterst\u00fctzt die Lasergravur von Markenlogos<\/li>\n<li><strong>Gestaltung der Auskleidung<\/strong>: 3mm EVA-Pufferschicht + Beflockungstuch, sch\u00fctzt die Kleidung ohne Falten, eingebettete Storycard der Marke<\/li>\n<li><strong>Oberfl\u00e4chenbehandlung<\/strong>: matte\/gl\u00e4nzende\/taktile Texturbeschichtung, Anti-Fingerprint und kratzfest<\/li>\n<\/ul>\n<h2 id=\"5-full-link-deep-customization-service-\">5.\u00a0<strong>Tiefer Anpassungsservice f\u00fcr alle Links<\/strong><\/h2>\n<ul>\n<li><strong>Box-Typ<\/strong>: Es gibt 12 verschiedene Boxen, darunter Deckel und Boden, buchf\u00f6rmige Boxen, Schubladenboxen usw., geeignet f\u00fcr verschiedene Kleidungsst\u00fccke wie Anz\u00fcge, Cheongsam, Sportkleidung usw.<\/li>\n<li><strong>Gr\u00f6\u00dfe<\/strong>: Unterst\u00fctzt die Gr\u00f6\u00dfenanpassung von 50\u00d730\u00d75cm bis 120\u00d780\u00d725cm, mit einer Abweichung von \u22640,5mm<\/li>\n<li><strong>Druckverfahren<\/strong>20 Effektkombinationen wie Kaltpr\u00e4gung, partieller UV-Druck, Siebdruck, holografischer Laserdruck usw.<\/li>\n<\/ul>\n<h2 id=\"vii-advantages-of-direct-supply-from-chinese-source-factories-\">6. <strong>Vorteile der Direktbelieferung durch chinesische Zulieferbetriebe<\/strong><\/h2>\n<ul>\n<li><strong>Kostenloses Proofing<\/strong>: Lieferung der physischen Muster innerhalb von 3-5 Arbeitstagen<\/li>\n<li><strong>0 Yuan Entwurf<\/strong>: Professionelles Team bietet VI-Integrationsl\u00f6sungen, KI erzeugt 3D-Renderings<\/li>\n<li><strong>Kostenvoranschlag f\u00fcr Leitern<\/strong>: Die Mindestbestellmenge betr\u00e4gt 500 St\u00fcck, und der St\u00fcckpreis ist 15%-20% niedriger als der durchschnittliche Marktpreis<\/li>\n<\/ul>","protected":false},"excerpt":{"rendered":"<p>Durch die Integration von magnetischem Interaktionsdesign, umweltfreundlichen Materialien und ma\u00dfgeschneiderten Full-Link-Services wird die Konversionsrate von Verpackungskartons verbessert und der Auspackvorgang f\u00fcr den Kunden zu einem wichtigen Touchpoint f\u00fcr die \u00dcbertragung des Markenwerts. Am Beispiel einer leichten Luxus-Damenbekleidungsmarke: Nach der Verwendung von ros\u00e9vergoldeten Magnetboxen und Seidenb\u00e4ndern stieg die Wiederkaufsrate um 19%, und die Anzahl der Unboxing-Videos in den sozialen Medien \u00fcberstieg 5 Millionen Mal.<\/p>","protected":false},"featured_media":9081,"template":"","meta":[],"product_brand":[],"product_cat":[30,414,424,31],"product_tag":[1063,1062,1064],"class_list":{"0":"post-9080","1":"product","2":"type-product","3":"status-publish","4":"has-post-thumbnail","6":"product_cat-by-industry","7":"product_cat-custom-apparel-boxes","8":"product_cat-magnetic-closure-boxes","9":"product_cat-paper-box-style","10":"product_tag-clothing-packaging-box","11":"product_tag-custom-apparel-box","12":"product_tag-luxury-clothing-box","14":"first","15":"instock","16":"shipping-taxable","17":"product-type-simple"},"_links":{"self":[{"href":"https:\/\/zojopackaging.com\/de\/wp-json\/wp\/v2\/product\/9080","targetHints":{"allow":["GET"]}}],"collection":[{"href":"https:\/\/zojopackaging.com\/de\/wp-json\/wp\/v2\/product"}],"about":[{"href":"https:\/\/zojopackaging.com\/de\/wp-json\/wp\/v2\/types\/product"}],"version-history":[{"count":1,"href":"https:\/\/zojopackaging.com\/de\/wp-json\/wp\/v2\/product\/9080\/revisions"}],"predecessor-version":[{"id":9086,"href":"https:\/\/zojopackaging.com\/de\/wp-json\/wp\/v2\/product\/9080\/revisions\/9086"}],"wp:featuredmedia":[{"embeddable":true,"href":"https:\/\/zojopackaging.com\/de\/wp-json\/wp\/v2\/media\/9081"}],"wp:attachment":[{"href":"https:\/\/zojopackaging.com\/de\/wp-json\/wp\/v2\/media?parent=9080"}],"wp:term":[{"taxonomy":"product_brand","embeddable":true,"href":"https:\/\/zojopackaging.com\/de\/wp-json\/wp\/v2\/product_brand?post=9080"},{"taxonomy":"product_cat","embeddable":true,"href":"https:\/\/zojopackaging.com\/de\/wp-json\/wp\/v2\/product_cat?post=9080"},{"taxonomy":"product_tag","embeddable":true,"href":"https:\/\/zojopackaging.com\/de\/wp-json\/wp\/v2\/product_tag?post=9080"}],"curies":[{"name":"wp","href":"https:\/\/api.w.org\/{rel}","templated":true}]}}