{"id":9087,"date":"2025-04-01T10:36:46","date_gmt":"2025-04-01T02:36:46","guid":{"rendered":"https:\/\/zojopackaging.com\/?post_type=product&#038;p=9087"},"modified":"2025-04-01T10:49:10","modified_gmt":"2025-04-01T02:49:10","slug":"custom-logo-cardboard-sex-bra-lingerie-bikini-packaging-box","status":"publish","type":"product","link":"https:\/\/zojopackaging.com\/de\/product\/custom-logo-cardboard-sex-bra-lingerie-bikini-packaging-box\/","title":{"rendered":"Benutzerdefinierte Logo Karton Sex BH Dessous Bikini Verpackung Box"},"content":{"rendered":"<h2 id=\"1-core-design-highlights\">1. Wesentliche Gestaltungsmerkmale<\/h2>\n<ol>\n<li><strong>Auszug zum bequemen \u00d6ffnen und Schlie\u00dfen<\/strong><\/li>\n<li>Bei der ausziehbaren Box m\u00fcssen die Benutzer nur den Boxenk\u00f6rper dr\u00fccken, um ihn zu \u00f6ffnen, was reibungslos und arbeitssparend ist und die Anzahl der Demontageschritte reduziert. Die interne Gleitschienenstruktur wurde genau angepasst, um ein reibungsloses \u00d6ffnen und Schlie\u00dfen ohne Verklemmungen zu gew\u00e4hrleisten. Gleichzeitig wird der Schachtelk\u00f6rper nach dem Schlie\u00dfen fest verschlossen, um das Produkt vor Quetschungen oder Verunreinigungen zu sch\u00fctzen.<\/li>\n<li><strong>Transparentes Fenster f\u00fcr intuitive Anzeige<\/strong><\/li>\n<li>Die Oberfl\u00e4che des Kartons ist mit einem hochfesten, transparenten Acrylfenster versehen, das den Stil, die Farbe und die Materialdetails der Unterw\u00e4sche in 360\u00b0 ohne toten Winkel anzeigen kann. Sie k\u00f6nnen die Produktqualit\u00e4t intuitiv f\u00fchlen, ohne auszupacken, was die Bedenken der Kunden beim Kauf verringert. Der Rand des Fensters ist mit einer Laserschneidetechnik versehen, um Grate zu vermeiden und den Gesamteindruck zu verbessern.<\/li>\n<li><strong>Farbband-Accessoires erh\u00f6hen den Wiedererkennungswert der Marke<\/strong><\/li>\n<li><strong>Rosa heilende \u00c4sthetik<\/strong><\/li>\n<li>Die Verwendung von Rosat\u00f6nen mit geringer S\u00e4ttigung (z. B. Kirschbl\u00fctenrosa, Korallenrosa) mit Farbverlauf oder partieller Hei\u00dfpr\u00e4gung\/Silberdekoration schafft eine romantische und weiche visuelle Atmosph\u00e4re, die den emotionalen Vorlieben der weiblichen Verbraucher entspricht. F\u00fcr das Innenfutter wird Samt oder umweltfreundliches Recyclingpapier in der gleichen Farbe verwendet, das sich zart anf\u00fchlt und umweltfreundlich und unbedenklich ist.<\/li>\n<\/ol>\n<h2 id=\"2-in-depth-customization-service\">2. Eingehende Anpassung der Dienstleistung<\/h2>\n<ol>\n<li><strong>Volldimensionale flexible Anpassung<\/strong><\/li>\n<li><strong>Art und Gr\u00f6\u00dfe der Box<\/strong>: Unterst\u00fctzt mehrere Strukturen wie Schubladen, buchf\u00f6rmige Boxen und obere und untere Abdeckung. Passen Sie das Futter Partition nach der Art der Unterw\u00e4sche (z. B. Soft-Cup-BH, Stahl Unterst\u00fctzung Bikini), genau auf die Produktgr\u00f6\u00dfe, und verbessern die Raumnutzung.<\/li>\n<li><strong>Material und Handwerkskunst<\/strong>: Wahlweise umweltfreundlicher wei\u00dfer Karton, Kunstdruckpapier oder Spezialpapier (z.B. Touchfolie, Perlglanzpapier), die Oberfl\u00e4che kann mit UV-Teilglanz, Pr\u00e4gung und anderen Verfahren zur Verbesserung der Textur versehen werden.<\/li>\n<li><strong>Druck und Markenelemente<\/strong>: Sie unterst\u00fctzen den Digitaldruck, den Siebdruck oder die Hei\u00dfpr\u00e4getechnik, pr\u00e4sentieren flexibel Markenlogos, Muster und Schriftz\u00fcge und sorgen f\u00fcr ein einheitliches Erscheinungsbild von Verpackung und Produkt.<\/li>\n<\/ol>\n<h2 id=\"3-one-stop-professional-guarantee\">3. Professionelle Garantie aus einer Hand<\/h2>\n<ol>\n<li><strong>16 Jahre Support ab Werk<\/strong><\/li>\n<li>Auf der Grundlage von 16 Jahren Branchenerfahrung bieten wir umfassende Dienstleistungen an, von der Optimierung des Designentwurfs \u00fcber die Korrekturbest\u00e4tigung bis hin zur Massenproduktion, wobei wir eine schnelle Korrektur innerhalb von 7 Tagen und eine effiziente Lieferung innerhalb von 30 Tagen gew\u00e4hrleisten. Die Fabrik ist mit einem intelligenten Tracking-System ausgestattet, um den Produktionsfortschritt in Echtzeit zu \u00fcberwachen und sicherzustellen, dass die P\u00fcnktlichkeitsrate der Bestellung 99% \u00fcbersteigt.<\/li>\n<\/ol>","protected":false},"excerpt":{"rendered":"<p><strong>Hochgradig ma\u00dfgeschneiderter Service aus einer Hand<\/strong>: Als Fabrik mit 16-j\u00e4hriger Erfahrung sind wir in der Lage, Designinnovationen und Produktionserfahrungen zu integrieren und die Kundenbed\u00fcrfnisse von der Struktur der Box \u00fcber das visuelle Design bis hin zu funktionellen Details genau zu erf\u00fcllen. Zum Beispiel k\u00f6nnen f\u00fcr die st\u00fctzenden Eigenschaften von B\u00fcgel-BHs unabh\u00e4ngige Futterschlitze entworfen werden, um eine Verformung zu verhindern; f\u00fcr die privaten Eigenschaften von sexy Unterw\u00e4sche k\u00f6nnen undurchsichtige Fenster mit hohlen Mustern versehen werden, um ein Gleichgewicht zwischen Anzeige und Privatsph\u00e4re herzustellen. Durch die Kontrolle der gesamten Kette stellen wir sicher, dass die Verpackung nicht nur den Produktmehrwert erh\u00f6ht, sondern auch das Benutzererlebnis optimiert und den Marken hilft, sich im Wettbewerb zu profilieren.<\/p>","protected":false},"featured_media":9088,"template":"","meta":[],"product_brand":[],"product_cat":[30,414,31,426],"product_tag":[1067,1066,1065],"class_list":{"0":"post-9087","1":"product","2":"type-product","3":"status-publish","4":"has-post-thumbnail","6":"product_cat-by-industry","7":"product_cat-custom-apparel-boxes","8":"product_cat-paper-box-style","9":"product_cat-paper-drawer-boxes","10":"product_tag-custom-bikini-packaging","11":"product_tag-lingerie-packaging-box","12":"product_tag-sex-bra-packaging","14":"first","15":"instock","16":"shipping-taxable","17":"product-type-simple"},"_links":{"self":[{"href":"https:\/\/zojopackaging.com\/de\/wp-json\/wp\/v2\/product\/9087","targetHints":{"allow":["GET"]}}],"collection":[{"href":"https:\/\/zojopackaging.com\/de\/wp-json\/wp\/v2\/product"}],"about":[{"href":"https:\/\/zojopackaging.com\/de\/wp-json\/wp\/v2\/types\/product"}],"version-history":[{"count":1,"href":"https:\/\/zojopackaging.com\/de\/wp-json\/wp\/v2\/product\/9087\/revisions"}],"predecessor-version":[{"id":9094,"href":"https:\/\/zojopackaging.com\/de\/wp-json\/wp\/v2\/product\/9087\/revisions\/9094"}],"wp:featuredmedia":[{"embeddable":true,"href":"https:\/\/zojopackaging.com\/de\/wp-json\/wp\/v2\/media\/9088"}],"wp:attachment":[{"href":"https:\/\/zojopackaging.com\/de\/wp-json\/wp\/v2\/media?parent=9087"}],"wp:term":[{"taxonomy":"product_brand","embeddable":true,"href":"https:\/\/zojopackaging.com\/de\/wp-json\/wp\/v2\/product_brand?post=9087"},{"taxonomy":"product_cat","embeddable":true,"href":"https:\/\/zojopackaging.com\/de\/wp-json\/wp\/v2\/product_cat?post=9087"},{"taxonomy":"product_tag","embeddable":true,"href":"https:\/\/zojopackaging.com\/de\/wp-json\/wp\/v2\/product_tag?post=9087"}],"curies":[{"name":"wp","href":"https:\/\/api.w.org\/{rel}","templated":true}]}}