{"id":9095,"date":"2025-04-01T10:49:17","date_gmt":"2025-04-01T02:49:17","guid":{"rendered":"https:\/\/zojopackaging.com\/?post_type=product&#038;p=9095"},"modified":"2025-04-01T11:07:31","modified_gmt":"2025-04-01T03:07:31","slug":"luxury-visiting-wedding-invitation-greeting-packaging-box","status":"publish","type":"product","link":"https:\/\/zojopackaging.com\/de\/product\/luxury-visiting-wedding-invitation-greeting-packaging-box\/","title":{"rendered":"Luxus Besuch Hochzeitseinladung Gru\u00df Verpackung Box"},"content":{"rendered":"<h2 id=\"-core-design-highlights-\"><strong>Wesentliche Design-Highlights<\/strong><\/h2>\n<ol>\n<li><strong>Innovative Magnetverschlusskonstruktion<\/strong> Die Struktur des Magnetverschlusses wird \u00fcbernommen. Der Deckel und die Box K\u00f6rper sind durch hochpr\u00e4zise Magnete geschlossen. Sie ist leicht und glatt, wenn sie ge\u00f6ffnet wird, was sowohl ein Gef\u00fchl von Zeremonie als auch von Spa\u00df vermittelt. Der elastische Streifen und die Federpufferstruktur werden im Inneren erg\u00e4nzt, um sicherzustellen, dass sie sich nach mehrmaligem \u00d6ffnen und Schlie\u00dfen nicht leicht verformt und gleichzeitig den Einladungsbrief in der Box vor Quetschungen sch\u00fctzt.<\/li>\n<li><strong>Minimalistische \u00c4sthetik und hochwertige Textur<\/strong>\u00a0Der Au\u00dfenk\u00f6rper der Schachtel ist haupts\u00e4chlich reinwei\u00df, mit matter oder gl\u00e4nzender Oberfl\u00e4chenbehandlung, die einen einfachen und stimmungsvollen visuellen Stil vermittelt. Die Oberfl\u00e4che unterst\u00fctzt Hei\u00dfpr\u00e4gung\/Hei\u00dfsilber, Pr\u00e4gung, UV-Druck und andere Verfahren. Die Namen des Brautpaares, das Hochzeitslogo oder romantische Muster k\u00f6nnen individuell gestaltet werden, um ein pers\u00f6nliches Gef\u00fchl von Luxus zu vermitteln.<\/li>\n<\/ol>\n<h2 id=\"-highly-customized-service-\"><strong>Hochgradig ma\u00dfgeschneiderter Service<\/strong><\/h2>\n<ul>\n<li><strong>Flexible Gr\u00f6\u00dfenanpassung<\/strong>: Passen Sie das Innenfutter der Verpackung an die Gr\u00f6\u00dfe des Einladungsschreibens an (z. B. 5*7 Zoll, A5\/A6 oder Sonderformen), um die Raumnutzung zu optimieren und Redundanz zu vermeiden.<\/li>\n<li><strong>Vielf\u00e4ltige Materialauswahl<\/strong>: Wir bieten umweltfreundliches Papier, Samt, Wildleder, Acryl und andere Materialien an, um unterschiedliche Anforderungen an Haptik und Umweltschutz zu erf\u00fcllen. Zum Beispiel kann Samtmaterial den Luxus von Geschenkschachteln verbessern, w\u00e4hrend Acryl f\u00fcr die Schaffung einer modernen, transparenten Textur geeignet ist.<\/li>\n<li><strong>Farbe und Druckeffekt<\/strong>: Neben dem klassischen Wei\u00df unterst\u00fctzt es die Anpassung von Themenfarben wie Rot, Blau und Gr\u00fcn und kann Thermotransfer-, Siebdruck- und andere Technologien kombinieren, um komplexe Effekte wie Farbverl\u00e4ufe und Reliefs darzustellen.<\/li>\n<\/ul>\n<h2 id=\"-professional-production-and-logistics-guarantee-\"><strong>Professionelle Produktion und Logistik garantieren<\/strong><\/h2>\n<ul>\n<li><strong>16 Jahre Erfahrung in der Quellenfabrik<\/strong>: Vertieftes Engagement im Verpackungsbereich, Bereitstellung von Dienstleistungen aus einer Hand, vom Entwurf \u00fcber die Pr\u00fcfung bis zur Massenproduktion. Unterst\u00fctzt tiefgreifende Anpassungen wie LOGO-Druck und strukturelle Optimierung, mit einer Mindestbestellmenge von nur 100 St\u00fcck, um individuelle Bed\u00fcrfnisse zu erf\u00fcllen.<\/li>\n<li><strong>Sorgenfreier Transport im Au\u00dfenhandel<\/strong>: Durch den Kreditgarantieservice von Alibaba International Station sind Zahlungssicherheit und logistische P\u00fcnktlichkeit gew\u00e4hrleistet. Nehmen Sie professionelle Verpackung wie doppelschichtige verst\u00e4rkte Kartons und sto\u00dffesten Schaum, passen Sie sich an internationale Transportstandards und decken globale Lieferung.<\/li>\n<\/ul>\n<h2 id=\"-application-scenarios-and-added-value-\"><strong>Anwendungsszenarien und Zusatznutzen<\/strong><\/h2>\n<ul>\n<li><strong>Multifunktionaler Einsatz<\/strong>: Sie kann nicht nur als Geschenkbox f\u00fcr Hochzeitseinladungen verwendet werden, sondern auch zu einer Souvenir-Geschenkbox oder einer Souvenir-Aufbewahrungsbox aufgewertet werden, um den praktischen Nutzen zu erh\u00f6hen.<\/li>\n<li><strong>Konzept zum Schutz der Umwelt<\/strong>: FSC-zertifiziertes umweltfreundliches Papier und biologisch abbaubare Materialien werden verwendet, um dem Trend zu gr\u00fcnen Hochzeiten gerecht zu werden.<\/li>\n<\/ul>\n<p><strong>Anpassungsprozess<\/strong>:<\/p>\n<ol>\n<li>Geben Sie die Gr\u00f6\u00dfe der Einladung, den Entwurf oder die Beschreibung der Nachfrage an;<\/li>\n<li>R\u00fcckmeldung von 3D-Renderings und Kostenvoranschl\u00e4gen innerhalb von 3 Arbeitstagen;<\/li>\n<li>Das fertige Produkt wird innerhalb von 7-15 Tagen nach der Best\u00e4tigung geliefert, und die Muster werden zun\u00e4chst gepr\u00fcft.<\/li>\n<\/ol>\n<hr \/>\n<p><strong>W\u00e4hlen Sie uns, um Ihrer Hochzeit mit handwerklichem K\u00f6nnen ewige Erinnerungen zu verleihen!\u00a0<\/strong>(F\u00fcr weitere F\u00e4lle und Echtzeit-Angebote wenden Sie sich bitte an den Kundendienst, um exklusive L\u00f6sungen zu erhalten)<\/p>","protected":false},"excerpt":{"rendered":"<p>Der Pappschachtelk\u00f6rper ist aus hochwertigem Material gefertigt, und die Oberfl\u00e4che ist mit einer matten Touch-Folie \u00fcberzogen, die ein minimalistisches, reinwei\u00dfes Erscheinungsbild mit einem anpassbaren Gold-\/Silber-Hei\u00dfpr\u00e4ge-LOGO oder einem gepr\u00e4gten dunklen Musterdesign bietet, das Schlichtheit und Erhabenheit bewahrt und gleichzeitig eine leichte, luxuri\u00f6se Textur hervorhebt.<\/p>","protected":false},"featured_media":9102,"template":"","meta":[],"product_brand":[],"product_cat":[30,413,424,31],"product_tag":[1070,1068,1069],"class_list":{"0":"post-9095","1":"product","2":"type-product","3":"status-publish","4":"has-post-thumbnail","6":"product_cat-by-industry","7":"product_cat-consumer-electronics-boxes","8":"product_cat-magnetic-closure-boxes","9":"product_cat-paper-box-style","10":"product_tag-greeting-packaging-box","11":"product_tag-visiting-invitation-packaging-box","12":"product_tag-wedding-invitation-packaging","14":"first","15":"instock","16":"shipping-taxable","17":"product-type-simple"},"_links":{"self":[{"href":"https:\/\/zojopackaging.com\/de\/wp-json\/wp\/v2\/product\/9095","targetHints":{"allow":["GET"]}}],"collection":[{"href":"https:\/\/zojopackaging.com\/de\/wp-json\/wp\/v2\/product"}],"about":[{"href":"https:\/\/zojopackaging.com\/de\/wp-json\/wp\/v2\/types\/product"}],"version-history":[{"count":1,"href":"https:\/\/zojopackaging.com\/de\/wp-json\/wp\/v2\/product\/9095\/revisions"}],"predecessor-version":[{"id":9108,"href":"https:\/\/zojopackaging.com\/de\/wp-json\/wp\/v2\/product\/9095\/revisions\/9108"}],"wp:featuredmedia":[{"embeddable":true,"href":"https:\/\/zojopackaging.com\/de\/wp-json\/wp\/v2\/media\/9102"}],"wp:attachment":[{"href":"https:\/\/zojopackaging.com\/de\/wp-json\/wp\/v2\/media?parent=9095"}],"wp:term":[{"taxonomy":"product_brand","embeddable":true,"href":"https:\/\/zojopackaging.com\/de\/wp-json\/wp\/v2\/product_brand?post=9095"},{"taxonomy":"product_cat","embeddable":true,"href":"https:\/\/zojopackaging.com\/de\/wp-json\/wp\/v2\/product_cat?post=9095"},{"taxonomy":"product_tag","embeddable":true,"href":"https:\/\/zojopackaging.com\/de\/wp-json\/wp\/v2\/product_tag?post=9095"}],"curies":[{"name":"wp","href":"https:\/\/api.w.org\/{rel}","templated":true}]}}