{"id":9109,"date":"2025-04-01T11:08:33","date_gmt":"2025-04-01T03:08:33","guid":{"rendered":"https:\/\/zojopackaging.com\/?post_type=product&#038;p=9109"},"modified":"2025-04-01T11:26:19","modified_gmt":"2025-04-01T03:26:19","slug":"customized-luxury-liquor-wine-magnetic-closure-packaging-box","status":"publish","type":"product","link":"https:\/\/zojopackaging.com\/de\/product\/customized-luxury-liquor-wine-magnetic-closure-packaging-box\/","title":{"rendered":"Kundenspezifische Luxus Liquor Wein Magnetverschluss Verpackung Box"},"content":{"rendered":"<h2 id=\"-2-macaron-cyan-box-body-low-key-and-elegant-visual-aesthetics-\"><strong>1. Macaron cyanfarbener Kasten: zur\u00fcckhaltende und elegante visuelle \u00c4sthetik<\/strong><\/h2>\n<p>Das Geh\u00e4use der Schachtel ist in einem sanften, frischen Cyan-Ton gehalten, der durch seine niedrige S\u00e4ttigung ein Gleichgewicht zwischen Einzigartigkeit und visuellem Komfort herstellt, was nicht nur in der Auslage hervorsticht, sondern auch visuelle Erm\u00fcdung durch zu helle Farben verhindert. Dieses Farbschema entspricht der Vorliebe moderner junger Verbrauchergruppen f\u00fcr ein \"High-End-Gef\u00fchl\" und eignet sich auch f\u00fcr Gesch\u00e4ftsbankette, Weihnachtsgeschenke und andere Szenarien.<\/p>\n<h2 id=\"-4-precise-size-customization-optimize-space-utilization-\"><strong>2. Pr\u00e4zise Gr\u00f6\u00dfenanpassung: optimale Raumnutzung<\/strong><\/h2>\n<p>Unterst\u00fctzt die Anpassung der Gr\u00f6\u00dfe des Innendurchmessers des Verpackungskastens an Parameter wie Flaschenh\u00f6he und -durchmesser, wodurch sichergestellt wird, dass die Flasche eng an der Auskleidung anliegt, das Risiko von Kollisionen durch L\u00fccken w\u00e4hrend des Transports verringert wird und das Verpackungsvolumen komprimiert wird, um die Logistikkosten zu senken. So k\u00f6nnen beispielsweise exklusive Anpassungsl\u00f6sungen f\u00fcr zylindrische, quadratische oder speziell geformte Flaschen angeboten werden.<\/p>\n<h2 id=\"-5-highly-customized-in-all-dimensions-meet-personalized-needs-\"><strong>3. Hochgradig individuell in allen Dimensionen: Erf\u00fcllung pers\u00f6nlicher Bed\u00fcrfnisse<\/strong><\/h2>\n<ul>\n<li><strong>Box-Typ<\/strong>: Wir bieten Klappdeckel im Buchformat, Deckel und Boden, Schubladen und andere Schachtelarten und unterst\u00fctzen die Entwicklung innovativer Strukturen;<\/li>\n<li><strong>Material<\/strong>: wahlweise FSC-zertifizierter Karton, importiertes Spezialpapier, umweltfreundliches Leder usw., wobei sowohl die Anforderungen an die Beschaffenheit als auch die des Umweltschutzes ber\u00fccksichtigt werden;<\/li>\n<li><strong>Oberfl\u00e4chentechnik<\/strong>Die Produkte unterst\u00fctzen Hei\u00dfpr\u00e4gung, UV-Pr\u00e4gung, Pr\u00e4gung, partiellen Laserdruck und andere Druckeffekte und k\u00f6nnen auch mit Markenlogos oder kulturellen Mustern versehen werden;<\/li>\n<li><strong>Farbe<\/strong>: Zus\u00e4tzlich zum Standard-Macaron-Cyan wird die Anpassung der Pantone-Farbkarte unterst\u00fctzt, um die Anforderungen an die Konsistenz der Marke VI zu erf\u00fcllen.<\/li>\n<\/ul>\n<h2 id=\"-6-environmentally-friendly-and-sustainable-design-green-brand-empowerment-\"><strong>4. Umweltfreundliches und nachhaltiges Design: Bef\u00e4higung zu einer gr\u00fcnen Marke<\/strong><\/h2>\n<p>Der Hauptteil der Verpackung besteht aus FSC-zertifiziertem Karton aus nachhaltiger Forstwirtschaft, kombiniert mit einer abnehmbaren magnetischen Saugkomponente und einer leimfreien Schnallenstruktur, um die Recyclingf\u00e4higkeit 100% zu erreichen. Das Futterband besteht aus nat\u00fcrlicher Baumwolle und Leinen, um die Verwendung von Plastik zu reduzieren, was dem Wertversprechen hochwertiger Marken f\u00fcr Umweltschutz und soziale Verantwortung entspricht.<\/p>\n<h2 id=\"-7-efficient-production-and-global-delivery-quick-response-to-market-demand-\"><strong>5. Effiziente Produktion und weltweite Lieferung: Schnelle Reaktion auf die Marktnachfrage<\/strong><\/h2>\n<ul>\n<li><strong>Proofing-Zyklus<\/strong>: Schneller 3-Tage-Proofing-Service, Unterst\u00fctzung f\u00fcr physische Muster und 3D-Rendering-Best\u00e4tigung;<\/li>\n<li><strong>Zyklus der Massenproduktion<\/strong>: Komplette Massenproduktion von mehr als 5.000 St\u00fcck innerhalb von 15 Tagen, Unterst\u00fctzung von Eilauftr\u00e4gen;<\/li>\n<li><strong>Logistisches Netz<\/strong>: Wir st\u00fctzen uns auf ein intelligentes, kombiniertes Auftragslagersystem und grenz\u00fcberschreitende Logistikpartner, die die wichtigsten M\u00e4rkte der Welt abdecken und L\u00f6sungen f\u00fcr die Zustellung per See- und Luftfracht sowie vor Ort anbieten.<\/li>\n<\/ul>","protected":false},"excerpt":{"rendered":"<p>Anwendbar f\u00fcr die individuelle Gestaltung von hochwertigen Spirituosenmarken, Weinverpackungen in limitierter Auflage, individuelle Firmengeschenke und Geschenkboxen f\u00fcr Feiertage usw., um Marken dabei zu helfen, kulturelle Konnotationen und Umweltschutzkonzepte durch die Verpackung zu vermitteln und das Kundenerlebnis und die Wettbewerbsf\u00e4higkeit auf dem Markt zu verbessern.<\/p>","protected":false},"featured_media":9110,"template":"","meta":[],"product_brand":[],"product_cat":[30,419,424,31],"product_tag":[1072,1073,1071],"class_list":{"0":"post-9109","1":"product","2":"type-product","3":"status-publish","4":"has-post-thumbnail","6":"product_cat-by-industry","7":"product_cat-custom-wines-spirits-boxes","8":"product_cat-magnetic-closure-boxes","9":"product_cat-paper-box-style","10":"product_tag-customized-wine-packaging","11":"product_tag-liquor-wine-magnetic-closure-box","12":"product_tag-luxury-liquor-wine-packaging","14":"first","15":"instock","16":"shipping-taxable","17":"product-type-simple"},"_links":{"self":[{"href":"https:\/\/zojopackaging.com\/de\/wp-json\/wp\/v2\/product\/9109","targetHints":{"allow":["GET"]}}],"collection":[{"href":"https:\/\/zojopackaging.com\/de\/wp-json\/wp\/v2\/product"}],"about":[{"href":"https:\/\/zojopackaging.com\/de\/wp-json\/wp\/v2\/types\/product"}],"version-history":[{"count":1,"href":"https:\/\/zojopackaging.com\/de\/wp-json\/wp\/v2\/product\/9109\/revisions"}],"predecessor-version":[{"id":9116,"href":"https:\/\/zojopackaging.com\/de\/wp-json\/wp\/v2\/product\/9109\/revisions\/9116"}],"wp:featuredmedia":[{"embeddable":true,"href":"https:\/\/zojopackaging.com\/de\/wp-json\/wp\/v2\/media\/9110"}],"wp:attachment":[{"href":"https:\/\/zojopackaging.com\/de\/wp-json\/wp\/v2\/media?parent=9109"}],"wp:term":[{"taxonomy":"product_brand","embeddable":true,"href":"https:\/\/zojopackaging.com\/de\/wp-json\/wp\/v2\/product_brand?post=9109"},{"taxonomy":"product_cat","embeddable":true,"href":"https:\/\/zojopackaging.com\/de\/wp-json\/wp\/v2\/product_cat?post=9109"},{"taxonomy":"product_tag","embeddable":true,"href":"https:\/\/zojopackaging.com\/de\/wp-json\/wp\/v2\/product_tag?post=9109"}],"curies":[{"name":"wp","href":"https:\/\/api.w.org\/{rel}","templated":true}]}}